{"id":77681,"date":"2025-07-06T10:17:01","date_gmt":"2025-07-06T10:17:01","guid":{"rendered":"https:\/\/skinstudio.ee\/?post_type=product&#038;p=77681"},"modified":"2026-02-13T15:28:13","modified_gmt":"2026-02-13T15:28:13","slug":"h-a-n-d-perfection-cream","status":"publish","type":"product","link":"https:\/\/skinstudio.ee\/lv\/catalog\/ph-formula\/h-a-n-d-perfection-cream\/","title":{"rendered":"H.A.N.D. Perfection Cream"},"content":{"rendered":"<p data-start=\"3816\" data-end=\"4151\"><strong data-start=\"3816\" data-end=\"3858\">H.A.N.D. Perfection Cream no pHformula<\/strong> ir mitrino\u0161s roku kr\u0113ms, kas izstr\u0101d\u0101ts, lai c\u012bn\u012btos ar agr\u012bn\u0101m un redzam\u0101m \u0101das noveco\u0161an\u0101s paz\u012bm\u0113m. Roku \u0101da ir viena no pirmaj\u0101m zon\u0101m, kur par\u0101d\u0101s noveco\u0161an\u0101s paz\u012bmes: pastiprin\u0101ta pigment\u0101cija, smalkas krunci\u0146as un gluduma zudums past\u0101v\u012bgas UV starojuma un apk\u0101rt\u0113j\u0101s vides ietekmes d\u0113\u013c.<\/p>\n<p data-start=\"4153\" data-end=\"4286\">Kr\u0113ms pal\u012bdz samazin\u0101t redzam\u0101s noveco\u0161an\u0101s paz\u012bmes, uztur optim\u0101lu mitruma l\u012bmeni un pal\u012bdz saglab\u0101t roku \u0101du maigu, gludu un koptu.<\/p>\n<p data-start=\"4288\" data-end=\"4322\"><strong data-start=\"4288\" data-end=\"4320\">Galveno sast\u0101vda\u013cu iedarb\u012bba<\/strong><\/p>\n<ul data-start=\"4323\" data-end=\"4634\">\n<li data-start=\"4323\" data-end=\"4444\">\n<p data-start=\"4325\" data-end=\"4444\"><strong data-start=\"4325\" data-end=\"4341\">Niacinamide:<\/strong> pal\u012bdz izl\u012bdzin\u0101t \u0101das toni, samazin\u0101t pigment\u0101cijas izpausmes un uzlabot roku \u0101das kop\u0113jo st\u0101vokli.<\/p>\n<\/li>\n<li data-start=\"4445\" data-end=\"4551\">\n<p data-start=\"4447\" data-end=\"4551\"><strong data-start=\"4447\" data-end=\"4463\">Shea Butter:<\/strong> intens\u012bvi baro un m\u012bkstina \u0101du un pal\u012bdz pasarg\u0101t to no sausuma un \u0101r\u0113jiem faktoriem.<\/p>\n<\/li>\n<li data-start=\"4552\" data-end=\"4634\">\n<p data-start=\"4554\" data-end=\"4634\"><strong data-start=\"4554\" data-end=\"4568\">Panthenol:<\/strong> nomierina \u0101du, veicina atjauno\u0161anos un palielina komforta saj\u016btu.<\/p>\n<\/li>\n<\/ul>\n<p data-start=\"4636\" data-end=\"4754\">Piem\u0113rots visiem \u0101das tipiem, \u012bpa\u0161i sausai roku \u0101dai, \u0101dai ar fotonoveco\u0161an\u0101s paz\u012bm\u0113m, pigment\u0101ciju un gluduma zudumu.<\/p>\n<p data-start=\"4756\" data-end=\"4774\"><strong data-start=\"4756\" data-end=\"4768\">Tilpums:<\/strong> 50 ml<\/p>\n","protected":false},"excerpt":{"rendered":"<p data-start=\"4869\" data-end=\"4939\"><span style=\"color: #ff0000;\"><strong data-start=\"4869\" data-end=\"4939\">pHFormula produktu pieg\u0101de ir pieejama tikai Igaunijas teritorij\u0101.<\/strong><\/span><\/p>\n<p data-start=\"4941\" data-end=\"5120\"><span style=\"color: #ff0000;\">NB! Produktu var ieg\u0101d\u0101ties p\u0113c konsult\u0101cijas ar speci\u0101listu. Zvaniet +372 58 500 171 vai rakstiet uz <a class=\"decorated-link cursor-pointer\" style=\"color: #ff0000;\" href=\"mailto:info@skinstudio.ee\" rel=\"noopener\" data-start=\"5043\" data-end=\"5061\">info@skinstudio.ee<\/a>. M\u016bsu konsultanti pal\u012bdz\u0113s ieg\u0101d\u0101ties \u0161\u012b z\u012bmola produktus.<\/span><\/p>\n<p data-start=\"5122\" data-end=\"5142\">Mitrino\u0161s roku kr\u0113ms<\/p>\n<h2 data-start=\"5144\" data-end=\"5194\"><strong data-start=\"5144\" data-end=\"5194\">\u012apa\u0161\u012bbas pHformula &#8211; H.A.N.D. Perfection Cream<\/strong><\/h2>\n<p data-start=\"5196\" data-end=\"5534\">\u2714\ufe0f Dzi\u013ci mitrina un pal\u012bdz atjaunot \u0101du p\u0113c sausuma un kairin\u0101juma<br data-start=\"5262\" data-end=\"5265\" \/>\u2714\ufe0f Izl\u012bdzina \u0101das tekst\u016bru un padara \u0101du tvirt\u0101ku un elast\u012bg\u0101ku<br data-start=\"5328\" data-end=\"5331\" \/>\u2714\ufe0f Pal\u012bdz c\u012bn\u012bties ar pigment\u0101ciju un bl\u0101vu \u0101das toni<br data-start=\"5384\" data-end=\"5387\" \/>\u2714\ufe0f Rada aizsardz\u012bbas saj\u016btu pret aukstumu, v\u0113ju un agres\u012bviem vides faktoriem<br data-start=\"5464\" data-end=\"5467\" \/>\u2714\ufe0f Pal\u012bdz pal\u0113nin\u0101t noveco\u0161an\u0101s procesus, saglab\u0101jot rokas koptas<\/p>\n","protected":false},"featured_media":64808,"template":"","meta":[],"pwb-brand":[778],"product_brand":[],"product_cat":[757,653],"product_tag":[],"giftcard-category":[],"class_list":{"0":"post-77681","1":"product","2":"type-product","3":"status-publish","4":"has-post-thumbnail","6":"pwb-brand-ph-formula","7":"product_cat-kermena-kopsana","8":"product_cat-ph-formula-lv","10":"first","11":"instock","12":"taxable","13":"shipping-taxable","14":"purchasable","15":"product-type-simple"},"acf":[],"brands":[{"id":778,"name":"pH Formula","slug":"ph-formula"}],"_links":{"self":[{"href":"https:\/\/skinstudio.ee\/lv\/wp-json\/wp\/v2\/product\/77681","targetHints":{"allow":["GET"]}}],"collection":[{"href":"https:\/\/skinstudio.ee\/lv\/wp-json\/wp\/v2\/product"}],"about":[{"href":"https:\/\/skinstudio.ee\/lv\/wp-json\/wp\/v2\/types\/product"}],"version-history":[{"count":1,"href":"https:\/\/skinstudio.ee\/lv\/wp-json\/wp\/v2\/product\/77681\/revisions"}],"predecessor-version":[{"id":77682,"href":"https:\/\/skinstudio.ee\/lv\/wp-json\/wp\/v2\/product\/77681\/revisions\/77682"}],"wp:featuredmedia":[{"embeddable":true,"href":"https:\/\/skinstudio.ee\/lv\/wp-json\/wp\/v2\/media\/64808"}],"wp:attachment":[{"href":"https:\/\/skinstudio.ee\/lv\/wp-json\/wp\/v2\/media?parent=77681"}],"wp:term":[{"taxonomy":"pwb-brand","embeddable":true,"href":"https:\/\/skinstudio.ee\/lv\/wp-json\/wp\/v2\/pwb-brand?post=77681"},{"taxonomy":"product_brand","embeddable":true,"href":"https:\/\/skinstudio.ee\/lv\/wp-json\/wp\/v2\/product_brand?post=77681"},{"taxonomy":"product_cat","embeddable":true,"href":"https:\/\/skinstudio.ee\/lv\/wp-json\/wp\/v2\/product_cat?post=77681"},{"taxonomy":"product_tag","embeddable":true,"href":"https:\/\/skinstudio.ee\/lv\/wp-json\/wp\/v2\/product_tag?post=77681"},{"taxonomy":"giftcard-category","embeddable":true,"href":"https:\/\/skinstudio.ee\/lv\/wp-json\/wp\/v2\/giftcard-category?post=77681"}],"curies":[{"name":"wp","href":"https:\/\/api.w.org\/{rel}","templated":true}]}}