{"id":77688,"date":"2025-07-06T10:18:48","date_gmt":"2025-07-06T10:18:48","guid":{"rendered":"https:\/\/skinstudio.ee\/?post_type=product&#038;p=77688"},"modified":"2026-02-13T15:28:26","modified_gmt":"2026-02-13T15:28:26","slug":"sos-repair-cream","status":"publish","type":"product","link":"https:\/\/skinstudio.ee\/lv\/catalog\/ph-formula\/sos-repair-cream\/","title":{"rendered":"SOS Repair Cream"},"content":{"rendered":"<p data-start=\"3614\" data-end=\"3872\"><strong data-start=\"3614\" data-end=\"3647\">SOS Repair Cream no pHformula<\/strong> ir bag\u0101t\u012bgas tekst\u016bras un p\u0101rdom\u0101tas formulas kr\u0113ms, kas rad\u012bts k\u0101 univers\u0101ls pal\u012bgs \u0101dai stresa apst\u0101k\u013cos. Tas satur pantenolu, alanto\u012bnu un nomierino\u0161as sast\u0101vda\u013cas, kas pal\u012bdz atjaunot \u0101du un stiprin\u0101t t\u0101s aizsargbarjeru.<\/p>\n<p data-start=\"3874\" data-end=\"4093\">Kr\u0113ms ir neaizst\u0101jams p\u0113c p\u012blingiem, l\u0101zera proced\u016br\u0101m un cit\u0101m kosm\u0113tisk\u0101m proced\u016br\u0101m, k\u0101 ar\u012b sezon\u0101las \u0101das jut\u012bbas periodos. Tas pal\u012bdz mazin\u0101t diskomfortu, nomierina aps\u0101rtumu un pa\u0101trina \u0101das atjauno\u0161an\u0101s procesus.<\/p>\n<p data-start=\"4095\" data-end=\"4129\"><strong data-start=\"4095\" data-end=\"4127\">Galveno sast\u0101vda\u013cu iedarb\u012bba<\/strong><\/p>\n<ul data-start=\"4130\" data-end=\"4403\">\n<li data-start=\"4130\" data-end=\"4224\">\n<p data-start=\"4132\" data-end=\"4224\"><strong data-start=\"4132\" data-end=\"4146\">Panthenol:<\/strong> veicina \u0101das atjauno\u0161anos, mazina kairin\u0101jumu un palielina komforta saj\u016btu.<\/p>\n<\/li>\n<li data-start=\"4225\" data-end=\"4315\">\n<p data-start=\"4227\" data-end=\"4315\"><strong data-start=\"4227\" data-end=\"4241\">Allantoin:<\/strong> nomierina \u0101du, pal\u012bdz samazin\u0101t jut\u012bgumu un atbalsta dz\u012b\u0161anas procesus.<\/p>\n<\/li>\n<li data-start=\"4316\" data-end=\"4403\">\n<p data-start=\"4318\" data-end=\"4403\"><strong data-start=\"4318\" data-end=\"4332\">Bisabolol:<\/strong> piem\u012bt izteikta nomierino\u0161a iedarb\u012bba un tas pal\u012bdz mazin\u0101t aps\u0101rtumu.<\/p>\n<\/li>\n<\/ul>\n<p data-start=\"4405\" data-end=\"4549\">Piem\u0113rots visiem \u0101das tipiem, tostarp jut\u012bgai un \u012bpa\u0161i jut\u012bgai \u0101dai, \u012bpa\u0161i p\u0113c proced\u016br\u0101m, kairin\u0101juma, aps\u0101rtuma un savilkuma saj\u016btas gad\u012bjum\u0101.<\/p>\n<p data-start=\"4551\" data-end=\"4569\"><strong data-start=\"4551\" data-end=\"4563\">Tilpums:<\/strong> 30 ml<\/p>\n","protected":false},"excerpt":{"rendered":"<p data-start=\"4664\" data-end=\"4734\"><span style=\"color: #ff0000;\"><strong data-start=\"4664\" data-end=\"4734\">pHFormula produktu pieg\u0101de ir pieejama tikai Igaunijas teritorij\u0101.<\/strong><\/span><\/p>\n<p data-start=\"4736\" data-end=\"4915\"><span style=\"color: #ff0000;\">NB! Produktu var ieg\u0101d\u0101ties p\u0113c konsult\u0101cijas ar speci\u0101listu. Zvaniet +372 58 500 171 vai rakstiet uz <a class=\"decorated-link cursor-pointer\" style=\"color: #ff0000;\" href=\"mailto:info@skinstudio.ee\" rel=\"noopener\" data-start=\"4838\" data-end=\"4856\">info@skinstudio.ee<\/a>. M\u016bsu konsultanti pal\u012bdz\u0113s ieg\u0101d\u0101ties \u0161\u012b z\u012bmola produktus.<\/span><\/p>\n<p data-start=\"4917\" data-end=\"4945\">Univers\u0101ls atjaunojo\u0161s kr\u0113ms<\/p>\n<h2 data-start=\"4947\" data-end=\"4988\"><strong data-start=\"4947\" data-end=\"4988\">\u012apa\u0161\u012bbas pHformula &#8211; SOS Repair Cream<\/strong><\/h2>\n<p data-start=\"4990\" data-end=\"5237\">\u2714\ufe0f Pa\u0101trina \u0101das atjauno\u0161anos p\u0113c proced\u016br\u0101m un kairin\u0101juma<br data-start=\"5049\" data-end=\"5052\" \/>\u2714\ufe0f Mazina aps\u0101rtumu un savilkuma saj\u016btu<br data-start=\"5091\" data-end=\"5094\" \/>\u2714\ufe0f Nomierina jut\u012bgu un reakt\u012bvu \u0101du<br data-start=\"5129\" data-end=\"5132\" \/>\u2714\ufe0f Baro \u0101du un atbalsta t\u0101s aizsargbarjeru<br data-start=\"5174\" data-end=\"5177\" \/>\u2714\ufe0f Piem\u0113rots k\u0101 SOS l\u012bdzeklis p\u0113c saules, aukstuma un v\u0113ja<\/p>\n","protected":false},"featured_media":64803,"template":"","meta":[],"pwb-brand":[778],"product_brand":[],"product_cat":[745,737,653,739],"product_tag":[],"giftcard-category":[],"class_list":{"0":"post-77688","1":"product","2":"type-product","3":"status-publish","4":"has-post-thumbnail","6":"pwb-brand-ph-formula","7":"product_cat-jutigai-adai","8":"product_cat-mitrinasana","9":"product_cat-ph-formula-lv","10":"product_cat-sausai-adai","12":"first","13":"instock","14":"taxable","15":"shipping-taxable","16":"purchasable","17":"product-type-simple"},"acf":[],"brands":[{"id":778,"name":"pH Formula","slug":"ph-formula"}],"_links":{"self":[{"href":"https:\/\/skinstudio.ee\/lv\/wp-json\/wp\/v2\/product\/77688","targetHints":{"allow":["GET"]}}],"collection":[{"href":"https:\/\/skinstudio.ee\/lv\/wp-json\/wp\/v2\/product"}],"about":[{"href":"https:\/\/skinstudio.ee\/lv\/wp-json\/wp\/v2\/types\/product"}],"version-history":[{"count":1,"href":"https:\/\/skinstudio.ee\/lv\/wp-json\/wp\/v2\/product\/77688\/revisions"}],"predecessor-version":[{"id":77689,"href":"https:\/\/skinstudio.ee\/lv\/wp-json\/wp\/v2\/product\/77688\/revisions\/77689"}],"wp:featuredmedia":[{"embeddable":true,"href":"https:\/\/skinstudio.ee\/lv\/wp-json\/wp\/v2\/media\/64803"}],"wp:attachment":[{"href":"https:\/\/skinstudio.ee\/lv\/wp-json\/wp\/v2\/media?parent=77688"}],"wp:term":[{"taxonomy":"pwb-brand","embeddable":true,"href":"https:\/\/skinstudio.ee\/lv\/wp-json\/wp\/v2\/pwb-brand?post=77688"},{"taxonomy":"product_brand","embeddable":true,"href":"https:\/\/skinstudio.ee\/lv\/wp-json\/wp\/v2\/product_brand?post=77688"},{"taxonomy":"product_cat","embeddable":true,"href":"https:\/\/skinstudio.ee\/lv\/wp-json\/wp\/v2\/product_cat?post=77688"},{"taxonomy":"product_tag","embeddable":true,"href":"https:\/\/skinstudio.ee\/lv\/wp-json\/wp\/v2\/product_tag?post=77688"},{"taxonomy":"giftcard-category","embeddable":true,"href":"https:\/\/skinstudio.ee\/lv\/wp-json\/wp\/v2\/giftcard-category?post=77688"}],"curies":[{"name":"wp","href":"https:\/\/api.w.org\/{rel}","templated":true}]}}