{"id":77718,"date":"2025-07-06T10:15:08","date_gmt":"2025-07-06T10:15:08","guid":{"rendered":"https:\/\/skinstudio.ee\/?post_type=product&#038;p=77718"},"modified":"2026-02-13T15:28:15","modified_gmt":"2026-02-13T15:28:15","slug":"md-cr-active-recovery","status":"publish","type":"product","link":"https:\/\/skinstudio.ee\/lv\/catalog\/ph-formula\/md-cr-active-recovery\/","title":{"rendered":"MD CR Active Recovery"},"content":{"rendered":"<p data-start=\"3519\" data-end=\"3816\"><strong data-start=\"3519\" data-end=\"3557\">MD CR Active Recovery no pHformula<\/strong> ir intens\u012bva atjaunojo\u0161a proced\u016bra, kas paredz\u0113ta \u0101dai ar noslieci uz aps\u0101rtumu un jut\u012bgumu, \u012bpa\u0161i profesion\u0101lo proced\u016bru laik\u0101 un p\u0113c t\u0101m. Formula pal\u012bdz nomierin\u0101t \u0101du, mazin\u0101t reaktivit\u0101ti, stiprin\u0101t \u0101das aizsargbarjeru un atbalst\u012bt atjauno\u0161an\u0101s procesus.<\/p>\n<p data-start=\"3818\" data-end=\"3910\">T\u0101 pal\u012bdz l\u012bdzsvarot \u0101du, uztur\u0113t optim\u0101lu mitruma l\u012bmeni un \u0101tr\u0101k atjaunot komforta saj\u016btu.<\/p>\n<p data-start=\"3912\" data-end=\"3944\"><strong data-start=\"3912\" data-end=\"3944\">Galveno sast\u0101vda\u013cu iedarb\u012bba<\/strong><\/p>\n<ul data-start=\"3946\" data-end=\"4270\">\n<li data-start=\"3946\" data-end=\"4055\">\n<p data-start=\"3948\" data-end=\"4055\"><strong data-start=\"3948\" data-end=\"3967\">Laktobionsk\u0101be:<\/strong> maigi atbalsta \u0101das atjauno\u0161anos, stiprina aizsargbarjeru un pal\u012bdz mazin\u0101t jut\u012bgumu.<\/p>\n<\/li>\n<li data-start=\"4056\" data-end=\"4148\">\n<p data-start=\"4058\" data-end=\"4148\"><strong data-start=\"4058\" data-end=\"4087\">Azeloglic\u012bns + pantenols:<\/strong> nomierina \u0101du, mazina aps\u0101rtumu un atbalsta \u0101das komfortu.<\/p>\n<\/li>\n<li data-start=\"4149\" data-end=\"4270\">\n<p data-start=\"4151\" data-end=\"4270\"><strong data-start=\"4151\" data-end=\"4190\">Retinols + antioksidantu komplekss:<\/strong> stimul\u0113 \u0161\u016bnu atjauno\u0161anos un pal\u012bdz aizsarg\u0101t \u0101du no br\u012bvo radik\u0101\u013cu iedarb\u012bbas.<\/p>\n<\/li>\n<\/ul>\n<p data-start=\"4272\" data-end=\"4379\">Piem\u0113rots \u0101dai ar noslieci uz aps\u0101rtumu, jut\u012bgumu un reakt\u012bv\u0101m reakcij\u0101m, \u012bpa\u0161i proced\u016bru laik\u0101 un p\u0113c t\u0101m.<\/p>\n<p data-start=\"4381\" data-end=\"4399\"><strong data-start=\"4381\" data-end=\"4393\">Tilpums:<\/strong> 50 ml<\/p>\n","protected":false},"excerpt":{"rendered":"<p data-start=\"4629\" data-end=\"4699\"><span style=\"color: #ff0000;\"><strong data-start=\"4629\" data-end=\"4699\">pHFormula produktu pieg\u0101de ir pieejama tikai Igaunijas teritorij\u0101.<\/strong><\/span><\/p>\n<p data-start=\"4701\" data-end=\"4825\"><span style=\"color: #ff0000;\">NB! Produktu var ieg\u0101d\u0101ties tikai p\u0113c konsult\u0101cijas ar speci\u0101listu. Zvaniet +372 58 500 171 vai rakstiet <a class=\"decorated-link cursor-pointer\" style=\"color: #ff0000;\" href=\"mailto:info@skinstudio.ee\" rel=\"noopener\" data-start=\"4806\" data-end=\"4824\">info@skinstudio.ee<\/a>.<\/span><\/p>\n<p data-start=\"4827\" data-end=\"4865\">Atjaunojo\u0161s l\u012bdzeklis jut\u012bgai \u0101dai<\/p>\n<h2 data-start=\"4867\" data-end=\"4913\"><strong data-start=\"4867\" data-end=\"4913\">\u012apa\u0161\u012bbas pHformula &#8211; MD CR Active Recovery<\/strong><\/h2>\n<p data-start=\"4915\" data-end=\"5147\">\u2714\ufe0f Nomierina aps\u0101rtumu un samazina \u0101das reaktivit\u0101ti<br data-start=\"4967\" data-end=\"4970\" \/>\u2714\ufe0f Stiprina \u0101das aizsargbarjeru<br data-start=\"5001\" data-end=\"5004\" \/>\u2714\ufe0f Atbalsta atjauno\u0161an\u0101s un atvese\u013co\u0161an\u0101s procesus<br data-start=\"5054\" data-end=\"5057\" \/>\u2714\ufe0f Pal\u012bdz normaliz\u0113t sebuma izdal\u012b\u0161anos<br data-start=\"5096\" data-end=\"5099\" \/>\u2714\ufe0f Pal\u012bdz uztur\u0113t optim\u0101lu \u0101das mitruma l\u012bmeni<\/p>\n","protected":false},"featured_media":36715,"template":"","meta":[],"pwb-brand":[778],"product_brand":[],"product_cat":[745,653,723],"product_tag":[],"giftcard-category":[],"class_list":{"0":"post-77718","1":"product","2":"type-product","3":"status-publish","4":"has-post-thumbnail","6":"pwb-brand-ph-formula","7":"product_cat-jutigai-adai","8":"product_cat-ph-formula-lv","9":"product_cat-serumi","11":"first","12":"instock","13":"taxable","14":"shipping-taxable","15":"purchasable","16":"product-type-simple"},"acf":[],"brands":[{"id":778,"name":"pH Formula","slug":"ph-formula"}],"_links":{"self":[{"href":"https:\/\/skinstudio.ee\/lv\/wp-json\/wp\/v2\/product\/77718","targetHints":{"allow":["GET"]}}],"collection":[{"href":"https:\/\/skinstudio.ee\/lv\/wp-json\/wp\/v2\/product"}],"about":[{"href":"https:\/\/skinstudio.ee\/lv\/wp-json\/wp\/v2\/types\/product"}],"version-history":[{"count":1,"href":"https:\/\/skinstudio.ee\/lv\/wp-json\/wp\/v2\/product\/77718\/revisions"}],"predecessor-version":[{"id":77719,"href":"https:\/\/skinstudio.ee\/lv\/wp-json\/wp\/v2\/product\/77718\/revisions\/77719"}],"wp:featuredmedia":[{"embeddable":true,"href":"https:\/\/skinstudio.ee\/lv\/wp-json\/wp\/v2\/media\/36715"}],"wp:attachment":[{"href":"https:\/\/skinstudio.ee\/lv\/wp-json\/wp\/v2\/media?parent=77718"}],"wp:term":[{"taxonomy":"pwb-brand","embeddable":true,"href":"https:\/\/skinstudio.ee\/lv\/wp-json\/wp\/v2\/pwb-brand?post=77718"},{"taxonomy":"product_brand","embeddable":true,"href":"https:\/\/skinstudio.ee\/lv\/wp-json\/wp\/v2\/product_brand?post=77718"},{"taxonomy":"product_cat","embeddable":true,"href":"https:\/\/skinstudio.ee\/lv\/wp-json\/wp\/v2\/product_cat?post=77718"},{"taxonomy":"product_tag","embeddable":true,"href":"https:\/\/skinstudio.ee\/lv\/wp-json\/wp\/v2\/product_tag?post=77718"},{"taxonomy":"giftcard-category","embeddable":true,"href":"https:\/\/skinstudio.ee\/lv\/wp-json\/wp\/v2\/giftcard-category?post=77718"}],"curies":[{"name":"wp","href":"https:\/\/api.w.org\/{rel}","templated":true}]}}