{"id":77725,"date":"2025-07-06T09:45:52","date_gmt":"2025-07-06T09:45:52","guid":{"rendered":"https:\/\/skinstudio.ee\/?post_type=product&#038;p=77725"},"modified":"2026-02-13T15:28:17","modified_gmt":"2026-02-13T15:28:17","slug":"md-sos-repair-cream","status":"publish","type":"product","link":"https:\/\/skinstudio.ee\/lv\/catalog\/ph-formula\/md-sos-repair-cream\/","title":{"rendered":"MD SOS Repair Cream"},"content":{"rendered":"<p data-start=\"3924\" data-end=\"4233\"><strong data-start=\"3924\" data-end=\"3960\">MD SOS Repair Cream no pHformula<\/strong> ir atjaunojo\u0161s kr\u0113ms \u013coti sausai un jut\u012bgai \u0101dai, kas paredz\u0113ts \u0101das aizsardz\u012bbai un atbalstam atjauno\u0161an\u0101s laik\u0101, kad \u0101das aizsargbarjera ir nov\u0101jin\u0101ta un palielin\u0101s mitruma zudums. Kr\u0113ms pal\u012bdz samazin\u0101t sausumu, nomierina \u0101du un atjauno komforta un aizsardz\u012bbas saj\u016btu.<\/p>\n<p data-start=\"4235\" data-end=\"4492\">Produkts ir \u012bpa\u0161i noder\u012bgs p\u0113c est\u0113tisk\u0101m proced\u016br\u0101m, k\u0101 ar\u012b situ\u0101cij\u0101s, kas rada stresu \u0101dai, piem\u0113ram, lidojumu laik\u0101, klimata mai\u0146as apst\u0101k\u013cos, aukstum\u0101, v\u0113j\u0101 vai saus\u0101 gais\u0101. Regul\u0101ri lietojot, tas pal\u012bdz saglab\u0101t \u0101du stabilu, komfortablu un aizsarg\u0101tu.<\/p>\n<p data-start=\"4494\" data-end=\"4526\"><strong data-start=\"4494\" data-end=\"4526\">Galveno sast\u0101vda\u013cu iedarb\u012bba<\/strong><\/p>\n<ul data-start=\"4528\" data-end=\"4826\">\n<li data-start=\"4528\" data-end=\"4631\">\n<p data-start=\"4530\" data-end=\"4631\"><strong data-start=\"4530\" data-end=\"4545\">\u0160\u012b sviests:<\/strong> intens\u012bvi baro \u0101du, samazina mitruma zudumu un pal\u012bdz atjaunot \u0101das aizsargbarjeru.<\/p>\n<\/li>\n<li data-start=\"4632\" data-end=\"4719\">\n<p data-start=\"4634\" data-end=\"4719\"><strong data-start=\"4634\" data-end=\"4648\">Pantenols:<\/strong> nomierina \u0101du, mazina kairin\u0101jumu un atbalsta atjauno\u0161an\u0101s procesus.<\/p>\n<\/li>\n<li data-start=\"4720\" data-end=\"4826\">\n<p data-start=\"4722\" data-end=\"4826\"><strong data-start=\"4722\" data-end=\"4744\">Rooibos ekstrakts:<\/strong> nodro\u0161ina antioksidantu un nomierino\u0161u iedarb\u012bbu, pal\u012bdzot mazin\u0101t \u0101das jut\u012bgumu.<\/p>\n<\/li>\n<\/ul>\n<p data-start=\"4828\" data-end=\"4925\">Piem\u0113rots visiem \u0101das tipiem, \u012bpa\u0161i sausai, jut\u012bgai un nov\u0101jin\u0101tai \u0101dai ar boj\u0101tu aizsargbarjeru.<\/p>\n<p data-start=\"4927\" data-end=\"4945\"><strong data-start=\"4927\" data-end=\"4939\">Tilpums:<\/strong> 50 ml<\/p>\n","protected":false},"excerpt":{"rendered":"<p data-start=\"5181\" data-end=\"5251\"><span style=\"color: #ff0000;\"><strong data-start=\"5181\" data-end=\"5251\">pHFormula produktu pieg\u0101de ir pieejama tikai Igaunijas teritorij\u0101.<\/strong><\/span><\/p>\n<p data-start=\"5253\" data-end=\"5377\"><span style=\"color: #ff0000;\"><strong data-start=\"101\" data-end=\"108\">NB!<\/strong> Produktu var ieg\u0101d\u0101ties tikai p\u0113c konsult\u0101cijas ar speci\u0101listu. Zvaniet mums pa t\u0101lruni +372 58 500 171 vai nos\u016btiet savu piepras\u012bjumu uz <a class=\"decorated-link cursor-pointer\" style=\"color: #ff0000;\" href=\"mailto:info@skinstudio.ee\" rel=\"noopener\" data-start=\"253\" data-end=\"271\">info@skinstudio.ee<\/a>. M\u016bsu konsultanti pal\u012bdz\u0113s jums ieg\u0101d\u0101ties \u0161o z\u012bmolu.<\/span><\/p>\n<p data-start=\"5379\" data-end=\"5409\">Atjaunojo\u0161s kr\u0113ms jut\u012bgai \u0101dai<\/p>\n<h2 data-start=\"5411\" data-end=\"5455\"><strong data-start=\"5411\" data-end=\"5455\">\u012apa\u0161\u012bbas pHformula &#8211; MD SOS Repair Cream<\/strong><\/h2>\n<p data-start=\"5457\" data-end=\"5705\">\u2714\ufe0f Intens\u012bvi baro un samazina mitruma zudumu<br data-start=\"5501\" data-end=\"5504\" \/>\u2714\ufe0f Pal\u012bdz atjaunot \u0101das aizsargbarjeru<br data-start=\"5542\" data-end=\"5545\" \/>\u2714\ufe0f Nomierina kairin\u0101tu un jut\u012bgu \u0101du<br data-start=\"5581\" data-end=\"5584\" \/>\u2714\ufe0f Atbalsta \u0101du atjauno\u0161an\u0101s un dz\u012b\u0161anas period\u0101<br data-start=\"5632\" data-end=\"5635\" \/>\u2714\ufe0f Ide\u0101li piem\u0113rots lieto\u0161anai stresa pilnos klimatiskajos apst\u0101k\u013cos<\/p>\n","protected":false},"featured_media":36620,"template":"","meta":[],"pwb-brand":[778],"product_brand":[],"product_cat":[737,653,739],"product_tag":[],"giftcard-category":[],"class_list":{"0":"post-77725","1":"product","2":"type-product","3":"status-publish","4":"has-post-thumbnail","6":"pwb-brand-ph-formula","7":"product_cat-mitrinasana","8":"product_cat-ph-formula-lv","9":"product_cat-sausai-adai","11":"first","12":"instock","13":"taxable","14":"shipping-taxable","15":"purchasable","16":"product-type-simple"},"acf":[],"brands":[{"id":778,"name":"pH Formula","slug":"ph-formula"}],"_links":{"self":[{"href":"https:\/\/skinstudio.ee\/lv\/wp-json\/wp\/v2\/product\/77725","targetHints":{"allow":["GET"]}}],"collection":[{"href":"https:\/\/skinstudio.ee\/lv\/wp-json\/wp\/v2\/product"}],"about":[{"href":"https:\/\/skinstudio.ee\/lv\/wp-json\/wp\/v2\/types\/product"}],"version-history":[{"count":1,"href":"https:\/\/skinstudio.ee\/lv\/wp-json\/wp\/v2\/product\/77725\/revisions"}],"predecessor-version":[{"id":77726,"href":"https:\/\/skinstudio.ee\/lv\/wp-json\/wp\/v2\/product\/77725\/revisions\/77726"}],"wp:featuredmedia":[{"embeddable":true,"href":"https:\/\/skinstudio.ee\/lv\/wp-json\/wp\/v2\/media\/36620"}],"wp:attachment":[{"href":"https:\/\/skinstudio.ee\/lv\/wp-json\/wp\/v2\/media?parent=77725"}],"wp:term":[{"taxonomy":"pwb-brand","embeddable":true,"href":"https:\/\/skinstudio.ee\/lv\/wp-json\/wp\/v2\/pwb-brand?post=77725"},{"taxonomy":"product_brand","embeddable":true,"href":"https:\/\/skinstudio.ee\/lv\/wp-json\/wp\/v2\/product_brand?post=77725"},{"taxonomy":"product_cat","embeddable":true,"href":"https:\/\/skinstudio.ee\/lv\/wp-json\/wp\/v2\/product_cat?post=77725"},{"taxonomy":"product_tag","embeddable":true,"href":"https:\/\/skinstudio.ee\/lv\/wp-json\/wp\/v2\/product_tag?post=77725"},{"taxonomy":"giftcard-category","embeddable":true,"href":"https:\/\/skinstudio.ee\/lv\/wp-json\/wp\/v2\/giftcard-category?post=77725"}],"curies":[{"name":"wp","href":"https:\/\/api.w.org\/{rel}","templated":true}]}}