{"id":77734,"date":"2025-07-06T09:41:05","date_gmt":"2025-07-06T09:41:05","guid":{"rendered":"https:\/\/skinstudio.ee\/?post_type=product&#038;p=77734"},"modified":"2026-02-13T15:28:25","modified_gmt":"2026-02-13T15:28:25","slug":"sos-eye-resque","status":"publish","type":"product","link":"https:\/\/skinstudio.ee\/lv\/catalog\/ph-formula\/sos-eye-resque\/","title":{"rendered":"SOS Eye Rescue"},"content":{"rendered":"<p data-start=\"3686\" data-end=\"3936\"><strong data-start=\"3686\" data-end=\"3717\">SOS Eye Rescue no pHformula<\/strong> ir acu zonas kr\u0113ms, kas paredz\u0113ts t\u016bskas, tum\u0161o loku un pirmo noveco\u0161an\u0101s paz\u012bmju mazin\u0101\u0161anai. Formula ar pept\u012bdu kompleksu un keram\u012bdiem pal\u012bdz uztur\u0113t \u0101das elast\u012bbu, uzlabo acu zonas izskatu un nov\u0113r\u0161 mitruma zudumu.<\/p>\n<p data-start=\"3938\" data-end=\"4166\">Kr\u0113mam ir viegla, gais\u012bga tekst\u016bra, tas viegli kl\u0101jas un \u0101tri ies\u016bcas. Gaismu atstarojo\u0161\u0101 formula uzreiz padara acu zonu svaig\u0101ku un atp\u016btu\u0161os. Produkts ir ide\u0101li piem\u0113rots \u0101das sagatavo\u0161anai vienm\u0113r\u012bg\u0101kam un notur\u012bg\u0101kam grimam.<\/p>\n<p data-start=\"4168\" data-end=\"4201\"><strong data-start=\"4168\" data-end=\"4201\">Galveno sast\u0101vda\u013cu iedarb\u012bba:<\/strong><\/p>\n<ul data-start=\"4203\" data-end=\"4502\">\n<li data-start=\"4203\" data-end=\"4308\">\n<p data-start=\"4205\" data-end=\"4308\"><strong data-start=\"4205\" data-end=\"4227\">Pept\u012bdu komplekss:<\/strong> pal\u012bdz uzlabot \u0101das tvirtumu un mazin\u0101t noguruma paz\u012bmes un smalk\u0101s grumbi\u0146as.<\/p>\n<\/li>\n<li data-start=\"4309\" data-end=\"4407\">\n<p data-start=\"4311\" data-end=\"4407\"><strong data-start=\"4311\" data-end=\"4328\">Chrysinimide:<\/strong> pal\u012bdz samazin\u0101t tum\u0161os lokus un t\u016bsku, uzlabojot acu zonas toni un izskatu.<\/p>\n<\/li>\n<li data-start=\"4408\" data-end=\"4502\">\n<p data-start=\"4410\" data-end=\"4502\"><strong data-start=\"4410\" data-end=\"4439\">\u0100dai identiskie keram\u012bdi:<\/strong> stiprina \u0101das aizsargbarjeru un pal\u012bdz nov\u0113rst mitruma zudumu.<\/p>\n<\/li>\n<\/ul>\n<p data-start=\"4504\" data-end=\"4605\">Piem\u0113rots visiem \u0101das tipiem, tostarp jut\u012bgai \u0101dai, \u012bpa\u0161i noguru\u0161ai, piet\u016bku\u0161ai vai bl\u0101vai acu zonai.<\/p>\n<p data-start=\"4607\" data-end=\"4625\"><strong data-start=\"4607\" data-end=\"4619\">Tilpums:<\/strong> 15 ml<\/p>\n","protected":false},"excerpt":{"rendered":"<p data-start=\"4780\" data-end=\"4850\"><span style=\"color: #ff0000;\"><strong data-start=\"4780\" data-end=\"4850\">pHFormula produktu pieg\u0101de ir pieejama tikai Igaunijas teritorij\u0101.<\/strong><\/span><\/p>\n<p data-start=\"4852\" data-end=\"5063\"><span style=\"color: #ff0000;\"><strong data-start=\"4852\" data-end=\"4859\">NB!<\/strong> Produktu var ieg\u0101d\u0101ties tikai p\u0113c konsult\u0101cijas ar speci\u0101listu. Zvaniet mums pa t\u0101lruni +372 58 500 171 vai s\u016btiet piepras\u012bjumu uz <a class=\"decorated-link cursor-pointer\" style=\"color: #ff0000;\" href=\"mailto:info@skinstudio.ee\" rel=\"noopener\" data-start=\"4991\" data-end=\"5009\">info@skinstudio.ee<\/a>. M\u016bsu konsultanti pal\u012bdz\u0113s jums ieg\u0101d\u0101ties \u0161o z\u012bmolu.<\/span><\/p>\n<p data-start=\"5065\" data-end=\"5089\">Acu zonas kop\u0161anas kr\u0113ms<\/p>\n<h2 data-start=\"5091\" data-end=\"5130\"><strong data-start=\"5091\" data-end=\"5130\">\u012apa\u0161\u012bbas pHformula &#8211; SOS Eye Rescue<\/strong><\/h2>\n<p data-start=\"5132\" data-end=\"5319\">\u2714\ufe0f Samazina t\u016bsku un tum\u0161os lokus<br data-start=\"5165\" data-end=\"5168\" \/>\u2714\ufe0f Intens\u012bvi mitrina un m\u012bkstina<br data-start=\"5200\" data-end=\"5203\" \/>\u2714\ufe0f Nomierina jut\u012bgu \u0101du<br data-start=\"5226\" data-end=\"5229\" \/>\u2714\ufe0f Uzlabo \u0101das elast\u012bbu un tvirtumu<br data-start=\"5264\" data-end=\"5267\" \/>\u2714\ufe0f Atsvaidzina skatienu un mazina noguruma paz\u012bmes<\/p>\n","protected":false},"featured_media":64813,"template":"","meta":[],"pwb-brand":[778],"product_brand":[],"product_cat":[733,653],"product_tag":[],"giftcard-category":[],"class_list":{"0":"post-77734","1":"product","2":"type-product","3":"status-publish","4":"has-post-thumbnail","6":"pwb-brand-ph-formula","7":"product_cat-ada-ap-acim","8":"product_cat-ph-formula-lv","10":"first","11":"instock","12":"taxable","13":"shipping-taxable","14":"purchasable","15":"product-type-simple"},"acf":[],"brands":[{"id":778,"name":"pH Formula","slug":"ph-formula"}],"_links":{"self":[{"href":"https:\/\/skinstudio.ee\/lv\/wp-json\/wp\/v2\/product\/77734","targetHints":{"allow":["GET"]}}],"collection":[{"href":"https:\/\/skinstudio.ee\/lv\/wp-json\/wp\/v2\/product"}],"about":[{"href":"https:\/\/skinstudio.ee\/lv\/wp-json\/wp\/v2\/types\/product"}],"version-history":[{"count":3,"href":"https:\/\/skinstudio.ee\/lv\/wp-json\/wp\/v2\/product\/77734\/revisions"}],"predecessor-version":[{"id":77737,"href":"https:\/\/skinstudio.ee\/lv\/wp-json\/wp\/v2\/product\/77734\/revisions\/77737"}],"wp:featuredmedia":[{"embeddable":true,"href":"https:\/\/skinstudio.ee\/lv\/wp-json\/wp\/v2\/media\/64813"}],"wp:attachment":[{"href":"https:\/\/skinstudio.ee\/lv\/wp-json\/wp\/v2\/media?parent=77734"}],"wp:term":[{"taxonomy":"pwb-brand","embeddable":true,"href":"https:\/\/skinstudio.ee\/lv\/wp-json\/wp\/v2\/pwb-brand?post=77734"},{"taxonomy":"product_brand","embeddable":true,"href":"https:\/\/skinstudio.ee\/lv\/wp-json\/wp\/v2\/product_brand?post=77734"},{"taxonomy":"product_cat","embeddable":true,"href":"https:\/\/skinstudio.ee\/lv\/wp-json\/wp\/v2\/product_cat?post=77734"},{"taxonomy":"product_tag","embeddable":true,"href":"https:\/\/skinstudio.ee\/lv\/wp-json\/wp\/v2\/product_tag?post=77734"},{"taxonomy":"giftcard-category","embeddable":true,"href":"https:\/\/skinstudio.ee\/lv\/wp-json\/wp\/v2\/giftcard-category?post=77734"}],"curies":[{"name":"wp","href":"https:\/\/api.w.org\/{rel}","templated":true}]}}