{"id":77746,"date":"2025-07-04T11:50:07","date_gmt":"2025-07-04T11:50:07","guid":{"rendered":"https:\/\/skinstudio.ee\/?post_type=product&#038;p=77746"},"modified":"2026-02-13T15:28:17","modified_gmt":"2026-02-13T15:28:17","slug":"md-synergy-advanced-serum","status":"publish","type":"product","link":"https:\/\/skinstudio.ee\/lv\/catalog\/ph-formula\/md-synergy-advanced-serum\/","title":{"rendered":"MD Synergy Advanced Serum"},"content":{"rendered":"<p data-start=\"4013\" data-end=\"4317\"><strong data-start=\"4013\" data-end=\"4055\">MD Synergy Advanced Serum no pHformula<\/strong> ir koncentr\u0113ts pretnoveco\u0161an\u0101s serums, kas paredz\u0113ts \u0101das tvirtuma uzlabo\u0161anai, sejas kont\u016bru izteiksm\u012bguma uzlabo\u0161anai un mirdzuma atjauno\u0161anai. Formula darbojas \u0101das atjauno\u0161an\u0101s l\u012bmen\u012b, pal\u012bdzot samazin\u0101t grumbu redzam\u012bbu un uztur\u0113t \u0101das bl\u012bvumu un elast\u012bbu.<\/p>\n<p data-start=\"4319\" data-end=\"4553\">Serums akt\u012bvi atbalsta re\u0123ener\u0101cijas procesus, uzlabo \u0101das tekst\u016bru un padara \u0101du glud\u0101ku, svaig\u0101ku un vizu\u0101li tvirt\u0101ku. Piem\u0113rots lieto\u0161anai gan p\u0113c proced\u016br\u0101m atjauno\u0161an\u0101s period\u0101, gan k\u0101 ikdienas pretnoveco\u0161an\u0101s kop\u0161anas l\u012bdzeklis.<\/p>\n<p data-start=\"4555\" data-end=\"4588\"><strong data-start=\"4555\" data-end=\"4588\">Galveno sast\u0101vda\u013cu iedarb\u012bba:<\/strong><\/p>\n<ul data-start=\"4590\" data-end=\"4935\">\n<li data-start=\"4590\" data-end=\"4701\">\n<p data-start=\"4592\" data-end=\"4701\"><strong data-start=\"4592\" data-end=\"4609\">Bioretino\u012bds:<\/strong> atbalsta \u0101das atjauno\u0161anos un pal\u012bdz samazin\u0101t grumbu redzam\u012bbu bez agres\u012bvas iedarb\u012bbas.<\/p>\n<\/li>\n<li data-start=\"4702\" data-end=\"4815\">\n<p data-start=\"4704\" data-end=\"4815\"><strong data-start=\"4704\" data-end=\"4737\">Liposom\u0113tie aug\u0161anas faktori:<\/strong> atbalsta re\u0123ener\u0101cijas procesus un pal\u012bdz uzlabot \u0101das bl\u012bvumu un tvirtumu.<\/p>\n<\/li>\n<li data-start=\"4816\" data-end=\"4935\">\n<p data-start=\"4818\" data-end=\"4935\"><strong data-start=\"4818\" data-end=\"4840\">Ubihinons (CoQ10):<\/strong> sp\u0113c\u012bgs antioksidants, kas aizsarg\u0101 \u0101du no priek\u0161laic\u012bgas noveco\u0161an\u0101s un uztur t\u0101s vitalit\u0101ti.<\/p>\n<\/li>\n<\/ul>\n<p data-start=\"4937\" data-end=\"5074\">Piem\u0113rots visiem \u0101das tipiem, \u012bpa\u0161i, ja \u0101da zaud\u0113jusi tvirtumu, mirdzumu, ir nevienm\u0113r\u012bga tekst\u016bra un par\u0101d\u0101s pirm\u0101s noveco\u0161an\u0101s paz\u012bmes.<\/p>\n<p data-start=\"5076\" data-end=\"5094\"><strong data-start=\"5076\" data-end=\"5088\">Tilpums:<\/strong> 50 ml<\/p>\n","protected":false},"excerpt":{"rendered":"<p data-start=\"5286\" data-end=\"5356\"><span style=\"color: #ff0000;\"><strong data-start=\"5286\" data-end=\"5356\">pHFormula produktu pieg\u0101de ir pieejama tikai Igaunijas teritorij\u0101.<\/strong><\/span><\/p>\n<p data-start=\"5358\" data-end=\"5569\"><span style=\"color: #ff0000;\"><strong data-start=\"5358\" data-end=\"5365\">NB!<\/strong> Produktu var ieg\u0101d\u0101ties tikai p\u0113c konsult\u0101cijas ar speci\u0101listu. Zvaniet mums pa t\u0101lruni +372 58 500 171 vai s\u016btiet piepras\u012bjumu uz <a class=\"decorated-link cursor-pointer\" style=\"color: #ff0000;\" href=\"mailto:info@skinstudio.ee\" rel=\"noopener\" data-start=\"5497\" data-end=\"5515\">info@skinstudio.ee<\/a>. M\u016bsu konsultanti pal\u012bdz\u0113s jums ieg\u0101d\u0101ties \u0161o z\u012bmolu.<\/span><\/p>\n<p data-start=\"5571\" data-end=\"5602\">Pretnoveco\u0161an\u0101s mirdzuma serums<\/p>\n<h2 data-start=\"5604\" data-end=\"5654\"><strong data-start=\"5604\" data-end=\"5654\">\u012apa\u0161\u012bbas pHformula &#8211; MD Synergy Advanced Serum<\/strong><\/h2>\n<p data-start=\"5656\" data-end=\"5884\">\u2714\ufe0f Redzami uzlabo \u0101das tvirtumu un bl\u012bvumu<br data-start=\"5698\" data-end=\"5701\" \/>\u2714\ufe0f Pal\u012bdz samazin\u0101t grumbu redzam\u012bbu<br data-start=\"5737\" data-end=\"5740\" \/>\u2714\ufe0f Uzlabo sejas kont\u016bras un \u0101das tekst\u016bru<br data-start=\"5781\" data-end=\"5784\" \/>\u2714\ufe0f Pie\u0161\u0137ir \u0101dai svaig\u0101ku un mirdzo\u0161\u0101ku izskatu<br data-start=\"5830\" data-end=\"5833\" \/>\u2714\ufe0f Atbalsta \u0101du p\u0113cproced\u016bru atjauno\u0161an\u0101s period\u0101<\/p>\n","protected":false},"featured_media":64818,"template":"","meta":[],"pwb-brand":[778],"product_brand":[],"product_cat":[749,653,723],"product_tag":[],"giftcard-category":[],"class_list":{"0":"post-77746","1":"product","2":"type-product","3":"status-publish","4":"has-post-thumbnail","6":"pwb-brand-ph-formula","7":"product_cat-novecojosa-ada","8":"product_cat-ph-formula-lv","9":"product_cat-serumi","11":"first","12":"instock","13":"taxable","14":"shipping-taxable","15":"purchasable","16":"product-type-simple"},"acf":[],"brands":[{"id":778,"name":"pH Formula","slug":"ph-formula"}],"_links":{"self":[{"href":"https:\/\/skinstudio.ee\/lv\/wp-json\/wp\/v2\/product\/77746","targetHints":{"allow":["GET"]}}],"collection":[{"href":"https:\/\/skinstudio.ee\/lv\/wp-json\/wp\/v2\/product"}],"about":[{"href":"https:\/\/skinstudio.ee\/lv\/wp-json\/wp\/v2\/types\/product"}],"version-history":[{"count":1,"href":"https:\/\/skinstudio.ee\/lv\/wp-json\/wp\/v2\/product\/77746\/revisions"}],"predecessor-version":[{"id":77747,"href":"https:\/\/skinstudio.ee\/lv\/wp-json\/wp\/v2\/product\/77746\/revisions\/77747"}],"wp:featuredmedia":[{"embeddable":true,"href":"https:\/\/skinstudio.ee\/lv\/wp-json\/wp\/v2\/media\/64818"}],"wp:attachment":[{"href":"https:\/\/skinstudio.ee\/lv\/wp-json\/wp\/v2\/media?parent=77746"}],"wp:term":[{"taxonomy":"pwb-brand","embeddable":true,"href":"https:\/\/skinstudio.ee\/lv\/wp-json\/wp\/v2\/pwb-brand?post=77746"},{"taxonomy":"product_brand","embeddable":true,"href":"https:\/\/skinstudio.ee\/lv\/wp-json\/wp\/v2\/product_brand?post=77746"},{"taxonomy":"product_cat","embeddable":true,"href":"https:\/\/skinstudio.ee\/lv\/wp-json\/wp\/v2\/product_cat?post=77746"},{"taxonomy":"product_tag","embeddable":true,"href":"https:\/\/skinstudio.ee\/lv\/wp-json\/wp\/v2\/product_tag?post=77746"},{"taxonomy":"giftcard-category","embeddable":true,"href":"https:\/\/skinstudio.ee\/lv\/wp-json\/wp\/v2\/giftcard-category?post=77746"}],"curies":[{"name":"wp","href":"https:\/\/api.w.org\/{rel}","templated":true}]}}