{"id":77755,"date":"2025-07-04T11:46:08","date_gmt":"2025-07-04T11:46:08","guid":{"rendered":"https:\/\/skinstudio.ee\/?post_type=product&#038;p=77755"},"modified":"2026-02-13T15:28:22","modified_gmt":"2026-02-13T15:28:22","slug":"point-extra-firm","status":"publish","type":"product","link":"https:\/\/skinstudio.ee\/lv\/catalog\/ph-formula\/point-extra-firm\/","title":{"rendered":"POINT Extra Firm"},"content":{"rendered":"<p data-start=\"3903\" data-end=\"4169\"><strong data-start=\"3903\" data-end=\"3936\">POINT Extra Firm no pHformula<\/strong> ir nostiprino\u0161s sejas kr\u0113ms, kas paredz\u0113ts \u0101das tvirtuma uzlabo\u0161anai, sejas kont\u016bru izteiksm\u012bguma uzlabo\u0161anai un grumbu redzam\u012bbas mazin\u0101\u0161anai. Formula atbalsta \u0101das bl\u012bvumu, pal\u012bdzot atjaunot tvirt\u0101ku, skaidr\u0101ku un kopt\u0101ku izskatu.<\/p>\n<p data-start=\"4171\" data-end=\"4368\">Kr\u0113ms dzi\u013ci mitrina, baro un aizsarg\u0101 \u0101du no \u0101r\u0113jiem stresa faktoriem, padarot to glud\u0101ku, tvirt\u0101ku un vizu\u0101li jaunekl\u012bg\u0101ku. Piem\u0113rots regul\u0101rai lieto\u0161anai, \u012bpa\u0161i, ja \u0101da zaud\u0113 tvirtumu un bl\u012bvumu.<\/p>\n<p data-start=\"4370\" data-end=\"4403\"><strong data-start=\"4370\" data-end=\"4403\">Galveno sast\u0101vda\u013cu iedarb\u012bba:<\/strong><\/p>\n<ul data-start=\"4405\" data-end=\"4679\">\n<li data-start=\"4405\" data-end=\"4500\">\n<p data-start=\"4407\" data-end=\"4500\"><strong data-start=\"4407\" data-end=\"4429\">Pept\u012bdu komplekss:<\/strong> stimul\u0113 kolag\u0113na sint\u0113zi un pal\u012bdz uzlabot \u0101das tvirtumu un bl\u012bvumu.<\/p>\n<\/li>\n<li data-start=\"4501\" data-end=\"4588\">\n<p data-start=\"4503\" data-end=\"4588\"><strong data-start=\"4503\" data-end=\"4519\">Niacinam\u012bds:<\/strong> stiprina \u0101das aizsargbarjeru un uzlabo \u0101das kvalit\u0101ti un tekst\u016bru.<\/p>\n<\/li>\n<li data-start=\"4589\" data-end=\"4679\">\n<p data-start=\"4591\" data-end=\"4679\"><strong data-start=\"4591\" data-end=\"4609\">Hialuronsk\u0101be:<\/strong> nodro\u0161ina intens\u012bvu un ilgsto\u0161u mitrin\u0101\u0161anu, uzlabojot \u0101das elast\u012bbu.<\/p>\n<\/li>\n<\/ul>\n<p data-start=\"4681\" data-end=\"4775\">Piem\u0113rots visiem \u0101das tipiem, \u012bpa\u0161i nobriedu\u0161ai \u0101dai un \u0101dai ar samazin\u0101tu tvirtumu un tonusu.<\/p>\n<p data-start=\"4777\" data-end=\"4795\"><strong data-start=\"4777\" data-end=\"4789\">Tilpums:<\/strong> 50 ml<\/p>\n","protected":false},"excerpt":{"rendered":"<p data-start=\"5072\" data-end=\"5142\"><span style=\"color: #ff0000;\"><strong data-start=\"5072\" data-end=\"5142\">pHFormula produktu pieg\u0101de ir pieejama tikai Igaunijas teritorij\u0101.<\/strong><\/span><\/p>\n<p data-start=\"5144\" data-end=\"5355\"><span style=\"color: #ff0000;\"><strong data-start=\"5144\" data-end=\"5151\">NB!<\/strong> Produktu var ieg\u0101d\u0101ties tikai p\u0113c konsult\u0101cijas ar speci\u0101listu. Zvaniet mums pa t\u0101lruni +372 58 500 171 vai s\u016btiet piepras\u012bjumu uz <a class=\"decorated-link cursor-pointer\" style=\"color: #ff0000;\" href=\"mailto:info@skinstudio.ee\" rel=\"noopener\" data-start=\"5283\" data-end=\"5301\">info@skinstudio.ee<\/a>. M\u016bsu konsultanti pal\u012bdz\u0113s jums ieg\u0101d\u0101ties \u0161o z\u012bmolu.<\/span><\/p>\n<p data-start=\"5357\" data-end=\"5389\">Luksusa nostiprino\u0161s sejas kr\u0113ms<\/p>\n<h2 data-start=\"5391\" data-end=\"5432\"><strong data-start=\"5391\" data-end=\"5432\">\u012apa\u0161\u012bbas pHformula &#8211; POINT Extra Firm<\/strong><\/h2>\n<p data-start=\"5434\" data-end=\"5698\">\u2714\ufe0f Nodro\u0161ina redzamu liftinga efektu un nostiprina sejas kont\u016bras<br data-start=\"5499\" data-end=\"5502\" \/>\u2714\ufe0f Uzlabo \u0101das tvirtumu un bl\u012bvumu<br data-start=\"5536\" data-end=\"5539\" \/>\u2714\ufe0f Nogludina grumbas un uzlabo \u0101das tekst\u016bru<br data-start=\"5583\" data-end=\"5586\" \/>\u2714\ufe0f Dzi\u013ci baro un intens\u012bvi mitrina<br data-start=\"5620\" data-end=\"5623\" \/>\u2714\ufe0f Aizsarg\u0101 \u0101du no \u0101r\u0113jiem stresa faktoriem un priek\u0161laic\u012bgas noveco\u0161an\u0101s<\/p>\n","protected":false},"featured_media":64823,"template":"","meta":[],"pwb-brand":[778],"product_brand":[],"product_cat":[737,749,653],"product_tag":[],"giftcard-category":[],"class_list":{"0":"post-77755","1":"product","2":"type-product","3":"status-publish","4":"has-post-thumbnail","6":"pwb-brand-ph-formula","7":"product_cat-mitrinasana","8":"product_cat-novecojosa-ada","9":"product_cat-ph-formula-lv","11":"first","12":"instock","13":"taxable","14":"shipping-taxable","15":"purchasable","16":"product-type-simple"},"acf":[],"brands":[{"id":778,"name":"pH Formula","slug":"ph-formula"}],"_links":{"self":[{"href":"https:\/\/skinstudio.ee\/lv\/wp-json\/wp\/v2\/product\/77755","targetHints":{"allow":["GET"]}}],"collection":[{"href":"https:\/\/skinstudio.ee\/lv\/wp-json\/wp\/v2\/product"}],"about":[{"href":"https:\/\/skinstudio.ee\/lv\/wp-json\/wp\/v2\/types\/product"}],"version-history":[{"count":1,"href":"https:\/\/skinstudio.ee\/lv\/wp-json\/wp\/v2\/product\/77755\/revisions"}],"predecessor-version":[{"id":77756,"href":"https:\/\/skinstudio.ee\/lv\/wp-json\/wp\/v2\/product\/77755\/revisions\/77756"}],"wp:featuredmedia":[{"embeddable":true,"href":"https:\/\/skinstudio.ee\/lv\/wp-json\/wp\/v2\/media\/64823"}],"wp:attachment":[{"href":"https:\/\/skinstudio.ee\/lv\/wp-json\/wp\/v2\/media?parent=77755"}],"wp:term":[{"taxonomy":"pwb-brand","embeddable":true,"href":"https:\/\/skinstudio.ee\/lv\/wp-json\/wp\/v2\/pwb-brand?post=77755"},{"taxonomy":"product_brand","embeddable":true,"href":"https:\/\/skinstudio.ee\/lv\/wp-json\/wp\/v2\/product_brand?post=77755"},{"taxonomy":"product_cat","embeddable":true,"href":"https:\/\/skinstudio.ee\/lv\/wp-json\/wp\/v2\/product_cat?post=77755"},{"taxonomy":"product_tag","embeddable":true,"href":"https:\/\/skinstudio.ee\/lv\/wp-json\/wp\/v2\/product_tag?post=77755"},{"taxonomy":"giftcard-category","embeddable":true,"href":"https:\/\/skinstudio.ee\/lv\/wp-json\/wp\/v2\/giftcard-category?post=77755"}],"curies":[{"name":"wp","href":"https:\/\/api.w.org\/{rel}","templated":true}]}}