{"id":77764,"date":"2025-07-04T11:36:59","date_gmt":"2025-07-04T11:36:59","guid":{"rendered":"https:\/\/skinstudio.ee\/?post_type=product&#038;p=77764"},"modified":"2026-02-13T15:28:23","modified_gmt":"2026-02-13T15:28:23","slug":"point-multi-protect","status":"publish","type":"product","link":"https:\/\/skinstudio.ee\/lv\/catalog\/ph-formula\/point-multi-protect\/","title":{"rendered":"POINT Multi Protect"},"content":{"rendered":"<p data-start=\"3896\" data-end=\"4165\"><strong data-start=\"3896\" data-end=\"3932\">POINT Multi Protect no pHformula<\/strong> ir daudzfunkcion\u0101ls aizsargkr\u0113ms ar augstu fotoprotekciju un pretnoveco\u0161an\u0101s iedarb\u012bbu. Tas nodro\u0161ina uzticamu aizsardz\u012bbu pret UVA\/UVB stariem un vides stresa faktoriem, pal\u012bdzot nov\u0113rst fotonoveco\u0161anos, iekaisumus un pigment\u0101ciju.<\/p>\n<p data-start=\"4167\" data-end=\"4409\">Formula mitrina, uztur \u0101das komfortu un pal\u012bdz saglab\u0101t \u0101du glud\u0101ku, vienm\u0113r\u012bg\u0101ku un aizsarg\u0101tu visas dienas garum\u0101. Viegl\u0101, neredzam\u0101 tekst\u016bra vienm\u0113r\u012bgi kl\u0101jas un neatst\u0101j taukainu saj\u016btu vai baltus nos\u0113dumus. Piem\u0113rots ikdienas lieto\u0161anai.<\/p>\n<p data-start=\"4411\" data-end=\"4444\"><strong data-start=\"4411\" data-end=\"4444\">Galveno sast\u0101vda\u013cu iedarb\u012bba:<\/strong><\/p>\n<ul data-start=\"4446\" data-end=\"4721\">\n<li data-start=\"4446\" data-end=\"4540\">\n<p data-start=\"4448\" data-end=\"4540\"><strong data-start=\"4448\" data-end=\"4475\">Palmitoyl Tripeptide-8:<\/strong> pal\u012bdz mazin\u0101t \u0101das jut\u012bgumu un atbalsta t\u0101s aizsargfunkcijas.<\/p>\n<\/li>\n<li data-start=\"4541\" data-end=\"4628\">\n<p data-start=\"4543\" data-end=\"4628\"><strong data-start=\"4543\" data-end=\"4561\">Hialuronsk\u0101be:<\/strong> nodro\u0161ina ilgsto\u0161u mitrin\u0101\u0161anu un pal\u012bdz saglab\u0101t \u0101das elast\u012bbu.<\/p>\n<\/li>\n<li data-start=\"4629\" data-end=\"4721\">\n<p data-start=\"4631\" data-end=\"4721\"><strong data-start=\"4631\" data-end=\"4659\">Antioksidantu komplekss:<\/strong> pal\u012bdz aizsarg\u0101t \u0101du no fotonoveco\u0161an\u0101s un oksidat\u012bv\u0101 stresa.<\/p>\n<\/li>\n<\/ul>\n<p data-start=\"4723\" data-end=\"4853\">Piem\u0113rots visiem \u0101das tipiem, tostarp jut\u012bgai \u0101dai, \u012bpa\u0161i, ja ir nosliece uz aps\u0101rtumu, pigment\u0101ciju un priek\u0161laic\u012bgu noveco\u0161anos.<\/p>\n<p data-start=\"4855\" data-end=\"4873\"><strong data-start=\"4855\" data-end=\"4867\">Tilpums:<\/strong> 50 ml<\/p>\n","protected":false},"excerpt":{"rendered":"<p data-start=\"5057\" data-end=\"5127\"><span style=\"color: #ff0000;\"><strong data-start=\"5057\" data-end=\"5127\">pHFormula produktu pieg\u0101de ir pieejama tikai Igaunijas teritorij\u0101.<\/strong><\/span><\/p>\n<p data-start=\"5129\" data-end=\"5340\"><span style=\"color: #ff0000;\"><strong data-start=\"5129\" data-end=\"5136\">NB!<\/strong> Produktu var ieg\u0101d\u0101ties tikai p\u0113c konsult\u0101cijas ar speci\u0101listu. Zvaniet mums pa t\u0101lruni +372 58 500 171 vai s\u016btiet piepras\u012bjumu uz <a class=\"decorated-link cursor-pointer\" style=\"color: #ff0000;\" href=\"mailto:info@skinstudio.ee\" rel=\"noopener\" data-start=\"5268\" data-end=\"5286\">info@skinstudio.ee<\/a>. M\u016bsu konsultanti pal\u012bdz\u0113s jums ieg\u0101d\u0101ties \u0161o z\u012bmolu.<\/span><\/p>\n<p data-start=\"5342\" data-end=\"5376\">Aizsarg\u0101jo\u0161s pretnoveco\u0161an\u0101s kr\u0113ms<\/p>\n<h2 data-start=\"5378\" data-end=\"5422\"><strong data-start=\"5378\" data-end=\"5422\">\u012apa\u0161\u012bbas pHformula &#8211; POINT Multi Protect<\/strong><\/h2>\n<p data-start=\"5424\" data-end=\"5675\">\u2714\ufe0f Nodro\u0161ina pla\u0161a spektra UVA un UVB aizsardz\u012bbu<br data-start=\"5473\" data-end=\"5476\" \/>\u2714\ufe0f Pal\u012bdz nov\u0113rst fotonoveco\u0161anos un pigment\u0101ciju<br data-start=\"5525\" data-end=\"5528\" \/>\u2714\ufe0f Mitrina un uztur \u0101das komfortu visas dienas garum\u0101<br data-start=\"5581\" data-end=\"5584\" \/>\u2714\ufe0f Stiprina \u0101das aizsargbarjeru un mazina jut\u012bgumu<br data-start=\"5634\" data-end=\"5637\" \/>\u2714\ufe0f Viegls, neatst\u0101j baltus nos\u0113dumus<\/p>\n","protected":false},"featured_media":64828,"template":"","meta":[],"pwb-brand":[778],"product_brand":[],"product_cat":[745,737,749,653],"product_tag":[],"giftcard-category":[],"class_list":{"0":"post-77764","1":"product","2":"type-product","3":"status-publish","4":"has-post-thumbnail","6":"pwb-brand-ph-formula","7":"product_cat-jutigai-adai","8":"product_cat-mitrinasana","9":"product_cat-novecojosa-ada","10":"product_cat-ph-formula-lv","12":"first","13":"instock","14":"taxable","15":"shipping-taxable","16":"purchasable","17":"product-type-simple"},"acf":[],"brands":[{"id":778,"name":"pH Formula","slug":"ph-formula"}],"_links":{"self":[{"href":"https:\/\/skinstudio.ee\/lv\/wp-json\/wp\/v2\/product\/77764","targetHints":{"allow":["GET"]}}],"collection":[{"href":"https:\/\/skinstudio.ee\/lv\/wp-json\/wp\/v2\/product"}],"about":[{"href":"https:\/\/skinstudio.ee\/lv\/wp-json\/wp\/v2\/types\/product"}],"version-history":[{"count":1,"href":"https:\/\/skinstudio.ee\/lv\/wp-json\/wp\/v2\/product\/77764\/revisions"}],"predecessor-version":[{"id":77765,"href":"https:\/\/skinstudio.ee\/lv\/wp-json\/wp\/v2\/product\/77764\/revisions\/77765"}],"wp:featuredmedia":[{"embeddable":true,"href":"https:\/\/skinstudio.ee\/lv\/wp-json\/wp\/v2\/media\/64828"}],"wp:attachment":[{"href":"https:\/\/skinstudio.ee\/lv\/wp-json\/wp\/v2\/media?parent=77764"}],"wp:term":[{"taxonomy":"pwb-brand","embeddable":true,"href":"https:\/\/skinstudio.ee\/lv\/wp-json\/wp\/v2\/pwb-brand?post=77764"},{"taxonomy":"product_brand","embeddable":true,"href":"https:\/\/skinstudio.ee\/lv\/wp-json\/wp\/v2\/product_brand?post=77764"},{"taxonomy":"product_cat","embeddable":true,"href":"https:\/\/skinstudio.ee\/lv\/wp-json\/wp\/v2\/product_cat?post=77764"},{"taxonomy":"product_tag","embeddable":true,"href":"https:\/\/skinstudio.ee\/lv\/wp-json\/wp\/v2\/product_tag?post=77764"},{"taxonomy":"giftcard-category","embeddable":true,"href":"https:\/\/skinstudio.ee\/lv\/wp-json\/wp\/v2\/giftcard-category?post=77764"}],"curies":[{"name":"wp","href":"https:\/\/api.w.org\/{rel}","templated":true}]}}