{"id":77772,"date":"2025-07-04T11:26:09","date_gmt":"2025-07-04T11:26:09","guid":{"rendered":"https:\/\/skinstudio.ee\/?post_type=product&#038;p=77772"},"modified":"2026-02-13T15:28:22","modified_gmt":"2026-02-13T15:28:22","slug":"point-age-reverse","status":"publish","type":"product","link":"https:\/\/skinstudio.ee\/lv\/catalog\/ph-formula\/point-age-reverse\/","title":{"rendered":"POINT Age Reverse"},"content":{"rendered":"<p data-start=\"3970\" data-end=\"4245\"><strong data-start=\"3970\" data-end=\"4004\">POINT Age Reverse no pHformula<\/strong> ir intens\u012bvs pretnoveco\u0161an\u0101s kr\u0113ms, kas paredz\u0113ts dzi\u013cai \u0101das atjauno\u0161anai, tvirtuma uzlabo\u0161anai un redzamu noveco\u0161an\u0101s paz\u012bmju mazin\u0101\u0161anai. Formula atbalsta \u0101das strukt\u016bru, pal\u012bdz uzlabot elast\u012bbu, izl\u012bdzina tekst\u016bru un padara \u0101du kopt\u0101ku.<\/p>\n<p data-start=\"4247\" data-end=\"4466\">Kr\u0113ms redzami izl\u012bdzina grumbas, uzlabo \u0101das toni un izskatu, k\u0101 ar\u012b pal\u012bdz aizsarg\u0101t \u0101du no oksidat\u012bv\u0101 stresa. Piem\u0113rots gan ikdienas pretnoveco\u0161an\u0101s kop\u0161anai, gan periodos, kad \u0101da ir nov\u0101jin\u0101ta un zaud\u0113jusi tvirtumu.<\/p>\n<p data-start=\"4468\" data-end=\"4501\"><strong data-start=\"4468\" data-end=\"4501\">Galveno sast\u0101vda\u013cu iedarb\u012bba:<\/strong><\/p>\n<ul data-start=\"4503\" data-end=\"4763\">\n<li data-start=\"4503\" data-end=\"4598\">\n<p data-start=\"4505\" data-end=\"4598\"><strong data-start=\"4505\" data-end=\"4527\">Pept\u012bdu komplekss:<\/strong> stimul\u0113 kolag\u0113na sint\u0113zi un pal\u012bdz uzlabot \u0101das tvirtumu un bl\u012bvumu.<\/p>\n<\/li>\n<li data-start=\"4599\" data-end=\"4681\">\n<p data-start=\"4601\" data-end=\"4681\"><strong data-start=\"4601\" data-end=\"4614\">Retinols:<\/strong> atbalsta \u0101das atjauno\u0161anos un pal\u012bdz samazin\u0101t grumbu redzam\u012bbu.<\/p>\n<\/li>\n<li data-start=\"4682\" data-end=\"4763\">\n<p data-start=\"4684\" data-end=\"4763\"><strong data-start=\"4684\" data-end=\"4700\">Niacinam\u012bds:<\/strong> stiprina \u0101das aizsargbarjeru un uzlabo \u0101das kvalit\u0101ti un toni.<\/p>\n<\/li>\n<\/ul>\n<p data-start=\"4765\" data-end=\"4867\">Piem\u0113rots visiem \u0101das tipiem, \u012bpa\u0161i nobriedu\u0161ai un nov\u0101jin\u0101tai \u0101dai ar samazin\u0101tu tvirtumu un bl\u012bvumu.<\/p>\n<p data-start=\"4869\" data-end=\"4887\"><strong data-start=\"4869\" data-end=\"4881\">Tilpums:<\/strong> 50 ml<\/p>\n","protected":false},"excerpt":{"rendered":"<p data-start=\"5087\" data-end=\"5157\"><span style=\"color: #ff0000;\"><strong data-start=\"5087\" data-end=\"5157\">pHFormula produktu pieg\u0101de ir pieejama tikai Igaunijas teritorij\u0101.<\/strong><\/span><\/p>\n<p data-start=\"5159\" data-end=\"5370\"><span style=\"color: #ff0000;\"><strong data-start=\"5159\" data-end=\"5166\">NB!<\/strong> Produktu var ieg\u0101d\u0101ties tikai p\u0113c konsult\u0101cijas ar speci\u0101listu. Zvaniet mums pa t\u0101lruni +372 58 500 171 vai s\u016btiet piepras\u012bjumu uz <a class=\"decorated-link cursor-pointer\" style=\"color: #ff0000;\" href=\"mailto:info@skinstudio.ee\" rel=\"noopener\" data-start=\"5298\" data-end=\"5316\">info@skinstudio.ee<\/a>. M\u016bsu konsultanti pal\u012bdz\u0113s jums ieg\u0101d\u0101ties \u0161o z\u012bmolu.<\/span><\/p>\n<p data-start=\"5372\" data-end=\"5403\">Intens\u012bvs pretnoveco\u0161an\u0101s kr\u0113ms<\/p>\n<h2 data-start=\"5405\" data-end=\"5447\"><strong data-start=\"5405\" data-end=\"5447\">\u012apa\u0161\u012bbas pHformula &#8211; POINT Age Reverse<\/strong><\/h2>\n<p data-start=\"5449\" data-end=\"5742\">\u2714\ufe0f Nodro\u0161ina izteiktu liftinga efektu un atjauno \u0101das tvirtumu<br data-start=\"5511\" data-end=\"5514\" \/>\u2714\ufe0f Izl\u012bdzina grumbas un uzlabo \u0101das tekst\u016bru<br data-start=\"5558\" data-end=\"5561\" \/>\u2714\ufe0f Stimul\u0113 kolag\u0113na veido\u0161anos un \u0161\u016bnu atjauno\u0161anos<br data-start=\"5612\" data-end=\"5615\" \/>\u2714\ufe0f Uzlabo \u0101das bl\u012bvumu un pal\u012bdz atjaunot sejas ov\u0101lu<br data-start=\"5668\" data-end=\"5671\" \/>\u2714\ufe0f Aizsarg\u0101 \u0101du no br\u012bvajiem radik\u0101\u013ciem un priek\u0161laic\u012bgas noveco\u0161an\u0101s<\/p>\n<p data-start=\"5087\" data-end=\"5157\">\n","protected":false},"featured_media":64833,"template":"","meta":[],"pwb-brand":[778],"product_brand":[],"product_cat":[737,749,653,739],"product_tag":[],"giftcard-category":[],"class_list":{"0":"post-77772","1":"product","2":"type-product","3":"status-publish","4":"has-post-thumbnail","6":"pwb-brand-ph-formula","7":"product_cat-mitrinasana","8":"product_cat-novecojosa-ada","9":"product_cat-ph-formula-lv","10":"product_cat-sausai-adai","12":"first","13":"instock","14":"taxable","15":"shipping-taxable","16":"purchasable","17":"product-type-simple"},"acf":[],"brands":[{"id":778,"name":"pH Formula","slug":"ph-formula"}],"_links":{"self":[{"href":"https:\/\/skinstudio.ee\/lv\/wp-json\/wp\/v2\/product\/77772","targetHints":{"allow":["GET"]}}],"collection":[{"href":"https:\/\/skinstudio.ee\/lv\/wp-json\/wp\/v2\/product"}],"about":[{"href":"https:\/\/skinstudio.ee\/lv\/wp-json\/wp\/v2\/types\/product"}],"version-history":[{"count":1,"href":"https:\/\/skinstudio.ee\/lv\/wp-json\/wp\/v2\/product\/77772\/revisions"}],"predecessor-version":[{"id":77773,"href":"https:\/\/skinstudio.ee\/lv\/wp-json\/wp\/v2\/product\/77772\/revisions\/77773"}],"wp:featuredmedia":[{"embeddable":true,"href":"https:\/\/skinstudio.ee\/lv\/wp-json\/wp\/v2\/media\/64833"}],"wp:attachment":[{"href":"https:\/\/skinstudio.ee\/lv\/wp-json\/wp\/v2\/media?parent=77772"}],"wp:term":[{"taxonomy":"pwb-brand","embeddable":true,"href":"https:\/\/skinstudio.ee\/lv\/wp-json\/wp\/v2\/pwb-brand?post=77772"},{"taxonomy":"product_brand","embeddable":true,"href":"https:\/\/skinstudio.ee\/lv\/wp-json\/wp\/v2\/product_brand?post=77772"},{"taxonomy":"product_cat","embeddable":true,"href":"https:\/\/skinstudio.ee\/lv\/wp-json\/wp\/v2\/product_cat?post=77772"},{"taxonomy":"product_tag","embeddable":true,"href":"https:\/\/skinstudio.ee\/lv\/wp-json\/wp\/v2\/product_tag?post=77772"},{"taxonomy":"giftcard-category","embeddable":true,"href":"https:\/\/skinstudio.ee\/lv\/wp-json\/wp\/v2\/giftcard-category?post=77772"}],"curies":[{"name":"wp","href":"https:\/\/api.w.org\/{rel}","templated":true}]}}