{"id":77780,"date":"2025-07-04T11:01:16","date_gmt":"2025-07-04T11:01:16","guid":{"rendered":"https:\/\/skinstudio.ee\/?post_type=product&#038;p=77780"},"modified":"2026-02-13T15:28:14","modified_gmt":"2026-02-13T15:28:14","slug":"md-ac-active-recovery","status":"publish","type":"product","link":"https:\/\/skinstudio.ee\/lv\/catalog\/ph-formula\/md-ac-active-recovery\/","title":{"rendered":"MD AC Active Recovery"},"content":{"rendered":"<p data-start=\"4155\" data-end=\"4417\">MD AC Active Recovery no pHformula ir atjaunojo\u0161s koncentr\u0101ts \u0101dai ar noslieci uz akni un iekaisumiem. Produkts ir izstr\u0101d\u0101ts profesion\u0101lo proced\u016bru un m\u0101jas kop\u0161anas atbalstam, lai mazin\u0101tu iekaisumus, uzlabotu \u0101das st\u0101vokli un pa\u0101trin\u0101tu atjauno\u0161an\u0101s procesus.<\/p>\n<p data-start=\"4419\" data-end=\"4646\">Koncentr\u0101ts pal\u012bdz samazin\u0101t iekaisuma elementus, uztur \u0101das l\u012bdzsvaru, uzlabo tekst\u016bru un toni, k\u0101 ar\u012b nodro\u0161ina antioksidantu aizsardz\u012bbu. Formula veicina \u0101tr\u0101ku \u0101das atjauno\u0161anos, padarot \u0101du t\u012br\u0101ku, glud\u0101ku un vienm\u0113r\u012bg\u0101ku.<\/p>\n<p data-start=\"4648\" data-end=\"4824\"><strong data-start=\"4648\" data-end=\"4659\">PH-DVC\u2122<\/strong> pieg\u0101des sist\u0113ma nodro\u0161ina kontrol\u0113tu un dzi\u013cu akt\u012bvo vielu uzs\u016bk\u0161anos, samazinot kairin\u0101juma risku un palielinot lieto\u0161anas komfortu pat jut\u012bgai un reakt\u012bvai \u0101dai.<\/p>\n<p data-start=\"4826\" data-end=\"4859\"><strong data-start=\"4826\" data-end=\"4859\">Galveno sast\u0101vda\u013cu iedarb\u012bba:<\/strong><\/p>\n<p data-start=\"4861\" data-end=\"5120\"><strong data-start=\"4861\" data-end=\"4877\">Niacinam\u012bds:<\/strong> pal\u012bdz mazin\u0101t iekaisumu, uzlabo \u0101das toni un stiprina \u0101das aizsargbarjeru.<br data-start=\"4953\" data-end=\"4956\" \/><strong data-start=\"4956\" data-end=\"4972\">Mande\u013csk\u0101be:<\/strong> maigi noloba \u0101du, att\u012bra poras un uzlabo \u0101das tekst\u016bru.<br data-start=\"5028\" data-end=\"5031\" \/><strong data-start=\"5031\" data-end=\"5048\">Azeloglic\u012bns:<\/strong> nomierina \u0101du, samazina aps\u0101rtumu un pal\u012bdz regul\u0113t sebuma izdal\u012b\u0161anos.<\/p>\n<p data-start=\"5122\" data-end=\"5252\">Piem\u0113rots \u0101dai ar akni (I\u2013III pak\u0101pe), taukainai un kombin\u0113tai \u0101dai, k\u0101 ar\u012b \u0101dai ar papla\u0161in\u0101t\u0101m por\u0101m un noslieci uz iekaisumiem.<\/p>\n<p data-start=\"5254\" data-end=\"5272\"><strong data-start=\"5254\" data-end=\"5272\">Tilpums: 30 ml<\/strong><\/p>\n","protected":false},"excerpt":{"rendered":"<p data-start=\"5478\" data-end=\"5752\"><span style=\"color: #ff0000;\"><strong data-start=\"5478\" data-end=\"5549\">pHformula produktu pieg\u0101de ir iesp\u0113jama tikai Igaunijas teritorij\u0101.<\/strong><\/span><\/p>\n<p data-start=\"5478\" data-end=\"5752\"><span style=\"color: #ff0000;\"><strong data-start=\"5552\" data-end=\"5559\">NB!<\/strong> Produktu var ieg\u0101d\u0101ties tikai p\u0113c konsult\u0101cijas ar speci\u0101listu. Zvaniet mums pa t\u0101lruni +372 58 500 171 vai rakstiet uz <a class=\"decorated-link cursor-pointer\" style=\"color: #ff0000;\" href=\"mailto:info@skinstudio.ee\" rel=\"noopener\" data-start=\"5680\" data-end=\"5698\">info@skinstudio.ee<\/a>. M\u016bsu konsultanti pal\u012bdz\u0113s jums ieg\u0101d\u0101ties \u0161o z\u012bmolu.<\/span><\/p>\n<p data-start=\"5754\" data-end=\"5787\">Atjaunojo\u0161s koncentr\u0101ts pret akni<\/p>\n<h2 data-start=\"5789\" data-end=\"5835\"><strong data-start=\"5789\" data-end=\"5835\">\u012bpa\u0161\u012bbas <\/strong><strong data-start=\"5789\" data-end=\"5835\">pHformula &#8211; MD AC Active Recovery<\/strong><\/h2>\n<p data-start=\"5837\" data-end=\"6036\">\u2714\ufe0f Pal\u012bdz mazin\u0101t iekaisumu un aps\u0101rtumu<br data-start=\"5877\" data-end=\"5880\" \/>\u2714\ufe0f Regul\u0113 lieko sebuma izdal\u012b\u0161anos<br data-start=\"5914\" data-end=\"5917\" \/>\u2714\ufe0f Uzlabo \u0101das tekst\u016bru un izl\u012bdzina toni<br data-start=\"5958\" data-end=\"5961\" \/>\u2714\ufe0f Veicina \u0101tr\u0101ku \u0101das atjauno\u0161anos<br data-start=\"5996\" data-end=\"5999\" \/>\u2714\ufe0f Pal\u012bdz uztur\u0113t \u0101du t\u012bru un koptu<\/p>\n","protected":false},"featured_media":64839,"template":"","meta":[],"pwb-brand":[778],"product_brand":[],"product_cat":[741,743,653,723,747],"product_tag":[],"giftcard-category":[],"class_list":{"0":"post-77780","1":"product","2":"type-product","3":"status-publish","4":"has-post-thumbnail","6":"pwb-brand-ph-formula","7":"product_cat-izsitumi","8":"product_cat-paplasinatas-poras","9":"product_cat-ph-formula","10":"product_cat-serumi","11":"product_cat-taukaina-ada","13":"first","14":"instock","15":"taxable","16":"shipping-taxable","17":"purchasable","18":"product-type-simple"},"acf":[],"brands":[{"id":778,"name":"pH Formula","slug":"ph-formula"}],"_links":{"self":[{"href":"https:\/\/skinstudio.ee\/lv\/wp-json\/wp\/v2\/product\/77780","targetHints":{"allow":["GET"]}}],"collection":[{"href":"https:\/\/skinstudio.ee\/lv\/wp-json\/wp\/v2\/product"}],"about":[{"href":"https:\/\/skinstudio.ee\/lv\/wp-json\/wp\/v2\/types\/product"}],"version-history":[{"count":1,"href":"https:\/\/skinstudio.ee\/lv\/wp-json\/wp\/v2\/product\/77780\/revisions"}],"predecessor-version":[{"id":77781,"href":"https:\/\/skinstudio.ee\/lv\/wp-json\/wp\/v2\/product\/77780\/revisions\/77781"}],"wp:featuredmedia":[{"embeddable":true,"href":"https:\/\/skinstudio.ee\/lv\/wp-json\/wp\/v2\/media\/64839"}],"wp:attachment":[{"href":"https:\/\/skinstudio.ee\/lv\/wp-json\/wp\/v2\/media?parent=77780"}],"wp:term":[{"taxonomy":"pwb-brand","embeddable":true,"href":"https:\/\/skinstudio.ee\/lv\/wp-json\/wp\/v2\/pwb-brand?post=77780"},{"taxonomy":"product_brand","embeddable":true,"href":"https:\/\/skinstudio.ee\/lv\/wp-json\/wp\/v2\/product_brand?post=77780"},{"taxonomy":"product_cat","embeddable":true,"href":"https:\/\/skinstudio.ee\/lv\/wp-json\/wp\/v2\/product_cat?post=77780"},{"taxonomy":"product_tag","embeddable":true,"href":"https:\/\/skinstudio.ee\/lv\/wp-json\/wp\/v2\/product_tag?post=77780"},{"taxonomy":"giftcard-category","embeddable":true,"href":"https:\/\/skinstudio.ee\/lv\/wp-json\/wp\/v2\/giftcard-category?post=77780"}],"curies":[{"name":"wp","href":"https:\/\/api.w.org\/{rel}","templated":true}]}}