{"id":77788,"date":"2025-07-04T10:38:56","date_gmt":"2025-07-04T10:38:56","guid":{"rendered":"https:\/\/skinstudio.ee\/?post_type=product&#038;p=77788"},"modified":"2026-02-13T15:28:13","modified_gmt":"2026-02-13T15:28:13","slug":"h2o-flash","status":"publish","type":"product","link":"https:\/\/skinstudio.ee\/lv\/catalog\/ph-formula\/h2o-flash\/","title":{"rendered":"H2O Flash"},"content":{"rendered":"<p data-start=\"4088\" data-end=\"4386\">H2O Flash no pHformula ir mineraliz\u0113ts mitrino\u0161s aerosols ar term\u0101lo \u016bdeni, kas paredz\u0113ts ikdienas \u0101das kop\u0161anai, \u012bpa\u0161i jut\u012bgai un dehidr\u0113tai \u0101dai. Produkts nekav\u0113joties nomierina \u0101du, atsvaidzina to p\u0113c att\u012br\u012b\u0161anas un pal\u012bdz uztur\u0113t komfortu un mitrin\u0101\u0161anu visas dienas garum\u0101, \u012bpa\u0161i karst\u0101 laik\u0101.<\/p>\n<p data-start=\"4388\" data-end=\"4637\">Formula ir bag\u0101tin\u0101ta ar <strong data-start=\"4413\" data-end=\"4443\">Kigelia Africana ekstraktu<\/strong>, kas ir paz\u012bstams ar sav\u0101m nostiprino\u0161aj\u0101m un antioksidanta \u012bpa\u0161\u012bb\u0101m. Aerosols pal\u012bdz uzlabot \u0101das tvirtumu un elast\u012bbu, aizsarg\u0101 no oksidat\u012bv\u0101 stresa un veicina vesel\u012bg\u0101ku, mirdzo\u0161\u0101ku izskatu.<\/p>\n<p data-start=\"4639\" data-end=\"4759\">Produkts ar\u012b stiprina \u0101das aizsargbarjeru, pal\u012bdz \u0101dai \u0101tr\u0101k atjaunoties un padara to iztur\u012bg\u0101ku pret \u0101r\u0113jiem faktoriem.<\/p>\n<p data-start=\"4761\" data-end=\"4794\"><strong data-start=\"4761\" data-end=\"4794\">Galveno sast\u0101vda\u013cu iedarb\u012bba:<\/strong><\/p>\n<p data-start=\"4796\" data-end=\"5127\"><strong data-start=\"4796\" data-end=\"4829\">Mineraliz\u0113ts term\u0101lais \u016bdens:<\/strong> nomierina \u0101du, mazina diskomfortu un savilkuma saj\u016btu, atsvaidzina un mitrina.<br data-start=\"4908\" data-end=\"4911\" \/><strong data-start=\"4911\" data-end=\"4926\">Bisabolols:<\/strong> nomierina jut\u012bgu \u0101du un atbalsta atjauno\u0161an\u0101s procesus.<br data-start=\"4982\" data-end=\"4985\" \/><strong data-start=\"4985\" data-end=\"5016\">Kigelia Africana ekstrakts:<\/strong> uzlabo \u0101das tvirtumu un elast\u012bbu, nodro\u0161ina antioksidantu aizsardz\u012bbu un pal\u012bdz pal\u0113nin\u0101t noveco\u0161an\u0101s paz\u012bmes.<\/p>\n<p data-start=\"5129\" data-end=\"5219\">Piem\u0113rots visiem \u0101das tipiem, tostarp jut\u012bgai, dehidr\u0113tai un uz kairin\u0101jumu tend\u0113tai \u0101dai.<\/p>\n<p data-start=\"5221\" data-end=\"5239\"><strong data-start=\"5221\" data-end=\"5239\">Tilpums: 50 ml<\/strong><\/p>\n","protected":false},"excerpt":{"rendered":"<p data-start=\"5423\" data-end=\"5494\"><span style=\"color: #ff0000;\"><strong data-start=\"5423\" data-end=\"5494\">pHformula produktu pieg\u0101de ir iesp\u0113jama tikai Igaunijas teritorij\u0101.<\/strong><\/span><\/p>\n<p data-start=\"5496\" data-end=\"5696\"><span style=\"color: #ff0000;\"><strong data-start=\"5496\" data-end=\"5503\">NB!<\/strong> Produktu var ieg\u0101d\u0101ties tikai p\u0113c konsult\u0101cijas ar speci\u0101listu. Zvaniet mums pa t\u0101lruni +372 58 500 171 vai rakstiet uz <a class=\"decorated-link cursor-pointer\" style=\"color: #ff0000;\" href=\"mailto:info@skinstudio.ee\" rel=\"noopener\" data-start=\"5624\" data-end=\"5642\">info@skinstudio.ee<\/a>. M\u016bsu konsultanti pal\u012bdz\u0113s jums ieg\u0101d\u0101ties \u0161o z\u012bmolu.<\/span><\/p>\n<p data-start=\"5698\" data-end=\"5723\">Viegli mitrino\u0161s aerosols<\/p>\n<h2 data-start=\"5725\" data-end=\"5759\"><strong data-start=\"5725\" data-end=\"5759\">\u012apa\u0161\u012bbas pHformula &#8211; H2O Flash<\/strong><\/h2>\n<p data-start=\"5761\" data-end=\"5959\">\u2714\ufe0f \u0100tri mitrina un nomierina \u0101du<br data-start=\"5793\" data-end=\"5796\" \/>\u2714\ufe0f Nodro\u0161ina svaiguma un komforta saj\u016btu<br data-start=\"5836\" data-end=\"5839\" \/>\u2714\ufe0f Atbalsta \u0101das tvirtumu un elast\u012bbu<br data-start=\"5876\" data-end=\"5879\" \/>\u2714\ufe0f Stiprina \u0101das aizsargbarjeru<br data-start=\"5910\" data-end=\"5913\" \/>\u2714\ufe0f Piem\u0113rots visiem \u0101das tipiem, ar\u012b jut\u012bgai<\/p>\n","protected":false},"featured_media":64844,"template":"","meta":[],"pwb-brand":[778],"product_brand":[],"product_cat":[745,737,653,721],"product_tag":[],"giftcard-category":[],"class_list":{"0":"post-77788","1":"product","2":"type-product","3":"status-publish","4":"has-post-thumbnail","6":"pwb-brand-ph-formula","7":"product_cat-jutiga-ada","8":"product_cat-mitrinasana","9":"product_cat-ph-formula","10":"product_cat-toniki","12":"first","13":"instock","14":"taxable","15":"shipping-taxable","16":"purchasable","17":"product-type-simple"},"acf":[],"brands":[{"id":778,"name":"pH Formula","slug":"ph-formula"}],"_links":{"self":[{"href":"https:\/\/skinstudio.ee\/lv\/wp-json\/wp\/v2\/product\/77788","targetHints":{"allow":["GET"]}}],"collection":[{"href":"https:\/\/skinstudio.ee\/lv\/wp-json\/wp\/v2\/product"}],"about":[{"href":"https:\/\/skinstudio.ee\/lv\/wp-json\/wp\/v2\/types\/product"}],"version-history":[{"count":1,"href":"https:\/\/skinstudio.ee\/lv\/wp-json\/wp\/v2\/product\/77788\/revisions"}],"predecessor-version":[{"id":77789,"href":"https:\/\/skinstudio.ee\/lv\/wp-json\/wp\/v2\/product\/77788\/revisions\/77789"}],"wp:featuredmedia":[{"embeddable":true,"href":"https:\/\/skinstudio.ee\/lv\/wp-json\/wp\/v2\/media\/64844"}],"wp:attachment":[{"href":"https:\/\/skinstudio.ee\/lv\/wp-json\/wp\/v2\/media?parent=77788"}],"wp:term":[{"taxonomy":"pwb-brand","embeddable":true,"href":"https:\/\/skinstudio.ee\/lv\/wp-json\/wp\/v2\/pwb-brand?post=77788"},{"taxonomy":"product_brand","embeddable":true,"href":"https:\/\/skinstudio.ee\/lv\/wp-json\/wp\/v2\/product_brand?post=77788"},{"taxonomy":"product_cat","embeddable":true,"href":"https:\/\/skinstudio.ee\/lv\/wp-json\/wp\/v2\/product_cat?post=77788"},{"taxonomy":"product_tag","embeddable":true,"href":"https:\/\/skinstudio.ee\/lv\/wp-json\/wp\/v2\/product_tag?post=77788"},{"taxonomy":"giftcard-category","embeddable":true,"href":"https:\/\/skinstudio.ee\/lv\/wp-json\/wp\/v2\/giftcard-category?post=77788"}],"curies":[{"name":"wp","href":"https:\/\/api.w.org\/{rel}","templated":true}]}}