{"id":77795,"date":"2025-07-04T10:22:39","date_gmt":"2025-07-04T10:22:39","guid":{"rendered":"https:\/\/skinstudio.ee\/?post_type=product&#038;p=77795"},"modified":"2026-02-13T15:28:26","modified_gmt":"2026-02-13T15:28:26","slug":"sos-rescue-cream","status":"publish","type":"product","link":"https:\/\/skinstudio.ee\/lv\/catalog\/ph-formula\/sos-rescue-cream\/","title":{"rendered":"SOS Rescue Cream"},"content":{"rendered":"<p data-start=\"4007\" data-end=\"4283\">SOS Rescue Cream no pHformula ir daudzfunkcion\u0101ls SOS kr\u0113ms \u0101dai, kurai nepiecie\u0161ama \u012bpa\u0161a kop\u0161ana, aizsardz\u012bba un \u0101tra atjauno\u0161an\u0101s. Produkts ir paredz\u0113ts lieto\u0161anai paaugstin\u0101tas jut\u012bbas periodos, p\u0113c agres\u012bv\u0101m proced\u016br\u0101m, aukstaj\u0101 sezon\u0101 vai boj\u0101tas \u0101das barjeras gad\u012bjum\u0101.<\/p>\n<p data-start=\"4285\" data-end=\"4541\">Formula ir bag\u0101tin\u0101ta ar pantenolu, niacinam\u012bdu un dab\u012bg\u0101m e\u013c\u013c\u0101m, kas pal\u012bdz \u0101tri nomierin\u0101t \u0101du, atjaunot t\u0101s aizsargfunkcijas un mazin\u0101t reaktivit\u0101ti. Kr\u0113ms pal\u012bdz mazin\u0101t savilkuma saj\u016btu, diskomfortu un sausumu, padarot \u0101du iztur\u012bg\u0101ku un komfortabl\u0101ku.<\/p>\n<p data-start=\"4543\" data-end=\"4576\"><strong data-start=\"4543\" data-end=\"4576\">Galveno sast\u0101vda\u013cu iedarb\u012bba:<\/strong><\/p>\n<p data-start=\"4578\" data-end=\"4862\"><strong data-start=\"4578\" data-end=\"4592\">Pantenols:<\/strong> nomierina \u0101du, pa\u0101trina atjauno\u0161anos un mazina kairin\u0101jumu un diskomfortu.<br data-start=\"4667\" data-end=\"4670\" \/><strong data-start=\"4670\" data-end=\"4686\">Niacinam\u012bds:<\/strong> stiprina \u0101das aizsargbarjeru, samazina jut\u012bgumu un atbalsta vesel\u012bgu \u0101das st\u0101vokli.<br data-start=\"4770\" data-end=\"4773\" \/><strong data-start=\"4773\" data-end=\"4796\">Saldo mande\u013cu e\u013c\u013ca:<\/strong> baro un m\u012bkstina \u0101du, pal\u012bdz nov\u0113rst sausumu un savilkuma saj\u016btu.<\/p>\n<p data-start=\"4864\" data-end=\"5081\">Piem\u0113rots visiem \u0101das tipiem, tostarp jut\u012bgai, reakt\u012bvai un boj\u0101tai \u0101dai. Ide\u0101ls p\u0113c proced\u016br\u0101m, aukstaj\u0101 sezon\u0101 vai boj\u0101tas \u0101das barjeras gad\u012bjum\u0101. Var lietot gan lok\u0101li, gan uz visas sejas, pieaugu\u0161ajiem un b\u0113rniem.<\/p>\n<p data-start=\"5083\" data-end=\"5101\"><strong data-start=\"5083\" data-end=\"5101\">Tilpums: 50 ml<\/strong><\/p>\n","protected":false},"excerpt":{"rendered":"<p data-start=\"5209\" data-end=\"5280\"><span style=\"color: #ff0000;\"><strong data-start=\"5209\" data-end=\"5280\">pHformula produktu pieg\u0101de ir iesp\u0113jama tikai Igaunijas teritorij\u0101.<\/strong><\/span><\/p>\n<p data-start=\"5282\" data-end=\"5482\"><span style=\"color: #ff0000;\"><strong data-start=\"5282\" data-end=\"5289\">NB!<\/strong> Produktu var ieg\u0101d\u0101ties tikai p\u0113c konsult\u0101cijas ar speci\u0101listu. Zvaniet mums pa t\u0101lruni +372 58 500 171 vai rakstiet uz <a class=\"decorated-link cursor-pointer\" style=\"color: #ff0000;\" href=\"mailto:info@skinstudio.ee\" rel=\"noopener\" data-start=\"5410\" data-end=\"5428\">info@skinstudio.ee<\/a>. M\u016bsu konsultanti pal\u012bdz\u0113s jums ieg\u0101d\u0101ties \u0161o z\u012bmolu.<\/span><\/p>\n<p data-start=\"5484\" data-end=\"5508\">Intens\u012bvs komforta kr\u0113ms<\/p>\n<h2 data-start=\"5510\" data-end=\"5551\"><strong data-start=\"5510\" data-end=\"5551\">\u012apa\u0161\u012bbas pHformula &#8211; SOS Rescue Cream<\/strong><\/h2>\n<p data-start=\"5553\" data-end=\"5745\">\u2714\ufe0f Mazina kairin\u0101jumu un aps\u0101rtumu<br data-start=\"5587\" data-end=\"5590\" \/>\u2714\ufe0f Stiprina \u0101das aizsargbarjeru<br data-start=\"5621\" data-end=\"5624\" \/>\u2714\ufe0f Nomierina \u0101du p\u0113c proced\u016br\u0101m un stresa<br data-start=\"5665\" data-end=\"5668\" \/>\u2714\ufe0f Intens\u012bvi mitrina un baro<br data-start=\"5696\" data-end=\"5699\" \/>\u2714\ufe0f Piem\u0113rots reakt\u012bvai un \u012bpa\u0161i jut\u012bgai \u0101dai<\/p>\n","protected":false},"featured_media":64849,"template":"","meta":[],"pwb-brand":[778],"product_brand":[],"product_cat":[745,737,653,739],"product_tag":[],"giftcard-category":[],"class_list":{"0":"post-77795","1":"product","2":"type-product","3":"status-publish","4":"has-post-thumbnail","6":"pwb-brand-ph-formula","7":"product_cat-jutigai-adai","8":"product_cat-mitrinasana","9":"product_cat-ph-formula-lv","10":"product_cat-sausai-adai","12":"first","13":"instock","14":"taxable","15":"shipping-taxable","16":"purchasable","17":"product-type-simple"},"acf":[],"brands":[{"id":778,"name":"pH Formula","slug":"ph-formula"}],"_links":{"self":[{"href":"https:\/\/skinstudio.ee\/lv\/wp-json\/wp\/v2\/product\/77795","targetHints":{"allow":["GET"]}}],"collection":[{"href":"https:\/\/skinstudio.ee\/lv\/wp-json\/wp\/v2\/product"}],"about":[{"href":"https:\/\/skinstudio.ee\/lv\/wp-json\/wp\/v2\/types\/product"}],"version-history":[{"count":2,"href":"https:\/\/skinstudio.ee\/lv\/wp-json\/wp\/v2\/product\/77795\/revisions"}],"predecessor-version":[{"id":77797,"href":"https:\/\/skinstudio.ee\/lv\/wp-json\/wp\/v2\/product\/77795\/revisions\/77797"}],"wp:featuredmedia":[{"embeddable":true,"href":"https:\/\/skinstudio.ee\/lv\/wp-json\/wp\/v2\/media\/64849"}],"wp:attachment":[{"href":"https:\/\/skinstudio.ee\/lv\/wp-json\/wp\/v2\/media?parent=77795"}],"wp:term":[{"taxonomy":"pwb-brand","embeddable":true,"href":"https:\/\/skinstudio.ee\/lv\/wp-json\/wp\/v2\/pwb-brand?post=77795"},{"taxonomy":"product_brand","embeddable":true,"href":"https:\/\/skinstudio.ee\/lv\/wp-json\/wp\/v2\/product_brand?post=77795"},{"taxonomy":"product_cat","embeddable":true,"href":"https:\/\/skinstudio.ee\/lv\/wp-json\/wp\/v2\/product_cat?post=77795"},{"taxonomy":"product_tag","embeddable":true,"href":"https:\/\/skinstudio.ee\/lv\/wp-json\/wp\/v2\/product_tag?post=77795"},{"taxonomy":"giftcard-category","embeddable":true,"href":"https:\/\/skinstudio.ee\/lv\/wp-json\/wp\/v2\/giftcard-category?post=77795"}],"curies":[{"name":"wp","href":"https:\/\/api.w.org\/{rel}","templated":true}]}}