{"id":77803,"date":"2025-07-04T10:17:10","date_gmt":"2025-07-04T10:17:10","guid":{"rendered":"https:\/\/skinstudio.ee\/?post_type=product&#038;p=77803"},"modified":"2026-02-13T15:28:26","modified_gmt":"2026-02-13T15:28:26","slug":"sos-rescue-oil","status":"publish","type":"product","link":"https:\/\/skinstudio.ee\/lv\/catalog\/ph-formula\/sos-rescue-oil\/","title":{"rendered":"SOS Rescue Oil"},"content":{"rendered":"<p data-start=\"3849\" data-end=\"4158\"><strong data-start=\"3849\" data-end=\"3881\">SOS Rescue Oil no pH Formula<\/strong> ir barojo\u0161a, atjaunojo\u0161a e\u013c\u013ca, kas pal\u012bdz \u0101tri atjaunot \u0101das komfortu, maigumu un aizsardz\u012bbu. T\u0101 pal\u012bdz \u0101dai atg\u016bties p\u0113c agres\u012bvas \u0101r\u0113j\u0101s ietekmes, proced\u016br\u0101m un temperat\u016bras sv\u0101rst\u012bb\u0101m, mazina sausumu un savilkuma saj\u016btu, stiprina \u0101das barjeru un padara \u0101du j\u016btami glud\u0101ku.<\/p>\n<p data-start=\"4160\" data-end=\"4342\">Viegl\u0101, z\u012bdain\u0101 tekst\u016bra \u0101tri ies\u016bcas un nep\u0101rslogo \u0101du. Lieliski piem\u0113rota gan lieto\u0161anai atsevi\u0161\u0137i, gan sajauk\u0161anai ar kr\u0113mu, kad \u0101dai nepiecie\u0161ama papildu baro\u0161ana un aizsardz\u012bba.<\/p>\n<p data-start=\"4344\" data-end=\"4386\"><strong data-start=\"4344\" data-end=\"4384\">Galveno akt\u012bvo sast\u0101vda\u013cu iedarb\u012bba:<\/strong><\/p>\n<ul data-start=\"4387\" data-end=\"4763\">\n<li data-start=\"4387\" data-end=\"4500\">\n<p data-start=\"4389\" data-end=\"4500\"><strong data-start=\"4389\" data-end=\"4402\">Skval\u0101ns:<\/strong> uzreiz m\u012bkstina \u0101du, mazina savilkuma saj\u016btu, pal\u012bdz saglab\u0101t mitrumu un stiprina \u0101das barjeru.<\/p>\n<\/li>\n<li data-start=\"4501\" data-end=\"4624\">\n<p data-start=\"4503\" data-end=\"4624\"><strong data-start=\"4503\" data-end=\"4524\">Omega tauksk\u0101bes:<\/strong> atjauno lip\u012bdu sl\u0101ni, mazina sausumu un lob\u012b\u0161anos, aizsarg\u0101 \u0101du no dehidrat\u0101cijas un diskomforta.<\/p>\n<\/li>\n<li data-start=\"4625\" data-end=\"4763\">\n<p data-start=\"4627\" data-end=\"4763\"><strong data-start=\"4627\" data-end=\"4642\">E vitam\u012bns:<\/strong> pastiprina antioksidantu aizsardz\u012bbu un pal\u012bdz \u0101dai \u0101tr\u0101k atjaunoties p\u0113c stresa faktoriem, saglab\u0101jot vesel\u012bgu izskatu.<\/p>\n<\/li>\n<\/ul>\n<p data-start=\"4765\" data-end=\"4881\">Piem\u0113rota sausai, dehidr\u0113tai, jut\u012bgai un boj\u0101tai \u0101dai, k\u0101 ar\u012b lieto\u0161anai p\u0113c proced\u016br\u0101m un aukst\u0101 vai v\u0113jain\u0101 laik\u0101.<\/p>\n<p data-start=\"4883\" data-end=\"4905\"><strong data-start=\"4883\" data-end=\"4895\">Tilpums:<\/strong> <strong data-start=\"4896\" data-end=\"4905\">30 ml<\/strong><\/p>\n","protected":false},"excerpt":{"rendered":"<p data-start=\"5002\" data-end=\"5073\"><span style=\"color: #ff0000;\"><strong data-start=\"5002\" data-end=\"5073\">pH Formula produktu pieg\u0101de ir pieejama tikai Igaunijas teritorij\u0101.<\/strong><\/span><\/p>\n<p data-start=\"5075\" data-end=\"5261\"><span style=\"color: #ff0000;\"><strong data-start=\"5075\" data-end=\"5082\">NB!<\/strong> Produktu iesp\u0113jams ieg\u0101d\u0101ties tikai p\u0113c speci\u0101lista konsult\u0101cijas. Zvaniet +372 58 500 171 vai rakstiet uz <a class=\"decorated-link cursor-pointer\" style=\"color: #ff0000;\" href=\"mailto:info@skinstudio.ee\" rel=\"noopener\" data-start=\"5190\" data-end=\"5208\">info@skinstudio.ee<\/a>. M\u016bsu konsultanti pal\u012bdz\u0113s jums ar \u0161\u012b z\u012bmola ieg\u0101di.<\/span><\/p>\n<p data-start=\"5263\" data-end=\"5284\">Barojo\u0161a kopjo\u0161a e\u013c\u013ca<\/p>\n<h2 data-start=\"5286\" data-end=\"5326\"><strong data-start=\"5286\" data-end=\"5326\">\u012apa\u0161\u012bbas pH Formula &#8211; SOS Rescue Oil<\/strong><\/h2>\n<p data-start=\"5328\" data-end=\"5551\">\u2714\ufe0f \u0100tri nov\u0113r\u0161 sausumu un savilkuma saj\u016btu<br data-start=\"5370\" data-end=\"5373\" \/>\u2714\ufe0f Atjauno \u0101das barjeru un aizsarg\u0101 \u0101du<br data-start=\"5412\" data-end=\"5415\" \/>\u2714\ufe0f M\u012bkstina raupjumu un padara \u0101du gludu<br data-start=\"5455\" data-end=\"5458\" \/>\u2714\ufe0f Nomierina stresa skartu un reakt\u012bvu \u0101du<br data-start=\"5500\" data-end=\"5503\" \/>\u2714\ufe0f Ide\u0101li p\u0113c proced\u016br\u0101m un aukst\u0101\/v\u0113jain\u0101 laik\u0101<\/p>\n","protected":false},"featured_media":64854,"template":"","meta":[],"pwb-brand":[778],"product_brand":[],"product_cat":[737,653,739],"product_tag":[],"giftcard-category":[],"class_list":{"0":"post-77803","1":"product","2":"type-product","3":"status-publish","4":"has-post-thumbnail","6":"pwb-brand-ph-formula","7":"product_cat-mitrinasana","8":"product_cat-ph-formula-lv","9":"product_cat-sausai-adai","11":"first","12":"instock","13":"taxable","14":"shipping-taxable","15":"purchasable","16":"product-type-simple"},"acf":[],"brands":[{"id":778,"name":"pH Formula","slug":"ph-formula"}],"_links":{"self":[{"href":"https:\/\/skinstudio.ee\/lv\/wp-json\/wp\/v2\/product\/77803","targetHints":{"allow":["GET"]}}],"collection":[{"href":"https:\/\/skinstudio.ee\/lv\/wp-json\/wp\/v2\/product"}],"about":[{"href":"https:\/\/skinstudio.ee\/lv\/wp-json\/wp\/v2\/types\/product"}],"version-history":[{"count":1,"href":"https:\/\/skinstudio.ee\/lv\/wp-json\/wp\/v2\/product\/77803\/revisions"}],"predecessor-version":[{"id":77804,"href":"https:\/\/skinstudio.ee\/lv\/wp-json\/wp\/v2\/product\/77803\/revisions\/77804"}],"wp:featuredmedia":[{"embeddable":true,"href":"https:\/\/skinstudio.ee\/lv\/wp-json\/wp\/v2\/media\/64854"}],"wp:attachment":[{"href":"https:\/\/skinstudio.ee\/lv\/wp-json\/wp\/v2\/media?parent=77803"}],"wp:term":[{"taxonomy":"pwb-brand","embeddable":true,"href":"https:\/\/skinstudio.ee\/lv\/wp-json\/wp\/v2\/pwb-brand?post=77803"},{"taxonomy":"product_brand","embeddable":true,"href":"https:\/\/skinstudio.ee\/lv\/wp-json\/wp\/v2\/product_brand?post=77803"},{"taxonomy":"product_cat","embeddable":true,"href":"https:\/\/skinstudio.ee\/lv\/wp-json\/wp\/v2\/product_cat?post=77803"},{"taxonomy":"product_tag","embeddable":true,"href":"https:\/\/skinstudio.ee\/lv\/wp-json\/wp\/v2\/product_tag?post=77803"},{"taxonomy":"giftcard-category","embeddable":true,"href":"https:\/\/skinstudio.ee\/lv\/wp-json\/wp\/v2\/giftcard-category?post=77803"}],"curies":[{"name":"wp","href":"https:\/\/api.w.org\/{rel}","templated":true}]}}