{"id":77810,"date":"2025-07-04T10:09:27","date_gmt":"2025-07-04T10:09:27","guid":{"rendered":"https:\/\/skinstudio.ee\/?post_type=product&#038;p=77810"},"modified":"2026-02-25T12:12:33","modified_gmt":"2026-02-25T12:12:33","slug":"p-o-s-t-recovery-cream","status":"publish","type":"product","link":"https:\/\/skinstudio.ee\/lv\/catalog\/ph-formula\/p-o-s-t-recovery-cream\/","title":{"rendered":"P.O.S.T. Recovery Cream"},"content":{"rendered":"<p data-start=\"4091\" data-end=\"4441\"><strong data-start=\"4091\" data-end=\"4132\">P.O.S.T. Recovery Cream no pH Formula<\/strong> ir intens\u012bvs atjaunojo\u0161s kr\u0113ms, kas rad\u012bts \u012bpa\u0161i \u0101das kop\u0161anai p\u0113c profesion\u0101l\u0101m proced\u016br\u0101m, piem\u0113ram, \u0137\u012bmiskajiem p\u012blingiem, l\u0101zerproced\u016br\u0101m un mikrodermabr\u0101zijas. Tas pal\u012bdz \u0101dai \u0101tr\u0101k atg\u016bt komforta saj\u016btu, mazina reaktivit\u0101ti, dedzin\u0101\u0161anas saj\u016btu un savilkumu, k\u0101 ar\u012b atbalsta \u0101das barjeras atjauno\u0161anos.<\/p>\n<p data-start=\"4443\" data-end=\"4636\">Kr\u0113ms darbojas ne tikai komforta l\u012bmen\u012b, bet ar\u012b uzlabo \u0101das kvalit\u0101ti: palielina elast\u012bbu, izl\u012bdzina \u0101das toni un pal\u012bdz \u0101dai atjauno\u0161an\u0101s period\u0101 izskat\u012bties mier\u012bg\u0101kai, glud\u0101kai un kopt\u0101kai.<\/p>\n<p data-start=\"4638\" data-end=\"4680\"><strong data-start=\"4638\" data-end=\"4678\">Galveno akt\u012bvo sast\u0101vda\u013cu iedarb\u012bba:<\/strong><\/p>\n<ul data-start=\"4681\" data-end=\"5056\">\n<li data-start=\"4681\" data-end=\"4813\">\n<p data-start=\"4683\" data-end=\"4813\"><strong data-start=\"4683\" data-end=\"4701\">Hialuronsk\u0101be:<\/strong> intens\u012bvi mitrina \u0101du, nov\u0113r\u0161 savilkuma saj\u016btu un pal\u012bdz atjaunot komfortu jau no pirmaj\u0101m lieto\u0161anas reiz\u0113m.<\/p>\n<\/li>\n<li data-start=\"4814\" data-end=\"4940\">\n<p data-start=\"4816\" data-end=\"4940\"><strong data-start=\"4816\" data-end=\"4832\">Niacinam\u012bds:<\/strong> samazina \u0101das reaktivit\u0101ti, pal\u012bdz izl\u012bdzin\u0101t toni, stiprina \u0101das barjeru un uzlabo kop\u0113jo \u0101das st\u0101vokli.<\/p>\n<\/li>\n<li data-start=\"4941\" data-end=\"5056\">\n<p data-start=\"4943\" data-end=\"5056\"><strong data-start=\"4943\" data-end=\"4964\">Glicirret\u012bnsk\u0101be:<\/strong> izteikti nomierina \u0101du, samazina aps\u0101rtumu un pal\u012bdz \u0101dai \u0101tr\u0101k atjaunoties p\u0113c proced\u016br\u0101m.<\/p>\n<\/li>\n<\/ul>\n<p data-start=\"5058\" data-end=\"5144\">Piem\u0113rots visiem \u0101das tipiem, \u012bpa\u0161i jut\u012bgai, kairin\u0101tai un p\u0113c proced\u016br\u0101m eso\u0161ai \u0101dai.<\/p>\n<p data-start=\"5146\" data-end=\"5177\"><strong data-start=\"5146\" data-end=\"5158\">Tilpums:<\/strong> 10 ml \/ 50 ml \/ 100 ml<strong>\u00a0<\/strong><\/p>\n","protected":false},"excerpt":{"rendered":"<p data-start=\"5331\" data-end=\"5402\"><span style=\"color: #ff0000;\"><strong data-start=\"5331\" data-end=\"5402\">pH Formula produktu pieg\u0101de ir pieejama tikai Igaunijas teritorij\u0101.<\/strong><\/span><\/p>\n<p data-start=\"5404\" data-end=\"5590\"><span style=\"color: #ff0000;\"><strong data-start=\"5404\" data-end=\"5411\">NB!<\/strong> Produktu iesp\u0113jams ieg\u0101d\u0101ties tikai p\u0113c speci\u0101lista konsult\u0101cijas. Zvaniet +372 58 500 171 vai rakstiet uz <a class=\"decorated-link cursor-pointer\" style=\"color: #ff0000;\" href=\"mailto:info@skinstudio.ee\" rel=\"noopener\" data-start=\"5519\" data-end=\"5537\">info@skinstudio.ee<\/a>. M\u016bsu konsultanti pal\u012bdz\u0113s jums ar \u0161\u012b z\u012bmola ieg\u0101di.<\/span><\/p>\n<p data-start=\"5592\" data-end=\"5619\">Intens\u012bvs atjaunojo\u0161s kr\u0113ms<\/p>\n<h2 data-start=\"5621\" data-end=\"5670\"><strong data-start=\"5621\" data-end=\"5670\">\u012apa\u0161\u012bbas pH Formula &#8211; P.O.S.T. Recovery Cream<\/strong><\/h2>\n<p data-start=\"5672\" data-end=\"5912\">\u2714\ufe0f \u0100tri mazina aps\u0101rtumu un dedzin\u0101\u0161anas saj\u016btu<br data-start=\"5719\" data-end=\"5722\" \/>\u2714\ufe0f Pa\u0101trina \u0101das atjauno\u0161anos p\u0113c proced\u016br\u0101m<br data-start=\"5766\" data-end=\"5769\" \/>\u2714\ufe0f Stiprina \u0101das barjeru un samazina jut\u012bgumu<br data-start=\"5814\" data-end=\"5817\" \/>\u2714\ufe0f Dzi\u013ci mitrina un nov\u0113r\u0161 savilkuma saj\u016btu<br data-start=\"5860\" data-end=\"5863\" \/>\u2714\ufe0f Padara \u0101du mier\u012bg\u0101ku, glud\u0101ku un komfortabl\u0101ku<\/p>\n","protected":false},"featured_media":64860,"template":"","meta":[],"pwb-brand":[778],"product_brand":[],"product_cat":[745,737,653,747,753],"product_tag":[],"giftcard-category":[],"class_list":{"0":"post-77810","1":"product","2":"type-product","3":"status-publish","4":"has-post-thumbnail","6":"pwb-brand-ph-formula","7":"product_cat-jutigai-adai","8":"product_cat-mitrinasana","9":"product_cat-ph-formula-lv","10":"product_cat-taukainai-adai","11":"product_cat-travel-size-lv","12":"pa_suurus-100ml-lv","13":"pa_suurus-10ml-lv","14":"pa_suurus-50ml-lv","16":"first","17":"instock","18":"taxable","19":"shipping-taxable","20":"purchasable","21":"product-type-variable"},"acf":[],"brands":[{"id":778,"name":"pH Formula","slug":"ph-formula"}],"_links":{"self":[{"href":"https:\/\/skinstudio.ee\/lv\/wp-json\/wp\/v2\/product\/77810","targetHints":{"allow":["GET"]}}],"collection":[{"href":"https:\/\/skinstudio.ee\/lv\/wp-json\/wp\/v2\/product"}],"about":[{"href":"https:\/\/skinstudio.ee\/lv\/wp-json\/wp\/v2\/types\/product"}],"version-history":[{"count":2,"href":"https:\/\/skinstudio.ee\/lv\/wp-json\/wp\/v2\/product\/77810\/revisions"}],"predecessor-version":[{"id":83687,"href":"https:\/\/skinstudio.ee\/lv\/wp-json\/wp\/v2\/product\/77810\/revisions\/83687"}],"wp:featuredmedia":[{"embeddable":true,"href":"https:\/\/skinstudio.ee\/lv\/wp-json\/wp\/v2\/media\/64860"}],"wp:attachment":[{"href":"https:\/\/skinstudio.ee\/lv\/wp-json\/wp\/v2\/media?parent=77810"}],"wp:term":[{"taxonomy":"pwb-brand","embeddable":true,"href":"https:\/\/skinstudio.ee\/lv\/wp-json\/wp\/v2\/pwb-brand?post=77810"},{"taxonomy":"product_brand","embeddable":true,"href":"https:\/\/skinstudio.ee\/lv\/wp-json\/wp\/v2\/product_brand?post=77810"},{"taxonomy":"product_cat","embeddable":true,"href":"https:\/\/skinstudio.ee\/lv\/wp-json\/wp\/v2\/product_cat?post=77810"},{"taxonomy":"product_tag","embeddable":true,"href":"https:\/\/skinstudio.ee\/lv\/wp-json\/wp\/v2\/product_tag?post=77810"},{"taxonomy":"giftcard-category","embeddable":true,"href":"https:\/\/skinstudio.ee\/lv\/wp-json\/wp\/v2\/giftcard-category?post=77810"}],"curies":[{"name":"wp","href":"https:\/\/api.w.org\/{rel}","templated":true}]}}