{"id":77822,"date":"2025-05-07T08:35:20","date_gmt":"2025-05-07T08:35:20","guid":{"rendered":"https:\/\/skinstudio.ee\/?post_type=product&#038;p=77822"},"modified":"2026-02-13T15:28:07","modified_gmt":"2026-02-13T15:28:07","slug":"c-c-cream-spf30","status":"publish","type":"product","link":"https:\/\/skinstudio.ee\/lv\/catalog\/ph-formula\/c-c-cream-spf30\/","title":{"rendered":"C.C. Cream SPF30"},"content":{"rendered":"<p data-start=\"5324\" data-end=\"5692\"><strong data-start=\"5324\" data-end=\"5369\">C.C. Cream SPF30 (Medium) no pH Formula<\/strong> ir daudzfunkcion\u0101ls ton\u0113jo\u0161s korekt\u012bvs kr\u0113ms ar augstu saules aizsardz\u012bbu, kas paredz\u0113ts \u0101dai atjauno\u0161an\u0101s period\u0101 un paaugstin\u0101tas jut\u012bbas gad\u012bjum\u0101. Tas pal\u012bdz izl\u012bdzin\u0101t \u0101das toni, mask\u0113t aps\u0101rtumu un nepiln\u012bbas, vienlaikus aizsarg\u0101jot \u0101du no UVA un UVB starojuma, kas pa\u0101trina \u0101das noveco\u0161anos un pal\u0113nina atjauno\u0161anos.<\/p>\n<p data-start=\"5694\" data-end=\"5997\">Kr\u0113ms ir ide\u0101li piem\u0113rots lieto\u0161anai p\u0113c profesion\u0101l\u0101m proced\u016br\u0101m, tostarp viegliem un vid\u0113jiem \u0137\u012bmiskajiem p\u012blingiem, l\u0101zerproced\u016br\u0101m, IPL un l\u0101zerepil\u0101cijas. Tas atbalsta \u0101du atjauno\u0161an\u0101s laik\u0101, pal\u012bdz saglab\u0101t komfortu, samazina aps\u0101rtumu un aizsarg\u0101 proced\u016bru rezult\u0101tus no saules kait\u012bg\u0101s ietekmes.<\/p>\n<p data-start=\"5999\" data-end=\"6041\"><strong data-start=\"5999\" data-end=\"6039\">Galveno akt\u012bvo sast\u0101vda\u013cu iedarb\u012bba:<\/strong><\/p>\n<ul data-start=\"6042\" data-end=\"6466\">\n<li data-start=\"6042\" data-end=\"6195\">\n<p data-start=\"6044\" data-end=\"6195\"><strong data-start=\"6044\" data-end=\"6063\">UVA\/UVB filtri:<\/strong> nodro\u0161ina uzticamu ikdienas aizsardz\u012bbu pret fotonoveco\u0161anos un pal\u012bdz nov\u0113rst pigment\u0101ciju un \u0101das boj\u0101jumus atjauno\u0161an\u0101s laik\u0101.<\/p>\n<\/li>\n<li data-start=\"6196\" data-end=\"6327\">\n<p data-start=\"6198\" data-end=\"6327\"><strong data-start=\"6198\" data-end=\"6241\">Niacinam\u012bds un nomierino\u0161ie komponenti:<\/strong> pal\u012bdz mazin\u0101t aps\u0101rtumu, nomierina reakt\u012bvu \u0101du un veicina vienm\u0113r\u012bg\u0101ku \u0101das toni.<\/p>\n<\/li>\n<li data-start=\"6328\" data-end=\"6466\">\n<p data-start=\"6330\" data-end=\"6466\"><strong data-start=\"6330\" data-end=\"6356\">Mitrino\u0161ais komplekss:<\/strong> uztur optim\u0101lu mitruma l\u012bmeni, nov\u0113r\u0161 savilkuma saj\u016btu un pal\u012bdz \u0101dai izskat\u012bties glud\u0101kai un komfortabl\u0101kai.<\/p>\n<\/li>\n<\/ul>\n<p data-start=\"6468\" data-end=\"6535\">Piem\u0113rots visiem \u0101das tipiem, \u012bpa\u0161i p\u0113c proced\u016br\u0101m un jut\u012bgai \u0101dai.<\/p>\n<p data-start=\"6537\" data-end=\"6559\"><strong data-start=\"6537\" data-end=\"6549\">Tilpums:<\/strong> <strong data-start=\"6550\" data-end=\"6559\">50 ml<\/strong><\/p>\n","protected":false},"excerpt":{"rendered":"<p data-start=\"7232\" data-end=\"7303\"><span style=\"color: #ff0000;\"><strong data-start=\"7232\" data-end=\"7303\">pH Formula produktu pieg\u0101de ir pieejama tikai Igaunijas teritorij\u0101.<\/strong><\/span><\/p>\n<p data-start=\"7305\" data-end=\"7491\"><span style=\"color: #ff0000;\"><strong data-start=\"7305\" data-end=\"7312\">NB!<\/strong> Produktu iesp\u0113jams ieg\u0101d\u0101ties tikai p\u0113c speci\u0101lista konsult\u0101cijas. Zvaniet +372 58 500 171 vai rakstiet uz <a class=\"decorated-link cursor-pointer\" style=\"color: #ff0000;\" href=\"mailto:info@skinstudio.ee\" rel=\"noopener\" data-start=\"7420\" data-end=\"7438\">info@skinstudio.ee<\/a>. M\u016bsu konsultanti pal\u012bdz\u0113s jums ar \u0161\u012b z\u012bmola ieg\u0101di.<\/span><\/p>\n<p data-start=\"7493\" data-end=\"7531\">Ton\u0113jo\u0161s korekt\u012bvs \u016bdensiztur\u012bgs kr\u0113ms<\/p>\n<h2 data-start=\"7533\" data-end=\"7577\"><strong data-start=\"7533\" data-end=\"7577\">\u012apa\u0161\u012bbas pH Formula &#8211; C.C. Cream SPF30<\/strong><\/h2>\n<p data-start=\"7579\" data-end=\"7824\">\u2714\ufe0f Izl\u012bdzina \u0101das toni un mask\u0113 aps\u0101rtumu un nepiln\u012bbas<br data-start=\"7634\" data-end=\"7637\" \/>\u2714\ufe0f Nodro\u0161ina uzticamu UVA un UVB aizsardz\u012bbu<br data-start=\"7681\" data-end=\"7684\" \/>\u2714\ufe0f Ide\u0101li piem\u0113rots p\u0113c p\u012blingiem un proced\u016br\u0101m<br data-start=\"7731\" data-end=\"7734\" \/>\u2714\ufe0f Nomierina \u0101du un samazina reaktivit\u0101ti<br data-start=\"7775\" data-end=\"7778\" \/>\u2714\ufe0f Saglab\u0101 komfortu, mitrumu un \u0101das barjeru<\/p>\n","protected":false},"featured_media":64865,"template":"","meta":[],"pwb-brand":[778],"product_brand":[],"product_cat":[770,653,731],"product_tag":[],"giftcard-category":[],"class_list":{"0":"post-77822","1":"product","2":"type-product","3":"status-publish","4":"has-post-thumbnail","6":"pwb-brand-ph-formula","7":"product_cat-grims","8":"product_cat-ph-formula-lv","9":"product_cat-spf-aizsardziba","10":"pa_suurus-dark-lv","11":"pa_suurus-light-lv","12":"pa_suurus-light-medium-lv","13":"pa_suurus-medium-lv","15":"first","16":"instock","17":"sale","18":"taxable","19":"shipping-taxable","20":"purchasable","21":"product-type-variable"},"acf":[],"brands":[{"id":778,"name":"pH Formula","slug":"ph-formula"}],"_links":{"self":[{"href":"https:\/\/skinstudio.ee\/lv\/wp-json\/wp\/v2\/product\/77822","targetHints":{"allow":["GET"]}}],"collection":[{"href":"https:\/\/skinstudio.ee\/lv\/wp-json\/wp\/v2\/product"}],"about":[{"href":"https:\/\/skinstudio.ee\/lv\/wp-json\/wp\/v2\/types\/product"}],"version-history":[{"count":1,"href":"https:\/\/skinstudio.ee\/lv\/wp-json\/wp\/v2\/product\/77822\/revisions"}],"predecessor-version":[{"id":77827,"href":"https:\/\/skinstudio.ee\/lv\/wp-json\/wp\/v2\/product\/77822\/revisions\/77827"}],"wp:featuredmedia":[{"embeddable":true,"href":"https:\/\/skinstudio.ee\/lv\/wp-json\/wp\/v2\/media\/64865"}],"wp:attachment":[{"href":"https:\/\/skinstudio.ee\/lv\/wp-json\/wp\/v2\/media?parent=77822"}],"wp:term":[{"taxonomy":"pwb-brand","embeddable":true,"href":"https:\/\/skinstudio.ee\/lv\/wp-json\/wp\/v2\/pwb-brand?post=77822"},{"taxonomy":"product_brand","embeddable":true,"href":"https:\/\/skinstudio.ee\/lv\/wp-json\/wp\/v2\/product_brand?post=77822"},{"taxonomy":"product_cat","embeddable":true,"href":"https:\/\/skinstudio.ee\/lv\/wp-json\/wp\/v2\/product_cat?post=77822"},{"taxonomy":"product_tag","embeddable":true,"href":"https:\/\/skinstudio.ee\/lv\/wp-json\/wp\/v2\/product_tag?post=77822"},{"taxonomy":"giftcard-category","embeddable":true,"href":"https:\/\/skinstudio.ee\/lv\/wp-json\/wp\/v2\/giftcard-category?post=77822"}],"curies":[{"name":"wp","href":"https:\/\/api.w.org\/{rel}","templated":true}]}}