{"id":77837,"date":"2025-04-11T14:15:17","date_gmt":"2025-04-11T14:15:17","guid":{"rendered":"https:\/\/skinstudio.ee\/?post_type=product&#038;p=77837"},"modified":"2026-02-13T15:28:28","modified_gmt":"2026-02-13T15:28:28","slug":"u-v-protect-spf-30","status":"publish","type":"product","link":"https:\/\/skinstudio.ee\/lv\/catalog\/ph-formula\/u-v-protect-spf-30\/","title":{"rendered":"U.V. Protect SPF 30"},"content":{"rendered":"<p data-start=\"5161\" data-end=\"5467\"><strong data-start=\"5161\" data-end=\"5198\">U.V. Protect SPF 30 no pH Formula<\/strong> ir pla\u0161a spektra saules aizsargkr\u0113ms, kas nodro\u0161ina augstu aizsardz\u012bbu pret UVA un UVB starojumu \u0101das paaugstin\u0101tas jut\u012bbas un atjauno\u0161an\u0101s period\u0101. Produkts pal\u012bdz aizsarg\u0101t \u0101du no fotoboj\u0101jumiem, saglab\u0101 komfortu un uztur \u0101du mitrin\u0101tu un mat\u0113tu visas dienas garum\u0101.<\/p>\n<p data-start=\"5469\" data-end=\"5712\">Formula ir izstr\u0101d\u0101ta, lai atbilstu \u0101das vajadz\u012bb\u0101m p\u0113c proced\u016br\u0101m un akt\u012bvas saules iedarb\u012bbas laik\u0101. Kr\u0113ms pal\u012bdz samazin\u0101t aps\u0101rtuma un kairin\u0101juma risku, atbalsta \u0101das elast\u012bbu un pal\u012bdz atjaunot optim\u0101lu mitruma l\u012bmeni, nep\u0101rslogojot \u0101du.<\/p>\n<p data-start=\"5714\" data-end=\"5756\"><strong data-start=\"5714\" data-end=\"5754\">Galveno akt\u012bvo sast\u0101vda\u013cu iedarb\u012bba:<\/strong><\/p>\n<ul data-start=\"5757\" data-end=\"6176\">\n<li data-start=\"5757\" data-end=\"5884\">\n<p data-start=\"5759\" data-end=\"5884\"><strong data-start=\"5759\" data-end=\"5792\">Pla\u0161a spektra UVA\/UVB filtri:<\/strong> nodro\u0161ina uzticamu fotoprotekciju un pal\u012bdz nov\u0113rst \u0101das un DNS boj\u0101jumus saules ietekm\u0113.<\/p>\n<\/li>\n<li data-start=\"5885\" data-end=\"6044\">\n<p data-start=\"5887\" data-end=\"6044\"><strong data-start=\"5887\" data-end=\"5906\">Me\u017eroz\u012b\u0161u e\u013c\u013ca:<\/strong> bag\u0101ta ar antioksidantiem un neaizvietojam\u0101m tauksk\u0101b\u0113m, atbalsta \u0101das elast\u012bbu, pal\u012bdz mazin\u0101t aps\u0101rtumu un veicina \u0101das atjauno\u0161anos.<\/p>\n<\/li>\n<li data-start=\"6045\" data-end=\"6176\">\n<p data-start=\"6047\" data-end=\"6176\"><strong data-start=\"6047\" data-end=\"6093\">Bisabolols un hidroliz\u0113ts kvie\u0161u prote\u012bns:<\/strong> nomierina \u0101du, pal\u012bdz mazin\u0101t kairin\u0101jumu un veido aizsargk\u0101rtu papildu komfortam.<\/p>\n<\/li>\n<\/ul>\n<p data-start=\"6178\" data-end=\"6274\">Piem\u0113rots visiem \u0101das tipiem, \u012bpa\u0161i atjauno\u0161an\u0101s period\u0101, p\u0113c proced\u016br\u0101m un saules jut\u012bgai \u0101dai.<\/p>\n<p data-start=\"6276\" data-end=\"6298\"><strong data-start=\"6276\" data-end=\"6288\">Tilpums:<\/strong> <strong data-start=\"6289\" data-end=\"6298\">50 ml<\/strong><\/p>\n","protected":false},"excerpt":{"rendered":"<p data-start=\"7018\" data-end=\"7089\"><span style=\"color: #ff0000;\"><strong data-start=\"7018\" data-end=\"7089\">pH Formula produktu pieg\u0101de ir pieejama tikai Igaunijas teritorij\u0101.<\/strong><\/span><\/p>\n<p data-start=\"7091\" data-end=\"7277\"><span style=\"color: #ff0000;\"><strong data-start=\"7091\" data-end=\"7098\">NB!<\/strong> Produktu iesp\u0113jams ieg\u0101d\u0101ties tikai p\u0113c speci\u0101lista konsult\u0101cijas. Zvaniet +372 58 500 171 vai rakstiet uz <a class=\"decorated-link cursor-pointer\" style=\"color: #ff0000;\" href=\"mailto:info@skinstudio.ee\" rel=\"noopener\" data-start=\"7206\" data-end=\"7224\">info@skinstudio.ee<\/a>. M\u016bsu konsultanti pal\u012bdz\u0113s jums ar \u0161\u012b z\u012bmola ieg\u0101di.<\/span><\/p>\n<p data-start=\"7279\" data-end=\"7312\">Pla\u0161a spektra saules aizsargkr\u0113ms<\/p>\n<h2 data-start=\"7314\" data-end=\"7359\"><strong data-start=\"7314\" data-end=\"7359\">\u012apa\u0161\u012bbas pH Formula &#8211; U.V. Protect SPF 30<\/strong><\/h2>\n<p data-start=\"7361\" data-end=\"7636\">\u2714\ufe0f Nodro\u0161ina augstu aizsardz\u012bbu pret UVA un UVB starojumu<br data-start=\"7418\" data-end=\"7421\" \/>\u2714\ufe0f Pal\u012bdz nov\u0113rst fotoboj\u0101jumus un \u0101das stresu<br data-start=\"7467\" data-end=\"7470\" \/>\u2714\ufe0f Nomierina \u0101du un samazina aps\u0101rtuma risku<br data-start=\"7514\" data-end=\"7517\" \/>\u2714\ufe0f Atbalsta \u0101das elast\u012bbu un optim\u0101lu mitruma l\u012bmeni<br data-start=\"7569\" data-end=\"7572\" \/>\u2714\ufe0f Piem\u0113rots lieto\u0161anai atjauno\u0161an\u0101s period\u0101 un p\u0113c proced\u016br\u0101m<\/p>\n","protected":false},"featured_media":64870,"template":"","meta":[],"pwb-brand":[778],"product_brand":[],"product_cat":[653,731],"product_tag":[],"giftcard-category":[],"class_list":{"0":"post-77837","1":"product","2":"type-product","3":"status-publish","4":"has-post-thumbnail","6":"pwb-brand-ph-formula","7":"product_cat-ph-formula-lv","8":"product_cat-spf-aizsardziba","10":"first","11":"instock","12":"sale","13":"taxable","14":"shipping-taxable","15":"purchasable","16":"product-type-simple"},"acf":[],"brands":[{"id":778,"name":"pH Formula","slug":"ph-formula"}],"_links":{"self":[{"href":"https:\/\/skinstudio.ee\/lv\/wp-json\/wp\/v2\/product\/77837","targetHints":{"allow":["GET"]}}],"collection":[{"href":"https:\/\/skinstudio.ee\/lv\/wp-json\/wp\/v2\/product"}],"about":[{"href":"https:\/\/skinstudio.ee\/lv\/wp-json\/wp\/v2\/types\/product"}],"version-history":[{"count":1,"href":"https:\/\/skinstudio.ee\/lv\/wp-json\/wp\/v2\/product\/77837\/revisions"}],"predecessor-version":[{"id":77838,"href":"https:\/\/skinstudio.ee\/lv\/wp-json\/wp\/v2\/product\/77837\/revisions\/77838"}],"wp:featuredmedia":[{"embeddable":true,"href":"https:\/\/skinstudio.ee\/lv\/wp-json\/wp\/v2\/media\/64870"}],"wp:attachment":[{"href":"https:\/\/skinstudio.ee\/lv\/wp-json\/wp\/v2\/media?parent=77837"}],"wp:term":[{"taxonomy":"pwb-brand","embeddable":true,"href":"https:\/\/skinstudio.ee\/lv\/wp-json\/wp\/v2\/pwb-brand?post=77837"},{"taxonomy":"product_brand","embeddable":true,"href":"https:\/\/skinstudio.ee\/lv\/wp-json\/wp\/v2\/product_brand?post=77837"},{"taxonomy":"product_cat","embeddable":true,"href":"https:\/\/skinstudio.ee\/lv\/wp-json\/wp\/v2\/product_cat?post=77837"},{"taxonomy":"product_tag","embeddable":true,"href":"https:\/\/skinstudio.ee\/lv\/wp-json\/wp\/v2\/product_tag?post=77837"},{"taxonomy":"giftcard-category","embeddable":true,"href":"https:\/\/skinstudio.ee\/lv\/wp-json\/wp\/v2\/giftcard-category?post=77837"}],"curies":[{"name":"wp","href":"https:\/\/api.w.org\/{rel}","templated":true}]}}