{"id":77844,"date":"2025-04-11T13:55:13","date_gmt":"2025-04-11T13:55:13","guid":{"rendered":"https:\/\/skinstudio.ee\/?post_type=product&#038;p=77844"},"modified":"2026-02-13T15:28:08","modified_gmt":"2026-02-13T15:28:08","slug":"compact-foundation-spf-50","status":"publish","type":"product","link":"https:\/\/skinstudio.ee\/lv\/catalog\/ph-formula\/compact-foundation-spf-50\/","title":{"rendered":"Compact Foundation SPF 50"},"content":{"rendered":"<p data-start=\"4276\" data-end=\"4587\"><strong data-start=\"4276\" data-end=\"4319\">Compact Foundation SPF 50 no pH Formula<\/strong> ir kompakts ton\u0101lais p\u016bderis ar augstu saules aizsardz\u012bbu, kas apvieno \u0101das to\u0146a izl\u012bdzin\u0101\u0161anu, dabisku p\u0101rkl\u0101jumu un uzticamu aizsardz\u012bbu pret sauli. Viegl\u0101 kr\u0113m\u012bg\u0101 tekst\u016bra vienm\u0113r\u012bgi kl\u0101jas uz \u0101das, piel\u0101gojas t\u0101s tonim, nerada maskas efektu un neaizsprosto poras.<\/p>\n<p data-start=\"4589\" data-end=\"4810\">Produkts nodro\u0161ina notur\u012bgu p\u0101rkl\u0101jumu visas dienas garum\u0101, vizu\u0101li izl\u012bdzina \u0101das toni un padara \u0101du kopt\u0101ku. Pla\u0161a spektra SPF 50 aizsarg\u0101 \u0101du no UVA un UVB starojuma, saglab\u0101jot komfortu pat ilgsto\u0161as lieto\u0161anas laik\u0101.<\/p>\n<p data-start=\"4812\" data-end=\"4854\"><strong data-start=\"4812\" data-end=\"4852\">Galveno akt\u012bvo sast\u0101vda\u013cu iedarb\u012bba:<\/strong><\/p>\n<ul data-start=\"4855\" data-end=\"5218\">\n<li data-start=\"4855\" data-end=\"4971\">\n<p data-start=\"4857\" data-end=\"4971\"><strong data-start=\"4857\" data-end=\"4890\">Pla\u0161a spektra UVA\/UVB filtri:<\/strong> nodro\u0161ina augstu aizsardz\u012bbu pret fotonoveco\u0161anos un saules kait\u012bgo iedarb\u012bbu.<\/p>\n<\/li>\n<li data-start=\"4972\" data-end=\"5086\">\n<p data-start=\"4974\" data-end=\"5086\"><strong data-start=\"4974\" data-end=\"5004\">Palmitoilhek\u00adsapept\u012bds-12:<\/strong> atbalsta \u0101das elast\u012bbu, pal\u012bdz vizu\u0101li izl\u012bdzin\u0101t \u0101du un stiprina \u0101das barjeru.<\/p>\n<\/li>\n<li data-start=\"5087\" data-end=\"5218\">\n<p data-start=\"5089\" data-end=\"5218\"><strong data-start=\"5089\" data-end=\"5104\">E vitam\u012bns:<\/strong> nodro\u0161ina antioksidantu aizsardz\u012bbu, pal\u012bdz \u0101dai pretoties apk\u0101rt\u0113j\u0101s vides ietekmei un uztur vesel\u012bg\u0101ku izskatu.<\/p>\n<\/li>\n<\/ul>\n<p data-start=\"5220\" data-end=\"5346\">Piem\u0113rots visiem \u0101das tipiem, \u012bpa\u0161i \u0101dai, kurai nepiecie\u0161ams vienm\u0113r\u012bgs tonis, saules aizsardz\u012bba un \u0113rts ikdienas p\u0101rkl\u0101jums.<\/p>\n<p data-start=\"5348\" data-end=\"5369\"><strong data-start=\"5348\" data-end=\"5360\">Tilpums:<\/strong> <strong data-start=\"5361\" data-end=\"5369\">10 g<\/strong><\/p>\n","protected":false},"excerpt":{"rendered":"<p data-start=\"5653\" data-end=\"5724\"><span style=\"color: #ff0000;\"><strong data-start=\"5653\" data-end=\"5724\">pH Formula produktu pieg\u0101de ir pieejama tikai Igaunijas teritorij\u0101.<\/strong><\/span><\/p>\n<p data-start=\"5726\" data-end=\"5912\"><span style=\"color: #ff0000;\"><strong data-start=\"5726\" data-end=\"5733\">NB!<\/strong> Produktu iesp\u0113jams ieg\u0101d\u0101ties tikai p\u0113c speci\u0101lista konsult\u0101cijas. Zvaniet +372 58 500 171 vai rakstiet uz <a class=\"decorated-link cursor-pointer\" style=\"color: #ff0000;\" href=\"mailto:info@skinstudio.ee\" rel=\"noopener\" data-start=\"5841\" data-end=\"5859\">info@skinstudio.ee<\/a>. M\u016bsu konsultanti pal\u012bdz\u0113s jums ar \u0161\u012b z\u012bmola ieg\u0101di.<\/span><\/p>\n<p data-start=\"5914\" data-end=\"5946\">Kompakts ton\u0101lais p\u016bderis ar SPF<\/p>\n<h2 data-start=\"5948\" data-end=\"5999\"><strong data-start=\"5948\" data-end=\"5999\">\u012apa\u0161\u012bbas pH Formula &#8211; Compact Foundation SPF 50<\/strong><\/h2>\n<p data-start=\"6001\" data-end=\"6215\">\u2714\ufe0f Izl\u012bdzina \u0101das toni un uzlabo kop\u0113jo izskatu<br data-start=\"6048\" data-end=\"6051\" \/>\u2714\ufe0f Nodro\u0161ina augstu UVA un UVB aizsardz\u012bbu<br data-start=\"6093\" data-end=\"6096\" \/>\u2714\ufe0f Mask\u0113 nepiln\u012bbas un nevienm\u0113r\u012bbas<br data-start=\"6132\" data-end=\"6135\" \/>\u2714\ufe0f Neaizsprosto poras un nepadara \u0101du smagu<br data-start=\"6178\" data-end=\"6181\" \/>\u2714\ufe0f Piem\u0113rots ikdienas lieto\u0161anai<\/p>\n","protected":false},"featured_media":64875,"template":"","meta":[],"pwb-brand":[778],"product_brand":[],"product_cat":[770,653,731],"product_tag":[],"giftcard-category":[],"class_list":{"0":"post-77844","1":"product","2":"type-product","3":"status-publish","4":"has-post-thumbnail","6":"pwb-brand-ph-formula","7":"product_cat-grims","8":"product_cat-ph-formula-lv","9":"product_cat-spf-aizsardziba","10":"pa_suurus-light-lv","11":"pa_suurus-medium-lv","13":"first","14":"instock","15":"sale","16":"taxable","17":"shipping-taxable","18":"purchasable","19":"product-type-variable"},"acf":[],"brands":[{"id":778,"name":"pH Formula","slug":"ph-formula"}],"_links":{"self":[{"href":"https:\/\/skinstudio.ee\/lv\/wp-json\/wp\/v2\/product\/77844","targetHints":{"allow":["GET"]}}],"collection":[{"href":"https:\/\/skinstudio.ee\/lv\/wp-json\/wp\/v2\/product"}],"about":[{"href":"https:\/\/skinstudio.ee\/lv\/wp-json\/wp\/v2\/types\/product"}],"version-history":[{"count":1,"href":"https:\/\/skinstudio.ee\/lv\/wp-json\/wp\/v2\/product\/77844\/revisions"}],"predecessor-version":[{"id":77847,"href":"https:\/\/skinstudio.ee\/lv\/wp-json\/wp\/v2\/product\/77844\/revisions\/77847"}],"wp:featuredmedia":[{"embeddable":true,"href":"https:\/\/skinstudio.ee\/lv\/wp-json\/wp\/v2\/media\/64875"}],"wp:attachment":[{"href":"https:\/\/skinstudio.ee\/lv\/wp-json\/wp\/v2\/media?parent=77844"}],"wp:term":[{"taxonomy":"pwb-brand","embeddable":true,"href":"https:\/\/skinstudio.ee\/lv\/wp-json\/wp\/v2\/pwb-brand?post=77844"},{"taxonomy":"product_brand","embeddable":true,"href":"https:\/\/skinstudio.ee\/lv\/wp-json\/wp\/v2\/product_brand?post=77844"},{"taxonomy":"product_cat","embeddable":true,"href":"https:\/\/skinstudio.ee\/lv\/wp-json\/wp\/v2\/product_cat?post=77844"},{"taxonomy":"product_tag","embeddable":true,"href":"https:\/\/skinstudio.ee\/lv\/wp-json\/wp\/v2\/product_tag?post=77844"},{"taxonomy":"giftcard-category","embeddable":true,"href":"https:\/\/skinstudio.ee\/lv\/wp-json\/wp\/v2\/giftcard-category?post=77844"}],"curies":[{"name":"wp","href":"https:\/\/api.w.org\/{rel}","templated":true}]}}