{"id":77855,"date":"2025-04-11T12:38:34","date_gmt":"2025-04-11T12:38:34","guid":{"rendered":"https:\/\/skinstudio.ee\/?post_type=product&#038;p=77855"},"modified":"2026-02-13T15:28:30","modified_gmt":"2026-02-13T15:28:30","slug":"vita-a-rejuvenating-mask","status":"publish","type":"product","link":"https:\/\/skinstudio.ee\/lv\/catalog\/ph-formula\/vita-a-rejuvenating-mask\/","title":{"rendered":"VITA A Rejuvenating Mask"},"content":{"rendered":"<p data-start=\"4051\" data-end=\"4341\"><strong data-start=\"4051\" data-end=\"4093\">VITA A Rejuvenating Mask no pH Formula<\/strong> ir intens\u012bva atjaunojo\u0161a maska, kas pal\u012bdz pa\u0101trin\u0101t \u0101das atjauno\u0161anos, uzlabot elast\u012bbu un paaugstin\u0101t kop\u0113jo \u0101das kvalit\u0101ti. Maska pal\u012bdz \u0101dai izskat\u012bties glud\u0101kai, svaig\u0101kai un tvirt\u0101kai, pie\u0161\u0137irot atjaunotu un koptu izskatu jau p\u0113c lieto\u0161anas.<\/p>\n<p data-start=\"4343\" data-end=\"4598\">Kr\u0113m\u012bg\u0101 tekst\u016bra maigi kopj \u0101du, mazina noguruma un stresa paz\u012bmes, pal\u012bdz izl\u012bdzin\u0101t \u0101das tekst\u016bru un padara sejas toni starojo\u0161\u0101ku. Formula ir v\u0113rsta uz elast\u012bbas un \u0101das bl\u012bvuma uzlabo\u0161anu, k\u0101 ar\u012b redzamu noveco\u0161an\u0101s un fotoboj\u0101jumu paz\u012bmju mazin\u0101\u0161anu.<\/p>\n<p data-start=\"4600\" data-end=\"4642\"><strong data-start=\"4600\" data-end=\"4640\">Galveno akt\u012bvo sast\u0101vda\u013cu iedarb\u012bba:<\/strong><\/p>\n<ul data-start=\"4643\" data-end=\"5025\">\n<li data-start=\"4643\" data-end=\"4775\">\n<p data-start=\"4645\" data-end=\"4775\"><strong data-start=\"4645\" data-end=\"4675\">Mikroiekapsul\u0113ts retinols:<\/strong> stimul\u0113 \u0161\u016bnu atjauno\u0161anos, pal\u012bdz izl\u012bdzin\u0101t \u0101du un uzlabo t\u0101s tekst\u016bru, tvirtumu un kop\u0113jo toni.<\/p>\n<\/li>\n<li data-start=\"4776\" data-end=\"4892\">\n<p data-start=\"4778\" data-end=\"4892\"><strong data-start=\"4778\" data-end=\"4800\">Biosahar\u012bdu sve\u0137i:<\/strong> pal\u012bdz piesaist\u012bt un notur\u0113t pies\u0101r\u0146ojuma da\u013ci\u0146as, veicinot t\u012bras un svaigas \u0101das saj\u016btu.<\/p>\n<\/li>\n<li data-start=\"4893\" data-end=\"5025\">\n<p data-start=\"4895\" data-end=\"5025\"><strong data-start=\"4895\" data-end=\"4941\">Antioksidantu komplekss (vitam\u012bni E un C):<\/strong> pal\u012bdz aizsarg\u0101t \u0101du no oksidat\u012bv\u0101 stresa un uztur vesel\u012bg\u0101ku, starojo\u0161\u0101ku izskatu.<\/p>\n<\/li>\n<\/ul>\n<p data-start=\"5027\" data-end=\"5135\">Piem\u0113rota \u0101dai ar noguruma paz\u012bm\u0113m, elast\u012bbas zudumu, nevienm\u0113r\u012bgu tekst\u016bru un pirmaj\u0101m noveco\u0161an\u0101s paz\u012bm\u0113m.<\/p>\n<p data-start=\"5137\" data-end=\"5159\"><strong data-start=\"5137\" data-end=\"5149\">Tilpums:<\/strong> <strong data-start=\"5150\" data-end=\"5159\">50 ml<\/strong><\/p>\n","protected":false},"excerpt":{"rendered":"<p data-start=\"5294\" data-end=\"5365\"><span style=\"color: #ff0000;\"><strong data-start=\"5294\" data-end=\"5365\">pH Formula produktu pieg\u0101de ir pieejama tikai Igaunijas teritorij\u0101.<\/strong><\/span><\/p>\n<p data-start=\"5367\" data-end=\"5553\"><span style=\"color: #ff0000;\"><strong data-start=\"5367\" data-end=\"5374\">NB!<\/strong> Produktu iesp\u0113jams ieg\u0101d\u0101ties tikai p\u0113c speci\u0101lista konsult\u0101cijas. Zvaniet +372 58 500 171 vai rakstiet uz <a style=\"color: #ff0000;\" href=\"mailto:info@skinstudio.ee\">info@skinstudio.ee<\/a>. M\u016bsu konsultanti pal\u012bdz\u0113s jums ar \u0161\u012b z\u012bmola ieg\u0101di.<\/span><\/p>\n<p data-start=\"5555\" data-end=\"5584\">Atjaunojo\u0161a maska ar retinolu<\/p>\n<h2 data-start=\"5586\" data-end=\"5636\"><strong data-start=\"5586\" data-end=\"5636\">\u012apa\u0161\u012bbas pH Formula &#8211; VITA A Rejuvenating Mask<\/strong><\/h2>\n<p data-start=\"5638\" data-end=\"5886\">\u2714\ufe0f Akt\u012bvi atjauno \u0101du un uzlabo t\u0101s tekst\u016bru<br data-start=\"5682\" data-end=\"5685\" \/>\u2714\ufe0f Padara \u0101du glud\u0101ku, tvirt\u0101ku un elast\u012bg\u0101ku<br data-start=\"5730\" data-end=\"5733\" \/>\u2714\ufe0f Uzlabo \u0101das toni un pie\u0161\u0137ir mirdzumu<br data-start=\"5772\" data-end=\"5775\" \/>\u2714\ufe0f Pal\u012bdz mazin\u0101t grumbi\u0146u un noguruma paz\u012bmju redzam\u012bbu<br data-start=\"5831\" data-end=\"5834\" \/>\u2714\ufe0f Pie\u0161\u0137ir \u0101dai svaigu, atp\u016btu\u0161os un koptu izskatu<\/p>\n","protected":false},"featured_media":64880,"template":"","meta":[],"pwb-brand":[778],"product_brand":[],"product_cat":[727,725,653],"product_tag":[],"giftcard-category":[],"class_list":{"0":"post-77855","1":"product","2":"type-product","3":"status-publish","4":"has-post-thumbnail","6":"pwb-brand-ph-formula","7":"product_cat-a-vitamins-retinols","8":"product_cat-maskas","9":"product_cat-ph-formula-lv","11":"first","12":"instock","13":"sale","14":"taxable","15":"shipping-taxable","16":"purchasable","17":"product-type-simple"},"acf":[],"brands":[{"id":778,"name":"pH Formula","slug":"ph-formula"}],"_links":{"self":[{"href":"https:\/\/skinstudio.ee\/lv\/wp-json\/wp\/v2\/product\/77855","targetHints":{"allow":["GET"]}}],"collection":[{"href":"https:\/\/skinstudio.ee\/lv\/wp-json\/wp\/v2\/product"}],"about":[{"href":"https:\/\/skinstudio.ee\/lv\/wp-json\/wp\/v2\/types\/product"}],"version-history":[{"count":1,"href":"https:\/\/skinstudio.ee\/lv\/wp-json\/wp\/v2\/product\/77855\/revisions"}],"predecessor-version":[{"id":77856,"href":"https:\/\/skinstudio.ee\/lv\/wp-json\/wp\/v2\/product\/77855\/revisions\/77856"}],"wp:featuredmedia":[{"embeddable":true,"href":"https:\/\/skinstudio.ee\/lv\/wp-json\/wp\/v2\/media\/64880"}],"wp:attachment":[{"href":"https:\/\/skinstudio.ee\/lv\/wp-json\/wp\/v2\/media?parent=77855"}],"wp:term":[{"taxonomy":"pwb-brand","embeddable":true,"href":"https:\/\/skinstudio.ee\/lv\/wp-json\/wp\/v2\/pwb-brand?post=77855"},{"taxonomy":"product_brand","embeddable":true,"href":"https:\/\/skinstudio.ee\/lv\/wp-json\/wp\/v2\/product_brand?post=77855"},{"taxonomy":"product_cat","embeddable":true,"href":"https:\/\/skinstudio.ee\/lv\/wp-json\/wp\/v2\/product_cat?post=77855"},{"taxonomy":"product_tag","embeddable":true,"href":"https:\/\/skinstudio.ee\/lv\/wp-json\/wp\/v2\/product_tag?post=77855"},{"taxonomy":"giftcard-category","embeddable":true,"href":"https:\/\/skinstudio.ee\/lv\/wp-json\/wp\/v2\/giftcard-category?post=77855"}],"curies":[{"name":"wp","href":"https:\/\/api.w.org\/{rel}","templated":true}]}}