{"id":77863,"date":"2025-04-11T12:20:22","date_gmt":"2025-04-11T12:20:22","guid":{"rendered":"https:\/\/skinstudio.ee\/?post_type=product&#038;p=77863"},"modified":"2026-02-13T15:28:28","modified_gmt":"2026-02-13T15:28:28","slug":"v-i-t-a-a-24-hour-cream","status":"publish","type":"product","link":"https:\/\/skinstudio.ee\/lv\/catalog\/ph-formula\/v-i-t-a-a-24-hour-cream\/","title":{"rendered":"V.I.T.A. A 24-Hour Cream"},"content":{"rendered":"<p data-start=\"4377\" data-end=\"4693\"><strong data-start=\"4377\" data-end=\"4419\">V.I.T.A. A 24-Hour Cream no pH Formula<\/strong> ir akt\u012bvs pretnoveco\u0161an\u0101s kr\u0113ms ar retinolu 24 stundu iedarb\u012bbai, kas pal\u012bdz redzami atjaunot \u0101du, uzlabot t\u0101s tekst\u016bru un c\u012bn\u012bties ar foto- un hrononoveco\u0161an\u0101s paz\u012bm\u0113m. Formula darbojas \u0101das kvalit\u0101tes l\u012bmen\u012b, pal\u012bdzot tai izskat\u012bties glud\u0101kai, tvirt\u0101kai un jaunekl\u012bg\u0101kai.<\/p>\n<p data-start=\"4695\" data-end=\"5006\">Kr\u0113ms stimul\u0113 \u0101das atjauno\u0161an\u0101s procesus, pal\u012bdz samazin\u0101t krunci\u0146u, pigment\u0101cijas un postaknes p\u0113du redzam\u012bbu, k\u0101 ar\u012b veicina vienm\u0113r\u012bg\u0101ku un kopt\u0101ku sejas toni. Formula ir bag\u0101tin\u0101ta ar ilgsto\u0161as darb\u012bbas mitrino\u0161u kompleksu, kas pal\u012bdz saglab\u0101t komfortu un \u0101das aizsargfunkcijas visas dienas un nakts garum\u0101.<\/p>\n<p data-start=\"5008\" data-end=\"5050\"><strong data-start=\"5008\" data-end=\"5048\">Galveno akt\u012bvo sast\u0101vda\u013cu iedarb\u012bba:<\/strong><\/p>\n<ul data-start=\"5051\" data-end=\"5467\">\n<li data-start=\"5051\" data-end=\"5208\">\n<p data-start=\"5053\" data-end=\"5208\"><strong data-start=\"5053\" data-end=\"5079\">Retinols (vitam\u012bns A):<\/strong> stimul\u0113 \u0161\u016bnu atjauno\u0161anos, pal\u012bdz mazin\u0101t krunci\u0146as, pigment\u0101ciju un \u0101das nel\u012bdzenumus, k\u0101 ar\u012b uzlabo tekst\u016bru un kop\u0113jo toni.<\/p>\n<\/li>\n<li data-start=\"5209\" data-end=\"5342\">\n<p data-start=\"5211\" data-end=\"5342\"><strong data-start=\"5211\" data-end=\"5247\">Skval\u0101ns un barojo\u0161ie emolienti:<\/strong> atbalsta \u0101das maigumu, mazina sausumu un pal\u012bdz saglab\u0101t komfortu retinola lieto\u0161anas laik\u0101.<\/p>\n<\/li>\n<li data-start=\"5343\" data-end=\"5467\">\n<p data-start=\"5345\" data-end=\"5467\"><strong data-start=\"5345\" data-end=\"5381\">24 stundu mitrino\u0161ais komplekss:<\/strong> nodro\u0161ina ilgsto\u0161u mitrin\u0101\u0161anu, atbalsta \u0101das barjeru un uzlabo kop\u0113jo \u0101das st\u0101vokli.<\/p>\n<\/li>\n<\/ul>\n<p data-start=\"5469\" data-end=\"5554\">Ieteicams \u0101dai ar fotonoveco\u0161an\u0101s un noveco\u0161an\u0101s paz\u012bm\u0113m. Nav paredz\u0113ts jut\u012bgai \u0101dai.<\/p>\n<p data-start=\"5556\" data-end=\"5586\"><strong data-start=\"5556\" data-end=\"5568\">Tilpums:<\/strong> <strong data-start=\"5569\" data-end=\"5586\">20 ml \/ 50 ml<\/strong><\/p>\n","protected":false},"excerpt":{"rendered":"<p data-start=\"5806\" data-end=\"5877\"><span style=\"color: #ff0000;\"><strong data-start=\"5806\" data-end=\"5877\">pH Formula produktu pieg\u0101de ir pieejama tikai Igaunijas teritorij\u0101.<\/strong><\/span><\/p>\n<p data-start=\"5879\" data-end=\"6065\"><span style=\"color: #ff0000;\"><strong data-start=\"5879\" data-end=\"5886\">NB!<\/strong> Produktu iesp\u0113jams ieg\u0101d\u0101ties tikai p\u0113c speci\u0101lista konsult\u0101cijas. Zvaniet +372 58 500 171 vai rakstiet uz <a class=\"decorated-link cursor-pointer\" style=\"color: #ff0000;\" href=\"mailto:info@skinstudio.ee\" rel=\"noopener\" data-start=\"5994\" data-end=\"6012\">info@skinstudio.ee<\/a>. M\u016bsu konsultanti pal\u012bdz\u0113s jums ar \u0161\u012b z\u012bmola ieg\u0101di.<\/span><\/p>\n<p data-start=\"6067\" data-end=\"6096\">Mitrino\u0161s kr\u0113ms ar A vitam\u012bnu<\/p>\n<h2 data-start=\"6098\" data-end=\"6148\"><strong data-start=\"6098\" data-end=\"6148\">\u012apa\u0161\u012bbas pH Formula &#8211; V.I.T.A. A 24-Hour Cream<\/strong><\/h2>\n<p data-start=\"6150\" data-end=\"6379\">\u2714\ufe0f Akt\u012bvi atjauno \u0101du un uzlabo t\u0101s tekst\u016bru<br data-start=\"6194\" data-end=\"6197\" \/>\u2714\ufe0f Pal\u012bdz samazin\u0101t krunci\u0146as un pigment\u0101ciju<br data-start=\"6242\" data-end=\"6245\" \/>\u2714\ufe0f Izl\u012bdzina \u0101das toni un padara \u0101du glud\u0101ku<br data-start=\"6289\" data-end=\"6292\" \/>\u2714\ufe0f Atbalsta \u0101das tvirtumu un elast\u012bbu<br data-start=\"6329\" data-end=\"6332\" \/>\u2714\ufe0f Nodro\u0161ina ilgsto\u0161u mitrin\u0101\u0161anu un komfortu<\/p>\n","protected":false},"featured_media":64886,"template":"","meta":[],"pwb-brand":[778],"product_brand":[],"product_cat":[727,653],"product_tag":[],"giftcard-category":[],"class_list":{"0":"post-77863","1":"product","2":"type-product","3":"status-publish","4":"has-post-thumbnail","6":"pwb-brand-ph-formula","7":"product_cat-a-vitamins-retinols","8":"product_cat-ph-formula-lv","9":"pa_suurus-20ml-lv","10":"pa_suurus-50ml-lv","12":"first","13":"instock","14":"sale","15":"taxable","16":"shipping-taxable","17":"purchasable","18":"product-type-variable"},"acf":[],"brands":[{"id":778,"name":"pH Formula","slug":"ph-formula"}],"_links":{"self":[{"href":"https:\/\/skinstudio.ee\/lv\/wp-json\/wp\/v2\/product\/77863","targetHints":{"allow":["GET"]}}],"collection":[{"href":"https:\/\/skinstudio.ee\/lv\/wp-json\/wp\/v2\/product"}],"about":[{"href":"https:\/\/skinstudio.ee\/lv\/wp-json\/wp\/v2\/types\/product"}],"version-history":[{"count":1,"href":"https:\/\/skinstudio.ee\/lv\/wp-json\/wp\/v2\/product\/77863\/revisions"}],"predecessor-version":[{"id":77866,"href":"https:\/\/skinstudio.ee\/lv\/wp-json\/wp\/v2\/product\/77863\/revisions\/77866"}],"wp:featuredmedia":[{"embeddable":true,"href":"https:\/\/skinstudio.ee\/lv\/wp-json\/wp\/v2\/media\/64886"}],"wp:attachment":[{"href":"https:\/\/skinstudio.ee\/lv\/wp-json\/wp\/v2\/media?parent=77863"}],"wp:term":[{"taxonomy":"pwb-brand","embeddable":true,"href":"https:\/\/skinstudio.ee\/lv\/wp-json\/wp\/v2\/pwb-brand?post=77863"},{"taxonomy":"product_brand","embeddable":true,"href":"https:\/\/skinstudio.ee\/lv\/wp-json\/wp\/v2\/product_brand?post=77863"},{"taxonomy":"product_cat","embeddable":true,"href":"https:\/\/skinstudio.ee\/lv\/wp-json\/wp\/v2\/product_cat?post=77863"},{"taxonomy":"product_tag","embeddable":true,"href":"https:\/\/skinstudio.ee\/lv\/wp-json\/wp\/v2\/product_tag?post=77863"},{"taxonomy":"giftcard-category","embeddable":true,"href":"https:\/\/skinstudio.ee\/lv\/wp-json\/wp\/v2\/giftcard-category?post=77863"}],"curies":[{"name":"wp","href":"https:\/\/api.w.org\/{rel}","templated":true}]}}