{"id":77874,"date":"2025-04-11T10:52:52","date_gmt":"2025-04-11T10:52:52","guid":{"rendered":"https:\/\/skinstudio.ee\/?post_type=product&#038;p=77874"},"modified":"2026-02-13T15:28:05","modified_gmt":"2026-02-13T15:28:05","slug":"a-g-e-serum","status":"publish","type":"product","link":"https:\/\/skinstudio.ee\/lv\/catalog\/ph-formula\/a-g-e-serum\/","title":{"rendered":"A.G.E. Serum"},"content":{"rendered":"<p data-start=\"4419\" data-end=\"4740\"><strong data-start=\"4419\" data-end=\"4449\">A.G.E. Serum no pH Formula<\/strong> ir intens\u012bvs atjaunojo\u0161s serums, kas pal\u012bdz uzlabot \u0101das kvalit\u0101ti, palielin\u0101t t\u0101s bl\u012bvumu un tvirtumu, k\u0101 ar\u012b redzami mazin\u0101t noveco\u0161an\u0101s paz\u012bmes. Formula darbojas vair\u0101kos l\u012bme\u0146os: dzi\u013ci mitrina, atbalsta \u0101das dabisko mikrofloru un pal\u012bdz \u0101dai izskat\u012bties svaig\u0101kai, glud\u0101kai un kopt\u0101kai.<\/p>\n<p data-start=\"4742\" data-end=\"5016\">Serums atjauno mitruma rezerves, pateicoties 4D hialuronsk\u0101bes kompleksam, un atbalsta \u0101das \u201cjaun\u012bbas metabolismu\u201d ar pept\u012bdu un biotehnolo\u0123isko sast\u0101vda\u013cu pal\u012bdz\u012bbu. Regul\u0101ri lietojot, \u0101da k\u013c\u016bst tvirt\u0101ka, tonis vienm\u0113r\u012bg\u0101ks un noguruma un stresa paz\u012bmes ir maz\u0101k paman\u0101mas.<\/p>\n<p data-start=\"5018\" data-end=\"5060\"><strong data-start=\"5018\" data-end=\"5058\">Galveno akt\u012bvo sast\u0101vda\u013cu iedarb\u012bba:<\/strong><\/p>\n<ul data-start=\"5061\" data-end=\"5548\">\n<li data-start=\"5061\" data-end=\"5213\">\n<p data-start=\"5063\" data-end=\"5213\"><strong data-start=\"5063\" data-end=\"5098\">Savva\u013cas ol\u012bvkoka cilmes \u0161\u016bnas:<\/strong> pal\u012bdz stiprin\u0101t \u0101du, uzlabot t\u0101s bl\u012bvumu un elast\u012bbu, k\u0101 ar\u012b mazin\u0101t krunci\u0146u dzi\u013cumu un uzlabot \u0101das tekst\u016bru.<\/p>\n<\/li>\n<li data-start=\"5214\" data-end=\"5383\">\n<p data-start=\"5216\" data-end=\"5383\"><strong data-start=\"5216\" data-end=\"5252\">Kombu\u010da (ferment\u0113ta meln\u0101 t\u0113ja):<\/strong> atbalsta \u0101das atjauno\u0161anos, pal\u012bdz c\u012bn\u012bties ar noguruma paz\u012bm\u0113m, uzlabo sejas toni un pie\u0161\u0137ir \u0101dai svaig\u0101ku, mirdzo\u0161\u0101ku izskatu.<\/p>\n<\/li>\n<li data-start=\"5384\" data-end=\"5548\">\n<p data-start=\"5386\" data-end=\"5548\"><strong data-start=\"5386\" data-end=\"5443\">4D hialuronsk\u0101bes komplekss un laktobacillu fermenti:<\/strong> nodro\u0161ina daudzl\u012bme\u0146u mitrin\u0101\u0161anu, atbalsta \u0101das mikrofloru un pal\u012bdz saglab\u0101t \u0101das gludumu un elast\u012bbu.<\/p>\n<\/li>\n<\/ul>\n<p data-start=\"5550\" data-end=\"5633\">Piem\u0113rots \u0101dai ar noveco\u0161an\u0101s paz\u012bm\u0113m, nogurumu, dehidrat\u0101ciju un elast\u012bbas zudumu.<\/p>\n<p data-start=\"5635\" data-end=\"5657\"><strong data-start=\"5635\" data-end=\"5647\">Tilpums:<\/strong> <strong data-start=\"5648\" data-end=\"5657\">36 ml<\/strong><\/p>\n","protected":false},"excerpt":{"rendered":"<p data-start=\"5857\" data-end=\"5928\"><span style=\"color: #ff0000;\"><strong data-start=\"5857\" data-end=\"5928\">pH Formula produktu pieg\u0101de ir pieejama tikai Igaunijas teritorij\u0101.<\/strong><\/span><\/p>\n<p data-start=\"5930\" data-end=\"6116\"><span style=\"color: #ff0000;\"><strong data-start=\"5930\" data-end=\"5937\">NB!<\/strong> Produktu iesp\u0113jams ieg\u0101d\u0101ties tikai p\u0113c speci\u0101lista konsult\u0101cijas. Zvaniet +372 58 500 171 vai rakstiet uz <a class=\"decorated-link cursor-pointer\" style=\"color: #ff0000;\" href=\"mailto:info@skinstudio.ee\" rel=\"noopener\" data-start=\"6045\" data-end=\"6063\">info@skinstudio.ee<\/a>. M\u016bsu konsultanti pal\u012bdz\u0113s jums ar \u0161\u012b z\u012bmola ieg\u0101di.<\/span><\/p>\n<p data-start=\"6118\" data-end=\"6152\">Intens\u012bvs atjaunojo\u0161s sejas serums<\/p>\n<h2 data-start=\"6154\" data-end=\"6192\"><strong data-start=\"6154\" data-end=\"6192\">\u012apa\u0161\u012bbas pH Formula &#8211; A.G.E. Serum<\/strong><\/h2>\n<p data-start=\"6194\" data-end=\"6444\">\u2714\ufe0f Redzami uzlabo \u0101das tvirtumu un bl\u012bvumu<br data-start=\"6236\" data-end=\"6239\" \/>\u2714\ufe0f Intens\u012bvi mitrina un mazina dehidrat\u0101cijas paz\u012bmes<br data-start=\"6292\" data-end=\"6295\" \/>\u2714\ufe0f Izl\u012bdzina \u0101du un samazina krunci\u0146u redzam\u012bbu<br data-start=\"6342\" data-end=\"6345\" \/>\u2714\ufe0f Uzlabo sejas toni un atjauno svaigu izskatu<br data-start=\"6391\" data-end=\"6394\" \/>\u2714\ufe0f Atbalsta \u0101das dabisko l\u012bdzsvaru un mikrofloru<\/p>\n","protected":false},"featured_media":64891,"template":"","meta":[],"pwb-brand":[778],"product_brand":[],"product_cat":[749,653,723],"product_tag":[],"giftcard-category":[],"class_list":{"0":"post-77874","1":"product","2":"type-product","3":"status-publish","4":"has-post-thumbnail","6":"pwb-brand-ph-formula","7":"product_cat-novecojosa-ada","8":"product_cat-ph-formula","9":"product_cat-serumi","11":"first","12":"instock","13":"taxable","14":"shipping-taxable","15":"purchasable","16":"product-type-simple"},"acf":[],"brands":[{"id":778,"name":"pH Formula","slug":"ph-formula"}],"_links":{"self":[{"href":"https:\/\/skinstudio.ee\/lv\/wp-json\/wp\/v2\/product\/77874","targetHints":{"allow":["GET"]}}],"collection":[{"href":"https:\/\/skinstudio.ee\/lv\/wp-json\/wp\/v2\/product"}],"about":[{"href":"https:\/\/skinstudio.ee\/lv\/wp-json\/wp\/v2\/types\/product"}],"version-history":[{"count":1,"href":"https:\/\/skinstudio.ee\/lv\/wp-json\/wp\/v2\/product\/77874\/revisions"}],"predecessor-version":[{"id":77875,"href":"https:\/\/skinstudio.ee\/lv\/wp-json\/wp\/v2\/product\/77874\/revisions\/77875"}],"wp:featuredmedia":[{"embeddable":true,"href":"https:\/\/skinstudio.ee\/lv\/wp-json\/wp\/v2\/media\/64891"}],"wp:attachment":[{"href":"https:\/\/skinstudio.ee\/lv\/wp-json\/wp\/v2\/media?parent=77874"}],"wp:term":[{"taxonomy":"pwb-brand","embeddable":true,"href":"https:\/\/skinstudio.ee\/lv\/wp-json\/wp\/v2\/pwb-brand?post=77874"},{"taxonomy":"product_brand","embeddable":true,"href":"https:\/\/skinstudio.ee\/lv\/wp-json\/wp\/v2\/product_brand?post=77874"},{"taxonomy":"product_cat","embeddable":true,"href":"https:\/\/skinstudio.ee\/lv\/wp-json\/wp\/v2\/product_cat?post=77874"},{"taxonomy":"product_tag","embeddable":true,"href":"https:\/\/skinstudio.ee\/lv\/wp-json\/wp\/v2\/product_tag?post=77874"},{"taxonomy":"giftcard-category","embeddable":true,"href":"https:\/\/skinstudio.ee\/lv\/wp-json\/wp\/v2\/giftcard-category?post=77874"}],"curies":[{"name":"wp","href":"https:\/\/api.w.org\/{rel}","templated":true}]}}