{"id":77881,"date":"2025-04-11T10:30:39","date_gmt":"2025-04-11T10:30:39","guid":{"rendered":"https:\/\/skinstudio.ee\/?post_type=product&#038;p=77881"},"modified":"2026-02-13T15:28:13","modified_gmt":"2026-02-13T15:28:13","slug":"hydra-serum","status":"publish","type":"product","link":"https:\/\/skinstudio.ee\/lv\/catalog\/ph-formula\/hydra-serum\/","title":{"rendered":"HYDRA Serum"},"content":{"rendered":"<p data-start=\"4446\" data-end=\"4721\"><strong data-start=\"4446\" data-end=\"4475\">HYDRA Serum no pH Formula<\/strong> ir koncentr\u0113ts korekt\u012bvs serums, kas paredz\u0113ts intens\u012bvai un dzi\u013cai \u0101das mitrin\u0101\u0161anai un komforta atjauno\u0161anai. Formula iedarbojas \u0101das virs\u0113jos sl\u0101\u0146os, pal\u012bdzot \u0101tri mazin\u0101t sausumu un savilkuma saj\u016btu, padarot \u0101du glud\u0101ku, svaig\u0101ku un kopt\u0101ku.<\/p>\n<p data-start=\"4723\" data-end=\"4927\">Serums uztur optim\u0101lu mitruma l\u012bmeni, pal\u012bdz \u0101dai izskat\u012bties tvirt\u0101kai un elast\u012bg\u0101kai, k\u0101 ar\u012b uzlabo kop\u0113jo \u0101das kvalit\u0101ti. Regul\u0101ri lietojot, \u0101da k\u013c\u016bst m\u012bkst\u0101ka, vienm\u0113r\u012bg\u0101ka un redzami lab\u0101k mitrin\u0101ta.<\/p>\n<p data-start=\"4929\" data-end=\"4971\"><strong data-start=\"4929\" data-end=\"4969\">Galveno akt\u012bvo sast\u0101vda\u013cu iedarb\u012bba:<\/strong><\/p>\n<ul data-start=\"4972\" data-end=\"5471\">\n<li data-start=\"4972\" data-end=\"5136\">\n<p data-start=\"4974\" data-end=\"5136\"><strong data-start=\"4974\" data-end=\"5025\">Hialuronsk\u0101bes komplekss un 3D HYDRA komplekss:<\/strong> nodro\u0161ina daudzl\u012bme\u0146u un ilgsto\u0161u mitrin\u0101\u0161anu, pal\u012bdz \u0101dai notur\u0113t mitrumu un nov\u0113r\u0161 dehidrat\u0101cijas paz\u012bmes.<\/p>\n<\/li>\n<li data-start=\"5137\" data-end=\"5285\">\n<p data-start=\"5139\" data-end=\"5285\"><strong data-start=\"5139\" data-end=\"5165\">Ferulsk\u0101bes komplekss:<\/strong> nodro\u0161ina antioksidantu aizsardz\u012bbu, pal\u012bdz \u0101dai c\u012bn\u012bties ar br\u012bvo radik\u0101\u013cu ietekmi un uztur vesel\u012bg\u0101ku \u0101das izskatu.<\/p>\n<\/li>\n<li data-start=\"5286\" data-end=\"5471\">\n<p data-start=\"5288\" data-end=\"5471\"><strong data-start=\"5288\" data-end=\"5350\">C2C Messenger Complex (starp\u0161\u016bnu komunik\u0101cijas komplekss):<\/strong> atbalsta \u0101das atjauno\u0161an\u0101s procesus un pal\u012bdz uzlabot \u0101das visp\u0101r\u0113jo st\u0101vokli un notur\u012bbu pret \u0101r\u0113jiem stresa faktoriem.<\/p>\n<\/li>\n<\/ul>\n<p data-start=\"5473\" data-end=\"5588\">Piem\u0113rots visiem \u0101das tipiem, \u012bpa\u0161i dehidrat\u0113tai, sausai \u0101dai, diskomforta saj\u016btai un pirmaj\u0101m noveco\u0161an\u0101s paz\u012bm\u0113m.<\/p>\n<p data-start=\"5590\" data-end=\"5612\"><strong data-start=\"5590\" data-end=\"5602\">Tilpums:<\/strong> <strong data-start=\"5603\" data-end=\"5612\">30 ml<\/strong><\/p>\n","protected":false},"excerpt":{"rendered":"<p data-start=\"5888\" data-end=\"5959\"><span style=\"color: #ff0000;\"><strong data-start=\"5888\" data-end=\"5959\">pH Formula produktu pieg\u0101de ir pieejama tikai Igaunijas teritorij\u0101.<\/strong><\/span><\/p>\n<p data-start=\"5961\" data-end=\"6147\"><span style=\"color: #ff0000;\"><strong data-start=\"5961\" data-end=\"5968\">NB!<\/strong> Produktu iesp\u0113jams ieg\u0101d\u0101ties tikai p\u0113c speci\u0101lista konsult\u0101cijas. Zvaniet +372 58 500 171 vai rakstiet uz <a class=\"decorated-link cursor-pointer\" style=\"color: #ff0000;\" href=\"mailto:info@skinstudio.ee\" rel=\"noopener\" data-start=\"6076\" data-end=\"6094\">info@skinstudio.ee<\/a>. M\u016bsu konsultanti pal\u012bdz\u0113s jums ar \u0161\u012b z\u012bmola ieg\u0101di.<\/span><\/p>\n<p data-start=\"6149\" data-end=\"6177\">Koncentr\u0113ts mitrino\u0161s serums<\/p>\n<h2 data-start=\"6179\" data-end=\"6216\"><strong data-start=\"6179\" data-end=\"6216\">\u012apa\u0161\u012bbas pH Formula &#8211; HYDRA Serum<\/strong><\/h2>\n<p data-start=\"6218\" data-end=\"6442\">\u2714\ufe0f Intens\u012bvi un dzi\u013ci mitrina \u0101du<br data-start=\"6251\" data-end=\"6254\" \/>\u2714\ufe0f \u0100tri mazina sausumu un savilkuma saj\u016btu<br data-start=\"6296\" data-end=\"6299\" \/>\u2714\ufe0f Padara \u0101du glud\u0101ku, m\u012bkst\u0101ku un elast\u012bg\u0101ku<br data-start=\"6344\" data-end=\"6347\" \/>\u2714\ufe0f Atbalsta \u0101das aizsarg- un atjauno\u0161an\u0101s funkcijas<br data-start=\"6398\" data-end=\"6401\" \/>\u2714\ufe0f Pie\u0161\u0137ir \u0101dai svaigu un koptu izskatu<\/p>\n","protected":false},"featured_media":64896,"template":"","meta":[],"pwb-brand":[778],"product_brand":[],"product_cat":[737,653,739,723],"product_tag":[],"giftcard-category":[],"class_list":{"0":"post-77881","1":"product","2":"type-product","3":"status-publish","4":"has-post-thumbnail","6":"pwb-brand-ph-formula","7":"product_cat-mitrinasana","8":"product_cat-ph-formula","9":"product_cat-sausa-ada","10":"product_cat-serumi","12":"first","13":"instock","14":"taxable","15":"shipping-taxable","16":"purchasable","17":"product-type-simple"},"acf":[],"brands":[{"id":778,"name":"pH Formula","slug":"ph-formula"}],"_links":{"self":[{"href":"https:\/\/skinstudio.ee\/lv\/wp-json\/wp\/v2\/product\/77881","targetHints":{"allow":["GET"]}}],"collection":[{"href":"https:\/\/skinstudio.ee\/lv\/wp-json\/wp\/v2\/product"}],"about":[{"href":"https:\/\/skinstudio.ee\/lv\/wp-json\/wp\/v2\/types\/product"}],"version-history":[{"count":1,"href":"https:\/\/skinstudio.ee\/lv\/wp-json\/wp\/v2\/product\/77881\/revisions"}],"predecessor-version":[{"id":77882,"href":"https:\/\/skinstudio.ee\/lv\/wp-json\/wp\/v2\/product\/77881\/revisions\/77882"}],"wp:featuredmedia":[{"embeddable":true,"href":"https:\/\/skinstudio.ee\/lv\/wp-json\/wp\/v2\/media\/64896"}],"wp:attachment":[{"href":"https:\/\/skinstudio.ee\/lv\/wp-json\/wp\/v2\/media?parent=77881"}],"wp:term":[{"taxonomy":"pwb-brand","embeddable":true,"href":"https:\/\/skinstudio.ee\/lv\/wp-json\/wp\/v2\/pwb-brand?post=77881"},{"taxonomy":"product_brand","embeddable":true,"href":"https:\/\/skinstudio.ee\/lv\/wp-json\/wp\/v2\/product_brand?post=77881"},{"taxonomy":"product_cat","embeddable":true,"href":"https:\/\/skinstudio.ee\/lv\/wp-json\/wp\/v2\/product_cat?post=77881"},{"taxonomy":"product_tag","embeddable":true,"href":"https:\/\/skinstudio.ee\/lv\/wp-json\/wp\/v2\/product_tag?post=77881"},{"taxonomy":"giftcard-category","embeddable":true,"href":"https:\/\/skinstudio.ee\/lv\/wp-json\/wp\/v2\/giftcard-category?post=77881"}],"curies":[{"name":"wp","href":"https:\/\/api.w.org\/{rel}","templated":true}]}}