{"id":77888,"date":"2025-04-08T08:29:50","date_gmt":"2025-04-08T08:29:50","guid":{"rendered":"https:\/\/skinstudio.ee\/?post_type=product&#038;p=77888"},"modified":"2026-02-13T15:28:18","modified_gmt":"2026-02-13T15:28:18","slug":"mela-serum","status":"publish","type":"product","link":"https:\/\/skinstudio.ee\/lv\/catalog\/ph-formula\/mela-serum\/","title":{"rendered":"MELA Serum"},"content":{"rendered":"<p data-start=\"3858\" data-end=\"4140\"><strong data-start=\"3858\" data-end=\"3886\">MELA Serum no pH Formula<\/strong> ir koncentr\u0113ts korekt\u012bvs serums, kas paredz\u0113ts \u0101das to\u0146a izl\u012bdzin\u0101\u0161anai un hiperpigment\u0101cijas redzam\u012bbas samazin\u0101\u0161anai. Formula pal\u012bdz \u0101dai izskat\u012bties vienm\u0113r\u012bg\u0101kai, svaig\u0101kai un kopt\u0101kai, vienlaikus saglab\u0101jot optim\u0101lu mitrin\u0101\u0161anas l\u012bmeni un komfortu.<\/p>\n<p data-start=\"4142\" data-end=\"4361\">Serums iedarbojas gan uz eso\u0161ajiem pigmenta plankumiem, gan uz kop\u0113jo \u0101das to\u0146a kvalit\u0101ti, pal\u012bdzot padar\u012bt sejas toni vienm\u0113r\u012bg\u0101ku un mirdzo\u0161\u0101ku. Regul\u0101ri lietojot, \u0101da izskat\u0101s t\u012br\u0101ka, gai\u0161\u0101ka un redzami vienm\u0113r\u012bg\u0101ka.<\/p>\n<p data-start=\"4363\" data-end=\"4405\"><strong data-start=\"4363\" data-end=\"4403\">Galveno akt\u012bvo sast\u0101vda\u013cu iedarb\u012bba:<\/strong><\/p>\n<ul data-start=\"4406\" data-end=\"4869\">\n<li data-start=\"4406\" data-end=\"4556\">\n<p data-start=\"4408\" data-end=\"4556\"><strong data-start=\"4408\" data-end=\"4429\">4-butilrezorc\u012bns:<\/strong> pal\u012bdz samazin\u0101t pigmenta plankumu redzam\u012bbu un izl\u012bdzin\u0101t \u0101das toni, iedarbojoties uz pigment\u0101cijas veido\u0161an\u0101s meh\u0101nismiem.<\/p>\n<\/li>\n<li data-start=\"4557\" data-end=\"4714\">\n<p data-start=\"4559\" data-end=\"4714\"><strong data-start=\"4559\" data-end=\"4613\">Tetrapept\u012bds-30 un Pancratium maritimum ekstrakts:<\/strong> atbalsta vienm\u0113r\u012bg\u0101ku un starojo\u0161\u0101ku sejas toni un pal\u012bdz mazin\u0101t jaunu plankumu veido\u0161an\u0101s risku.<\/p>\n<\/li>\n<li data-start=\"4715\" data-end=\"4869\">\n<p data-start=\"4717\" data-end=\"4869\"><strong data-start=\"4717\" data-end=\"4760\">Hialuronsk\u0101be un mitrino\u0161ais komplekss:<\/strong> pal\u012bdz uztur\u0113t optim\u0101lu mitruma l\u012bmeni un nov\u0113r\u0161 sausuma un savilkuma saj\u016btu pigment\u0101cijas korekcijas laik\u0101.<\/p>\n<\/li>\n<\/ul>\n<p data-start=\"4871\" data-end=\"4945\">Piem\u0113rots \u0101dai ar nevienm\u0113r\u012bgu toni, hiperpigment\u0101ciju un postaknes p\u0113d\u0101m.<\/p>\n<p data-start=\"4947\" data-end=\"4969\"><strong data-start=\"4947\" data-end=\"4959\">Tilpums:<\/strong> <strong data-start=\"4960\" data-end=\"4969\">30 ml<\/strong><\/p>\n","protected":false},"excerpt":{"rendered":"<p data-start=\"5086\" data-end=\"5157\"><span style=\"color: #ff0000;\"><strong data-start=\"5086\" data-end=\"5157\">pH Formula produktu pieg\u0101de ir pieejama tikai Igaunijas teritorij\u0101.<\/strong><\/span><\/p>\n<p data-start=\"5159\" data-end=\"5345\"><span style=\"color: #ff0000;\"><strong data-start=\"5159\" data-end=\"5166\">NB!<\/strong> Produktu iesp\u0113jams ieg\u0101d\u0101ties tikai p\u0113c speci\u0101lista konsult\u0101cijas. Zvaniet +372 58 500 171 vai rakstiet uz <a class=\"decorated-link cursor-pointer\" style=\"color: #ff0000;\" href=\"mailto:info@skinstudio.ee\" rel=\"noopener\" data-start=\"5274\" data-end=\"5292\">info@skinstudio.ee<\/a>. M\u016bsu konsultanti pal\u012bdz\u0113s jums ar \u0161\u012b z\u012bmola ieg\u0101di.<\/span><\/p>\n<p data-start=\"5347\" data-end=\"5375\">Koncentr\u0113ts korekt\u012bvs serums<\/p>\n<h2 data-start=\"5377\" data-end=\"5413\"><strong data-start=\"5377\" data-end=\"5413\">\u012apa\u0161\u012bbas pH Formula &#8211; MELA Serum<\/strong><\/h2>\n<p data-start=\"5415\" data-end=\"5695\">\u2714\ufe0f Izl\u012bdzina \u0101das toni un samazina pigmenta plankumu redzam\u012bbu<br data-start=\"5477\" data-end=\"5480\" \/>\u2714\ufe0f Pal\u012bdz izgaismot postaknes p\u0113das un kr\u0101sas izmai\u0146as<br data-start=\"5534\" data-end=\"5537\" \/>\u2714\ufe0f Padara \u0101du t\u012br\u0101ku, vienm\u0113r\u012bg\u0101ku un starojo\u0161\u0101ku<br data-start=\"5586\" data-end=\"5589\" \/>\u2714\ufe0f Uztur komfortu un optim\u0101lu mitrin\u0101\u0161anas l\u012bmeni<br data-start=\"5638\" data-end=\"5641\" \/>\u2714\ufe0f Uzlabo kop\u0113jo \u0101das to\u0146a vienm\u0113r\u012bgumu un kvalit\u0101ti<\/p>\n","protected":false},"featured_media":64901,"template":"","meta":[],"pwb-brand":[778],"product_brand":[],"product_cat":[653,751,723],"product_tag":[],"giftcard-category":[],"class_list":{"0":"post-77888","1":"product","2":"type-product","3":"status-publish","4":"has-post-thumbnail","6":"pwb-brand-ph-formula","7":"product_cat-ph-formula-lv","8":"product_cat-pigmentacija-lv","9":"product_cat-serumi","11":"first","12":"instock","13":"sale","14":"taxable","15":"shipping-taxable","16":"purchasable","17":"product-type-simple"},"acf":[],"brands":[{"id":778,"name":"pH Formula","slug":"ph-formula"}],"_links":{"self":[{"href":"https:\/\/skinstudio.ee\/lv\/wp-json\/wp\/v2\/product\/77888","targetHints":{"allow":["GET"]}}],"collection":[{"href":"https:\/\/skinstudio.ee\/lv\/wp-json\/wp\/v2\/product"}],"about":[{"href":"https:\/\/skinstudio.ee\/lv\/wp-json\/wp\/v2\/types\/product"}],"version-history":[{"count":1,"href":"https:\/\/skinstudio.ee\/lv\/wp-json\/wp\/v2\/product\/77888\/revisions"}],"predecessor-version":[{"id":77889,"href":"https:\/\/skinstudio.ee\/lv\/wp-json\/wp\/v2\/product\/77888\/revisions\/77889"}],"wp:featuredmedia":[{"embeddable":true,"href":"https:\/\/skinstudio.ee\/lv\/wp-json\/wp\/v2\/media\/64901"}],"wp:attachment":[{"href":"https:\/\/skinstudio.ee\/lv\/wp-json\/wp\/v2\/media?parent=77888"}],"wp:term":[{"taxonomy":"pwb-brand","embeddable":true,"href":"https:\/\/skinstudio.ee\/lv\/wp-json\/wp\/v2\/pwb-brand?post=77888"},{"taxonomy":"product_brand","embeddable":true,"href":"https:\/\/skinstudio.ee\/lv\/wp-json\/wp\/v2\/product_brand?post=77888"},{"taxonomy":"product_cat","embeddable":true,"href":"https:\/\/skinstudio.ee\/lv\/wp-json\/wp\/v2\/product_cat?post=77888"},{"taxonomy":"product_tag","embeddable":true,"href":"https:\/\/skinstudio.ee\/lv\/wp-json\/wp\/v2\/product_tag?post=77888"},{"taxonomy":"giftcard-category","embeddable":true,"href":"https:\/\/skinstudio.ee\/lv\/wp-json\/wp\/v2\/giftcard-category?post=77888"}],"curies":[{"name":"wp","href":"https:\/\/api.w.org\/{rel}","templated":true}]}}