{"id":77895,"date":"2025-04-05T09:38:58","date_gmt":"2025-04-05T09:38:58","guid":{"rendered":"https:\/\/skinstudio.ee\/?post_type=product&#038;p=77895"},"modified":"2026-02-13T15:28:31","modified_gmt":"2026-02-13T15:28:31","slug":"vita-c-serum","status":"publish","type":"product","link":"https:\/\/skinstudio.ee\/lv\/catalog\/ph-formula\/vita-c-serum\/","title":{"rendered":"VITA C Serum"},"content":{"rendered":"<p data-start=\"3962\" data-end=\"4283\"><strong data-start=\"3962\" data-end=\"3992\">VITA C Serum no pH Formula<\/strong> ir koncentr\u0113ts kori\u0123\u0113jo\u0161s serums ar C vitam\u012bnu, kas paredz\u0113ts \u0101das vesel\u012bbas uztur\u0113\u0161anai, to\u0146a izl\u012bdzin\u0101\u0161anai un tekst\u016bras uzlabo\u0161anai. Formula ir bag\u0101tin\u0101ta ar vair\u0101k\u0101m C vitam\u012bna form\u0101m un darbojas \u0101das kvalit\u0101tes l\u012bmen\u012b, pal\u012bdzot \u0101dai izskat\u012bties svaig\u0101kai, vienm\u0113r\u012bg\u0101kai un mirdzo\u0161\u0101kai.<\/p>\n<p data-start=\"4285\" data-end=\"4478\">Serums uzlabo \u0101das dabisko mirdzumu, pal\u012bdz padar\u012bt sejas toni vienm\u0113r\u012bg\u0101ku un vizu\u0101li t\u012br\u0101ku, k\u0101 ar\u012b uzlabo kop\u0113jo \u0101das st\u0101vokli. Regul\u0101ri lietojot, \u0101da izskat\u0101s glud\u0101ka, kopt\u0101ka un dz\u012bv\u012bg\u0101ka.<\/p>\n<p data-start=\"4480\" data-end=\"4522\"><strong data-start=\"4480\" data-end=\"4520\">Galveno akt\u012bvo sast\u0101vda\u013cu iedarb\u012bba:<\/strong><\/p>\n<ul data-start=\"4523\" data-end=\"4884\">\n<li data-start=\"4523\" data-end=\"4663\">\n<p data-start=\"4525\" data-end=\"4663\"><strong data-start=\"4525\" data-end=\"4550\">C vitam\u012bna komplekss:<\/strong> nodro\u0161ina sp\u0113c\u012bgu antioksidantu aizsardz\u012bbu, pal\u012bdz izgaismot \u0101du, izl\u012bdzin\u0101t sejas toni un pie\u0161\u0137irt mirdzumu.<\/p>\n<\/li>\n<li data-start=\"4664\" data-end=\"4769\">\n<p data-start=\"4666\" data-end=\"4769\"><strong data-start=\"4666\" data-end=\"4688\">Pept\u012bdu komplekss:<\/strong> atbalsta \u0101das atjauno\u0161anos un pal\u012bdz uzlabot t\u0101s tekst\u016bru un kop\u0113jo kvalit\u0101ti.<\/p>\n<\/li>\n<li data-start=\"4770\" data-end=\"4884\">\n<p data-start=\"4772\" data-end=\"4884\"><strong data-start=\"4772\" data-end=\"4815\">Hialuronsk\u0101be un mitrino\u0161ais komplekss:<\/strong> uztur optim\u0101lu mitruma l\u012bmeni, padarot \u0101du glud\u0101ku un komfortabl\u0101ku.<\/p>\n<\/li>\n<\/ul>\n<p data-start=\"4886\" data-end=\"4961\">Piem\u0113rots bl\u0101vai, nevienm\u0113r\u012bgas tekst\u016bras \u0101dai un \u0101dai ar noguruma paz\u012bm\u0113m.<\/p>\n<p data-start=\"4963\" data-end=\"4985\"><strong data-start=\"4963\" data-end=\"4975\">Tilpums:<\/strong> <strong data-start=\"4976\" data-end=\"4985\">30 ml<\/strong><\/p>\n","protected":false},"excerpt":{"rendered":"<p data-start=\"5251\" data-end=\"5322\"><span style=\"color: #ff0000;\"><strong data-start=\"5251\" data-end=\"5322\">pH Formula produktu pieg\u0101de ir pieejama tikai Igaunijas teritorij\u0101.<\/strong><\/span><\/p>\n<p data-start=\"5324\" data-end=\"5510\"><span style=\"color: #ff0000;\"><strong data-start=\"5324\" data-end=\"5331\">NB!<\/strong> Produktu iesp\u0113jams ieg\u0101d\u0101ties tikai p\u0113c speci\u0101lista konsult\u0101cijas. Zvaniet +372 58 500 171 vai rakstiet uz <a class=\"decorated-link cursor-pointer\" style=\"color: #ff0000;\" href=\"mailto:info@skinstudio.ee\" rel=\"noopener\" data-start=\"5439\" data-end=\"5457\">info@skinstudio.ee<\/a>. M\u016bsu konsultanti pal\u012bdz\u0113s jums ar \u0161\u012b z\u012bmola ieg\u0101di.<\/span><\/p>\n<p data-start=\"5512\" data-end=\"5544\">Koncentr\u0113ts serums ar C vitam\u012bnu<\/p>\n<h2 data-start=\"5546\" data-end=\"5584\"><strong data-start=\"5546\" data-end=\"5584\">\u012apa\u0161\u012bbas pH Formula &#8211; VITA C Serum<\/strong><\/h2>\n<p data-start=\"5586\" data-end=\"5784\">\u2714\ufe0f Izgaismo un izl\u012bdzina \u0101das toni<br data-start=\"5620\" data-end=\"5623\" \/>\u2714\ufe0f Pie\u0161\u0137ir \u0101dai redzamu mirdzumu<br data-start=\"5655\" data-end=\"5658\" \/>\u2714\ufe0f Uzlabo tekst\u016bru un padara \u0101du glud\u0101ku<br data-start=\"5698\" data-end=\"5701\" \/>\u2714\ufe0f Nodro\u0161ina antioksidantu aizsardz\u012bbu<br data-start=\"5739\" data-end=\"5742\" \/>\u2714\ufe0f Atbalsta svaigu un koptu \u0101das izskatu<\/p>\n","protected":false},"featured_media":64906,"template":"","meta":[],"pwb-brand":[778],"product_brand":[],"product_cat":[729,653,739,723],"product_tag":[],"giftcard-category":[],"class_list":{"0":"post-77895","1":"product","2":"type-product","3":"status-publish","4":"has-post-thumbnail","6":"pwb-brand-ph-formula","7":"product_cat-c-vitamins","8":"product_cat-ph-formula-lv","9":"product_cat-sausai-adai","10":"product_cat-serumi","12":"first","13":"instock","14":"taxable","15":"shipping-taxable","16":"purchasable","17":"product-type-simple"},"acf":[],"brands":[{"id":778,"name":"pH Formula","slug":"ph-formula"}],"_links":{"self":[{"href":"https:\/\/skinstudio.ee\/lv\/wp-json\/wp\/v2\/product\/77895","targetHints":{"allow":["GET"]}}],"collection":[{"href":"https:\/\/skinstudio.ee\/lv\/wp-json\/wp\/v2\/product"}],"about":[{"href":"https:\/\/skinstudio.ee\/lv\/wp-json\/wp\/v2\/types\/product"}],"version-history":[{"count":1,"href":"https:\/\/skinstudio.ee\/lv\/wp-json\/wp\/v2\/product\/77895\/revisions"}],"predecessor-version":[{"id":77896,"href":"https:\/\/skinstudio.ee\/lv\/wp-json\/wp\/v2\/product\/77895\/revisions\/77896"}],"wp:featuredmedia":[{"embeddable":true,"href":"https:\/\/skinstudio.ee\/lv\/wp-json\/wp\/v2\/media\/64906"}],"wp:attachment":[{"href":"https:\/\/skinstudio.ee\/lv\/wp-json\/wp\/v2\/media?parent=77895"}],"wp:term":[{"taxonomy":"pwb-brand","embeddable":true,"href":"https:\/\/skinstudio.ee\/lv\/wp-json\/wp\/v2\/pwb-brand?post=77895"},{"taxonomy":"product_brand","embeddable":true,"href":"https:\/\/skinstudio.ee\/lv\/wp-json\/wp\/v2\/product_brand?post=77895"},{"taxonomy":"product_cat","embeddable":true,"href":"https:\/\/skinstudio.ee\/lv\/wp-json\/wp\/v2\/product_cat?post=77895"},{"taxonomy":"product_tag","embeddable":true,"href":"https:\/\/skinstudio.ee\/lv\/wp-json\/wp\/v2\/product_tag?post=77895"},{"taxonomy":"giftcard-category","embeddable":true,"href":"https:\/\/skinstudio.ee\/lv\/wp-json\/wp\/v2\/giftcard-category?post=77895"}],"curies":[{"name":"wp","href":"https:\/\/api.w.org\/{rel}","templated":true}]}}