{"id":77903,"date":"2025-04-02T14:20:45","date_gmt":"2025-04-02T14:20:45","guid":{"rendered":"https:\/\/skinstudio.ee\/?post_type=product&#038;p=77903"},"modified":"2026-02-13T15:28:27","modified_gmt":"2026-02-13T15:28:27","slug":"spot-on-blemish-active","status":"publish","type":"product","link":"https:\/\/skinstudio.ee\/lv\/catalog\/ph-formula\/spot-on-blemish-active\/","title":{"rendered":"SPOT ON Blemish Active"},"content":{"rendered":"<p data-start=\"4015\" data-end=\"4283\"><strong data-start=\"4015\" data-end=\"4055\">SPOT ON Blemish Active no pH Formula<\/strong> ir \u0101tras iedarb\u012bbas lok\u0101ls l\u012bdzeklis, kas paredz\u0113ts iekaisu\u0161u izsitumu un nepiln\u012bbu \u0101trai kop\u0161anai. Formula darbojas lok\u0101li, pal\u012bdzot \u0101tri samazin\u0101t aps\u0101rtumu, nomierin\u0101t iekaisumu un pa\u0101trin\u0101t problem\u0101tisk\u0101s zonas att\u012br\u012b\u0161anos.<\/p>\n<p data-start=\"4285\" data-end=\"4495\">Produkts iedarbojas tie\u0161i uz izsitumu, pal\u012bdz att\u012br\u012bt poras, samazina ar akni saist\u012bto bakt\u0113riju aktivit\u0101ti un mazina diskomfortu. Regul\u0101ri lietojot, izsitumi sadz\u012bst \u0101tr\u0101k, un \u0101da izskat\u0101s mier\u012bg\u0101ka un t\u012br\u0101ka.<\/p>\n<p data-start=\"4497\" data-end=\"4539\"><strong data-start=\"4497\" data-end=\"4537\">Galveno akt\u012bvo sast\u0101vda\u013cu iedarb\u012bba:<\/strong><\/p>\n<ul data-start=\"4540\" data-end=\"4916\">\n<li data-start=\"4540\" data-end=\"4669\">\n<p data-start=\"4542\" data-end=\"4669\"><strong data-start=\"4542\" data-end=\"4574\">Salicilsk\u0101be un mande\u013csk\u0101be:<\/strong> pal\u012bdz att\u012br\u012bt poras, mazin\u0101t iekaisumu un pa\u0101trin\u0101t \u0101das atjauno\u0161anos problem\u0101tiskaj\u0101 zon\u0101.<\/p>\n<\/li>\n<li data-start=\"4670\" data-end=\"4770\">\n<p data-start=\"4672\" data-end=\"4770\"><strong data-start=\"4672\" data-end=\"4689\">Azela\u012bnsk\u0101be:<\/strong> pal\u012bdz samazin\u0101t aps\u0101rtumu, uzlabo \u0101das st\u0101vokli un mazina p\u0113ciekaisuma p\u0113das.<\/p>\n<\/li>\n<li data-start=\"4771\" data-end=\"4916\">\n<p data-start=\"4773\" data-end=\"4916\"><strong data-start=\"4773\" data-end=\"4814\">T\u0113jas koka e\u013c\u013ca un pH-DVC\u2122 komplekss:<\/strong> nodro\u0161ina sp\u0113c\u012bgu antibakteri\u0101lu un nomierino\u0161u iedarb\u012bbu, pal\u012bdzot \u0101tri kontrol\u0113t iekaisuma procesu.<\/p>\n<\/li>\n<\/ul>\n<p data-start=\"4918\" data-end=\"4992\">Piem\u0113rots \u0101dai ar noslieci uz izsitumiem, iekaisumu un lok\u0101l\u0101m nepiln\u012bb\u0101m.<\/p>\n<p data-start=\"4994\" data-end=\"5016\"><strong data-start=\"4994\" data-end=\"5006\">Tilpums:<\/strong> <strong data-start=\"5007\" data-end=\"5016\">20 ml<\/strong><\/p>\n","protected":false},"excerpt":{"rendered":"<p data-start=\"5253\" data-end=\"5324\"><span style=\"color: #ff0000;\"><strong data-start=\"5253\" data-end=\"5324\">pH Formula produktu pieg\u0101de ir pieejama tikai Igaunijas teritorij\u0101.<\/strong><\/span><\/p>\n<p data-start=\"5326\" data-end=\"5512\"><span style=\"color: #ff0000;\"><strong data-start=\"5326\" data-end=\"5333\">NB!<\/strong> Produktu iesp\u0113jams ieg\u0101d\u0101ties tikai p\u0113c speci\u0101lista konsult\u0101cijas. Zvaniet +372 58 500 171 vai rakstiet uz <a class=\"decorated-link cursor-pointer\" style=\"color: #ff0000;\" href=\"mailto:info@skinstudio.ee\" rel=\"noopener\" data-start=\"5441\" data-end=\"5459\">info@skinstudio.ee<\/a>. M\u016bsu konsultanti pal\u012bdz\u0113s jums ar \u0161\u012b z\u012bmola ieg\u0101di.<\/span><\/p>\n<p data-start=\"5514\" data-end=\"5546\">Lok\u0101ls l\u012bdzeklis pret izsitumiem<\/p>\n<h2 data-start=\"5548\" data-end=\"5596\"><strong data-start=\"5548\" data-end=\"5596\">\u012apa\u0161\u012bbas pH Formula &#8211; SPOT ON Blemish Active<\/strong><\/h2>\n<p data-start=\"5598\" data-end=\"5839\">\u2714\ufe0f \u0100tri samazina iekaisumu un aps\u0101rtumu<br data-start=\"5637\" data-end=\"5640\" \/>\u2714\ufe0f Pal\u012bdz att\u012br\u012bt poras problem\u0101tiskaj\u0101 zon\u0101<br data-start=\"5684\" data-end=\"5687\" \/>\u2714\ufe0f Samazina ar akni saist\u012bto bakt\u0113riju aktivit\u0101ti<br data-start=\"5736\" data-end=\"5739\" \/>\u2714\ufe0f Pa\u0101trina dz\u012b\u0161anu un samazina izsituma izm\u0113ru<br data-start=\"5786\" data-end=\"5789\" \/>\u2714\ufe0f Padara problem\u0101tisko zonu t\u012br\u0101ku un mier\u012bg\u0101ku<\/p>\n","protected":false},"featured_media":64911,"template":"","meta":[],"pwb-brand":[778],"product_brand":[],"product_cat":[741,743,653,747],"product_tag":[],"giftcard-category":[],"class_list":{"0":"post-77903","1":"product","2":"type-product","3":"status-publish","4":"has-post-thumbnail","6":"pwb-brand-ph-formula","7":"product_cat-izsitumi","8":"product_cat-paplasinatas-poras","9":"product_cat-ph-formula-lv","10":"product_cat-taukainai-adai","12":"first","13":"instock","14":"taxable","15":"shipping-taxable","16":"purchasable","17":"product-type-simple"},"acf":[],"brands":[{"id":778,"name":"pH Formula","slug":"ph-formula"}],"_links":{"self":[{"href":"https:\/\/skinstudio.ee\/lv\/wp-json\/wp\/v2\/product\/77903","targetHints":{"allow":["GET"]}}],"collection":[{"href":"https:\/\/skinstudio.ee\/lv\/wp-json\/wp\/v2\/product"}],"about":[{"href":"https:\/\/skinstudio.ee\/lv\/wp-json\/wp\/v2\/types\/product"}],"version-history":[{"count":1,"href":"https:\/\/skinstudio.ee\/lv\/wp-json\/wp\/v2\/product\/77903\/revisions"}],"predecessor-version":[{"id":77904,"href":"https:\/\/skinstudio.ee\/lv\/wp-json\/wp\/v2\/product\/77903\/revisions\/77904"}],"wp:featuredmedia":[{"embeddable":true,"href":"https:\/\/skinstudio.ee\/lv\/wp-json\/wp\/v2\/media\/64911"}],"wp:attachment":[{"href":"https:\/\/skinstudio.ee\/lv\/wp-json\/wp\/v2\/media?parent=77903"}],"wp:term":[{"taxonomy":"pwb-brand","embeddable":true,"href":"https:\/\/skinstudio.ee\/lv\/wp-json\/wp\/v2\/pwb-brand?post=77903"},{"taxonomy":"product_brand","embeddable":true,"href":"https:\/\/skinstudio.ee\/lv\/wp-json\/wp\/v2\/product_brand?post=77903"},{"taxonomy":"product_cat","embeddable":true,"href":"https:\/\/skinstudio.ee\/lv\/wp-json\/wp\/v2\/product_cat?post=77903"},{"taxonomy":"product_tag","embeddable":true,"href":"https:\/\/skinstudio.ee\/lv\/wp-json\/wp\/v2\/product_tag?post=77903"},{"taxonomy":"giftcard-category","embeddable":true,"href":"https:\/\/skinstudio.ee\/lv\/wp-json\/wp\/v2\/giftcard-category?post=77903"}],"curies":[{"name":"wp","href":"https:\/\/api.w.org\/{rel}","templated":true}]}}