{"id":77910,"date":"2025-04-02T14:01:51","date_gmt":"2025-04-02T14:01:51","guid":{"rendered":"https:\/\/skinstudio.ee\/?post_type=product&#038;p=77910"},"modified":"2026-02-13T15:28:27","modified_gmt":"2026-02-13T15:28:27","slug":"spot-on-moisture-balance","status":"publish","type":"product","link":"https:\/\/skinstudio.ee\/lv\/catalog\/ph-formula\/spot-on-moisture-balance\/","title":{"rendered":"SPOT ON Moisture Balance"},"content":{"rendered":"<p data-start=\"4061\" data-end=\"4315\">SPOT ON Moisture Balance no pH Formula ir \u0101tri ies\u016bco\u0161s balans\u0113jo\u0161s mitrino\u0161s kr\u0113ms \u0101dai, kurai ir nosliece uz taukain\u012bbu un sp\u012bdumu. Formula nodro\u0161ina vieglu, bet efekt\u012bvu mitrin\u0101\u0161anu, pal\u012bdz kontrol\u0113t lieko sebumu un pie\u0161\u0137ir \u0101dai mat\u0113tu, koptu izskatu.<\/p>\n<p data-start=\"4317\" data-end=\"4531\">Kr\u0113ms uztur \u0101das komfortu visas dienas garum\u0101, padara \u0101du svaig\u0101ku un vizu\u0101li vienm\u0113r\u012bg\u0101ku, k\u0101 ar\u012b pal\u012bdz uzlabot poru un \u0101das tekst\u016bras izskatu. Regul\u0101ri lietojot, \u0101da izskat\u0101s t\u012br\u0101ka, l\u012bdzsvarot\u0101ka un vesel\u012bg\u0101ka.<\/p>\n<p data-start=\"4533\" data-end=\"4566\"><strong data-start=\"4533\" data-end=\"4566\">Galveno sast\u0101vda\u013cu iedarb\u012bba:<\/strong><\/p>\n<p data-start=\"4568\" data-end=\"4889\"><strong data-start=\"4568\" data-end=\"4619\">Mat\u0113jo\u0161s komplekss ar absorb\u0113jo\u0161\u0101m sast\u0101vda\u013c\u0101m:<\/strong> pal\u012bdz kontrol\u0113t sp\u012bdumu, samazina lip\u012bguma saj\u016btu un uztur \u0101du mat\u0113tu.<br data-start=\"4691\" data-end=\"4694\" \/><strong data-start=\"4694\" data-end=\"4745\">Mitrino\u0161s komplekss ar aminosk\u0101b\u0113m un cukuriem:<\/strong> uztur optim\u0101lu mitruma l\u012bmeni, nep\u0101rslogojot \u0101du.<br data-start=\"4795\" data-end=\"4798\" \/><strong data-start=\"4798\" data-end=\"4817\">L\u0113cu ekstrakts:<\/strong> pal\u012bdz vizu\u0101li samazin\u0101t poru redzam\u012bbu un uzlabo kop\u0113jo \u0101das tekst\u016bru.<\/p>\n<p data-start=\"4891\" data-end=\"4963\">Piem\u0113rots \u0101dai ar noslieci uz taukain\u012bbu, sp\u012bdumu un papla\u0161in\u0101t\u0101m por\u0101m.<\/p>\n<p data-start=\"4965\" data-end=\"4983\"><strong data-start=\"4965\" data-end=\"4977\">Tilpums:<\/strong> 50 ml<\/p>\n","protected":false},"excerpt":{"rendered":"<p data-start=\"5266\" data-end=\"5337\"><span style=\"color: #ff0000;\"><strong data-start=\"5266\" data-end=\"5337\">pH Formula produktu pieg\u0101de ir pieejama tikai Igaunijas teritorij\u0101.<\/strong><\/span><\/p>\n<p data-start=\"5339\" data-end=\"5522\"><span style=\"color: #ff0000;\"><strong data-start=\"5339\" data-end=\"5346\">NB!<\/strong> Produktu iesp\u0113jams ieg\u0101d\u0101ties tikai p\u0113c speci\u0101lista konsult\u0101cijas. Zvaniet +372 58 500 171 vai rakstiet <a class=\"decorated-link cursor-pointer\" style=\"color: #ff0000;\" href=\"mailto:info@skinstudio.ee\" rel=\"noopener\" data-start=\"5451\" data-end=\"5469\">info@skinstudio.ee<\/a>. M\u016bsu konsultanti pal\u012bdz\u0113s jums ar \u0161\u012b z\u012bmola ieg\u0101di.<\/span><\/p>\n<p data-start=\"5524\" data-end=\"5551\">Balans\u0113jo\u0161s mitrino\u0161s kr\u0113ms<\/p>\n<h2 data-start=\"5553\" data-end=\"5603\"><strong data-start=\"5553\" data-end=\"5603\">\u012apa\u0161\u012bbas pH Formula &#8211; SPOT ON Moisture Balance<\/strong><\/h2>\n<p data-start=\"5605\" data-end=\"5866\">\u2714\ufe0f Viegli un komfortabli mitrina \u0101du bez smaguma saj\u016btas<br data-start=\"5661\" data-end=\"5664\" \/>\u2714\ufe0f Pal\u012bdz kontrol\u0113t taukaino sp\u012bdumu un mat\u0113 \u0101du<br data-start=\"5712\" data-end=\"5715\" \/>\u2714\ufe0f Vizu\u0101li uzlabo \u0101das tekst\u016bru un samazina poru redzam\u012bbu<br data-start=\"5773\" data-end=\"5776\" \/>\u2714\ufe0f Padara \u0101du svaig\u0101ku un kopt\u0101ku<br data-start=\"5809\" data-end=\"5812\" \/>\u2714\ufe0f Pal\u012bdz uztur\u0113t \u0101das l\u012bdzsvaru visas dienas garum\u0101<\/p>\n","protected":false},"featured_media":72136,"template":"","meta":[],"pwb-brand":[778],"product_brand":[],"product_cat":[741,737,743,653,747],"product_tag":[],"giftcard-category":[],"class_list":{"0":"post-77910","1":"product","2":"type-product","3":"status-publish","4":"has-post-thumbnail","6":"pwb-brand-ph-formula","7":"product_cat-izsitumi","8":"product_cat-mitrinasana","9":"product_cat-paplasinatas-poras","10":"product_cat-ph-formula-lv","11":"product_cat-taukainai-adai","13":"first","14":"instock","15":"taxable","16":"shipping-taxable","17":"purchasable","18":"product-type-simple"},"acf":[],"brands":[{"id":778,"name":"pH Formula","slug":"ph-formula"}],"_links":{"self":[{"href":"https:\/\/skinstudio.ee\/lv\/wp-json\/wp\/v2\/product\/77910","targetHints":{"allow":["GET"]}}],"collection":[{"href":"https:\/\/skinstudio.ee\/lv\/wp-json\/wp\/v2\/product"}],"about":[{"href":"https:\/\/skinstudio.ee\/lv\/wp-json\/wp\/v2\/types\/product"}],"version-history":[{"count":1,"href":"https:\/\/skinstudio.ee\/lv\/wp-json\/wp\/v2\/product\/77910\/revisions"}],"predecessor-version":[{"id":77913,"href":"https:\/\/skinstudio.ee\/lv\/wp-json\/wp\/v2\/product\/77910\/revisions\/77913"}],"wp:featuredmedia":[{"embeddable":true,"href":"https:\/\/skinstudio.ee\/lv\/wp-json\/wp\/v2\/media\/72136"}],"wp:attachment":[{"href":"https:\/\/skinstudio.ee\/lv\/wp-json\/wp\/v2\/media?parent=77910"}],"wp:term":[{"taxonomy":"pwb-brand","embeddable":true,"href":"https:\/\/skinstudio.ee\/lv\/wp-json\/wp\/v2\/pwb-brand?post=77910"},{"taxonomy":"product_brand","embeddable":true,"href":"https:\/\/skinstudio.ee\/lv\/wp-json\/wp\/v2\/product_brand?post=77910"},{"taxonomy":"product_cat","embeddable":true,"href":"https:\/\/skinstudio.ee\/lv\/wp-json\/wp\/v2\/product_cat?post=77910"},{"taxonomy":"product_tag","embeddable":true,"href":"https:\/\/skinstudio.ee\/lv\/wp-json\/wp\/v2\/product_tag?post=77910"},{"taxonomy":"giftcard-category","embeddable":true,"href":"https:\/\/skinstudio.ee\/lv\/wp-json\/wp\/v2\/giftcard-category?post=77910"}],"curies":[{"name":"wp","href":"https:\/\/api.w.org\/{rel}","templated":true}]}}