{"id":77919,"date":"2025-04-02T12:24:58","date_gmt":"2025-04-02T12:24:58","guid":{"rendered":"https:\/\/skinstudio.ee\/?post_type=product&#038;p=77919"},"modified":"2026-02-13T15:28:12","modified_gmt":"2026-02-13T15:28:12","slug":"f-o-a-m-cleanse","status":"publish","type":"product","link":"https:\/\/skinstudio.ee\/lv\/catalog\/ph-formula\/f-o-a-m-cleanse\/","title":{"rendered":"F.O.A.M. Cleanse"},"content":{"rendered":"<p data-start=\"3810\" data-end=\"4080\"><strong data-start=\"3810\" data-end=\"3844\">F.O.A.M. Cleanse no pH Formula<\/strong> ir \u0161\u0137idrs att\u012bro\u0161s l\u012bdzeklis ar bag\u0101t\u012bgu putu tekst\u016bru, kas paredz\u0113ts maigai, bet efekt\u012bvai att\u012br\u012b\u0161anai bez ziep\u0113m. Formula maigi no\u0146em kosm\u0113tiku un net\u012brumus, netrauc\u0113jot \u0101das dabisko l\u012bdzsvaru un neradot sausuma vai savilkuma saj\u016btu.<\/p>\n<p data-start=\"4082\" data-end=\"4282\">L\u012bdzeklis vienlaikus att\u012bra un nomierina \u0101du, pal\u012bdz saglab\u0101t komforta un svaiguma saj\u016btu, padara \u0101du t\u012br\u0101ku, glud\u0101ku un kopt\u0101ku. Regul\u0101ri lietojot, \u0101da izskat\u0101s vienm\u0113r\u012bg\u0101ka, svaig\u0101ka un starojo\u0161\u0101ka.<\/p>\n<p data-start=\"4284\" data-end=\"4319\"><strong data-start=\"4284\" data-end=\"4317\">Galveno sast\u0101vda\u013cu iedarb\u012bba:<\/strong><\/p>\n<p data-start=\"4321\" data-end=\"4704\"><strong data-start=\"4321\" data-end=\"4347\">Za\u013c\u0101s t\u0113jas ekstrakts:<\/strong> nodro\u0161ina antioksidantu un nomierino\u0161u iedarb\u012bbu, pal\u012bdz aizsarg\u0101t \u0101du no apk\u0101rt\u0113j\u0101s vides negat\u012bv\u0101s ietekmes.<br data-start=\"4458\" data-end=\"4461\" \/><strong data-start=\"4461\" data-end=\"4501\">Burvjulazdas (hamamelisa) ekstrakts:<\/strong> pal\u012bdz att\u012br\u012bt \u0101du, mazina diskomfortu un veicina svaig\u0101ku un kopt\u0101ku izskatu.<br data-start=\"4580\" data-end=\"4583\" \/><strong data-start=\"4583\" data-end=\"4597\">Piensk\u0101be:<\/strong> maigi veicina \u0101das atjauno\u0161anos, uzlabo tekst\u016bru un pal\u012bdz saglab\u0101t vienm\u0113r\u012bg\u0101ku un starojo\u0161\u0101ku \u0101das toni.<\/p>\n<p data-start=\"4706\" data-end=\"4749\">Piem\u0113rots maigai ikdienas \u0101das att\u012br\u012b\u0161anai.<\/p>\n<p data-start=\"4751\" data-end=\"4770\"><strong data-start=\"4751\" data-end=\"4763\">Tilpums:<\/strong> 150 ml<\/p>\n","protected":false},"excerpt":{"rendered":"<p data-start=\"5020\" data-end=\"5091\"><span style=\"color: #ff0000;\"><strong data-start=\"5020\" data-end=\"5091\">pH Formula produktu pieg\u0101de ir pieejama tikai Igaunijas teritorij\u0101.<\/strong><\/span><\/p>\n<p data-start=\"5093\" data-end=\"5279\"><span style=\"color: #ff0000;\"><strong data-start=\"5093\" data-end=\"5100\">NB!<\/strong> Produktu iesp\u0113jams ieg\u0101d\u0101ties tikai p\u0113c speci\u0101lista konsult\u0101cijas. Zvaniet +372 58 500 171 vai rakstiet uz <a class=\"decorated-link cursor-pointer\" style=\"color: #ff0000;\" href=\"mailto:info@skinstudio.ee\" rel=\"noopener\" data-start=\"5208\" data-end=\"5226\">info@skinstudio.ee<\/a>. M\u016bsu konsultanti pal\u012bdz\u0113s jums ar \u0161\u012b z\u012bmola ieg\u0101di.<\/span><\/p>\n<p data-start=\"5281\" data-end=\"5317\">\u0160\u0137idrs att\u012bro\u0161s l\u012bdzeklis bez ziep\u0113m<\/p>\n<h2 data-start=\"5319\" data-end=\"5361\"><strong data-start=\"5319\" data-end=\"5361\">\u012apa\u0161\u012bbas pH Formula &#8211; F.O.A.M. Cleanse<\/strong><\/h2>\n<p data-start=\"5363\" data-end=\"5588\">\u2714\ufe0f Maigi un efekt\u012bvi att\u012bra \u0101du un no\u0146em kosm\u0113tiku<br data-start=\"5413\" data-end=\"5416\" \/>\u2714\ufe0f Nomierina \u0101du un saglab\u0101 komforta saj\u016btu<br data-start=\"5459\" data-end=\"5462\" \/>\u2714\ufe0f Padara \u0101du svaig\u0101ku un starojo\u0161\u0101ku<br data-start=\"5499\" data-end=\"5502\" \/>\u2714\ufe0f Uzlabo \u0101das tekst\u016bru un kop\u0113jo izskatu<br data-start=\"5543\" data-end=\"5546\" \/>\u2714\ufe0f Piem\u0113rots ikdienas maigai att\u012br\u012b\u0161anai<\/p>\n","protected":false},"featured_media":64997,"template":"","meta":[],"pwb-brand":[778],"product_brand":[],"product_cat":[715,653],"product_tag":[],"giftcard-category":[],"class_list":{"0":"post-77919","1":"product","2":"type-product","3":"status-publish","4":"has-post-thumbnail","6":"pwb-brand-ph-formula","7":"product_cat-attirisana","8":"product_cat-ph-formula-lv","10":"first","11":"instock","12":"taxable","13":"shipping-taxable","14":"purchasable","15":"product-type-simple"},"acf":[],"brands":[{"id":778,"name":"pH Formula","slug":"ph-formula"}],"_links":{"self":[{"href":"https:\/\/skinstudio.ee\/lv\/wp-json\/wp\/v2\/product\/77919","targetHints":{"allow":["GET"]}}],"collection":[{"href":"https:\/\/skinstudio.ee\/lv\/wp-json\/wp\/v2\/product"}],"about":[{"href":"https:\/\/skinstudio.ee\/lv\/wp-json\/wp\/v2\/types\/product"}],"version-history":[{"count":1,"href":"https:\/\/skinstudio.ee\/lv\/wp-json\/wp\/v2\/product\/77919\/revisions"}],"predecessor-version":[{"id":77921,"href":"https:\/\/skinstudio.ee\/lv\/wp-json\/wp\/v2\/product\/77919\/revisions\/77921"}],"wp:featuredmedia":[{"embeddable":true,"href":"https:\/\/skinstudio.ee\/lv\/wp-json\/wp\/v2\/media\/64997"}],"wp:attachment":[{"href":"https:\/\/skinstudio.ee\/lv\/wp-json\/wp\/v2\/media?parent=77919"}],"wp:term":[{"taxonomy":"pwb-brand","embeddable":true,"href":"https:\/\/skinstudio.ee\/lv\/wp-json\/wp\/v2\/pwb-brand?post=77919"},{"taxonomy":"product_brand","embeddable":true,"href":"https:\/\/skinstudio.ee\/lv\/wp-json\/wp\/v2\/product_brand?post=77919"},{"taxonomy":"product_cat","embeddable":true,"href":"https:\/\/skinstudio.ee\/lv\/wp-json\/wp\/v2\/product_cat?post=77919"},{"taxonomy":"product_tag","embeddable":true,"href":"https:\/\/skinstudio.ee\/lv\/wp-json\/wp\/v2\/product_tag?post=77919"},{"taxonomy":"giftcard-category","embeddable":true,"href":"https:\/\/skinstudio.ee\/lv\/wp-json\/wp\/v2\/giftcard-category?post=77919"}],"curies":[{"name":"wp","href":"https:\/\/api.w.org\/{rel}","templated":true}]}}