{"id":77927,"date":"2025-04-02T12:04:06","date_gmt":"2025-04-02T12:04:06","guid":{"rendered":"https:\/\/skinstudio.ee\/?post_type=product&#038;p=77927"},"modified":"2026-02-13T15:28:09","modified_gmt":"2026-02-13T15:28:09","slug":"e-x-f-o-cleanse","status":"publish","type":"product","link":"https:\/\/skinstudio.ee\/lv\/catalog\/ph-formula\/e-x-f-o-cleanse\/","title":{"rendered":"E.X.F.O. Cleanse"},"content":{"rendered":"<p data-start=\"5067\" data-end=\"5330\"><strong data-start=\"5067\" data-end=\"5101\">E.X.F.O. Cleanse no pH Formula<\/strong> ir maigs eksfoli\u0113jo\u0161s att\u012bro\u0161s l\u012bdzeklis, kas paredz\u0113ts efekt\u012bvai kosm\u0113tikas, net\u012brumu un liek\u0101 sebuma no\u0146em\u0161anai no \u0101das virsmas, netrauc\u0113jot t\u0101s dabisko l\u012bdzsvaru. Tas att\u012bra \u0101du saudz\u012bgi, neradot sausuma vai savilkuma saj\u016btu.<\/p>\n<p data-start=\"5332\" data-end=\"5580\">Formula veicina maigu atmiru\u0161o \u0101das \u0161\u016bnu no\u0146em\u0161anu, padarot \u0101du glud\u0101ku, svaig\u0101ku un lab\u0101k sagatavotu turpm\u0101kajiem kop\u0161anas posmiem. Att\u012bro\u0161o l\u012bdzekli var izmantot gan pH Formula kontrol\u0113t\u0101s \u0101das atjauno\u0161anas proced\u016br\u0101s, gan ikdienas m\u0101jas kop\u0161an\u0101.<\/p>\n<p data-start=\"5582\" data-end=\"5731\">E.X.F.O. Cleanse ir piem\u0113rots gan profesion\u0101lai lieto\u0161anai, gan ikdienas \u0101das kop\u0161anas rut\u012bnai, pal\u012bdzot uztur\u0113t \u0101du t\u012bru, gludu un vesel\u012bga izskata.<\/p>\n<p data-start=\"5733\" data-end=\"5768\"><strong data-start=\"5733\" data-end=\"5766\">Galveno sast\u0101vda\u013cu iedarb\u012bba:<\/strong><\/p>\n<ul data-start=\"5769\" data-end=\"6152\">\n<li data-start=\"5769\" data-end=\"5890\">\n<p data-start=\"5771\" data-end=\"5890\"><strong data-start=\"5771\" data-end=\"5790\">Laktobionsk\u0101be:<\/strong> maigi veicina \u0101das atjauno\u0161anos, pal\u012bdz uzlabot \u0101das tekst\u016bru un uztur\u0113t gludu un svaigu izskatu.<\/p>\n<\/li>\n<li data-start=\"5891\" data-end=\"6030\">\n<p data-start=\"5893\" data-end=\"6030\"><strong data-start=\"5893\" data-end=\"5923\">Papaijas enz\u012bms (papains):<\/strong> nodro\u0161ina maigu enz\u012bmatisku eksfoli\u0101ciju, pal\u012bdzot no\u0146emt atmiru\u0161\u0101s \u0101das \u0161\u016bnas bez agres\u012bvas iedarb\u012bbas.<\/p>\n<\/li>\n<li data-start=\"6031\" data-end=\"6152\">\n<p data-start=\"6033\" data-end=\"6152\"><strong data-start=\"6033\" data-end=\"6062\">Vitam\u012bns B5 un ur\u012bnviela:<\/strong> pal\u012bdz uztur\u0113t \u0101das mitruma l\u012bmeni, mazin\u0101t diskomfortu un atbalst\u012bt \u0101das aizsargbarjeru.<\/p>\n<\/li>\n<\/ul>\n<p data-start=\"6154\" data-end=\"6205\">Piem\u0113rots visiem \u0101das tipiem, tostarp jut\u012bgai \u0101dai.<\/p>\n<p data-start=\"6207\" data-end=\"6247\"><strong data-start=\"6207\" data-end=\"6219\">Tilpums:<\/strong> <strong data-start=\"6220\" data-end=\"6247\">20 ml \/ 100 ml \/ 200 ml<\/strong><\/p>\n","protected":false},"excerpt":{"rendered":"<p data-start=\"6891\" data-end=\"6962\"><span style=\"color: #ff0000;\"><strong data-start=\"6891\" data-end=\"6962\">pH Formula produktu pieg\u0101de ir pieejama tikai Igaunijas teritorij\u0101.<\/strong><\/span><\/p>\n<p data-start=\"6964\" data-end=\"7150\"><span style=\"color: #ff0000;\"><strong data-start=\"6964\" data-end=\"6971\">NB!<\/strong> Produktu iesp\u0113jams ieg\u0101d\u0101ties tikai p\u0113c speci\u0101lista konsult\u0101cijas. Zvaniet +372 58 500 171 vai rakstiet uz <a style=\"color: #ff0000;\" href=\"mailto:info@skinstudio.ee\">info@skinstudio.ee<\/a>. M\u016bsu konsultanti pal\u012bdz\u0113s jums ar \u0161\u012b z\u012bmola ieg\u0101di.<\/span><\/p>\n<p data-start=\"7152\" data-end=\"7182\">Mitrino\u0161s att\u012bro\u0161s eksfoliants<\/p>\n<h2 data-start=\"7184\" data-end=\"7226\"><strong data-start=\"7184\" data-end=\"7226\">\u012apa\u0161\u012bbas pH Formula &#8211; E.X.F.O. Cleanse<\/strong><\/h2>\n<p data-start=\"7228\" data-end=\"7470\">\u2714\ufe0f Maigi un efekt\u012bvi no\u0146em kosm\u0113tiku un net\u012brumus<br data-start=\"7277\" data-end=\"7280\" \/>\u2714\ufe0f Nodro\u0161ina delik\u0101tu atmiru\u0161o \u0101das \u0161\u016bnu no\u0146em\u0161anu<br data-start=\"7330\" data-end=\"7333\" \/>\u2714\ufe0f Padara \u0101du glud\u0101ku un svaig\u0101ku<br data-start=\"7366\" data-end=\"7369\" \/>\u2714\ufe0f Sagatavo \u0101du turpm\u0101kajai kop\u0161anai un proced\u016br\u0101m<br data-start=\"7419\" data-end=\"7422\" \/>\u2714\ufe0f Piem\u0113rots profesion\u0101lai un m\u0101jas lieto\u0161anai<\/p>\n","protected":false},"featured_media":64927,"template":"","meta":[],"pwb-brand":[778],"product_brand":[],"product_cat":[715,653],"product_tag":[],"giftcard-category":[],"class_list":{"0":"post-77927","1":"product","2":"type-product","3":"status-publish","4":"has-post-thumbnail","6":"pwb-brand-ph-formula","7":"product_cat-attirisana","8":"product_cat-ph-formula-lv","9":"pa_suurus-100ml-lv","10":"pa_suurus-200ml-lv","11":"pa_suurus-20ml-lv","13":"first","14":"instock","15":"taxable","16":"shipping-taxable","17":"purchasable","18":"product-type-variable"},"acf":[],"brands":[{"id":778,"name":"pH Formula","slug":"ph-formula"}],"_links":{"self":[{"href":"https:\/\/skinstudio.ee\/lv\/wp-json\/wp\/v2\/product\/77927","targetHints":{"allow":["GET"]}}],"collection":[{"href":"https:\/\/skinstudio.ee\/lv\/wp-json\/wp\/v2\/product"}],"about":[{"href":"https:\/\/skinstudio.ee\/lv\/wp-json\/wp\/v2\/types\/product"}],"version-history":[{"count":1,"href":"https:\/\/skinstudio.ee\/lv\/wp-json\/wp\/v2\/product\/77927\/revisions"}],"predecessor-version":[{"id":77931,"href":"https:\/\/skinstudio.ee\/lv\/wp-json\/wp\/v2\/product\/77927\/revisions\/77931"}],"wp:featuredmedia":[{"embeddable":true,"href":"https:\/\/skinstudio.ee\/lv\/wp-json\/wp\/v2\/media\/64927"}],"wp:attachment":[{"href":"https:\/\/skinstudio.ee\/lv\/wp-json\/wp\/v2\/media?parent=77927"}],"wp:term":[{"taxonomy":"pwb-brand","embeddable":true,"href":"https:\/\/skinstudio.ee\/lv\/wp-json\/wp\/v2\/pwb-brand?post=77927"},{"taxonomy":"product_brand","embeddable":true,"href":"https:\/\/skinstudio.ee\/lv\/wp-json\/wp\/v2\/product_brand?post=77927"},{"taxonomy":"product_cat","embeddable":true,"href":"https:\/\/skinstudio.ee\/lv\/wp-json\/wp\/v2\/product_cat?post=77927"},{"taxonomy":"product_tag","embeddable":true,"href":"https:\/\/skinstudio.ee\/lv\/wp-json\/wp\/v2\/product_tag?post=77927"},{"taxonomy":"giftcard-category","embeddable":true,"href":"https:\/\/skinstudio.ee\/lv\/wp-json\/wp\/v2\/giftcard-category?post=77927"}],"curies":[{"name":"wp","href":"https:\/\/api.w.org\/{rel}","templated":true}]}}