{"id":77944,"date":"2025-04-01T14:49:27","date_gmt":"2025-04-01T14:49:27","guid":{"rendered":"https:\/\/skinstudio.ee\/?post_type=product&#038;p=77944"},"modified":"2026-02-13T15:28:12","modified_gmt":"2026-02-13T15:28:12","slug":"g-e-l-cleanse","status":"publish","type":"product","link":"https:\/\/skinstudio.ee\/lv\/catalog\/ph-formula\/g-e-l-cleanse\/","title":{"rendered":"G.E.L. Cleanse"},"content":{"rendered":"<p data-start=\"3968\" data-end=\"4236\"><strong data-start=\"3968\" data-end=\"4000\">G.E.L. Cleanse no pH Formula<\/strong> ir maigs, ziepes nesaturo\u0161s att\u012bro\u0161s g\u0113ls, kas paredz\u0113ts visu \u0101das tipu efekt\u012bvai un saudz\u012bgai att\u012br\u012b\u0161anai. L\u012bdzeklis r\u016bp\u012bgi no\u0146em net\u012brumus un kosm\u0113tiku, netrauc\u0113jot \u0101das dabisko mitruma l\u012bdzsvaru, un atst\u0101j \u0101du svaigu un komfortablu.<\/p>\n<p data-start=\"4238\" data-end=\"4437\">Formula iedarbojas saudz\u012bgi, neradot sausuma vai savilkuma saj\u016btu, pal\u012bdz saglab\u0101t \u0101das aizsargbarjeru un atbalsta vesel\u012bgu \u0101das izskatu. Regul\u0101ri lietojot, \u0101da izskat\u0101s svaig\u0101ka, glud\u0101ka un kopt\u0101ka.<\/p>\n<p data-start=\"4439\" data-end=\"4474\"><strong data-start=\"4439\" data-end=\"4472\">Galveno sast\u0101vda\u013cu iedarb\u012bba:<\/strong><\/p>\n<ul data-start=\"4475\" data-end=\"4822\">\n<li data-start=\"4475\" data-end=\"4585\">\n<p data-start=\"4477\" data-end=\"4585\"><strong data-start=\"4477\" data-end=\"4491\">Piensk\u0101be:<\/strong> veicina \u0161\u016bnu atjauno\u0161anos, pal\u012bdz uztur\u0113t \u0101das mitrumu un padara \u0101du glud\u0101ku un mirdzo\u0161\u0101ku.<\/p>\n<\/li>\n<li data-start=\"4586\" data-end=\"4706\">\n<p data-start=\"4588\" data-end=\"4706\"><strong data-start=\"4588\" data-end=\"4620\">Zieme\u013cu kokvilnas ekstrakts:<\/strong> nomierina \u0101du, stiprina barjerfunkcijas un pal\u012bdz aizsarg\u0101t pret \u0101r\u0113jiem faktoriem.<\/p>\n<\/li>\n<li data-start=\"4707\" data-end=\"4822\">\n<p data-start=\"4709\" data-end=\"4822\"><strong data-start=\"4709\" data-end=\"4738\">Kumel\u012b\u0161u ziedu ekstrakts:<\/strong> nodro\u0161ina antioksidantu un nomierino\u0161u iedarb\u012bbu un uzlabo \u0101das visp\u0101r\u0113jo st\u0101vokli.<\/p>\n<\/li>\n<\/ul>\n<p data-start=\"4824\" data-end=\"4895\">Piem\u0113rots ikdienas lieto\u0161anai visiem \u0101das tipiem, tostarp jut\u012bgai \u0101dai.<\/p>\n<p data-start=\"4897\" data-end=\"4920\"><strong data-start=\"4897\" data-end=\"4909\">Tilpums:<\/strong> <strong data-start=\"4910\" data-end=\"4920\">100 ml<\/strong><\/p>\n","protected":false},"excerpt":{"rendered":"<p data-start=\"5141\" data-end=\"5212\"><span style=\"color: #ff0000;\"><strong data-start=\"5141\" data-end=\"5212\">pH Formula produktu pieg\u0101de ir pieejama tikai Igaunijas teritorij\u0101.<\/strong><\/span><\/p>\n<p data-start=\"5214\" data-end=\"5400\"><span style=\"color: #ff0000;\"><strong data-start=\"5214\" data-end=\"5221\">NB!<\/strong> Produktu iesp\u0113jams ieg\u0101d\u0101ties tikai p\u0113c speci\u0101lista konsult\u0101cijas. Zvaniet +372 58 500 171 vai rakstiet uz <a class=\"decorated-link cursor-pointer\" style=\"color: #ff0000;\" href=\"mailto:info@skinstudio.ee\" rel=\"noopener\" data-start=\"5329\" data-end=\"5347\">info@skinstudio.ee<\/a>. M\u016bsu konsultanti pal\u012bdz\u0113s jums ar \u0161\u012b z\u012bmola ieg\u0101di.<\/span><\/p>\n<p data-start=\"5402\" data-end=\"5432\">Maigs att\u012bro\u0161s g\u0113ls bez ziep\u0113m<\/p>\n<h2 data-start=\"5434\" data-end=\"5474\"><strong data-start=\"5434\" data-end=\"5474\">\u012apa\u0161\u012bbas pH Formula &#8211; G.E.L. Cleanse<\/strong><\/h2>\n<p data-start=\"5476\" data-end=\"5695\">\u2714\ufe0f Maigi un efekt\u012bvi att\u012bra \u0101du un no\u0146em kosm\u0113tiku<br data-start=\"5526\" data-end=\"5529\" \/>\u2714\ufe0f Uztur \u0101das dabisko mitruma l\u012bdzsvaru<br data-start=\"5568\" data-end=\"5571\" \/>\u2714\ufe0f Nomierina \u0101du un atbalsta aizsargbarjeru<br data-start=\"5614\" data-end=\"5617\" \/>\u2714\ufe0f Padara \u0101du gludu un svaigu<br data-start=\"5646\" data-end=\"5649\" \/>\u2714\ufe0f Piem\u0113rots visiem \u0101das tipiem, ar\u012b jut\u012bgai<\/p>\n","protected":false},"featured_media":64932,"template":"","meta":[],"pwb-brand":[778],"product_brand":[],"product_cat":[715,653],"product_tag":[],"giftcard-category":[],"class_list":{"0":"post-77944","1":"product","2":"type-product","3":"status-publish","4":"has-post-thumbnail","6":"pwb-brand-ph-formula","7":"product_cat-attirisana","8":"product_cat-ph-formula-lv","10":"first","11":"instock","12":"taxable","13":"shipping-taxable","14":"purchasable","15":"product-type-simple"},"acf":[],"brands":[{"id":778,"name":"pH Formula","slug":"ph-formula"}],"_links":{"self":[{"href":"https:\/\/skinstudio.ee\/lv\/wp-json\/wp\/v2\/product\/77944","targetHints":{"allow":["GET"]}}],"collection":[{"href":"https:\/\/skinstudio.ee\/lv\/wp-json\/wp\/v2\/product"}],"about":[{"href":"https:\/\/skinstudio.ee\/lv\/wp-json\/wp\/v2\/types\/product"}],"version-history":[{"count":1,"href":"https:\/\/skinstudio.ee\/lv\/wp-json\/wp\/v2\/product\/77944\/revisions"}],"predecessor-version":[{"id":77945,"href":"https:\/\/skinstudio.ee\/lv\/wp-json\/wp\/v2\/product\/77944\/revisions\/77945"}],"wp:featuredmedia":[{"embeddable":true,"href":"https:\/\/skinstudio.ee\/lv\/wp-json\/wp\/v2\/media\/64932"}],"wp:attachment":[{"href":"https:\/\/skinstudio.ee\/lv\/wp-json\/wp\/v2\/media?parent=77944"}],"wp:term":[{"taxonomy":"pwb-brand","embeddable":true,"href":"https:\/\/skinstudio.ee\/lv\/wp-json\/wp\/v2\/pwb-brand?post=77944"},{"taxonomy":"product_brand","embeddable":true,"href":"https:\/\/skinstudio.ee\/lv\/wp-json\/wp\/v2\/product_brand?post=77944"},{"taxonomy":"product_cat","embeddable":true,"href":"https:\/\/skinstudio.ee\/lv\/wp-json\/wp\/v2\/product_cat?post=77944"},{"taxonomy":"product_tag","embeddable":true,"href":"https:\/\/skinstudio.ee\/lv\/wp-json\/wp\/v2\/product_tag?post=77944"},{"taxonomy":"giftcard-category","embeddable":true,"href":"https:\/\/skinstudio.ee\/lv\/wp-json\/wp\/v2\/giftcard-category?post=77944"}],"curies":[{"name":"wp","href":"https:\/\/api.w.org\/{rel}","templated":true}]}}