{"id":77952,"date":"2025-03-29T12:35:35","date_gmt":"2025-03-29T12:35:35","guid":{"rendered":"https:\/\/skinstudio.ee\/?post_type=product&#038;p=77952"},"modified":"2026-02-13T15:28:07","modified_gmt":"2026-02-13T15:28:07","slug":"c-r-recovery","status":"publish","type":"product","link":"https:\/\/skinstudio.ee\/lv\/catalog\/ph-formula\/c-r-recovery\/","title":{"rendered":"C.R. Recovery"},"content":{"rendered":"<p data-start=\"4006\" data-end=\"4296\"><strong data-start=\"4006\" data-end=\"4037\">C.R. Recovery no pH Formula<\/strong> ir atjaunojo\u0161s koncentr\u0101ts, kas paredz\u0113ts \u0101das atbalstam kontrol\u0113tu \u0101das atjauno\u0161anas proced\u016bru laik\u0101 un p\u0113c t\u0101m. Formula aktiviz\u0113 re\u0123ener\u0101cijas procesus, pal\u012bdz \u0101dai \u0101tr\u0101k atjaunoties p\u0113c intens\u012bv\u0101m proced\u016br\u0101m un veicina vesel\u012bga epidermas sl\u0101\u0146a veido\u0161anos.<\/p>\n<p data-start=\"4298\" data-end=\"4430\">Akt\u012bvo sast\u0101vda\u013cu siner\u0123ija pal\u012bdz pa\u0101trin\u0101t \u0101das atjauno\u0161anos, stiprin\u0101t t\u0101s aizsargfunkcijas un samazin\u0101t n\u0101kotnes boj\u0101jumu risku.<\/p>\n<p data-start=\"4432\" data-end=\"4467\"><strong data-start=\"4432\" data-end=\"4465\">Galveno sast\u0101vda\u013cu iedarb\u012bba:<\/strong><\/p>\n<ul data-start=\"4468\" data-end=\"4776\">\n<li data-start=\"4468\" data-end=\"4546\">\n<p data-start=\"4470\" data-end=\"4546\"><strong data-start=\"4470\" data-end=\"4483\">Retinols:<\/strong> stimul\u0113 \u0161\u016bnu atjauno\u0161anos un veicina epidermas re\u0123ener\u0101ciju.<\/p>\n<\/li>\n<li data-start=\"4547\" data-end=\"4650\">\n<p data-start=\"4549\" data-end=\"4650\"><strong data-start=\"4549\" data-end=\"4568\">Laktobionsk\u0101be:<\/strong> veicina saudz\u012bgu \u0101das atjauno\u0161anos, uzlabo tekst\u016bru un pal\u012bdz saglab\u0101t mitrumu.<\/p>\n<\/li>\n<li data-start=\"4651\" data-end=\"4776\">\n<p data-start=\"4653\" data-end=\"4776\"><strong data-start=\"4653\" data-end=\"4691\">Azeloglic\u012bns un pH-DVC\u2122 komplekss:<\/strong> stiprina \u0101das aizsargmeh\u0101nismus un nodro\u0161ina nomierino\u0161u un antioksidantu iedarb\u012bbu.<\/p>\n<\/li>\n<\/ul>\n<p data-start=\"4778\" data-end=\"4869\">Piem\u0113rots lieto\u0161anai proced\u016bru laik\u0101 un atjauno\u0161an\u0101s period\u0101 p\u0113c t\u0101m, tostarp jut\u012bgai \u0101dai.<\/p>\n<p data-start=\"4871\" data-end=\"4893\"><strong data-start=\"4871\" data-end=\"4883\">Tilpums:<\/strong> <strong data-start=\"4884\" data-end=\"4893\">30 ml<\/strong><\/p>\n","protected":false},"excerpt":{"rendered":"<p data-start=\"5176\" data-end=\"5232\"><span style=\"color: #ff0000;\"><strong data-start=\"5176\" data-end=\"5232\">pH Formula produktu pieg\u0101de pieejama tikai Igaunij\u0101.<\/strong><\/span><\/p>\n<p data-start=\"5234\" data-end=\"5410\"><span style=\"color: #ff0000;\"><strong data-start=\"5234\" data-end=\"5241\">NB!<\/strong> Produktu var ieg\u0101d\u0101ties tikai p\u0113c speci\u0101lista konsult\u0101cijas. Zvaniet +372 58 500 171 vai rakstiet uz <a class=\"decorated-link cursor-pointer\" style=\"color: #ff0000;\" href=\"mailto:info@skinstudio.ee\" rel=\"noopener\" data-start=\"5343\" data-end=\"5361\">info@skinstudio.ee<\/a>. M\u016bsu konsultanti pal\u012bdz\u0113s ieg\u0101d\u0101ties \u0161o z\u012bmolu.<\/span><\/p>\n<p data-start=\"5412\" data-end=\"5448\">Atjaunojo\u0161s koncentr\u0101ts jut\u012bgai \u0101dai<\/p>\n<h2 data-start=\"5450\" data-end=\"5489\"><strong data-start=\"5450\" data-end=\"5489\">\u012apa\u0161\u012bbas pH Formula &#8211; C.R. Recovery<\/strong><\/h2>\n<p data-start=\"5491\" data-end=\"5729\">\u2714\ufe0f Pa\u0101trina \u0101das atjauno\u0161anos p\u0113c proced\u016br\u0101m<br data-start=\"5535\" data-end=\"5538\" \/>\u2714\ufe0f Atbalsta epidermas re\u0123ener\u0101ciju<br data-start=\"5572\" data-end=\"5575\" \/>\u2714\ufe0f Stiprina \u0101das dabiskos aizsargmeh\u0101nismus<br data-start=\"5618\" data-end=\"5621\" \/>\u2714\ufe0f Nodro\u0161ina antioksidantu un pretiekaisuma atbalstu<br data-start=\"5673\" data-end=\"5676\" \/>\u2714\ufe0f Pal\u012bdz saglab\u0101t \u0101das vesel\u012bbu atjauno\u0161an\u0101s laik\u0101<\/p>\n","protected":false},"featured_media":64937,"template":"","meta":[],"pwb-brand":[778],"product_brand":[],"product_cat":[745,653,723],"product_tag":[],"giftcard-category":[],"class_list":{"0":"post-77952","1":"product","2":"type-product","3":"status-publish","4":"has-post-thumbnail","6":"pwb-brand-ph-formula","7":"product_cat-jutigai-adai","8":"product_cat-ph-formula-lv","9":"product_cat-serumi","11":"first","12":"instock","13":"taxable","14":"shipping-taxable","15":"purchasable","16":"product-type-simple"},"acf":[],"brands":[{"id":778,"name":"pH Formula","slug":"ph-formula"}],"_links":{"self":[{"href":"https:\/\/skinstudio.ee\/lv\/wp-json\/wp\/v2\/product\/77952","targetHints":{"allow":["GET"]}}],"collection":[{"href":"https:\/\/skinstudio.ee\/lv\/wp-json\/wp\/v2\/product"}],"about":[{"href":"https:\/\/skinstudio.ee\/lv\/wp-json\/wp\/v2\/types\/product"}],"version-history":[{"count":1,"href":"https:\/\/skinstudio.ee\/lv\/wp-json\/wp\/v2\/product\/77952\/revisions"}],"predecessor-version":[{"id":77953,"href":"https:\/\/skinstudio.ee\/lv\/wp-json\/wp\/v2\/product\/77952\/revisions\/77953"}],"wp:featuredmedia":[{"embeddable":true,"href":"https:\/\/skinstudio.ee\/lv\/wp-json\/wp\/v2\/media\/64937"}],"wp:attachment":[{"href":"https:\/\/skinstudio.ee\/lv\/wp-json\/wp\/v2\/media?parent=77952"}],"wp:term":[{"taxonomy":"pwb-brand","embeddable":true,"href":"https:\/\/skinstudio.ee\/lv\/wp-json\/wp\/v2\/pwb-brand?post=77952"},{"taxonomy":"product_brand","embeddable":true,"href":"https:\/\/skinstudio.ee\/lv\/wp-json\/wp\/v2\/product_brand?post=77952"},{"taxonomy":"product_cat","embeddable":true,"href":"https:\/\/skinstudio.ee\/lv\/wp-json\/wp\/v2\/product_cat?post=77952"},{"taxonomy":"product_tag","embeddable":true,"href":"https:\/\/skinstudio.ee\/lv\/wp-json\/wp\/v2\/product_tag?post=77952"},{"taxonomy":"giftcard-category","embeddable":true,"href":"https:\/\/skinstudio.ee\/lv\/wp-json\/wp\/v2\/giftcard-category?post=77952"}],"curies":[{"name":"wp","href":"https:\/\/api.w.org\/{rel}","templated":true}]}}