{"id":77960,"date":"2025-03-29T11:56:02","date_gmt":"2025-03-29T11:56:02","guid":{"rendered":"https:\/\/skinstudio.ee\/?post_type=product&#038;p=77960"},"modified":"2026-02-13T15:28:14","modified_gmt":"2026-02-13T15:28:14","slug":"m-e-l-a-recovery","status":"publish","type":"product","link":"https:\/\/skinstudio.ee\/lv\/catalog\/ph-formula\/m-e-l-a-recovery\/","title":{"rendered":"M.E.L.A. Recovery"},"content":{"rendered":"<p data-start=\"4577\" data-end=\"4878\">M.E.L.A. Recovery no pH Formula ir atjaunojo\u0161s koncentr\u0101ts, kas \u012bpa\u0161i izstr\u0101d\u0101ts \u0101dai ar hiperpigment\u0101ciju kontrol\u0113tu \u0101das atjauno\u0161anas proced\u016bru laik\u0101 un p\u0113c t\u0101m. L\u012bdzeklis ir paredz\u0113ts \u0101das atbalstam p\u0113c intens\u012bv\u0101m profesion\u0101l\u0101m iedarb\u012bb\u0101m un pal\u012bdz atjaunot vienm\u0113r\u012bg\u0101ku un vesel\u012bg\u0101ku \u0101das izskatu.<\/p>\n<p data-start=\"4880\" data-end=\"5112\">Formula balst\u0101s uz akt\u012bvo sast\u0101vda\u013cu siner\u0123iju, kas pastiprina cita citas iedarb\u012bbu. Tas pal\u012bdz pa\u0101trin\u0101t \u0101das atjauno\u0161anos, atbalst\u012bt \u0101das kop\u0113jo st\u0101vokli un samazin\u0101t atk\u0101rtotu boj\u0101jumu un pigment\u0101cijas atjauno\u0161an\u0101s risku n\u0101kotn\u0113.<\/p>\n<p data-start=\"5114\" data-end=\"5546\"><strong data-start=\"5114\" data-end=\"5147\">Galveno sast\u0101vda\u013cu iedarb\u012bba:<\/strong><\/p>\n<ul>\n<li data-start=\"5114\" data-end=\"5546\"><strong data-start=\"5150\" data-end=\"5182\">Mandelsk\u0101be un salicilsk\u0101be:<\/strong> veicina \u0101das atjauno\u0161anos, uzlabo tekst\u016bru un pal\u012bdz izl\u012bdzin\u0101t \u0101das toni.<\/li>\n<li data-start=\"5114\" data-end=\"5546\"><strong data-start=\"5260\" data-end=\"5300\">Niacinam\u012bds, arbut\u012bns un fit\u012bnsk\u0101be:<\/strong> v\u0113rsti uz hiperpigment\u0101cijas korekciju un pal\u012bdz uztur\u0113t vienm\u0113r\u012bg\u0101ku un gai\u0161\u0101ku \u0101das toni.<\/li>\n<li data-start=\"5114\" data-end=\"5546\"><strong data-start=\"5395\" data-end=\"5441\">Retinols, glutations un pH-DVC\u2122 komplekss:<\/strong> atbalsta re\u0123ener\u0101cijas procesus, nodro\u0161ina antioksidantu aizsardz\u012bbu un stiprina \u0101das aizsargmeh\u0101nismus.<\/li>\n<\/ul>\n<p data-start=\"5548\" data-end=\"5632\">Piem\u0113rots \u0101dai ar hiperpigment\u0101ciju proced\u016bru laik\u0101 un atjauno\u0161an\u0101s period\u0101 p\u0113c t\u0101m.<\/p>\n<p data-start=\"5634\" data-end=\"5656\"><strong data-start=\"5634\" data-end=\"5646\">Tilpums:<\/strong> <strong data-start=\"5647\" data-end=\"5656\">30 ml<\/strong><\/p>\n","protected":false},"excerpt":{"rendered":"<p data-start=\"6006\" data-end=\"6077\"><span style=\"color: #ff0000;\"><strong data-start=\"6006\" data-end=\"6077\">pH Formula produktu pieg\u0101de ir pieejama tikai Igaunijas teritorij\u0101.<\/strong><\/span><\/p>\n<p data-start=\"6079\" data-end=\"6262\"><span style=\"color: #ff0000;\"><strong data-start=\"6079\" data-end=\"6086\">NB!<\/strong> Produktu iesp\u0113jams ieg\u0101d\u0101ties tikai p\u0113c speci\u0101lista konsult\u0101cijas. Zvaniet +372 58 500 171 vai rakstiet <a class=\"decorated-link cursor-pointer\" style=\"color: #ff0000;\" href=\"mailto:info@skinstudio.ee\" rel=\"noopener\" data-start=\"6191\" data-end=\"6209\">info@skinstudio.ee<\/a>. M\u016bsu konsultanti pal\u012bdz\u0113s jums ar \u0161\u012b z\u012bmola ieg\u0101di.<\/span><\/p>\n<p data-start=\"6264\" data-end=\"6313\">Atjaunojo\u0161s koncentr\u0101ts \u0101dai ar hiperpigment\u0101ciju<\/p>\n<h2 data-start=\"6315\" data-end=\"6358\"><strong data-start=\"6315\" data-end=\"6358\">\u012apa\u0161\u012bbas pH Formula &#8211; M.E.L.A. Recovery<\/strong><\/h2>\n<p data-start=\"6360\" data-end=\"6650\">\u2714\ufe0f Pal\u012bdz uzlabot hiperpigment\u0101cijas un nevienm\u0113r\u012bga to\u0146a izskatu<br data-start=\"6425\" data-end=\"6428\" \/>\u2714\ufe0f Atbalsta \u0101das atjauno\u0161anos p\u0113c intens\u012bv\u0101m proced\u016br\u0101m<br data-start=\"6483\" data-end=\"6486\" \/>\u2714\ufe0f Veicina vienm\u0113r\u012bg\u0101ku un vesel\u012bg\u0101ku \u0101das izskatu<br data-start=\"6536\" data-end=\"6539\" \/>\u2714\ufe0f Nodro\u0161ina antioksidantu atbalstu atjauno\u0161an\u0101s laik\u0101<br data-start=\"6593\" data-end=\"6596\" \/>\u2714\ufe0f Pal\u012bdz samazin\u0101t pigment\u0101cijas atk\u0101rto\u0161an\u0101s risku<\/p>\n","protected":false},"featured_media":64942,"template":"","meta":[],"pwb-brand":[778],"product_brand":[],"product_cat":[653,751,723],"product_tag":[],"giftcard-category":[],"class_list":{"0":"post-77960","1":"product","2":"type-product","3":"status-publish","4":"has-post-thumbnail","6":"pwb-brand-ph-formula","7":"product_cat-ph-formula-lv","8":"product_cat-pigmentacija-lv","9":"product_cat-serumi","11":"first","12":"instock","13":"sale","14":"taxable","15":"shipping-taxable","16":"purchasable","17":"product-type-simple"},"acf":[],"brands":[{"id":778,"name":"pH Formula","slug":"ph-formula"}],"_links":{"self":[{"href":"https:\/\/skinstudio.ee\/lv\/wp-json\/wp\/v2\/product\/77960","targetHints":{"allow":["GET"]}}],"collection":[{"href":"https:\/\/skinstudio.ee\/lv\/wp-json\/wp\/v2\/product"}],"about":[{"href":"https:\/\/skinstudio.ee\/lv\/wp-json\/wp\/v2\/types\/product"}],"version-history":[{"count":1,"href":"https:\/\/skinstudio.ee\/lv\/wp-json\/wp\/v2\/product\/77960\/revisions"}],"predecessor-version":[{"id":77962,"href":"https:\/\/skinstudio.ee\/lv\/wp-json\/wp\/v2\/product\/77960\/revisions\/77962"}],"wp:featuredmedia":[{"embeddable":true,"href":"https:\/\/skinstudio.ee\/lv\/wp-json\/wp\/v2\/media\/64942"}],"wp:attachment":[{"href":"https:\/\/skinstudio.ee\/lv\/wp-json\/wp\/v2\/media?parent=77960"}],"wp:term":[{"taxonomy":"pwb-brand","embeddable":true,"href":"https:\/\/skinstudio.ee\/lv\/wp-json\/wp\/v2\/pwb-brand?post=77960"},{"taxonomy":"product_brand","embeddable":true,"href":"https:\/\/skinstudio.ee\/lv\/wp-json\/wp\/v2\/product_brand?post=77960"},{"taxonomy":"product_cat","embeddable":true,"href":"https:\/\/skinstudio.ee\/lv\/wp-json\/wp\/v2\/product_cat?post=77960"},{"taxonomy":"product_tag","embeddable":true,"href":"https:\/\/skinstudio.ee\/lv\/wp-json\/wp\/v2\/product_tag?post=77960"},{"taxonomy":"giftcard-category","embeddable":true,"href":"https:\/\/skinstudio.ee\/lv\/wp-json\/wp\/v2\/giftcard-category?post=77960"}],"curies":[{"name":"wp","href":"https:\/\/api.w.org\/{rel}","templated":true}]}}