{"id":77969,"date":"2025-03-29T11:39:35","date_gmt":"2025-03-29T11:39:35","guid":{"rendered":"https:\/\/skinstudio.ee\/?post_type=product&#038;p=77969"},"modified":"2026-02-13T15:28:05","modified_gmt":"2026-02-13T15:28:05","slug":"a-g-e-recovery","status":"publish","type":"product","link":"https:\/\/skinstudio.ee\/lv\/catalog\/ph-formula\/a-g-e-recovery\/","title":{"rendered":"A.G.E. Recovery"},"content":{"rendered":"<p data-start=\"4416\" data-end=\"4705\"><strong data-start=\"4416\" data-end=\"4449\">A.G.E. Recovery no pH Formula<\/strong> ir atjaunojo\u0161s koncentr\u0101ts, kas \u012bpa\u0161i izstr\u0101d\u0101ts \u0101dai ar vecuma izmai\u0146\u0101m kontrol\u0113tu \u0101das atjauno\u0161anas proced\u016bru laik\u0101 un p\u0113c t\u0101m. L\u012bdzeklis atbalsta \u0101du p\u0113c intens\u012bv\u0101m profesion\u0101l\u0101m proced\u016br\u0101m un pal\u012bdz uzlabot t\u0101s visp\u0101r\u0113jo st\u0101vokli, elast\u012bbu un izskatu.<\/p>\n<p data-start=\"4707\" data-end=\"4919\">Formula balst\u0101s uz akt\u012bvo sast\u0101vda\u013cu siner\u0123iju, kas pastiprina viena otras iedarb\u012bbu. Tas pal\u012bdz pa\u0101trin\u0101t \u0101das atjauno\u0161anos, uztur\u0113t \u0101das vesel\u012bbu un samazin\u0101t ar vecuma izmai\u0146\u0101m saist\u012bto boj\u0101jumu risku n\u0101kotn\u0113.<\/p>\n<p data-start=\"4921\" data-end=\"4956\"><strong data-start=\"4921\" data-end=\"4954\">Galveno sast\u0101vda\u013cu iedarb\u012bba:<\/strong><\/p>\n<ul data-start=\"4957\" data-end=\"5328\">\n<li data-start=\"4957\" data-end=\"5053\">\n<p data-start=\"4959\" data-end=\"5053\"><strong data-start=\"4959\" data-end=\"4972\">Retinols:<\/strong> veicina \u0101das atjauno\u0161anos un re\u0123ener\u0101ciju, pal\u012bdz mazin\u0101t noveco\u0161an\u0101s paz\u012bmes.<\/p>\n<\/li>\n<li data-start=\"5054\" data-end=\"5145\">\n<p data-start=\"5056\" data-end=\"5145\"><strong data-start=\"5056\" data-end=\"5072\">Niacinam\u012bds:<\/strong> atbalsta \u0101das barjerfunkcijas, uzlabo \u0101das toni un visp\u0101r\u0113jo st\u0101vokli.<\/p>\n<\/li>\n<li data-start=\"5146\" data-end=\"5328\">\n<p data-start=\"5148\" data-end=\"5328\"><strong data-start=\"5148\" data-end=\"5230\">Pirov\u012bnsk\u0101be, glikolsk\u0101be un galakt\u0101rsk\u0101be, piknogenols\u00ae un pH-DVC\u2122 komplekss:<\/strong> veicina \u0101das atjauno\u0161anos, nodro\u0161ina antioksidantu aizsardz\u012bbu un atbalsta atjauno\u0161an\u0101s procesus.<\/p>\n<\/li>\n<\/ul>\n<p data-start=\"5330\" data-end=\"5412\">Piem\u0113rots \u0101dai ar vecuma izmai\u0146\u0101m proced\u016bru laik\u0101 un atjauno\u0161an\u0101s period\u0101 p\u0113c t\u0101m.<\/p>\n<p data-start=\"5414\" data-end=\"5436\"><strong data-start=\"5414\" data-end=\"5426\">Tilpums:<\/strong> <strong data-start=\"5427\" data-end=\"5436\">30 ml<\/strong><\/p>\n","protected":false},"excerpt":{"rendered":"<p data-start=\"5784\" data-end=\"5855\"><span style=\"color: #ff0000;\"><strong data-start=\"5784\" data-end=\"5855\">pH Formula produktu pieg\u0101de ir pieejama tikai Igaunijas teritorij\u0101.<\/strong><\/span><\/p>\n<p data-start=\"5857\" data-end=\"6039\"><span style=\"color: #ff0000;\"><strong data-start=\"5857\" data-end=\"5864\">NB!<\/strong> Produktu iesp\u0113jams ieg\u0101d\u0101ties tikai p\u0113c speci\u0101lista konsult\u0101cijas. Zvaniet +372 58 500 171 vai rakstiet uz <a class=\"decorated-link cursor-pointer\" style=\"color: #ff0000;\" href=\"mailto:info@skinstudio.ee\" rel=\"noopener\" data-start=\"5972\" data-end=\"5990\">info@skinstudio.ee<\/a>. M\u016bsu konsultanti pal\u012bdz\u0113s ieg\u0101d\u0101ties \u0161o z\u012bmolu.<\/span><\/p>\n<p data-start=\"6041\" data-end=\"6080\">Atjaunojo\u0161s pretnoveco\u0161an\u0101s koncentr\u0101ts<\/p>\n<h2 data-start=\"6082\" data-end=\"6123\"><strong data-start=\"6082\" data-end=\"6123\">\u012apa\u0161\u012bbas pH Formula &#8211; A.G.E. Recovery<\/strong><\/h2>\n<p data-start=\"6125\" data-end=\"6372\">\u2714\ufe0f Atbalsta \u0101das atjauno\u0161anos p\u0113c proced\u016br\u0101m<br data-start=\"6169\" data-end=\"6172\" \/>\u2714\ufe0f Pal\u012bdz saglab\u0101t \u0101das elast\u012bbu un bl\u012bvumu<br data-start=\"6215\" data-end=\"6218\" \/>\u2714\ufe0f Mazina ar vecumu saist\u012bto izmai\u0146u redzam\u012bbu<br data-start=\"6264\" data-end=\"6267\" \/>\u2714\ufe0f Nodro\u0161ina antioksidantu un pretiekaisuma atbalstu<br data-start=\"6319\" data-end=\"6322\" \/>\u2714\ufe0f Pal\u012bdz samazin\u0101t n\u0101kotnes \u0101das boj\u0101jumu risku<\/p>\n","protected":false},"featured_media":64947,"template":"","meta":[],"pwb-brand":[778],"product_brand":[],"product_cat":[749,653,723],"product_tag":[],"giftcard-category":[],"class_list":{"0":"post-77969","1":"product","2":"type-product","3":"status-publish","4":"has-post-thumbnail","6":"pwb-brand-ph-formula","7":"product_cat-novecojosa-ada","8":"product_cat-ph-formula-lv","9":"product_cat-serumi","11":"first","12":"instock","13":"taxable","14":"shipping-taxable","15":"purchasable","16":"product-type-simple"},"acf":[],"brands":[{"id":778,"name":"pH Formula","slug":"ph-formula"}],"_links":{"self":[{"href":"https:\/\/skinstudio.ee\/lv\/wp-json\/wp\/v2\/product\/77969","targetHints":{"allow":["GET"]}}],"collection":[{"href":"https:\/\/skinstudio.ee\/lv\/wp-json\/wp\/v2\/product"}],"about":[{"href":"https:\/\/skinstudio.ee\/lv\/wp-json\/wp\/v2\/types\/product"}],"version-history":[{"count":1,"href":"https:\/\/skinstudio.ee\/lv\/wp-json\/wp\/v2\/product\/77969\/revisions"}],"predecessor-version":[{"id":77970,"href":"https:\/\/skinstudio.ee\/lv\/wp-json\/wp\/v2\/product\/77969\/revisions\/77970"}],"wp:featuredmedia":[{"embeddable":true,"href":"https:\/\/skinstudio.ee\/lv\/wp-json\/wp\/v2\/media\/64947"}],"wp:attachment":[{"href":"https:\/\/skinstudio.ee\/lv\/wp-json\/wp\/v2\/media?parent=77969"}],"wp:term":[{"taxonomy":"pwb-brand","embeddable":true,"href":"https:\/\/skinstudio.ee\/lv\/wp-json\/wp\/v2\/pwb-brand?post=77969"},{"taxonomy":"product_brand","embeddable":true,"href":"https:\/\/skinstudio.ee\/lv\/wp-json\/wp\/v2\/product_brand?post=77969"},{"taxonomy":"product_cat","embeddable":true,"href":"https:\/\/skinstudio.ee\/lv\/wp-json\/wp\/v2\/product_cat?post=77969"},{"taxonomy":"product_tag","embeddable":true,"href":"https:\/\/skinstudio.ee\/lv\/wp-json\/wp\/v2\/product_tag?post=77969"},{"taxonomy":"giftcard-category","embeddable":true,"href":"https:\/\/skinstudio.ee\/lv\/wp-json\/wp\/v2\/giftcard-category?post=77969"}],"curies":[{"name":"wp","href":"https:\/\/api.w.org\/{rel}","templated":true}]}}