{"id":77976,"date":"2025-03-28T15:04:43","date_gmt":"2025-03-28T15:04:43","guid":{"rendered":"https:\/\/skinstudio.ee\/?post_type=product&#038;p=77976"},"modified":"2026-02-13T15:28:04","modified_gmt":"2026-02-13T15:28:04","slug":"a-c-t-i-v-e-formula","status":"publish","type":"product","link":"https:\/\/skinstudio.ee\/lv\/catalog\/ph-formula\/a-c-t-i-v-e-formula\/","title":{"rendered":"A.C.T.I.V.E. Formula"},"content":{"rendered":"<p data-start=\"4394\" data-end=\"4635\"><strong data-start=\"4394\" data-end=\"4432\">A.C.T.I.V.E. Formula no pH Formula<\/strong> ir akt\u012bvs \u0101das atjaunojo\u0161s koncentr\u0101ts, kas izstr\u0101d\u0101ts \u0101das sagatavo\u0161anai kontrol\u0113t\u0101m \u0101das atjauno\u0161anas proced\u016br\u0101m, k\u0101 ar\u012b kursu veid\u0101 da\u017e\u0101du \u0101das st\u0101vok\u013cu \u0101rst\u0113\u0161anai un sasniegto rezult\u0101tu uztur\u0113\u0161anai.<\/p>\n<p data-start=\"4637\" data-end=\"4951\">Formula apvieno sk\u0101bju un retinola kompleksu, kas darbojas kontrol\u0113t\u0101 re\u017e\u012bm\u0101, veicinot \u0101das atjauno\u0161anos, uzlabojot tekst\u016bru un kop\u0113jo \u0101das st\u0101vokli. L\u012bdzeklis pal\u012bdz risin\u0101t fotonoveco\u0161anos, hiperpigment\u0101ciju, akni un nevienm\u0113r\u012bgu \u0101das toni, k\u0101 ar\u012b atbalsta \u0101das atjauno\u0161anos hronisku iekaisuma st\u0101vok\u013cu gad\u012bjum\u0101.<\/p>\n<p data-start=\"4953\" data-end=\"4988\"><strong data-start=\"4953\" data-end=\"4986\">Galveno sast\u0101vda\u013cu iedarb\u012bba:<\/strong><\/p>\n<ul data-start=\"4989\" data-end=\"5428\">\n<li data-start=\"4989\" data-end=\"5126\">\n<p data-start=\"4991\" data-end=\"5126\"><strong data-start=\"4991\" data-end=\"5036\">Glikolsk\u0101be, mandelsk\u0101be un pirov\u012bnsk\u0101be:<\/strong> veicina \u0101das atjauno\u0161anos, uzlabo tekst\u016bru un toni, palielina \u0101das gludumu un elast\u012bbu.<\/p>\n<\/li>\n<li data-start=\"5127\" data-end=\"5296\">\n<p data-start=\"5129\" data-end=\"5296\"><strong data-start=\"5129\" data-end=\"5164\">Laktobionsk\u0101be un salicilsk\u0101be:<\/strong> nodro\u0161ina maigu eksfoli\u0101ciju, pretiekaisuma un antioksidantu atbalstu, pal\u012bdz aknes, hiperkeratozes un papla\u0161in\u0101tu poru gad\u012bjum\u0101.<\/p>\n<\/li>\n<li data-start=\"5297\" data-end=\"5428\">\n<p data-start=\"5299\" data-end=\"5428\"><strong data-start=\"5299\" data-end=\"5333\">Retinols un pH-DVC\u2122 komplekss:<\/strong> stimul\u0113 \u0161\u016bnu atjauno\u0161anos, atbalsta kolag\u0113na sint\u0113zi un nodro\u0161ina kontrol\u0113tu \u0101das atjauno\u0161anu.<\/p>\n<\/li>\n<\/ul>\n<p data-start=\"5430\" data-end=\"5620\">Piem\u0113rots \u0101dai ar fotonoveco\u0161an\u0101s paz\u012bm\u0113m, hiperpigment\u0101ciju, akni (I\u2013III pak\u0101pe), nevienm\u0113r\u012bgu toni, papla\u0161in\u0101t\u0101m por\u0101m, k\u0101 ar\u012b hronisku aps\u0101rtumu un eritematozi-teleangiekt\u0101tisku roz\u0101ciju.<\/p>\n<p data-start=\"5622\" data-end=\"5644\"><strong data-start=\"5622\" data-end=\"5634\">Tilpums:<\/strong> <strong data-start=\"5635\" data-end=\"5644\">30 ml<\/strong><\/p>\n","protected":false},"excerpt":{"rendered":"<p data-start=\"5779\" data-end=\"5850\"><span style=\"color: #ff0000;\"><strong data-start=\"5779\" data-end=\"5850\">pH Formula produktu pieg\u0101de ir pieejama tikai Igaunijas teritorij\u0101.<\/strong><\/span><\/p>\n<p data-start=\"5852\" data-end=\"6035\"><span style=\"color: #ff0000;\"><strong data-start=\"5852\" data-end=\"5859\">NB!<\/strong> Produktu iesp\u0113jams ieg\u0101d\u0101ties tikai p\u0113c speci\u0101lista konsult\u0101cijas. Zvaniet +372 58 500 171 vai rakstiet <a class=\"decorated-link cursor-pointer\" style=\"color: #ff0000;\" href=\"mailto:info@skinstudio.ee\" rel=\"noopener\" data-start=\"5964\" data-end=\"5982\">info@skinstudio.ee<\/a>. M\u016bsu konsultanti pal\u012bdz\u0113s jums ar \u0161\u012b z\u012bmola ieg\u0101di.<\/span><\/p>\n<p data-start=\"6037\" data-end=\"6072\">Akt\u012bvs \u0101das atjaunojo\u0161s koncentr\u0101ts<\/p>\n<h2 data-start=\"6074\" data-end=\"6120\"><strong data-start=\"6074\" data-end=\"6120\">\u012apa\u0161\u012bbas pH Formula &#8211; A.C.T.I.V.E. Formula<\/strong><\/h2>\n<p data-start=\"6122\" data-end=\"6389\">\u2714\ufe0f Atbalsta kontrol\u0113tu \u0101das atjauno\u0161anos<br data-start=\"6162\" data-end=\"6165\" \/>\u2714\ufe0f Pal\u012bdz mazin\u0101t hiperpigment\u0101ciju un nevienm\u0113r\u012bgu toni<br data-start=\"6221\" data-end=\"6224\" \/>\u2714\ufe0f Uzlabo problem\u0101tiskas un aknei pak\u013cautas \u0101das st\u0101vokli<br data-start=\"6281\" data-end=\"6284\" \/>\u2714\ufe0f Pal\u012bdz samazin\u0101t fotonoveco\u0161an\u0101s paz\u012bmes<br data-start=\"6327\" data-end=\"6330\" \/>\u2714\ufe0f Atbalsta \u0101das atjauno\u0161anos hroniska aps\u0101rtuma gad\u012bjum\u0101<\/p>\n","protected":false},"featured_media":64952,"template":"","meta":[],"pwb-brand":[778],"product_brand":[],"product_cat":[727,741,749,653,751,723,747],"product_tag":[],"giftcard-category":[],"class_list":{"0":"post-77976","1":"product","2":"type-product","3":"status-publish","4":"has-post-thumbnail","6":"pwb-brand-ph-formula","7":"product_cat-a-vitamins-retinols","8":"product_cat-izsitumi","9":"product_cat-novecojosa-ada","10":"product_cat-ph-formula-lv","11":"product_cat-pigmentacija-lv","12":"product_cat-serumi","13":"product_cat-taukainai-adai","15":"first","16":"instock","17":"taxable","18":"shipping-taxable","19":"purchasable","20":"product-type-simple"},"acf":[],"brands":[{"id":778,"name":"pH Formula","slug":"ph-formula"}],"_links":{"self":[{"href":"https:\/\/skinstudio.ee\/lv\/wp-json\/wp\/v2\/product\/77976","targetHints":{"allow":["GET"]}}],"collection":[{"href":"https:\/\/skinstudio.ee\/lv\/wp-json\/wp\/v2\/product"}],"about":[{"href":"https:\/\/skinstudio.ee\/lv\/wp-json\/wp\/v2\/types\/product"}],"version-history":[{"count":1,"href":"https:\/\/skinstudio.ee\/lv\/wp-json\/wp\/v2\/product\/77976\/revisions"}],"predecessor-version":[{"id":77977,"href":"https:\/\/skinstudio.ee\/lv\/wp-json\/wp\/v2\/product\/77976\/revisions\/77977"}],"wp:featuredmedia":[{"embeddable":true,"href":"https:\/\/skinstudio.ee\/lv\/wp-json\/wp\/v2\/media\/64952"}],"wp:attachment":[{"href":"https:\/\/skinstudio.ee\/lv\/wp-json\/wp\/v2\/media?parent=77976"}],"wp:term":[{"taxonomy":"pwb-brand","embeddable":true,"href":"https:\/\/skinstudio.ee\/lv\/wp-json\/wp\/v2\/pwb-brand?post=77976"},{"taxonomy":"product_brand","embeddable":true,"href":"https:\/\/skinstudio.ee\/lv\/wp-json\/wp\/v2\/product_brand?post=77976"},{"taxonomy":"product_cat","embeddable":true,"href":"https:\/\/skinstudio.ee\/lv\/wp-json\/wp\/v2\/product_cat?post=77976"},{"taxonomy":"product_tag","embeddable":true,"href":"https:\/\/skinstudio.ee\/lv\/wp-json\/wp\/v2\/product_tag?post=77976"},{"taxonomy":"giftcard-category","embeddable":true,"href":"https:\/\/skinstudio.ee\/lv\/wp-json\/wp\/v2\/giftcard-category?post=77976"}],"curies":[{"name":"wp","href":"https:\/\/api.w.org\/{rel}","templated":true}]}}