{"id":77984,"date":"2025-03-28T12:29:33","date_gmt":"2025-03-28T12:29:33","guid":{"rendered":"https:\/\/skinstudio.ee\/?post_type=product&#038;p=77984"},"modified":"2026-02-13T15:28:04","modified_gmt":"2026-02-13T15:28:04","slug":"a-c-recovery","status":"publish","type":"product","link":"https:\/\/skinstudio.ee\/lv\/catalog\/ph-formula\/a-c-recovery\/","title":{"rendered":"A.C. Recovery"},"content":{"rendered":"<p data-start=\"4518\" data-end=\"4798\"><strong data-start=\"4518\" data-end=\"4546\">A.C. Recovery no pH Formula<\/strong> ir atjaunojo\u0161s koncentr\u0101ts ar pretiekaisuma un atjaunojo\u0161u iedarb\u012bbu, kas paredz\u0113ts \u0101dai ar akni un iekaisuma elementiem. Formula pal\u012bdz mazin\u0101t iekaisumu intensit\u0101ti, nov\u0113rst \u0101das boj\u0101jumus un uztur\u0113t \u0101das vesel\u012bbu \u0101rst\u0113\u0161anas un atjauno\u0161an\u0101s period\u0101.<\/p>\n<p data-start=\"4800\" data-end=\"5023\">L\u012bdzeklis pal\u012bdz uzlabot \u0101das toni, pie\u0161\u0137ir tai vienm\u0113r\u012bg\u0101ku un svaig\u0101ku izskatu, izl\u012bdzina \u0101das reljefu un saglab\u0101 komfortu pat jut\u012bgai \u0101dai. Nodro\u0161ina sp\u0113c\u012bgu antioksidantu aizsardz\u012bbu un veicina \u0101tr\u0101ku \u0101das atjauno\u0161anos.<\/p>\n<p data-start=\"5025\" data-end=\"5067\"><strong data-start=\"5025\" data-end=\"5065\">Galveno akt\u012bvo sast\u0101vda\u013cu iedarb\u012bba:<\/strong><\/p>\n<ul data-start=\"5068\" data-end=\"5567\">\n<li data-start=\"5068\" data-end=\"5230\">\n<p data-start=\"5070\" data-end=\"5230\"><strong data-start=\"5070\" data-end=\"5086\">Niacinam\u012bds:<\/strong> pal\u012bdz mazin\u0101t iekaisumu, nov\u0113rst p\u0113caknes plankumus, izl\u012bdzin\u0101t \u0101das toni, uzlabot mikrocirkul\u0101ciju un atbalst\u012bt \u0101das atjauno\u0161an\u0101s procesus.<\/p>\n<\/li>\n<li data-start=\"5231\" data-end=\"5375\">\n<p data-start=\"5233\" data-end=\"5375\"><strong data-start=\"5233\" data-end=\"5265\">Mandelsk\u0101be un salicilsk\u0101be:<\/strong> maigi atjauno \u0101du, pal\u012bdz att\u012br\u012bt poras, samazina iekaisuma elementus un veicina jaunu izsitumu profilaksi.<\/p>\n<\/li>\n<li data-start=\"5376\" data-end=\"5567\">\n<p data-start=\"5378\" data-end=\"5567\"><strong data-start=\"5378\" data-end=\"5433\">Azeloglic\u012bns, t\u0113jas koka e\u013c\u013ca un PH-DVC\u2122 komplekss:<\/strong> nomierina \u0101du, pal\u012bdz regul\u0113t sebuma izdal\u012b\u0161anos, nodro\u0161ina antibakteri\u0101lu iedarb\u012bbu un kontrol\u0113tu \u0101das atjauno\u0161anos bez kairin\u0101juma.<\/p>\n<\/li>\n<\/ul>\n<p data-start=\"5569\" data-end=\"5680\">Piem\u0113rots \u0101dai ar akni I\u2013III pak\u0101pe, pastiprin\u0101tu sebuma izdal\u012b\u0161anos, papla\u0161in\u0101t\u0101m por\u0101m un iekaisuma tendenci.<\/p>\n<p data-start=\"5682\" data-end=\"5704\"><strong data-start=\"5682\" data-end=\"5694\">Tilpums:<\/strong> <strong data-start=\"5695\" data-end=\"5704\">30 ml<\/strong><\/p>\n","protected":false},"excerpt":{"rendered":"<p data-start=\"5981\" data-end=\"6047\"><span style=\"color: #ff0000;\"><strong data-start=\"5981\" data-end=\"6047\">pH Formula produktu pieg\u0101de notiek tikai Igaunijas teritorij\u0101.<\/strong><\/span><\/p>\n<p data-start=\"6049\" data-end=\"6234\"><span style=\"color: #ff0000;\"><strong data-start=\"6049\" data-end=\"6056\">NB!<\/strong> Produktu iesp\u0113jams ieg\u0101d\u0101ties tikai p\u0113c konsult\u0101cijas ar speci\u0101listu. Zvaniet pa t\u0101lruni +372 58 500 171 vai rakstiet uz <a style=\"color: #ff0000;\" href=\"mailto:info@skinstudio.ee\">info@skinstudio.ee<\/a>. M\u016bsu konsultanti pal\u012bdz\u0113s ar ieg\u0101di.<\/span><\/p>\n<p data-start=\"6236\" data-end=\"6272\">Atjaunojo\u0161s koncentr\u0101ts \u0101dai ar akni<\/p>\n<h2 data-start=\"6274\" data-end=\"6313\"><strong data-start=\"6274\" data-end=\"6313\">\u012bpa\u0161\u012bbas <\/strong><strong data-start=\"6274\" data-end=\"6313\">pH Formula &#8211; A.C. Recovery<\/strong><\/h2>\n<p data-start=\"6315\" data-end=\"6552\">\u2714\ufe0f Akt\u012bvi samazina iekaisumu un aps\u0101rtumu<br data-start=\"6356\" data-end=\"6359\" \/>\u2714\ufe0f Pal\u012bdz regul\u0113t p\u0101rm\u0113r\u012bgu sebuma izdal\u012b\u0161anos<br data-start=\"6405\" data-end=\"6408\" \/>\u2714\ufe0f Veicina poru att\u012br\u012b\u0161anu un pal\u012bdz nov\u0113rst izsitumus<br data-start=\"6462\" data-end=\"6465\" \/>\u2714\ufe0f Pa\u0101trina \u0101das un p\u0113caknes atjauno\u0161anos<br data-start=\"6506\" data-end=\"6509\" \/>\u2714\ufe0f Uzlabo \u0101das tekst\u016bru un izl\u012bdzina toni<\/p>\n","protected":false},"featured_media":64957,"template":"","meta":[],"pwb-brand":[778],"product_brand":[],"product_cat":[741,743,653,723,747],"product_tag":[],"giftcard-category":[],"class_list":{"0":"post-77984","1":"product","2":"type-product","3":"status-publish","4":"has-post-thumbnail","6":"pwb-brand-ph-formula","7":"product_cat-izsitumi","8":"product_cat-paplasinatas-poras","9":"product_cat-ph-formula","10":"product_cat-serumi","11":"product_cat-taukaina-ada","13":"first","14":"instock","15":"taxable","16":"shipping-taxable","17":"purchasable","18":"product-type-simple"},"acf":[],"brands":[{"id":778,"name":"pH Formula","slug":"ph-formula"}],"_links":{"self":[{"href":"https:\/\/skinstudio.ee\/lv\/wp-json\/wp\/v2\/product\/77984","targetHints":{"allow":["GET"]}}],"collection":[{"href":"https:\/\/skinstudio.ee\/lv\/wp-json\/wp\/v2\/product"}],"about":[{"href":"https:\/\/skinstudio.ee\/lv\/wp-json\/wp\/v2\/types\/product"}],"version-history":[{"count":2,"href":"https:\/\/skinstudio.ee\/lv\/wp-json\/wp\/v2\/product\/77984\/revisions"}],"predecessor-version":[{"id":77986,"href":"https:\/\/skinstudio.ee\/lv\/wp-json\/wp\/v2\/product\/77984\/revisions\/77986"}],"wp:featuredmedia":[{"embeddable":true,"href":"https:\/\/skinstudio.ee\/lv\/wp-json\/wp\/v2\/media\/64957"}],"wp:attachment":[{"href":"https:\/\/skinstudio.ee\/lv\/wp-json\/wp\/v2\/media?parent=77984"}],"wp:term":[{"taxonomy":"pwb-brand","embeddable":true,"href":"https:\/\/skinstudio.ee\/lv\/wp-json\/wp\/v2\/pwb-brand?post=77984"},{"taxonomy":"product_brand","embeddable":true,"href":"https:\/\/skinstudio.ee\/lv\/wp-json\/wp\/v2\/product_brand?post=77984"},{"taxonomy":"product_cat","embeddable":true,"href":"https:\/\/skinstudio.ee\/lv\/wp-json\/wp\/v2\/product_cat?post=77984"},{"taxonomy":"product_tag","embeddable":true,"href":"https:\/\/skinstudio.ee\/lv\/wp-json\/wp\/v2\/product_tag?post=77984"},{"taxonomy":"giftcard-category","embeddable":true,"href":"https:\/\/skinstudio.ee\/lv\/wp-json\/wp\/v2\/giftcard-category?post=77984"}],"curies":[{"name":"wp","href":"https:\/\/api.w.org\/{rel}","templated":true}]}}