{"id":77993,"date":"2024-12-31T17:51:10","date_gmt":"2024-12-31T17:51:10","guid":{"rendered":"https:\/\/skinstudio.ee\/?post_type=product&#038;p=77993"},"modified":"2026-02-13T15:28:17","modified_gmt":"2026-02-13T15:28:17","slug":"md-p-o-s-t-recovery-cream","status":"publish","type":"product","link":"https:\/\/skinstudio.ee\/lv\/catalog\/ph-formula\/md-p-o-s-t-recovery-cream\/","title":{"rendered":"MD P.O.S.T. Recovery Cream"},"content":{"rendered":"<p data-start=\"4291\" data-end=\"4575\"><strong data-start=\"4291\" data-end=\"4332\">MD P.O.S.T. Recovery Cream no pH Formula<\/strong>\u00a0ir nomierino\u0161s kr\u0113ms ar bag\u0101t\u012bgu mitrino\u0161u sast\u0101vda\u013cu kombin\u0101ciju, kas paredz\u0113ts intens\u012bvai \u0101das mitrin\u0101\u0161anai un reaktivit\u0101tes mazin\u0101\u0161anai. Formula pal\u012bdz samazin\u0101t sausumu, nodro\u0161ina \u0101das komfortu un ilgsto\u0161u mitrin\u0101\u0161anu visas dienas garum\u0101.<\/p>\n<p data-start=\"4577\" data-end=\"4848\">Kr\u0113mam piem\u012bt izteiktas pretiekaisuma un antioksidanta \u012bpa\u0161\u012bbas, tas pal\u012bdz atjaunot \u0101das aizsargbarjeru, m\u012bkstina \u0101du un aizsarg\u0101 to no \u0101r\u0113jiem stresa faktoriem. Piem\u0113rots ikdienas lieto\u0161anai un var tikt uzkl\u0101ts virs akt\u012bvajiem vai atjaunojo\u0161ajiem pH Formula l\u012bdzek\u013ciem.<\/p>\n<p data-start=\"4850\" data-end=\"4892\"><strong data-start=\"4850\" data-end=\"4890\">Galveno akt\u012bvo sast\u0101vda\u013cu iedarb\u012bba:<\/strong><\/p>\n<ul data-start=\"4893\" data-end=\"5233\">\n<li data-start=\"4893\" data-end=\"5028\">\n<p data-start=\"4895\" data-end=\"5028\"><strong data-start=\"4895\" data-end=\"4931\">Hialuronsk\u0101be un laktobionsk\u0101be:<\/strong> intens\u012bvi mitrina \u0101du, pal\u012bdz uztur\u0113t mitruma l\u012bdzsvaru un atbalsta \u0101das barjeras atjauno\u0161anu.<\/p>\n<\/li>\n<li data-start=\"5029\" data-end=\"5121\">\n<p data-start=\"5031\" data-end=\"5121\"><strong data-start=\"5031\" data-end=\"5045\">Pantenols:<\/strong> nomierina \u0101du, mazina savilkuma saj\u016btu un atbalsta atjauno\u0161an\u0101s procesus.<\/p>\n<\/li>\n<li data-start=\"5122\" data-end=\"5233\">\n<p data-start=\"5124\" data-end=\"5233\"><strong data-start=\"5124\" data-end=\"5145\">Glicirret\u012bnsk\u0101be:<\/strong> pal\u012bdz mazin\u0101t iekaisuma reakcijas, uzlabo \u0101das komfortu un stiprina aizsargmeh\u0101nismus.<\/p>\n<\/li>\n<\/ul>\n<p data-start=\"5235\" data-end=\"5377\">Piem\u0113rots visiem \u0101das tipiem, tostarp sausai, dehidr\u0113tai un reakt\u012bvai \u0101dai, k\u0101 ar\u012b \u0101dai ar noslieci uz perior\u0101lo dermat\u012btu un vieglu roz\u0101ciju.<\/p>\n<p data-start=\"5379\" data-end=\"5401\"><strong data-start=\"5379\" data-end=\"5391\">Tilpums:<\/strong> <strong data-start=\"5392\" data-end=\"5401\">50 ml<\/strong><\/p>\n","protected":false},"excerpt":{"rendered":"<p data-start=\"5565\" data-end=\"5631\"><span style=\"color: #ff0000;\"><strong data-start=\"5565\" data-end=\"5631\">pH Formula produktu pieg\u0101de notiek tikai Igaunijas teritorij\u0101.<\/strong><\/span><\/p>\n<p data-start=\"5633\" data-end=\"5807\"><span style=\"color: #ff0000;\"><strong data-start=\"5633\" data-end=\"5640\">NB!<\/strong> Produktu iesp\u0113jams ieg\u0101d\u0101ties tikai p\u0113c konsult\u0101cijas ar speci\u0101listu. Zvaniet +372 58 500 171 vai rakstiet uz <a class=\"decorated-link cursor-pointer\" style=\"color: #ff0000;\" href=\"mailto:info@skinstudio.ee\" rel=\"noopener\" data-start=\"5751\" data-end=\"5769\">info@skinstudio.ee<\/a>. M\u016bsu konsultanti pal\u012bdz\u0113s ar ieg\u0101di.<\/span><\/p>\n<p data-start=\"5809\" data-end=\"5867\">Mitrino\u0161s koncentr\u0101ta kr\u0113ms \u0101das reaktivit\u0101tes mazin\u0101\u0161anai<\/p>\n<h2 data-start=\"5869\" data-end=\"5921\"><strong data-start=\"5869\" data-end=\"5921\">\u012bpa\u0161\u012bbas <\/strong><strong data-start=\"5869\" data-end=\"5921\">pH Formula &#8211; MD P.O.S.T. Recovery Cream<\/strong><\/h2>\n<p data-start=\"5923\" data-end=\"6174\">\u2714\ufe0f Intens\u012bvi mitrina un uztur mitruma l\u012bdzsvaru<br data-start=\"5970\" data-end=\"5973\" \/>\u2714\ufe0f Mazina \u0101das reaktivit\u0101ti un diskomfortu<br data-start=\"6015\" data-end=\"6018\" \/>\u2714\ufe0f Nodro\u0161ina pretiekaisuma un antioksidantu aizsardz\u012bbu<br data-start=\"6073\" data-end=\"6076\" \/>\u2714\ufe0f Atbalsta \u0101das aizsargbarjeras atjauno\u0161anu<br data-start=\"6120\" data-end=\"6123\" \/>\u2714\ufe0f Piem\u0113rots visiem \u0101das tipiem, ar\u012b jut\u012bgai \u0101dai<\/p>\n<p>&nbsp;<\/p>\n","protected":false},"featured_media":64962,"template":"","meta":[],"pwb-brand":[778],"product_brand":[],"product_cat":[745,737,653,747],"product_tag":[],"giftcard-category":[],"class_list":{"0":"post-77993","1":"product","2":"type-product","3":"status-publish","4":"has-post-thumbnail","6":"pwb-brand-ph-formula","7":"product_cat-jutigai-adai","8":"product_cat-mitrinasana","9":"product_cat-ph-formula-lv","10":"product_cat-taukainai-adai","12":"first","13":"instock","14":"taxable","15":"shipping-taxable","16":"purchasable","17":"product-type-simple"},"acf":[],"brands":[{"id":778,"name":"pH Formula","slug":"ph-formula"}],"_links":{"self":[{"href":"https:\/\/skinstudio.ee\/lv\/wp-json\/wp\/v2\/product\/77993","targetHints":{"allow":["GET"]}}],"collection":[{"href":"https:\/\/skinstudio.ee\/lv\/wp-json\/wp\/v2\/product"}],"about":[{"href":"https:\/\/skinstudio.ee\/lv\/wp-json\/wp\/v2\/types\/product"}],"version-history":[{"count":2,"href":"https:\/\/skinstudio.ee\/lv\/wp-json\/wp\/v2\/product\/77993\/revisions"}],"predecessor-version":[{"id":77997,"href":"https:\/\/skinstudio.ee\/lv\/wp-json\/wp\/v2\/product\/77993\/revisions\/77997"}],"wp:featuredmedia":[{"embeddable":true,"href":"https:\/\/skinstudio.ee\/lv\/wp-json\/wp\/v2\/media\/64962"}],"wp:attachment":[{"href":"https:\/\/skinstudio.ee\/lv\/wp-json\/wp\/v2\/media?parent=77993"}],"wp:term":[{"taxonomy":"pwb-brand","embeddable":true,"href":"https:\/\/skinstudio.ee\/lv\/wp-json\/wp\/v2\/pwb-brand?post=77993"},{"taxonomy":"product_brand","embeddable":true,"href":"https:\/\/skinstudio.ee\/lv\/wp-json\/wp\/v2\/product_brand?post=77993"},{"taxonomy":"product_cat","embeddable":true,"href":"https:\/\/skinstudio.ee\/lv\/wp-json\/wp\/v2\/product_cat?post=77993"},{"taxonomy":"product_tag","embeddable":true,"href":"https:\/\/skinstudio.ee\/lv\/wp-json\/wp\/v2\/product_tag?post=77993"},{"taxonomy":"giftcard-category","embeddable":true,"href":"https:\/\/skinstudio.ee\/lv\/wp-json\/wp\/v2\/giftcard-category?post=77993"}],"curies":[{"name":"wp","href":"https:\/\/api.w.org\/{rel}","templated":true}]}}