{"id":78002,"date":"2024-12-31T17:28:25","date_gmt":"2024-12-31T17:28:25","guid":{"rendered":"https:\/\/skinstudio.ee\/?post_type=product&#038;p=78002"},"modified":"2026-02-13T15:28:24","modified_gmt":"2026-02-13T15:28:24","slug":"s-u-n-powder-spf30","status":"publish","type":"product","link":"https:\/\/skinstudio.ee\/lv\/catalog\/ph-formula\/s-u-n-powder-spf30\/","title":{"rendered":"S.U.N. Powder SPF30"},"content":{"rendered":"<p data-start=\"4694\" data-end=\"5000\"><strong data-start=\"4694\" data-end=\"4732\">S.U.N. Powder SPF30 no pH Formula<\/strong> ir miner\u0101ls saules aizsargp\u016bderis ar pla\u0161a spektra UVA un UVB aizsardz\u012bbu, paredz\u0113ts ikdienas lieto\u0161anai un \u0113rtai aizsardz\u012bbas atjauno\u0161anai dienas laik\u0101. Kompaktais form\u0101ts ar oti\u0146as aplikatoru nodro\u0161ina \u0101tru un vienm\u0113r\u012bgu uzkl\u0101\u0161anu gan virs grima, gan uz t\u012bras \u0101das.<\/p>\n<p data-start=\"5002\" data-end=\"5246\">P\u016bderis nodro\u0161ina dabisku, mat\u0113tu p\u0101rkl\u0101jumu, pal\u012bdz kontrol\u0113t sp\u012bdumu un saglab\u0101 \u0101du svaigu un koptu. Viegl\u0101, z\u012bdain\u0101 tekst\u016bra ir komfortabla un neapgr\u016btina \u0101du, padarot produktu piem\u0113rotu visiem \u0101das tipiem, tostarp jut\u012bgai un reakt\u012bvai \u0101dai.<\/p>\n<p data-start=\"5248\" data-end=\"5290\"><strong data-start=\"5248\" data-end=\"5288\">Galveno akt\u012bvo sast\u0101vda\u013cu iedarb\u012bba:<\/strong><\/p>\n<ul data-start=\"5291\" data-end=\"5676\">\n<li data-start=\"5291\" data-end=\"5431\">\n<p data-start=\"5293\" data-end=\"5431\"><strong data-start=\"5293\" data-end=\"5334\">Tit\u0101na dioks\u012bds (miner\u0101ls UV filtrs):<\/strong> nodro\u0161ina pla\u0161a spektra aizsardz\u012bbu pret UVA un UVB starojumu un pal\u012bdz nov\u0113rst fotoboj\u0101jumus.<\/p>\n<\/li>\n<li data-start=\"5432\" data-end=\"5559\">\n<p data-start=\"5434\" data-end=\"5559\"><strong data-start=\"5434\" data-end=\"5463\">Mikroniz\u0113ts r\u012bsu p\u016bderis:<\/strong> nodro\u0161ina mat\u0113jo\u0161u, nomierino\u0161u un antioksidantu iedarb\u012bbu, pie\u0161\u0137irot \u0101dai samtainu tekst\u016bru.<\/p>\n<\/li>\n<li data-start=\"5560\" data-end=\"5676\">\n<p data-start=\"5562\" data-end=\"5676\"><strong data-start=\"5562\" data-end=\"5595\">Purpura ehin\u0101cijas ekstrakts:<\/strong> atbalsta \u0101das aizsargfunkcijas un pal\u012bdz samazin\u0101t vides stresa faktoru ietekmi.<\/p>\n<\/li>\n<\/ul>\n<p data-start=\"5678\" data-end=\"5818\">Piem\u0113rots visiem \u0101das tipiem, tostarp jut\u012bgai, taukainai un uz akni tend\u0113tai \u0101dai. Var lietot dienas laik\u0101 saules aizsardz\u012bbas atjauno\u0161anai.<\/p>\n","protected":false},"excerpt":{"rendered":"<p data-start=\"6213\" data-end=\"6279\"><span style=\"color: #ff0000;\"><strong data-start=\"6213\" data-end=\"6279\">pH Formula produktu pieg\u0101de notiek tikai Igaunijas teritorij\u0101.<\/strong><\/span><\/p>\n<p data-start=\"6281\" data-end=\"6452\"><span style=\"color: #ff0000;\"><strong data-start=\"6281\" data-end=\"6288\">NB!<\/strong> Produktu iesp\u0113jams ieg\u0101d\u0101ties tikai p\u0113c konsult\u0101cijas ar speci\u0101listu. Zvaniet +372 58 500 171 vai rakstiet <a class=\"decorated-link cursor-pointer\" style=\"color: #ff0000;\" href=\"mailto:info@skinstudio.ee\" rel=\"noopener\" data-start=\"6396\" data-end=\"6414\">info@skinstudio.ee<\/a>. M\u016bsu konsultanti pal\u012bdz\u0113s ar ieg\u0101di.<\/span><\/p>\n<p data-start=\"6454\" data-end=\"6484\">Miner\u0101ls saules aizsargp\u016bderis<\/p>\n<h2 data-start=\"6486\" data-end=\"6532\"><strong data-start=\"6486\" data-end=\"6532\">\u012bpa\u0161\u012bbas <\/strong><strong data-start=\"6486\" data-end=\"6532\">pH Formula &#8211; S.U.N. Powder SPF30<\/strong><\/h2>\n<p data-start=\"6534\" data-end=\"6792\">\u2714\ufe0f Nodro\u0161ina miner\u0101lu UVA un UVB aizsardz\u012bbu SPF 30<br data-start=\"6585\" data-end=\"6588\" \/>\u2714\ufe0f Mat\u0113 \u0101du un pal\u012bdz kontrol\u0113t sp\u012bdumu<br data-start=\"6627\" data-end=\"6630\" \/>\u2714\ufe0f Piem\u0113rots saules aizsardz\u012bbas atjauno\u0161anai virs grima<br data-start=\"6686\" data-end=\"6689\" \/>\u2714\ufe0f Viegl\u0101, samtain\u0101 tekst\u016bra<br data-start=\"6717\" data-end=\"6720\" \/>\u2714\ufe0f Piem\u0113rots visiem \u0101das tipiem, tostarp jut\u012bgai un aknes skartai \u0101dai<\/p>\n","protected":false},"featured_media":64967,"template":"","meta":[],"pwb-brand":[778],"product_brand":[],"product_cat":[770,653,731],"product_tag":[],"giftcard-category":[],"class_list":{"0":"post-78002","1":"product","2":"type-product","3":"status-publish","4":"has-post-thumbnail","6":"pwb-brand-ph-formula","7":"product_cat-grims","8":"product_cat-ph-formula-lv","9":"product_cat-spf-aizsardziba","11":"first","12":"instock","13":"sale","14":"taxable","15":"shipping-taxable","16":"purchasable","17":"product-type-simple"},"acf":[],"brands":[{"id":778,"name":"pH Formula","slug":"ph-formula"}],"_links":{"self":[{"href":"https:\/\/skinstudio.ee\/lv\/wp-json\/wp\/v2\/product\/78002","targetHints":{"allow":["GET"]}}],"collection":[{"href":"https:\/\/skinstudio.ee\/lv\/wp-json\/wp\/v2\/product"}],"about":[{"href":"https:\/\/skinstudio.ee\/lv\/wp-json\/wp\/v2\/types\/product"}],"version-history":[{"count":1,"href":"https:\/\/skinstudio.ee\/lv\/wp-json\/wp\/v2\/product\/78002\/revisions"}],"predecessor-version":[{"id":78003,"href":"https:\/\/skinstudio.ee\/lv\/wp-json\/wp\/v2\/product\/78002\/revisions\/78003"}],"wp:featuredmedia":[{"embeddable":true,"href":"https:\/\/skinstudio.ee\/lv\/wp-json\/wp\/v2\/media\/64967"}],"wp:attachment":[{"href":"https:\/\/skinstudio.ee\/lv\/wp-json\/wp\/v2\/media?parent=78002"}],"wp:term":[{"taxonomy":"pwb-brand","embeddable":true,"href":"https:\/\/skinstudio.ee\/lv\/wp-json\/wp\/v2\/pwb-brand?post=78002"},{"taxonomy":"product_brand","embeddable":true,"href":"https:\/\/skinstudio.ee\/lv\/wp-json\/wp\/v2\/product_brand?post=78002"},{"taxonomy":"product_cat","embeddable":true,"href":"https:\/\/skinstudio.ee\/lv\/wp-json\/wp\/v2\/product_cat?post=78002"},{"taxonomy":"product_tag","embeddable":true,"href":"https:\/\/skinstudio.ee\/lv\/wp-json\/wp\/v2\/product_tag?post=78002"},{"taxonomy":"giftcard-category","embeddable":true,"href":"https:\/\/skinstudio.ee\/lv\/wp-json\/wp\/v2\/giftcard-category?post=78002"}],"curies":[{"name":"wp","href":"https:\/\/api.w.org\/{rel}","templated":true}]}}