{"id":78041,"date":"2026-01-31T10:19:22","date_gmt":"2026-01-31T10:19:22","guid":{"rendered":"https:\/\/skinstudio.ee\/?post_type=product&#038;p=78041"},"modified":"2026-03-23T13:18:45","modified_gmt":"2026-03-23T13:18:45","slug":"xceptional-flawless-cream","status":"publish","type":"product","link":"https:\/\/skinstudio.ee\/lv\/catalog\/instytutum-lv\/xceptional-flawless-cream\/","title":{"rendered":"Xceptional Flawless Cream"},"content":{"rendered":"<p data-start=\"3893\" data-end=\"4219\"><strong data-start=\"3893\" data-end=\"3936\">Xceptional Flawless Cream no Instytutum<\/strong> ir daudzfunkcion\u0101ls pretnoveco\u0161an\u0101s kr\u0113ms sejas, kakla un dekolt\u0113 zonas kop\u0161anai. Formula pal\u012bdz uzlabot \u0101das tvirtumu un bl\u012bvumu, vizu\u0101li kori\u0123\u0113t sejas kont\u016bras un uztur\u0113t gludu, koptu izskatu. Kr\u0113ms intens\u012bvi mitrina, m\u012bkstina un baro \u0101du, nodro\u0161inot komfortu visas dienas garum\u0101.<\/p>\n<p data-start=\"4221\" data-end=\"4487\">Kr\u0113mam ir bag\u0101t\u012bga, bet pat\u012bkama tekst\u016bra, kas viegli sapl\u016bst ar \u0101du, nodro\u0161inot vienm\u0113r\u012bgu uzkl\u0101\u0161anu un dzi\u013cu komforta saj\u016btu. Regul\u0101ri lietojot, \u0101da izskat\u0101s piln\u012bg\u0101ka, elast\u012bg\u0101ka un vizu\u0101li tvirt\u0101ka, savuk\u0101rt noguruma un noveco\u0161an\u0101s paz\u012bmes k\u013c\u016bst maz\u0101k paman\u0101mas.<\/p>\n<p data-start=\"4489\" data-end=\"4526\"><strong data-start=\"4489\" data-end=\"4526\">K\u0101 darbojas galven\u0101s sast\u0101vda\u013cas:<\/strong><\/p>\n<ul data-start=\"4527\" data-end=\"4902\">\n<li data-start=\"4527\" data-end=\"4645\">\n<p data-start=\"4529\" data-end=\"4645\"><strong data-start=\"4529\" data-end=\"4551\">Ave\u0146u cilmes \u0161\u016bnas<\/strong> &#8211; pal\u012bdz uztur\u0113t \u0101das vitalit\u0101ti un aizsargfunkcijas, veicinot svaig\u0101ku un tvirt\u0101ku izskatu<\/p>\n<\/li>\n<li data-start=\"4646\" data-end=\"4754\">\n<p data-start=\"4648\" data-end=\"4754\"><strong data-start=\"4648\" data-end=\"4692\">Daudzmolekul\u0101rs hialuronsk\u0101bes komplekss<\/strong> &#8211; nodro\u0161ina daudzl\u012bme\u0146u mitrin\u0101\u0161anu un uzlabo \u0101das elast\u012bbu<\/p>\n<\/li>\n<li data-start=\"4755\" data-end=\"4902\">\n<p data-start=\"4757\" data-end=\"4902\"><strong data-start=\"4757\" data-end=\"4816\">Savva\u013cas tabakas cilmes \u0161\u016bnas un kafijas \u0161\u016bnu ekstrakts<\/strong> &#8211; nodro\u0161ina antioksidantu atbalstu un pal\u012bdz \u0101dai izskat\u012bties glud\u0101kai un atp\u016btu\u0161ai<\/p>\n<\/li>\n<\/ul>\n<p data-start=\"4904\" data-end=\"5024\"><strong>Kam piem\u0113rots Xceptional Flawless Cream<\/strong>: visiem \u0101das tipiem, \u012bpa\u0161i \u0101dai ar redzam\u0101m noveco\u0161an\u0101s paz\u012bm\u0113m, tvirtuma un kont\u016bru zudumu, sausumu un bl\u0101vu izskatu.<\/p>\n<p data-start=\"5026\" data-end=\"5044\"><strong data-start=\"5026\" data-end=\"5044\">Tilpums: 50 ml<\/strong><\/p>\n","protected":false},"excerpt":{"rendered":"<p data-start=\"5214\" data-end=\"5254\">Pretnoveco\u0161an\u0101s kont\u016bras veidojo\u0161s kr\u0113ms<\/p>\n<h2 data-start=\"5256\" data-end=\"5488\"><strong data-start=\"5256\" data-end=\"5307\">\u012bpa\u0161\u012bbas <\/strong><strong data-start=\"5256\" data-end=\"5307\">Instytutum &#8211; Xceptional Flawless Cream<\/strong><\/h2>\n<p data-start=\"5256\" data-end=\"5488\">\u2714\ufe0f Uzlabo \u0101das tvirtumu un bl\u012bvumu<br data-start=\"5342\" data-end=\"5345\" \/>\u2714\ufe0f Pal\u012bdz vizu\u0101li kori\u0123\u0113t sejas kont\u016bras<br data-start=\"5385\" data-end=\"5388\" \/>\u2714\ufe0f Intens\u012bvi mitrina \u0101du<br data-start=\"5412\" data-end=\"5415\" \/>\u2714\ufe0f Veicina elast\u012bg\u0101ku un glud\u0101ku \u0101du<br data-start=\"5451\" data-end=\"5454\" \/>\u2714\ufe0f Uztur koptu un svaigu izskatu<\/p>\n","protected":false},"featured_media":78031,"template":"","meta":[],"pwb-brand":[1207],"product_brand":[],"product_cat":[1406,737,749],"product_tag":[],"giftcard-category":[],"class_list":{"0":"post-78041","1":"product","2":"type-product","3":"status-publish","4":"has-post-thumbnail","6":"pwb-brand-instytutum-lv","7":"product_cat-jaunumi","8":"product_cat-mitrinasana","9":"product_cat-novecojosa-ada","11":"first","12":"instock","13":"taxable","14":"shipping-taxable","15":"purchasable","16":"product-type-simple"},"acf":[],"brands":[{"id":1207,"name":"Instytutum","slug":"instytutum-lv"}],"_links":{"self":[{"href":"https:\/\/skinstudio.ee\/lv\/wp-json\/wp\/v2\/product\/78041","targetHints":{"allow":["GET"]}}],"collection":[{"href":"https:\/\/skinstudio.ee\/lv\/wp-json\/wp\/v2\/product"}],"about":[{"href":"https:\/\/skinstudio.ee\/lv\/wp-json\/wp\/v2\/types\/product"}],"version-history":[{"count":2,"href":"https:\/\/skinstudio.ee\/lv\/wp-json\/wp\/v2\/product\/78041\/revisions"}],"predecessor-version":[{"id":83722,"href":"https:\/\/skinstudio.ee\/lv\/wp-json\/wp\/v2\/product\/78041\/revisions\/83722"}],"wp:featuredmedia":[{"embeddable":true,"href":"https:\/\/skinstudio.ee\/lv\/wp-json\/wp\/v2\/media\/78031"}],"wp:attachment":[{"href":"https:\/\/skinstudio.ee\/lv\/wp-json\/wp\/v2\/media?parent=78041"}],"wp:term":[{"taxonomy":"pwb-brand","embeddable":true,"href":"https:\/\/skinstudio.ee\/lv\/wp-json\/wp\/v2\/pwb-brand?post=78041"},{"taxonomy":"product_brand","embeddable":true,"href":"https:\/\/skinstudio.ee\/lv\/wp-json\/wp\/v2\/product_brand?post=78041"},{"taxonomy":"product_cat","embeddable":true,"href":"https:\/\/skinstudio.ee\/lv\/wp-json\/wp\/v2\/product_cat?post=78041"},{"taxonomy":"product_tag","embeddable":true,"href":"https:\/\/skinstudio.ee\/lv\/wp-json\/wp\/v2\/product_tag?post=78041"},{"taxonomy":"giftcard-category","embeddable":true,"href":"https:\/\/skinstudio.ee\/lv\/wp-json\/wp\/v2\/giftcard-category?post=78041"}],"curies":[{"name":"wp","href":"https:\/\/api.w.org\/{rel}","templated":true}]}}