{"id":78193,"date":"2025-12-11T13:59:12","date_gmt":"2025-12-11T13:59:12","guid":{"rendered":"https:\/\/skinstudio.ee\/?post_type=product&#038;p=78193"},"modified":"2026-02-13T15:27:38","modified_gmt":"2026-02-13T15:27:38","slug":"hyalogy-sensiskin-cream-50g","status":"publish","type":"product","link":"https:\/\/skinstudio.ee\/lv\/catalog\/forlled\/hyalogy-sensiskin-cream-50g\/","title":{"rendered":"Hyalogy SensiSkin Cream 50g"},"content":{"rendered":"<p data-start=\"195\" data-end=\"486\">SensiSkin l\u012bnijas produktu unikalit\u0101te sl\u0113pjas to sp\u0113j\u0101 kompleksi iedarboties uz visiem galvenajiem meh\u0101nismiem, kas saist\u012bti ar jut\u012bgas \u0101das fenomenu. Formulas ir izstr\u0101d\u0101tas t\u0101, lai ne tikai nomierin\u0101tu jau radu\u0161os diskomfortu, bet ar\u012b ikdien\u0101 uztur\u0113tu \u0101du stabil\u0101 un l\u012bdzsvarot\u0101 st\u0101vokl\u012b.<\/p>\n<p data-start=\"488\" data-end=\"799\">Akt\u012bv\u0101s sast\u0101vda\u013cas pal\u012bdz nov\u0113rst hiperkeratozi, mazin\u0101t iekaisumu, samazin\u0101t reaktivit\u0101ti un palielin\u0101t \u0101das iztur\u012bbu pret \u0101r\u0113jiem kairin\u0101t\u0101jiem. Viegl\u0101, bet barojo\u0161\u0101 SensiSkin l\u012bnijas kr\u0113ma tekst\u016bra atjauno elast\u012bbu, stiprina \u0101das barjeru, uzlabo \u0101das kvalit\u0101ti un padara to man\u0101mi mier\u012bg\u0101ku un vienm\u0113r\u012bg\u0101ku.<\/p>\n<p data-start=\"801\" data-end=\"1121\">\u012apa\u0161i v\u0113rt\u012bgi ir tas, ka produkts darbojas ne tikai k\u0101 kop\u0161anas l\u012bdzeklis, bet ar\u012b k\u0101 profilaktisks atbalsts, kas palielina \u0101das rezistenci pret ikdienas stresu, sausu gaisu, temperat\u016bras sv\u0101rst\u012bb\u0101m un agres\u012bviem apk\u0101rt\u0113j\u0101s vides faktoriem. Regul\u0101ri lietojot, \u0101da k\u013c\u016bst maiga, gluda un daudz maz\u0101k pak\u013cauta kairin\u0101jumam.<\/p>\n<p data-start=\"1123\" data-end=\"1140\"><strong data-start=\"1123\" data-end=\"1135\">Tilpums:<\/strong> 50 g<\/p>\n","protected":false},"excerpt":{"rendered":"<p data-start=\"1380\" data-end=\"1399\">Kremas jut\u012bgai \u0101dai<\/p>\n<h2 data-start=\"1401\" data-end=\"1447\"><strong data-start=\"1401\" data-end=\"1447\">\u012apa\u0161\u012bbas Forlled &#8211; Hyalogy SensiSkin Cream<\/strong><\/h2>\n<p data-start=\"1449\" data-end=\"1668\">\u2714\ufe0f Stiprina barjeru un samazina reaktivit\u0101ti<br data-start=\"1493\" data-end=\"1496\" \/>\u2714\ufe0f Uztur vienm\u0113r\u012bgu un stabilu \u0101das strukt\u016bru<br data-start=\"1541\" data-end=\"1544\" \/>\u2714\ufe0f Samazina aps\u0101rtumu un diskomfortu<br data-start=\"1580\" data-end=\"1583\" \/>\u2714\ufe0f Uzlabo \u0101das elast\u012bbu un kvalit\u0101ti<br data-start=\"1619\" data-end=\"1622\" \/>\u2714\ufe0f Palielina iztur\u012bbu pret \u0101r\u0113jiem faktoriem<\/p>\n<p data-start=\"1670\" data-end=\"1712\"><span style=\"text-decoration: underline; color: #0000ff;\"><a style=\"color: #0000ff; text-decoration: underline;\" href=\"https:\/\/skinstudio.ee\/lv\/catalog\/forlled\/hyalogy-sensiskin-cream\/\">Pieejams ar\u012b Hyalogy SensiSkin Cream 100 g<\/a><\/span><\/p>\n<p>&nbsp;<\/p>\n","protected":false},"featured_media":69475,"template":"","meta":[],"pwb-brand":[776],"product_brand":[],"product_cat":[745,737],"product_tag":[],"giftcard-category":[],"class_list":{"0":"post-78193","1":"product","2":"type-product","3":"status-publish","4":"has-post-thumbnail","6":"pwb-brand-forlled","7":"product_cat-jutigai-adai","8":"product_cat-mitrinasana","10":"first","11":"instock","12":"taxable","13":"shipping-taxable","14":"purchasable","15":"product-type-simple"},"acf":[],"brands":[{"id":776,"name":"Forlled","slug":"forlled"}],"_links":{"self":[{"href":"https:\/\/skinstudio.ee\/lv\/wp-json\/wp\/v2\/product\/78193","targetHints":{"allow":["GET"]}}],"collection":[{"href":"https:\/\/skinstudio.ee\/lv\/wp-json\/wp\/v2\/product"}],"about":[{"href":"https:\/\/skinstudio.ee\/lv\/wp-json\/wp\/v2\/types\/product"}],"version-history":[{"count":1,"href":"https:\/\/skinstudio.ee\/lv\/wp-json\/wp\/v2\/product\/78193\/revisions"}],"predecessor-version":[{"id":78194,"href":"https:\/\/skinstudio.ee\/lv\/wp-json\/wp\/v2\/product\/78193\/revisions\/78194"}],"wp:featuredmedia":[{"embeddable":true,"href":"https:\/\/skinstudio.ee\/lv\/wp-json\/wp\/v2\/media\/69475"}],"wp:attachment":[{"href":"https:\/\/skinstudio.ee\/lv\/wp-json\/wp\/v2\/media?parent=78193"}],"wp:term":[{"taxonomy":"pwb-brand","embeddable":true,"href":"https:\/\/skinstudio.ee\/lv\/wp-json\/wp\/v2\/pwb-brand?post=78193"},{"taxonomy":"product_brand","embeddable":true,"href":"https:\/\/skinstudio.ee\/lv\/wp-json\/wp\/v2\/product_brand?post=78193"},{"taxonomy":"product_cat","embeddable":true,"href":"https:\/\/skinstudio.ee\/lv\/wp-json\/wp\/v2\/product_cat?post=78193"},{"taxonomy":"product_tag","embeddable":true,"href":"https:\/\/skinstudio.ee\/lv\/wp-json\/wp\/v2\/product_tag?post=78193"},{"taxonomy":"giftcard-category","embeddable":true,"href":"https:\/\/skinstudio.ee\/lv\/wp-json\/wp\/v2\/giftcard-category?post=78193"}],"curies":[{"name":"wp","href":"https:\/\/api.w.org\/{rel}","templated":true}]}}