{"id":78266,"date":"2025-07-16T14:43:13","date_gmt":"2025-07-16T14:43:13","guid":{"rendered":"https:\/\/skinstudio.ee\/?post_type=product&#038;p=78266"},"modified":"2026-02-13T15:27:30","modified_gmt":"2026-02-13T15:27:30","slug":"hyalogy-p-effect-reliance-gel","status":"publish","type":"product","link":"https:\/\/skinstudio.ee\/lv\/catalog\/forlled\/hyalogy-p-effect-reliance-gel\/","title":{"rendered":"Hyalogy P-effect Reliance Gel"},"content":{"rendered":"<p data-start=\"3721\" data-end=\"4003\"><strong data-start=\"3721\" data-end=\"3765\">Hyalogy P-effect Reliance Gel no Forlled<\/strong> ir stiprino\u0161s un atjaunojo\u0161s gels, kas paredz\u0113ts \u0101das \u0101trai atdz\u012bvin\u0101\u0161anai un optim\u0101la mitruma l\u012bme\u0146a uztur\u0113\u0161anai. Formula apvieno antioksidantus un mitrino\u0161as sast\u0101vda\u013cas, pal\u012bdzot \u0101dai izskat\u012bties svaig\u0101kai, glud\u0101kai un l\u012bdzsvarot\u0101kai.<\/p>\n<p data-start=\"4005\" data-end=\"4242\">Gels pal\u012bdz atjaunot \u0101das hidrolip\u012bdu l\u012bdzsvaru, uzlabo mitruma notur\u0113\u0161anas sp\u0113ju un atbalsta dabisk\u0101s aizsargfunkcijas. Akt\u012bvo sast\u0101vda\u013cu komplekss veicina \u0101das tekst\u016bras, maiguma un elast\u012bbas uzlabo\u0161anu, k\u0101 ar\u012b visp\u0101r\u0113jo \u0101das komfortu.<\/p>\n<p data-start=\"4244\" data-end=\"4480\">Hyalogy P-effect Reliance Gel atbalsta \u0101das atjauno\u0161an\u0101s procesus, pal\u012bdz mazin\u0101t diskomfortu un veicina vienm\u0113r\u012bg\u0101ku un starojo\u0161\u0101ku izskatu. Viegl\u0101 g\u0113la tekst\u016bra \u0101tri ies\u016bcas un nep\u0101rslogo \u0101du, padarot to piem\u0113rotu ikdienas lieto\u0161anai.<\/p>\n<p data-start=\"4482\" data-end=\"4634\">Produkts ir \u012bpa\u0161i piem\u0113rots \u0101dai ar noslieci uz taukain\u012bbu, k\u0101 ar\u012b \u0101dai, kurai nepiecie\u0161ama atjauno\u0161ana p\u0113c mitruma zuduma vai \u0101r\u0113jiem stresa faktoriem.<\/p>\n<p data-start=\"4636\" data-end=\"4826\"><strong data-start=\"4636\" data-end=\"4666\">Kam \u0161is gels ir piem\u0113rots:<\/strong> \u0101dai ar trauc\u0113tu mitruma l\u012bdzsvaru, noslieci uz taukain\u012bbu, dehidrat\u0101ciju un bl\u0101vu toni. Piem\u0113rots visiem \u0101das tipiem, tostarp jut\u012bgai \u0101dai, ikdienas kop\u0161anai.<\/p>\n<p data-start=\"4828\" data-end=\"4845\"><strong data-start=\"4828\" data-end=\"4840\">Tilpums:<\/strong> 50 g<\/p>\n","protected":false},"excerpt":{"rendered":"<p data-start=\"5056\" data-end=\"5082\">Mitrino\u0161s atjaunojo\u0161s gels<\/p>\n<h2 data-start=\"5084\" data-end=\"5136\"><strong data-start=\"5084\" data-end=\"5136\">\u012apa\u0161\u012bbas Forlled &#8211; Hyalogy P-effect Reliance Gel<\/strong><\/h2>\n<p data-start=\"5138\" data-end=\"5344\">\u2714\ufe0f Pal\u012bdz uztur\u0113t optim\u0101lu \u0101das mitruma l\u012bmeni<br data-start=\"5184\" data-end=\"5187\" \/>\u2714\ufe0f Stiprina \u0101das aizsargbarjeru<br data-start=\"5218\" data-end=\"5221\" \/>\u2714\ufe0f Uzlabo \u0101das elast\u012bbu un tvirtumu<br data-start=\"5256\" data-end=\"5259\" \/>\u2714\ufe0f Atbalsta \u0101das atjauno\u0161anos un komfortu<br data-start=\"5300\" data-end=\"5303\" \/>\u2714\ufe0f Pie\u0161\u0137ir \u0101dai svaigu un koptu izskatu<\/p>\n","protected":false},"featured_media":64622,"template":"","meta":[],"pwb-brand":[776],"product_brand":[],"product_cat":[737,747],"product_tag":[],"giftcard-category":[],"class_list":{"0":"post-78266","1":"product","2":"type-product","3":"status-publish","4":"has-post-thumbnail","6":"pwb-brand-forlled","7":"product_cat-mitrinasana","8":"product_cat-taukainai-adai","10":"first","11":"instock","12":"taxable","13":"shipping-taxable","14":"purchasable","15":"product-type-simple"},"acf":[],"brands":[{"id":776,"name":"Forlled","slug":"forlled"}],"_links":{"self":[{"href":"https:\/\/skinstudio.ee\/lv\/wp-json\/wp\/v2\/product\/78266","targetHints":{"allow":["GET"]}}],"collection":[{"href":"https:\/\/skinstudio.ee\/lv\/wp-json\/wp\/v2\/product"}],"about":[{"href":"https:\/\/skinstudio.ee\/lv\/wp-json\/wp\/v2\/types\/product"}],"version-history":[{"count":1,"href":"https:\/\/skinstudio.ee\/lv\/wp-json\/wp\/v2\/product\/78266\/revisions"}],"predecessor-version":[{"id":78268,"href":"https:\/\/skinstudio.ee\/lv\/wp-json\/wp\/v2\/product\/78266\/revisions\/78268"}],"wp:featuredmedia":[{"embeddable":true,"href":"https:\/\/skinstudio.ee\/lv\/wp-json\/wp\/v2\/media\/64622"}],"wp:attachment":[{"href":"https:\/\/skinstudio.ee\/lv\/wp-json\/wp\/v2\/media?parent=78266"}],"wp:term":[{"taxonomy":"pwb-brand","embeddable":true,"href":"https:\/\/skinstudio.ee\/lv\/wp-json\/wp\/v2\/pwb-brand?post=78266"},{"taxonomy":"product_brand","embeddable":true,"href":"https:\/\/skinstudio.ee\/lv\/wp-json\/wp\/v2\/product_brand?post=78266"},{"taxonomy":"product_cat","embeddable":true,"href":"https:\/\/skinstudio.ee\/lv\/wp-json\/wp\/v2\/product_cat?post=78266"},{"taxonomy":"product_tag","embeddable":true,"href":"https:\/\/skinstudio.ee\/lv\/wp-json\/wp\/v2\/product_tag?post=78266"},{"taxonomy":"giftcard-category","embeddable":true,"href":"https:\/\/skinstudio.ee\/lv\/wp-json\/wp\/v2\/giftcard-category?post=78266"}],"curies":[{"name":"wp","href":"https:\/\/api.w.org\/{rel}","templated":true}]}}