{"id":78282,"date":"2025-07-16T14:41:18","date_gmt":"2025-07-16T14:41:18","guid":{"rendered":"https:\/\/skinstudio.ee\/?post_type=product&#038;p=78282"},"modified":"2026-02-13T15:27:21","modified_gmt":"2026-02-13T15:27:21","slug":"hyalogy-emollient-cream-pack","status":"publish","type":"product","link":"https:\/\/skinstudio.ee\/lv\/catalog\/forlled\/hyalogy-emollient-cream-pack\/","title":{"rendered":"Hyalogy Emollient Cream Pack"},"content":{"rendered":"<p data-start=\"3660\" data-end=\"3935\"><strong data-start=\"3660\" data-end=\"3703\">Hyalogy Emollient Cream Pack no Forlled<\/strong> ir nomierino\u0161a un m\u012bkstino\u0161a maska, kas paredz\u0113ta \u0101dai ar noslieci uz aps\u0101rtumu, paaugstin\u0101tu jut\u012bgumu un sausumu. Formula ir v\u0113rsta uz \u0101das komforta atjauno\u0161anu, aizsargmeh\u0101nismu stiprin\u0101\u0161anu un optim\u0101la mitruma l\u012bme\u0146a uztur\u0113\u0161anu.<\/p>\n<p data-start=\"3937\" data-end=\"4174\">Maska pal\u012bdz mazin\u0101t sausumu un savilkuma saj\u016btu, atbalsta \u0101das elast\u012bbu un veicina kopt\u0101ku un vienm\u0113r\u012bg\u0101ku izskatu. Bag\u0101t\u012bg\u0101 kr\u0113mveida tekst\u016bra maigi ap\u0146em \u0101du, nodro\u0161inot relaks\u0113jo\u0161u un komfortablu saj\u016btu, \u012bpa\u0161i p\u0113c mas\u0101\u017eas proced\u016br\u0101m.<\/p>\n<p data-start=\"4176\" data-end=\"4422\">Hyalogy Emollient Cream Pack atbalsta \u0101du ar noslieci uz asinsvadu trauslumu, pal\u012bdz samazin\u0101t reaktivit\u0101ti un veicina hidrolip\u012bdu l\u012bdzsvara atjauno\u0161anu. Regul\u0101ri lietojot, \u0101da izskat\u0101s mier\u012bg\u0101ka, maig\u0101ka un iztur\u012bg\u0101ka pret \u0101r\u0113jiem kairin\u0101t\u0101jiem.<\/p>\n<p data-start=\"4424\" data-end=\"4559\">Maska ir \u012bpa\u0161i piem\u0113rota lieto\u0161anai p\u0113c mas\u0101\u017eas un \u0101das kop\u0161anas programm\u0101s, kas v\u0113rstas uz \u0101das atjauno\u0161anu p\u0113c intens\u012bv\u0101m proced\u016br\u0101m.<\/p>\n<p data-start=\"4561\" data-end=\"4744\"><strong data-start=\"4561\" data-end=\"4591\">Kam \u0161\u012b maska ir piem\u0113rota:<\/strong> \u0101dai ar aps\u0101rtumu, jut\u012bgumu un sausumu, k\u0101 ar\u012b \u0101dai ar pav\u0101jin\u0101tu barjeru un samazin\u0101tu elast\u012bbu. Piem\u0113rota \u0101das atjauno\u0161anai p\u0113c intens\u012bv\u0101m proced\u016br\u0101m.<\/p>\n<p data-start=\"4746\" data-end=\"4764\"><strong data-start=\"4746\" data-end=\"4758\">Tilpums:<\/strong> 100 g<\/p>\n","protected":false},"excerpt":{"rendered":"<p data-start=\"4953\" data-end=\"4994\">Nomierino\u0161a m\u012bkstino\u0161a maska jut\u012bgai \u0101dai<\/p>\n<h2 data-start=\"4996\" data-end=\"5047\"><strong data-start=\"4996\" data-end=\"5047\">\u012apa\u0161\u012bbas Forlled &#8211; Hyalogy Emollient Cream Pack<\/strong><\/h2>\n<p data-start=\"5049\" data-end=\"5273\">\u2714\ufe0f Pal\u012bdz atjaunot sausas un jut\u012bgas \u0101das komfortu<br data-start=\"5099\" data-end=\"5102\" \/>\u2714\ufe0f Atbalsta hidrolip\u012bdu l\u012bdzsvaru<br data-start=\"5135\" data-end=\"5138\" \/>\u2714\ufe0f M\u012bkstina \u0101du un mazina savilkuma saj\u016btu<br data-start=\"5180\" data-end=\"5183\" \/>\u2714\ufe0f Veicina \u0101das elast\u012bbas uzlabo\u0161anu<br data-start=\"5219\" data-end=\"5222\" \/>\u2714\ufe0f Piem\u0113rota lieto\u0161anai p\u0113c intens\u012bv\u0101m proced\u016br\u0101m<\/p>\n","protected":false},"featured_media":64633,"template":"","meta":[],"pwb-brand":[776],"product_brand":[],"product_cat":[725],"product_tag":[],"giftcard-category":[],"class_list":{"0":"post-78282","1":"product","2":"type-product","3":"status-publish","4":"has-post-thumbnail","6":"pwb-brand-forlled","7":"product_cat-maskas","9":"first","10":"instock","11":"taxable","12":"shipping-taxable","13":"purchasable","14":"product-type-simple"},"acf":[],"brands":[{"id":776,"name":"Forlled","slug":"forlled"}],"_links":{"self":[{"href":"https:\/\/skinstudio.ee\/lv\/wp-json\/wp\/v2\/product\/78282","targetHints":{"allow":["GET"]}}],"collection":[{"href":"https:\/\/skinstudio.ee\/lv\/wp-json\/wp\/v2\/product"}],"about":[{"href":"https:\/\/skinstudio.ee\/lv\/wp-json\/wp\/v2\/types\/product"}],"version-history":[{"count":1,"href":"https:\/\/skinstudio.ee\/lv\/wp-json\/wp\/v2\/product\/78282\/revisions"}],"predecessor-version":[{"id":78284,"href":"https:\/\/skinstudio.ee\/lv\/wp-json\/wp\/v2\/product\/78282\/revisions\/78284"}],"wp:featuredmedia":[{"embeddable":true,"href":"https:\/\/skinstudio.ee\/lv\/wp-json\/wp\/v2\/media\/64633"}],"wp:attachment":[{"href":"https:\/\/skinstudio.ee\/lv\/wp-json\/wp\/v2\/media?parent=78282"}],"wp:term":[{"taxonomy":"pwb-brand","embeddable":true,"href":"https:\/\/skinstudio.ee\/lv\/wp-json\/wp\/v2\/pwb-brand?post=78282"},{"taxonomy":"product_brand","embeddable":true,"href":"https:\/\/skinstudio.ee\/lv\/wp-json\/wp\/v2\/product_brand?post=78282"},{"taxonomy":"product_cat","embeddable":true,"href":"https:\/\/skinstudio.ee\/lv\/wp-json\/wp\/v2\/product_cat?post=78282"},{"taxonomy":"product_tag","embeddable":true,"href":"https:\/\/skinstudio.ee\/lv\/wp-json\/wp\/v2\/product_tag?post=78282"},{"taxonomy":"giftcard-category","embeddable":true,"href":"https:\/\/skinstudio.ee\/lv\/wp-json\/wp\/v2\/giftcard-category?post=78282"}],"curies":[{"name":"wp","href":"https:\/\/api.w.org\/{rel}","templated":true}]}}