{"id":78317,"date":"2025-07-16T14:38:32","date_gmt":"2025-07-16T14:38:32","guid":{"rendered":"https:\/\/skinstudio.ee\/?post_type=product&#038;p=78317"},"modified":"2026-02-13T15:27:31","modified_gmt":"2026-02-13T15:27:31","slug":"hyalogy-pd-cream-pack","status":"publish","type":"product","link":"https:\/\/skinstudio.ee\/lv\/catalog\/forlled\/hyalogy-pd-cream-pack\/","title":{"rendered":"Hyalogy PD Cream Pack"},"content":{"rendered":"<p data-start=\"3486\" data-end=\"3807\"><strong data-start=\"3486\" data-end=\"3522\">Hyalogy PD Cream Pack no Forlled<\/strong> ir augstas efektivit\u0101tes kr\u0113mveida maska ar zemas molekulmasas strukt\u016bru, kas izstr\u0101d\u0101ta nobriedu\u0161as \u0101das kompleksai pretnoveco\u0161an\u0101s kop\u0161anai. Formula ar biomim\u0113tiskiem pept\u012bdiem ir v\u0113rsta uz \u0101das bl\u012bvuma atjauno\u0161anu, elast\u012bbas uzlabo\u0161anu un visp\u0101r\u0113j\u0101s \u0101das kvalit\u0101tes paaugstin\u0101\u0161anu.<\/p>\n<p data-start=\"3809\" data-end=\"4052\">Maska nodro\u0161ina izteiktu atjaunojo\u0161u iedarb\u012bbu, pal\u012bdz vizu\u0101li samazin\u0101t grumbu un smalko l\u012bniju izskatu un atbalsta optim\u0101lu \u0101das mitruma l\u012bmeni. Kr\u0113m\u012bg\u0101 tekst\u016bra \u0113rti kl\u0101jas uz \u0101das, nodro\u0161inot barojo\u0161u un m\u012bkstino\u0161u saj\u016btu proced\u016bras laik\u0101.<\/p>\n<p data-start=\"4054\" data-end=\"4281\">Hyalogy PD Cream Pack atbalsta \u0101das atjauno\u0161an\u0101s procesus, pal\u012bdz uzlabot dermas strukt\u016bru un veicina bl\u012bv\u0101ku, glud\u0101ku un kopt\u0101ku \u0101das izskatu. Regul\u0101ri lietojot, \u0101da izskat\u0101s svaig\u0101ka, ar vienm\u0113r\u012bg\u0101ku toni un liel\u0101ku komfortu.<\/p>\n<p data-start=\"4283\" data-end=\"4368\">Maska ir piem\u0113rota profesion\u0101l\u0101m proced\u016br\u0101m un intens\u012bv\u0101m pretnoveco\u0161an\u0101s programm\u0101m.<\/p>\n<p data-start=\"4370\" data-end=\"4555\"><strong data-start=\"4370\" data-end=\"4400\">Kam \u0161\u012b maska ir piem\u0113rota:<\/strong> nobriedu\u0161ai, noguru\u0161ai un dehidr\u0113tai \u0101dai, k\u0101 ar\u012b \u0101dai ar samazin\u0101tu elast\u012bbu, bl\u012bvuma zudumu un redzam\u0101m noveco\u0161an\u0101s paz\u012bm\u0113m. Ieteicama kursa lieto\u0161anai.<\/p>\n<p data-start=\"4557\" data-end=\"4575\"><strong data-start=\"4557\" data-end=\"4569\">Tilpums:<\/strong> 100 g<\/p>\n","protected":false},"excerpt":{"rendered":"<p data-start=\"4760\" data-end=\"4796\">Mitrino\u0161a pretnoveco\u0161an\u0101s kr\u0113m-maska<\/p>\n<h2 data-start=\"4798\" data-end=\"4842\"><strong data-start=\"4798\" data-end=\"4842\">\u012apa\u0161\u012bbas Forlled &#8211; Hyalogy PD Cream Pack<\/strong><\/h2>\n<p data-start=\"4844\" data-end=\"5053\">\u2714\ufe0f Nodro\u0161ina intens\u012bvu mitrin\u0101\u0161anu un komfortu<br data-start=\"4890\" data-end=\"4893\" \/>\u2714\ufe0f Pal\u012bdz uzlabot \u0101das bl\u012bvumu un elast\u012bbu<br data-start=\"4935\" data-end=\"4938\" \/>\u2714\ufe0f Atbalsta glud\u0101ku \u0101das tekst\u016bru<br data-start=\"4971\" data-end=\"4974\" \/>\u2714\ufe0f Stiprina \u0101das aizsargfunkcijas<br data-start=\"5007\" data-end=\"5010\" \/>\u2714\ufe0f Uzlabo nobriedu\u0161as \u0101das kop\u0113jo izskatu<\/p>\n","protected":false},"featured_media":64645,"template":"","meta":[],"pwb-brand":[776],"product_brand":[],"product_cat":[725],"product_tag":[],"giftcard-category":[],"class_list":{"0":"post-78317","1":"product","2":"type-product","3":"status-publish","4":"has-post-thumbnail","6":"pwb-brand-forlled","7":"product_cat-maskas","9":"first","10":"instock","11":"taxable","12":"shipping-taxable","13":"purchasable","14":"product-type-simple"},"acf":[],"brands":[{"id":776,"name":"Forlled","slug":"forlled"}],"_links":{"self":[{"href":"https:\/\/skinstudio.ee\/lv\/wp-json\/wp\/v2\/product\/78317","targetHints":{"allow":["GET"]}}],"collection":[{"href":"https:\/\/skinstudio.ee\/lv\/wp-json\/wp\/v2\/product"}],"about":[{"href":"https:\/\/skinstudio.ee\/lv\/wp-json\/wp\/v2\/types\/product"}],"version-history":[{"count":1,"href":"https:\/\/skinstudio.ee\/lv\/wp-json\/wp\/v2\/product\/78317\/revisions"}],"predecessor-version":[{"id":78318,"href":"https:\/\/skinstudio.ee\/lv\/wp-json\/wp\/v2\/product\/78317\/revisions\/78318"}],"wp:featuredmedia":[{"embeddable":true,"href":"https:\/\/skinstudio.ee\/lv\/wp-json\/wp\/v2\/media\/64645"}],"wp:attachment":[{"href":"https:\/\/skinstudio.ee\/lv\/wp-json\/wp\/v2\/media?parent=78317"}],"wp:term":[{"taxonomy":"pwb-brand","embeddable":true,"href":"https:\/\/skinstudio.ee\/lv\/wp-json\/wp\/v2\/pwb-brand?post=78317"},{"taxonomy":"product_brand","embeddable":true,"href":"https:\/\/skinstudio.ee\/lv\/wp-json\/wp\/v2\/product_brand?post=78317"},{"taxonomy":"product_cat","embeddable":true,"href":"https:\/\/skinstudio.ee\/lv\/wp-json\/wp\/v2\/product_cat?post=78317"},{"taxonomy":"product_tag","embeddable":true,"href":"https:\/\/skinstudio.ee\/lv\/wp-json\/wp\/v2\/product_tag?post=78317"},{"taxonomy":"giftcard-category","embeddable":true,"href":"https:\/\/skinstudio.ee\/lv\/wp-json\/wp\/v2\/giftcard-category?post=78317"}],"curies":[{"name":"wp","href":"https:\/\/api.w.org\/{rel}","templated":true}]}}