{"id":78340,"date":"2025-07-16T14:36:42","date_gmt":"2025-07-16T14:36:42","guid":{"rendered":"https:\/\/skinstudio.ee\/?post_type=product&#038;p=78340"},"modified":"2026-02-13T15:27:45","modified_gmt":"2026-02-13T15:27:45","slug":"travel-set-1-basic-hydration","status":"publish","type":"product","link":"https:\/\/skinstudio.ee\/lv\/catalog\/forlled\/travel-set-1-basic-hydration\/","title":{"rendered":"Travel Set 1 Basic Hydration"},"content":{"rendered":"<p data-start=\"3694\" data-end=\"4041\">\u0160is profesion\u0101lais komplekts ir \u012bpa\u0161i izstr\u0101d\u0101ts, lai nodro\u0161in\u0101tu pilnv\u0113rt\u012bgu mitrino\u0161u kop\u0161anu \u0113rt\u0101 mini form\u0101t\u0101. Tas ir ide\u0101li piem\u0113rots ce\u013co\u0161anai, \u012bslaic\u012bgai kop\u0161anai vai iepaz\u012b\u0161anai ar Forlle\u2019d z\u012bmolu. Komplekt\u0101 iek\u013cautie produkti darbojas siner\u0123ij\u0101, dzi\u013ci mitrinot \u0101du, atjaunojot t\u0101s aizsargbarjeru un pie\u0161\u0137irot tai svaigu, vesel\u012bgu izskatu.<\/p>\n<p data-start=\"4043\" data-end=\"4344\">Komplekts ir piem\u0113rots visiem \u0101das tipiem, tostarp jut\u012bgai un dehidr\u0113tai \u0101dai, k\u0101 ar\u012b \u0101dai ar noguruma un apk\u0101rt\u0113j\u0101s vides stresa paz\u012bm\u0113m. Ide\u0101li piem\u0113rots k\u0101 atbalsto\u0161a kop\u0161ana klimata mai\u0146as, garu lidojumu vai stresa situ\u0101ciju laik\u0101, kad \u0101dai \u012bpa\u0161i nepiecie\u0161ama aizsardz\u012bba, komforts un atjauno\u0161ana.<\/p>\n<p data-start=\"4346\" data-end=\"4637\">Komplekta produkti iedarbojas visos \u0101das kop\u0161anas posmos &#8211; no maigas att\u012br\u012b\u0161anas l\u012bdz intens\u012bvai re\u0123ener\u0101cijai un aizsardz\u012bbai. Forlle\u2019d unik\u0101lie zemas molekulmasas komponenti nodro\u0161ina akt\u012bvo vielu iek\u013c\u016b\u0161anu dzi\u013c\u0101kajos \u0101das sl\u0101\u0146os, stimul\u0113jot atjauno\u0161anos un stiprinot dabisko \u0101das barjeru.<\/p>\n","protected":false},"excerpt":{"rendered":"<p data-start=\"5231\" data-end=\"5260\">Ce\u013cojumu kosm\u0113tikas komplekts<\/p>\n<h2 data-start=\"5262\" data-end=\"5320\"><strong>Forlled &#8211; Travel Set 1 Basic Hydration komplekt\u0101 ietilpst:<\/strong><\/h2>\n<p data-start=\"5322\" data-end=\"5463\">\u2714\ufe0f Clearance Cleansing 10 g<br data-start=\"5349\" data-end=\"5352\" \/>\u2714\ufe0f Repurerance Wash 10 g<br data-start=\"5376\" data-end=\"5379\" \/>\u2714\ufe0f Refining Lotion 15 ml<br data-start=\"5403\" data-end=\"5406\" \/>\u2714\ufe0f Basing Emulsion 10 ml<br data-start=\"5430\" data-end=\"5433\" \/>\u2714\ufe0f P-effect Essence 2 \u00d7 1 ml<\/p>\n","protected":false},"featured_media":64503,"template":"","meta":[],"pwb-brand":[776],"product_brand":[],"product_cat":[755,753],"product_tag":[],"giftcard-category":[],"class_list":{"0":"post-78340","1":"product","2":"type-product","3":"status-publish","4":"has-post-thumbnail","6":"pwb-brand-forlled","7":"product_cat-komplekti","8":"product_cat-travel-size","10":"first","11":"instock","12":"taxable","13":"shipping-taxable","14":"purchasable","15":"product-type-simple"},"acf":[],"brands":[{"id":776,"name":"Forlled","slug":"forlled"}],"_links":{"self":[{"href":"https:\/\/skinstudio.ee\/lv\/wp-json\/wp\/v2\/product\/78340","targetHints":{"allow":["GET"]}}],"collection":[{"href":"https:\/\/skinstudio.ee\/lv\/wp-json\/wp\/v2\/product"}],"about":[{"href":"https:\/\/skinstudio.ee\/lv\/wp-json\/wp\/v2\/types\/product"}],"version-history":[{"count":1,"href":"https:\/\/skinstudio.ee\/lv\/wp-json\/wp\/v2\/product\/78340\/revisions"}],"predecessor-version":[{"id":78341,"href":"https:\/\/skinstudio.ee\/lv\/wp-json\/wp\/v2\/product\/78340\/revisions\/78341"}],"wp:featuredmedia":[{"embeddable":true,"href":"https:\/\/skinstudio.ee\/lv\/wp-json\/wp\/v2\/media\/64503"}],"wp:attachment":[{"href":"https:\/\/skinstudio.ee\/lv\/wp-json\/wp\/v2\/media?parent=78340"}],"wp:term":[{"taxonomy":"pwb-brand","embeddable":true,"href":"https:\/\/skinstudio.ee\/lv\/wp-json\/wp\/v2\/pwb-brand?post=78340"},{"taxonomy":"product_brand","embeddable":true,"href":"https:\/\/skinstudio.ee\/lv\/wp-json\/wp\/v2\/product_brand?post=78340"},{"taxonomy":"product_cat","embeddable":true,"href":"https:\/\/skinstudio.ee\/lv\/wp-json\/wp\/v2\/product_cat?post=78340"},{"taxonomy":"product_tag","embeddable":true,"href":"https:\/\/skinstudio.ee\/lv\/wp-json\/wp\/v2\/product_tag?post=78340"},{"taxonomy":"giftcard-category","embeddable":true,"href":"https:\/\/skinstudio.ee\/lv\/wp-json\/wp\/v2\/giftcard-category?post=78340"}],"curies":[{"name":"wp","href":"https:\/\/api.w.org\/{rel}","templated":true}]}}