{"id":78354,"date":"2025-07-16T14:34:49","date_gmt":"2025-07-16T14:34:49","guid":{"rendered":"https:\/\/skinstudio.ee\/?post_type=product&#038;p=78354"},"modified":"2026-02-13T15:27:19","modified_gmt":"2026-02-13T15:27:19","slug":"hyalogy-clg-face-mask","status":"publish","type":"product","link":"https:\/\/skinstudio.ee\/lv\/catalog\/forlled\/hyalogy-clg-face-mask\/","title":{"rendered":"Hyalogy CLG Face Mask"},"content":{"rendered":"<p data-start=\"3603\" data-end=\"3864\"><strong data-start=\"3603\" data-end=\"3639\">Hyalogy CLG Face Mask no Forlled<\/strong> ir biocelulozes maska ar izl\u012bdzino\u0161u un krunkas aizpildo\u0161u efektu, kas izstr\u0101d\u0101ta uz tr\u012bs da\u017e\u0101das molekulmasas kolag\u0113na formu b\u0101zes. Formula paredz\u0113ta visaptvero\u0161ai \u0101das kop\u0161anai, uzlabojot t\u0101s bl\u012bvumu, elast\u012bbu un tvirtumu.<\/p>\n<p data-start=\"3866\" data-end=\"4111\">Maska m\u0113r\u0137tiec\u012bgi iedarbojas uz visiem \u0101das sl\u0101\u0146iem, pal\u012bdzot vizu\u0101li izl\u012bdzin\u0101t un aizpild\u012bt krunkas, uzlabot \u0101das tonusu un veicin\u0101t stingr\u0101ku, pacelt\u0101ku izskatu. Atbalstot neokolag\u0113na sint\u0113zes procesus, \u0101da izskat\u0101s elast\u012bg\u0101ka un atjaunot\u0101ka.<\/p>\n<p data-start=\"4113\" data-end=\"4356\">\u012apa\u0161i pl\u0101n\u0101 biocelulozes pamatne, kas ieg\u016bta kokosriekstu sulas ferment\u0101cijas proces\u0101, nodro\u0161ina cie\u0161u okkl\u016bziju un maksim\u0101lu akt\u012bvo vielu kontaktu ar \u0101du. Tas pastiprina formulas efektivit\u0101ti un pal\u012bdz sasniegt izteiktu un notur\u012bgu rezult\u0101tu.<\/p>\n<p data-start=\"4358\" data-end=\"4498\">P\u0113c lieto\u0161anas \u0101da uzreiz izskat\u0101s glud\u0101ka, piepild\u012bt\u0101ka, svaig\u0101ka un intens\u012bvi mitrin\u0101ta, saglab\u0101jot ilgsto\u0161u komforta un elast\u012bbas saj\u016btu.<\/p>\n<p data-start=\"4500\" data-end=\"4672\"><strong data-start=\"4500\" data-end=\"4530\">Kam \u0161\u012b maska ir piem\u0113rota:<\/strong> \u0101dai ar noveco\u0161an\u0101s paz\u012bm\u0113m, samazin\u0101tu tvirtumu, bl\u0101vu toni un redzam\u0101m vai agr\u012bn\u0101m krunk\u0101m. Piem\u0113rota intens\u012bvai un profesion\u0101lai kop\u0161anai.<\/p>\n<p data-start=\"4674\" data-end=\"4701\"><strong data-start=\"4674\" data-end=\"4686\">Tilpums:<\/strong> 1 gab. \u00d7 25 ml<\/p>\n","protected":false},"excerpt":{"rendered":"<p data-start=\"4976\" data-end=\"5025\">Kolag\u0113na maska \u0101das stiprin\u0101\u0161anai un atjauno\u0161anai<\/p>\n<h2 data-start=\"5027\" data-end=\"5071\"><strong data-start=\"5027\" data-end=\"5071\">\u012apa\u0161\u012bbas Forlled &#8211; Hyalogy CLG Face Mask<\/strong><\/h2>\n<p data-start=\"5073\" data-end=\"5281\">\u2714\ufe0f Intens\u012bvi mitrina un atbalsta \u0101das atjauno\u0161anos<br data-start=\"5123\" data-end=\"5126\" \/>\u2714\ufe0f Uzlabo \u0101das elast\u012bbu un tvirtumu<br data-start=\"5161\" data-end=\"5164\" \/>\u2714\ufe0f Pal\u012bdz vizu\u0101li izl\u012bdzin\u0101t krunkas<br data-start=\"5200\" data-end=\"5203\" \/>\u2714\ufe0f Atbalsta \u0101das bl\u012bvumu un tonusu<br data-start=\"5237\" data-end=\"5240\" \/>\u2714\ufe0f Pie\u0161\u0137ir \u0101dai svaigu un koptu izskatu<\/p>\n","protected":false},"featured_media":64516,"template":"","meta":[],"pwb-brand":[776],"product_brand":[],"product_cat":[725],"product_tag":[],"giftcard-category":[],"class_list":{"0":"post-78354","1":"product","2":"type-product","3":"status-publish","4":"has-post-thumbnail","6":"pwb-brand-forlled","7":"product_cat-maskas","9":"first","10":"instock","11":"taxable","12":"shipping-taxable","13":"purchasable","14":"product-type-simple"},"acf":[],"brands":[{"id":776,"name":"Forlled","slug":"forlled"}],"_links":{"self":[{"href":"https:\/\/skinstudio.ee\/lv\/wp-json\/wp\/v2\/product\/78354","targetHints":{"allow":["GET"]}}],"collection":[{"href":"https:\/\/skinstudio.ee\/lv\/wp-json\/wp\/v2\/product"}],"about":[{"href":"https:\/\/skinstudio.ee\/lv\/wp-json\/wp\/v2\/types\/product"}],"version-history":[{"count":1,"href":"https:\/\/skinstudio.ee\/lv\/wp-json\/wp\/v2\/product\/78354\/revisions"}],"predecessor-version":[{"id":78355,"href":"https:\/\/skinstudio.ee\/lv\/wp-json\/wp\/v2\/product\/78354\/revisions\/78355"}],"wp:featuredmedia":[{"embeddable":true,"href":"https:\/\/skinstudio.ee\/lv\/wp-json\/wp\/v2\/media\/64516"}],"wp:attachment":[{"href":"https:\/\/skinstudio.ee\/lv\/wp-json\/wp\/v2\/media?parent=78354"}],"wp:term":[{"taxonomy":"pwb-brand","embeddable":true,"href":"https:\/\/skinstudio.ee\/lv\/wp-json\/wp\/v2\/pwb-brand?post=78354"},{"taxonomy":"product_brand","embeddable":true,"href":"https:\/\/skinstudio.ee\/lv\/wp-json\/wp\/v2\/product_brand?post=78354"},{"taxonomy":"product_cat","embeddable":true,"href":"https:\/\/skinstudio.ee\/lv\/wp-json\/wp\/v2\/product_cat?post=78354"},{"taxonomy":"product_tag","embeddable":true,"href":"https:\/\/skinstudio.ee\/lv\/wp-json\/wp\/v2\/product_tag?post=78354"},{"taxonomy":"giftcard-category","embeddable":true,"href":"https:\/\/skinstudio.ee\/lv\/wp-json\/wp\/v2\/giftcard-category?post=78354"}],"curies":[{"name":"wp","href":"https:\/\/api.w.org\/{rel}","templated":true}]}}