{"id":78385,"date":"2025-07-16T09:10:16","date_gmt":"2025-07-16T09:10:16","guid":{"rendered":"https:\/\/skinstudio.ee\/?post_type=product&#038;p=78385"},"modified":"2026-02-13T15:27:34","modified_gmt":"2026-02-13T15:27:34","slug":"hyalogy-re-dify-eye-mask","status":"publish","type":"product","link":"https:\/\/skinstudio.ee\/lv\/catalog\/forlled\/hyalogy-re-dify-eye-mask\/","title":{"rendered":"Hyalogy Re-Dify Eye Mask"},"content":{"rendered":"<p data-start=\"3865\" data-end=\"4078\"><strong data-start=\"3865\" data-end=\"3904\">Hyalogy Re-Dify Eye Mask no Forlled<\/strong> ir profesion\u0101la pretnoveco\u0161an\u0101s maska ar bl\u012bvu tekst\u016bru, kas izstr\u0101d\u0101ta \u012bpa\u0161i maigajai acu zonas \u0101dai. Maska cie\u0161i piegu\u013c \u0101dai, nodro\u0161inot intens\u012bvu un ilgsto\u0161u mitrin\u0101\u0161anu.<\/p>\n<p data-start=\"4080\" data-end=\"4315\">Nestandarta forma \u013cauj apstr\u0101d\u0101t pla\u0161\u0101ku acu zonas laukumu, nodro\u0161inot gan izteiktu liftinga efektu, gan akt\u012bvu limfodren\u0101\u017eu. T\u0101 rezult\u0101t\u0101 samazin\u0101s piet\u016bkums, \u0101da k\u013c\u016bst tvirt\u0101ka un toniz\u0113t\u0101ka, bet skatiens \u2014 svaig\u0101ks un izteiksm\u012bg\u0101ks.<\/p>\n<p data-start=\"4317\" data-end=\"4550\">Maska pal\u012bdz samazin\u0101t smalko l\u012bniju un grumbi\u0146u redzam\u012bbu, uzlabo \u0101das toni ap ac\u012bm un nomierina noguruma un kairin\u0101juma paz\u012bmes. Formula piem\u0113rota pat \u013coti jut\u012bgai \u0101dai un paredz\u0113ta gan profesion\u0101lai, gan intens\u012bvai m\u0101jas kop\u0161anai.<\/p>\n<p data-start=\"4552\" data-end=\"4686\"><strong data-start=\"4552\" data-end=\"4582\">Kam \u0161\u012b maska ir piem\u0113rota:<\/strong> acu zonai ar noveco\u0161an\u0101s paz\u012bm\u0113m, piet\u016bkumu, bl\u0101vu toni un samazin\u0101tu tvirtumu. Piem\u0113rota jut\u012bgai \u0101dai.<\/p>\n<p data-start=\"4688\" data-end=\"4707\"><strong data-start=\"4688\" data-end=\"4700\">Tilpums:<\/strong> 8 gab.<\/p>\n","protected":false},"excerpt":{"rendered":"<p data-start=\"5229\" data-end=\"5272\">Atjaunojo\u0161a pretnoveco\u0161an\u0101s maska acu zonai<\/p>\n<h2 data-start=\"5274\" data-end=\"5321\"><strong data-start=\"5274\" data-end=\"5321\">\u012apa\u0161\u012bbas Forlled &#8211; Hyalogy Re-Dify Eye Mask<\/strong><\/h2>\n<p data-start=\"5323\" data-end=\"5560\">\u2714\ufe0f Pal\u012bdz izl\u012bdzin\u0101t grumbi\u0146as un mazin\u0101t to redzam\u012bbu<br data-start=\"5377\" data-end=\"5380\" \/>\u2714\ufe0f Samazina piet\u016bkumu un noguruma paz\u012bmes<br data-start=\"5421\" data-end=\"5424\" \/>\u2714\ufe0f Intens\u012bvi mitrina un baro plaksti\u0146u \u0101du<br data-start=\"5466\" data-end=\"5469\" \/>\u2714\ufe0f Uzlabo \u0101das tvirtumu un elast\u012bbu<br data-start=\"5504\" data-end=\"5507\" \/>\u2714\ufe0f Veicina mikrocirkul\u0101ciju un atsvaidzina skatienu<\/p>\n","protected":false},"featured_media":64521,"template":"","meta":[],"pwb-brand":[776],"product_brand":[],"product_cat":[733],"product_tag":[],"giftcard-category":[],"class_list":{"0":"post-78385","1":"product","2":"type-product","3":"status-publish","4":"has-post-thumbnail","6":"pwb-brand-forlled","7":"product_cat-ada-ap-acim","9":"first","10":"instock","11":"taxable","12":"shipping-taxable","13":"purchasable","14":"product-type-simple"},"acf":[],"brands":[{"id":776,"name":"Forlled","slug":"forlled"}],"_links":{"self":[{"href":"https:\/\/skinstudio.ee\/lv\/wp-json\/wp\/v2\/product\/78385","targetHints":{"allow":["GET"]}}],"collection":[{"href":"https:\/\/skinstudio.ee\/lv\/wp-json\/wp\/v2\/product"}],"about":[{"href":"https:\/\/skinstudio.ee\/lv\/wp-json\/wp\/v2\/types\/product"}],"version-history":[{"count":1,"href":"https:\/\/skinstudio.ee\/lv\/wp-json\/wp\/v2\/product\/78385\/revisions"}],"predecessor-version":[{"id":78396,"href":"https:\/\/skinstudio.ee\/lv\/wp-json\/wp\/v2\/product\/78385\/revisions\/78396"}],"wp:featuredmedia":[{"embeddable":true,"href":"https:\/\/skinstudio.ee\/lv\/wp-json\/wp\/v2\/media\/64521"}],"wp:attachment":[{"href":"https:\/\/skinstudio.ee\/lv\/wp-json\/wp\/v2\/media?parent=78385"}],"wp:term":[{"taxonomy":"pwb-brand","embeddable":true,"href":"https:\/\/skinstudio.ee\/lv\/wp-json\/wp\/v2\/pwb-brand?post=78385"},{"taxonomy":"product_brand","embeddable":true,"href":"https:\/\/skinstudio.ee\/lv\/wp-json\/wp\/v2\/product_brand?post=78385"},{"taxonomy":"product_cat","embeddable":true,"href":"https:\/\/skinstudio.ee\/lv\/wp-json\/wp\/v2\/product_cat?post=78385"},{"taxonomy":"product_tag","embeddable":true,"href":"https:\/\/skinstudio.ee\/lv\/wp-json\/wp\/v2\/product_tag?post=78385"},{"taxonomy":"giftcard-category","embeddable":true,"href":"https:\/\/skinstudio.ee\/lv\/wp-json\/wp\/v2\/giftcard-category?post=78385"}],"curies":[{"name":"wp","href":"https:\/\/api.w.org\/{rel}","templated":true}]}}