{"id":78414,"date":"2024-12-11T12:41:14","date_gmt":"2024-12-11T12:41:14","guid":{"rendered":"https:\/\/skinstudio.ee\/?post_type=product&#038;p=78414"},"modified":"2026-02-13T15:27:24","modified_gmt":"2026-02-13T15:27:24","slug":"hyalogy-lift-cream","status":"publish","type":"product","link":"https:\/\/skinstudio.ee\/lv\/catalog\/forlled\/hyalogy-lift-cream\/","title":{"rendered":"Hyalogy Lift Cream"},"content":{"rendered":"<p data-start=\"3093\" data-end=\"3398\"><strong data-start=\"3093\" data-end=\"3126\">Hyalogy Lift Cream no Forlled<\/strong> ir inovat\u012bvs sejas kr\u0113ms ar liftinga efektu, kas izstr\u0101d\u0101ts intens\u012bvai \u0101das atjauno\u0161anai un bl\u012bvuma atbalstam. Formula ir v\u0113rsta uz galvenaj\u0101m redzamaj\u0101m noveco\u0161an\u0101s paz\u012bm\u0113m, tostarp krunci\u0146\u0101m un smalkaj\u0101m l\u012bnij\u0101m, \u0101das tvirtuma un elast\u012bbas zudumu, k\u0101 ar\u012b dehidrat\u0101ciju.<\/p>\n<p data-start=\"3400\" data-end=\"3649\">Kr\u0113ms ir bag\u0101tin\u0101ts ar pept\u012bdiem un augu ekstraktiem, kas atbalsta dabiskos \u0101das atjauno\u0161an\u0101s procesus un nodro\u0161ina redzamu liftinga efektu uzreiz p\u0113c uzkl\u0101\u0161anas. Regul\u0101ri lietojot, \u0101da k\u013c\u016bst stingr\u0101ka, glud\u0101ka un toniz\u0113t\u0101ka, uzlabojas t\u0101s tekst\u016bra.<\/p>\n<p data-start=\"3651\" data-end=\"3862\">Produkts pal\u012bdz uztur\u0113t optim\u0101lu mitruma l\u012bmeni, stiprina \u0101das aizsargbarjeru un pal\u012bdz \u0101dai pretoties priek\u0161laic\u012bgai noveco\u0161anai. Piem\u0113rots ikdienas lieto\u0161anai un intens\u012bv\u0101m pretnoveco\u0161an\u0101s kop\u0161anas programm\u0101m.<\/p>\n<p data-start=\"3864\" data-end=\"4008\"><strong data-start=\"3864\" data-end=\"3895\">Kam \u0161is kr\u0113ms ir piem\u0113rots:<\/strong> atoniskai \u0101dai, \u0101dai ar gravit\u0101cijas ptozes paz\u012bm\u0113m, samazin\u0101tu tvirtumu, vair\u0101k\u0101m smalk\u0101m l\u012bnij\u0101m un krunci\u0146\u0101m.<\/p>\n<p data-start=\"4010\" data-end=\"4027\"><strong data-start=\"4010\" data-end=\"4022\">Tilpums:<\/strong> 50 g<\/p>\n","protected":false},"excerpt":{"rendered":"<p data-start=\"4203\" data-end=\"4219\">Liftinga kr\u0113ms<\/p>\n<h2 data-start=\"4221\" data-end=\"4262\"><strong data-start=\"4221\" data-end=\"4262\">\u012apa\u0161\u012bbas Forlled &#8211; Hyalogy Lift Cream<\/strong><\/h2>\n<p data-start=\"4264\" data-end=\"4508\">\u2714\ufe0f Nodro\u0161ina redzamu liftinga un nostiprino\u0161u efektu<br data-start=\"4316\" data-end=\"4319\" \/>\u2714\ufe0f Pal\u012bdz samazin\u0101t krunci\u0146u un smalko l\u012bniju redzam\u012bbu<br data-start=\"4374\" data-end=\"4377\" \/>\u2714\ufe0f Uztur optim\u0101lu \u0101das mitrin\u0101\u0161anu<br data-start=\"4411\" data-end=\"4414\" \/>\u2714\ufe0f Uzlabo \u0101das tvirtumu un bl\u012bvumu<br data-start=\"4448\" data-end=\"4451\" \/>\u2714\ufe0f Pal\u012bdz pal\u0113nin\u0101t priek\u0161laic\u012bgas noveco\u0161an\u0101s procesus<\/p>\n","protected":false},"featured_media":78415,"template":"","meta":[],"pwb-brand":[776],"product_brand":[],"product_cat":[737,749],"product_tag":[],"giftcard-category":[],"class_list":{"0":"post-78414","1":"product","2":"type-product","3":"status-publish","4":"has-post-thumbnail","6":"pwb-brand-forlled","7":"product_cat-mitrinasana","8":"product_cat-novecojosa-ada","10":"first","11":"instock","12":"taxable","13":"shipping-taxable","14":"purchasable","15":"product-type-simple"},"acf":[],"brands":[{"id":776,"name":"Forlled","slug":"forlled"}],"_links":{"self":[{"href":"https:\/\/skinstudio.ee\/lv\/wp-json\/wp\/v2\/product\/78414","targetHints":{"allow":["GET"]}}],"collection":[{"href":"https:\/\/skinstudio.ee\/lv\/wp-json\/wp\/v2\/product"}],"about":[{"href":"https:\/\/skinstudio.ee\/lv\/wp-json\/wp\/v2\/types\/product"}],"version-history":[{"count":1,"href":"https:\/\/skinstudio.ee\/lv\/wp-json\/wp\/v2\/product\/78414\/revisions"}],"predecessor-version":[{"id":78416,"href":"https:\/\/skinstudio.ee\/lv\/wp-json\/wp\/v2\/product\/78414\/revisions\/78416"}],"wp:featuredmedia":[{"embeddable":true,"href":"https:\/\/skinstudio.ee\/lv\/wp-json\/wp\/v2\/media\/78415"}],"wp:attachment":[{"href":"https:\/\/skinstudio.ee\/lv\/wp-json\/wp\/v2\/media?parent=78414"}],"wp:term":[{"taxonomy":"pwb-brand","embeddable":true,"href":"https:\/\/skinstudio.ee\/lv\/wp-json\/wp\/v2\/pwb-brand?post=78414"},{"taxonomy":"product_brand","embeddable":true,"href":"https:\/\/skinstudio.ee\/lv\/wp-json\/wp\/v2\/product_brand?post=78414"},{"taxonomy":"product_cat","embeddable":true,"href":"https:\/\/skinstudio.ee\/lv\/wp-json\/wp\/v2\/product_cat?post=78414"},{"taxonomy":"product_tag","embeddable":true,"href":"https:\/\/skinstudio.ee\/lv\/wp-json\/wp\/v2\/product_tag?post=78414"},{"taxonomy":"giftcard-category","embeddable":true,"href":"https:\/\/skinstudio.ee\/lv\/wp-json\/wp\/v2\/giftcard-category?post=78414"}],"curies":[{"name":"wp","href":"https:\/\/api.w.org\/{rel}","templated":true}]}}