{"id":78475,"date":"2024-04-11T09:29:11","date_gmt":"2024-04-11T09:29:11","guid":{"rendered":"https:\/\/skinstudio.ee\/?post_type=product&#038;p=78475"},"modified":"2026-02-13T15:27:18","modified_gmt":"2026-02-13T15:27:18","slug":"hyalogy-bw-night-cream","status":"publish","type":"product","link":"https:\/\/skinstudio.ee\/lv\/catalog\/forlled\/hyalogy-bw-night-cream\/","title":{"rendered":"Hyalogy BW Night Cream"},"content":{"rendered":"<p data-start=\"2968\" data-end=\"3226\"><strong data-start=\"2968\" data-end=\"3005\">Hyalogy BW Night Cream no Forlled<\/strong> ir nakts kr\u0113ms, kas paredz\u0113ts \u0101das pigment\u0101cijas mazin\u0101\u0161anai un \u0101das to\u0146a izl\u012bdzin\u0101\u0161anai jebkur\u0101 vecum\u0101. Formula pak\u0101peniski pal\u012bdz izgaismot pigment\u0101cijas plankumus, uzlabo \u0101das to\u0146a viendab\u012bgumu un kop\u0113jo \u0101das izskatu.<\/p>\n<p data-start=\"3228\" data-end=\"3394\">Regul\u0101ri lietojot, kr\u0113ms pal\u012bdz izl\u012bdzin\u0101t \u0101das tekst\u016bru, uzlabo t\u0101s kvalit\u0101ti un samazina hiperkeratozes paz\u012bmes. \u0100da k\u013c\u016bst glud\u0101ka, kopt\u0101ka un vizu\u0101li vienm\u0113r\u012bg\u0101ka.<\/p>\n<p data-start=\"3396\" data-end=\"3607\">Viegl\u0101 tekst\u016bra padara kr\u0113mu pat\u012bkamu lieto\u0161an\u0101 un \u012bpa\u0161i piem\u0113rotu silt\u0101kam gadalaikam, kad \u0101da ir jut\u012bg\u0101ka pret pigment\u0101ciju. Kr\u0113ms viegli kl\u0101jas un nep\u0101rslogo \u0101du, padarot to piem\u0113rotu ikdienas nakts kop\u0161anai.<\/p>\n<p data-start=\"3609\" data-end=\"3834\"><strong data-start=\"3609\" data-end=\"3637\">Kam paredz\u0113ts \u0161is kr\u0113ms:<\/strong> \u0101dai ar pigment\u0101ciju, nevienm\u0113r\u012bgu toni, hiperkeratozes paz\u012bm\u0113m, k\u0101 ar\u012b \u0101dai ar noslieci uz pigment\u0101cijas plankumu veido\u0161anos. Piem\u0113rots visiem \u0101das tipiem, kuriem nepiecie\u0161ama to\u0146a izl\u012bdzin\u0101\u0161ana.<\/p>\n<p data-start=\"3836\" data-end=\"3853\"><strong data-start=\"3836\" data-end=\"3848\">Tilpums:<\/strong> 50 g<\/p>\n","protected":false},"excerpt":{"rendered":"<p data-start=\"3994\" data-end=\"4030\">Nakts kr\u0113ms \u0101das to\u0146a izl\u012bdzin\u0101\u0161anai<\/p>\n<h2 data-start=\"4032\" data-end=\"4272\"><strong data-start=\"4032\" data-end=\"4077\">\u012bpa\u0161\u012bbas <\/strong><strong data-start=\"4032\" data-end=\"4077\">Forlled &#8211; Hyalogy BW Night Cream<\/strong><\/h2>\n<p data-start=\"4032\" data-end=\"4272\">\u2714\ufe0f Pal\u012bdz izl\u012bdzin\u0101t \u0101das toni<br data-start=\"4110\" data-end=\"4113\" \/>\u2714\ufe0f Samazina pigment\u0101cijas plankumu redzam\u012bbu<br data-start=\"4157\" data-end=\"4160\" \/>\u2714\ufe0f Uzlabo \u0101das tekst\u016bru un gludumu<br data-start=\"4194\" data-end=\"4197\" \/>\u2714\ufe0f Pal\u012bdz mazin\u0101t hiperkeratozi<br data-start=\"4228\" data-end=\"4231\" \/>\u2714\ufe0f Veicina koptu un svaigu \u0101das izskatu<\/p>\n","protected":false},"featured_media":78476,"template":"","meta":[],"pwb-brand":[776],"product_brand":[],"product_cat":[737,751],"product_tag":[],"giftcard-category":[],"class_list":{"0":"post-78475","1":"product","2":"type-product","3":"status-publish","4":"has-post-thumbnail","6":"pwb-brand-forlled","7":"product_cat-mitrinasana","8":"product_cat-pigmentacija-lv","10":"first","11":"instock","12":"taxable","13":"shipping-taxable","14":"purchasable","15":"product-type-simple"},"acf":[],"brands":[{"id":776,"name":"Forlled","slug":"forlled"}],"_links":{"self":[{"href":"https:\/\/skinstudio.ee\/lv\/wp-json\/wp\/v2\/product\/78475","targetHints":{"allow":["GET"]}}],"collection":[{"href":"https:\/\/skinstudio.ee\/lv\/wp-json\/wp\/v2\/product"}],"about":[{"href":"https:\/\/skinstudio.ee\/lv\/wp-json\/wp\/v2\/types\/product"}],"version-history":[{"count":1,"href":"https:\/\/skinstudio.ee\/lv\/wp-json\/wp\/v2\/product\/78475\/revisions"}],"predecessor-version":[{"id":78477,"href":"https:\/\/skinstudio.ee\/lv\/wp-json\/wp\/v2\/product\/78475\/revisions\/78477"}],"wp:featuredmedia":[{"embeddable":true,"href":"https:\/\/skinstudio.ee\/lv\/wp-json\/wp\/v2\/media\/78476"}],"wp:attachment":[{"href":"https:\/\/skinstudio.ee\/lv\/wp-json\/wp\/v2\/media?parent=78475"}],"wp:term":[{"taxonomy":"pwb-brand","embeddable":true,"href":"https:\/\/skinstudio.ee\/lv\/wp-json\/wp\/v2\/pwb-brand?post=78475"},{"taxonomy":"product_brand","embeddable":true,"href":"https:\/\/skinstudio.ee\/lv\/wp-json\/wp\/v2\/product_brand?post=78475"},{"taxonomy":"product_cat","embeddable":true,"href":"https:\/\/skinstudio.ee\/lv\/wp-json\/wp\/v2\/product_cat?post=78475"},{"taxonomy":"product_tag","embeddable":true,"href":"https:\/\/skinstudio.ee\/lv\/wp-json\/wp\/v2\/product_tag?post=78475"},{"taxonomy":"giftcard-category","embeddable":true,"href":"https:\/\/skinstudio.ee\/lv\/wp-json\/wp\/v2\/giftcard-category?post=78475"}],"curies":[{"name":"wp","href":"https:\/\/api.w.org\/{rel}","templated":true}]}}