{"id":78485,"date":"2024-04-10T15:17:50","date_gmt":"2024-04-10T15:17:50","guid":{"rendered":"https:\/\/skinstudio.ee\/?post_type=product&#038;p=78485"},"modified":"2026-02-13T15:27:28","modified_gmt":"2026-02-13T15:27:28","slug":"hyalogy-p-effect-nourishing-cream","status":"publish","type":"product","link":"https:\/\/skinstudio.ee\/lv\/catalog\/forlled\/hyalogy-p-effect-nourishing-cream\/","title":{"rendered":"Hyalogy P-Effect Nourishing Cream"},"content":{"rendered":"<p data-start=\"3135\" data-end=\"3412\"><strong data-start=\"3135\" data-end=\"3183\">Hyalogy P-Effect Nourishing Cream no Forlled<\/strong> ir barojo\u0161s kr\u0113ms, kas izstr\u0101d\u0101ts intens\u012bvai kop\u0161anai \u0101dai ar noslieci uz sausumu un jut\u012bgumu. Tas \u0101tri atjauno \u0101das komforta saj\u016btu, pal\u012bdz mazin\u0101t sausumu un savilkuma saj\u016btu, k\u0101 ar\u012b aizsarg\u0101 \u0101du aukstos un v\u0113jainos apst\u0101k\u013cos.<\/p>\n<p data-start=\"3414\" data-end=\"3619\">Formula nodro\u0161ina dzi\u013cu mitrin\u0101\u0161anu un baro\u0161anu, pal\u012bdzot atjaunot \u0101das maigumu un gludumu, k\u0101 ar\u012b stiprin\u0101t t\u0101s aizsargfunkcijas. Regul\u0101ri lietojot, \u0101da izskat\u0101s l\u012bdzsvarot\u0101ka, maz\u0101k jut\u012bga un vesel\u012bg\u0101ka.<\/p>\n<p data-start=\"3621\" data-end=\"3781\">Hyalogy P-Effect Nourishing Cream pal\u012bdz saglab\u0101t \u0101das elast\u012bbu un tvirtumu, uztur optim\u0101lu mitruma l\u012bmeni un nodro\u0161ina ilgsto\u0161u komfortu bez smagn\u0113jas saj\u016btas.<\/p>\n<p data-start=\"3783\" data-end=\"3864\">Kr\u0113ms ir piem\u0113rots ikdienas lieto\u0161anai gan r\u012bta, gan vakara \u0101das kop\u0161anas rut\u012bn\u0101.<\/p>\n<p data-start=\"3866\" data-end=\"4013\"><strong data-start=\"3866\" data-end=\"3897\">Kam \u0161is kr\u0113ms ir piem\u0113rots:<\/strong> visiem \u0101das tipiem, \u012bpa\u0161i sausai, dehidr\u0113tai un jut\u012bgai \u0101dai, kurai nepiecie\u0161ama baro\u0161ana, aizsardz\u012bba un komforts.<\/p>\n<p data-start=\"4015\" data-end=\"4032\"><strong data-start=\"4015\" data-end=\"4027\">Tilpums:<\/strong> 40 g \/ 100 g<\/p>\n","protected":false},"excerpt":{"rendered":"<p data-start=\"4142\" data-end=\"4158\">Barojo\u0161s kr\u0113ms<\/p>\n<h2 data-start=\"4160\" data-end=\"4216\"><strong data-start=\"4160\" data-end=\"4216\">\u012apa\u0161\u012bbas Forlled &#8211; Hyalogy P-Effect Nourishing Cream<\/strong><\/h2>\n<p data-start=\"4218\" data-end=\"4406\">\u2714\ufe0f Intens\u012bvi baro un uzlabo \u0101das komfortu<br data-start=\"4259\" data-end=\"4262\" \/>\u2714\ufe0f M\u012bkstina \u0101du un mazina sausumu<br data-start=\"4295\" data-end=\"4298\" \/>\u2714\ufe0f Pal\u012bdz samazin\u0101t \u0101das jut\u012bgumu<br data-start=\"4331\" data-end=\"4334\" \/>\u2714\ufe0f Uztur \u0101das elast\u012bbu un tvirtumu<br data-start=\"4368\" data-end=\"4371\" \/>\u2714\ufe0f Aizsarg\u0101 \u0101du no mitruma zuduma<\/p>\n","protected":false},"featured_media":78486,"template":"","meta":[],"pwb-brand":[776],"product_brand":[],"product_cat":[745,737,749,739],"product_tag":[],"giftcard-category":[],"class_list":{"0":"post-78485","1":"product","2":"type-product","3":"status-publish","4":"has-post-thumbnail","6":"pwb-brand-forlled","7":"product_cat-jutigai-adai","8":"product_cat-mitrinasana","9":"product_cat-novecojosa-ada","10":"product_cat-sausai-adai","12":"first","13":"instock","14":"taxable","15":"shipping-taxable","16":"purchasable","17":"product-type-simple"},"acf":[],"brands":[{"id":776,"name":"Forlled","slug":"forlled"}],"_links":{"self":[{"href":"https:\/\/skinstudio.ee\/lv\/wp-json\/wp\/v2\/product\/78485","targetHints":{"allow":["GET"]}}],"collection":[{"href":"https:\/\/skinstudio.ee\/lv\/wp-json\/wp\/v2\/product"}],"about":[{"href":"https:\/\/skinstudio.ee\/lv\/wp-json\/wp\/v2\/types\/product"}],"version-history":[{"count":2,"href":"https:\/\/skinstudio.ee\/lv\/wp-json\/wp\/v2\/product\/78485\/revisions"}],"predecessor-version":[{"id":80139,"href":"https:\/\/skinstudio.ee\/lv\/wp-json\/wp\/v2\/product\/78485\/revisions\/80139"}],"wp:featuredmedia":[{"embeddable":true,"href":"https:\/\/skinstudio.ee\/lv\/wp-json\/wp\/v2\/media\/78486"}],"wp:attachment":[{"href":"https:\/\/skinstudio.ee\/lv\/wp-json\/wp\/v2\/media?parent=78485"}],"wp:term":[{"taxonomy":"pwb-brand","embeddable":true,"href":"https:\/\/skinstudio.ee\/lv\/wp-json\/wp\/v2\/pwb-brand?post=78485"},{"taxonomy":"product_brand","embeddable":true,"href":"https:\/\/skinstudio.ee\/lv\/wp-json\/wp\/v2\/product_brand?post=78485"},{"taxonomy":"product_cat","embeddable":true,"href":"https:\/\/skinstudio.ee\/lv\/wp-json\/wp\/v2\/product_cat?post=78485"},{"taxonomy":"product_tag","embeddable":true,"href":"https:\/\/skinstudio.ee\/lv\/wp-json\/wp\/v2\/product_tag?post=78485"},{"taxonomy":"giftcard-category","embeddable":true,"href":"https:\/\/skinstudio.ee\/lv\/wp-json\/wp\/v2\/giftcard-category?post=78485"}],"curies":[{"name":"wp","href":"https:\/\/api.w.org\/{rel}","templated":true}]}}