{"id":78495,"date":"2024-04-10T14:42:32","date_gmt":"2024-04-10T14:42:32","guid":{"rendered":"https:\/\/skinstudio.ee\/?post_type=product&#038;p=78495"},"modified":"2026-02-13T15:27:27","modified_gmt":"2026-02-13T15:27:27","slug":"hyalogy-p-effect-deep-moisturizer","status":"publish","type":"product","link":"https:\/\/skinstudio.ee\/lv\/catalog\/forlled\/hyalogy-p-effect-deep-moisturizer\/","title":{"rendered":"Hyalogy P-Effect Deep Moisturizer"},"content":{"rendered":"<p data-start=\"3243\" data-end=\"3480\"><strong data-start=\"3243\" data-end=\"3291\">Hyalogy P-Effect Deep Moisturizer no Forlled<\/strong> ir \u0101das kop\u0161anas l\u012bdzeklis, kas paredz\u0113ts intens\u012bvai mitrin\u0101\u0161anai un \u0101das komforta uztur\u0113\u0161anai. Tas pal\u012bdz atjaunot mitruma l\u012bdzsvaru, uzlabo \u0101das gludumu un saglab\u0101 svaigu, koptu izskatu.<\/p>\n<p data-start=\"3482\" data-end=\"3653\">Formula ir v\u0113rsta uz ilgsto\u0161u mitrin\u0101\u0161anu, pal\u012bdz uzlabot \u0101das tekst\u016bru un uztur\u0113t t\u0101s tonusu. Regul\u0101ri lietojot, \u0101da izskat\u0101s piepild\u012bt\u0101ka, elast\u012bg\u0101ka un dzi\u013ci mitrin\u0101ta.<\/p>\n<p data-start=\"3655\" data-end=\"3852\">L\u012bdzeklis labi darbojas k\u0101 profesion\u0101lu proced\u016bru nosl\u0113dzo\u0161ais solis, pal\u012bdzot saglab\u0101t kop\u0161anas rezult\u0101tus. M\u0101jas kop\u0161an\u0101 to var lietot gan no r\u012bta, gan vakar\u0101, neradot smagn\u0113ju vai lip\u012bgu saj\u016btu.<\/p>\n<p data-start=\"3854\" data-end=\"4051\"><strong data-start=\"3854\" data-end=\"3906\">Kam piem\u0113rots Hyalogy P-Effect Deep Moisturizer:<\/strong> visiem \u0101das tipiem, tostarp dehidr\u0113tai, bl\u0101vai \u0101dai un \u0101dai ar samazin\u0101tu tonusu, kurai nepiecie\u0161ama intens\u012bva mitrin\u0101\u0161ana un ilgsto\u0161s komforts.<\/p>\n<p data-start=\"4053\" data-end=\"4071\"><strong data-start=\"4053\" data-end=\"4065\">Tilpums:<\/strong> 100 g<\/p>\n","protected":false},"excerpt":{"rendered":"<div class=\"et_pb_module et_pb_text et_pb_text_0 et_pb_text_align_left et_pb_bg_layout_light\">\n<div class=\"et_pb_text_inner\">\n<div class=\"et_pb_module et_pb_text et_pb_text_0 et_pb_text_align_left et_pb_bg_layout_light\">\n<div class=\"et_pb_text_inner\">\n<p data-start=\"4258\" data-end=\"4281\">Dzi\u013ci mitrino\u0161s kr\u0113ms<\/p>\n<h2 data-start=\"4283\" data-end=\"4339\"><strong data-start=\"4283\" data-end=\"4339\">\u012apa\u0161\u012bbas Forlled &#8211; Hyalogy P-Effect Deep Moisturizer<\/strong><\/h2>\n<p data-start=\"4341\" data-end=\"4564\">\u2714\ufe0f Nodro\u0161ina ilgsto\u0161u un intens\u012bvu mitrin\u0101\u0161anu<br data-start=\"4387\" data-end=\"4390\" \/>\u2714\ufe0f Uzlabo \u0101das gludumu un koptu izskatu<br data-start=\"4429\" data-end=\"4432\" \/>\u2714\ufe0f Pal\u012bdz uztur\u0113t \u0101das tonusu un elast\u012bbu<br data-start=\"4473\" data-end=\"4476\" \/>\u2714\ufe0f Saglab\u0101 \u0101das komfortu p\u0113c proced\u016br\u0101m<br data-start=\"4515\" data-end=\"4518\" \/>\u2714\ufe0f Piem\u0113rots profesion\u0101lai un m\u0101jas kop\u0161anai<\/p>\n<\/div>\n<\/div>\n<\/div>\n<\/div>\n","protected":false},"featured_media":78496,"template":"","meta":[],"pwb-brand":[776],"product_brand":[],"product_cat":[737,739],"product_tag":[],"giftcard-category":[],"class_list":{"0":"post-78495","1":"product","2":"type-product","3":"status-publish","4":"has-post-thumbnail","6":"pwb-brand-forlled","7":"product_cat-mitrinasana","8":"product_cat-sausai-adai","10":"first","11":"instock","12":"taxable","13":"shipping-taxable","14":"purchasable","15":"product-type-simple"},"acf":[],"brands":[{"id":776,"name":"Forlled","slug":"forlled"}],"_links":{"self":[{"href":"https:\/\/skinstudio.ee\/lv\/wp-json\/wp\/v2\/product\/78495","targetHints":{"allow":["GET"]}}],"collection":[{"href":"https:\/\/skinstudio.ee\/lv\/wp-json\/wp\/v2\/product"}],"about":[{"href":"https:\/\/skinstudio.ee\/lv\/wp-json\/wp\/v2\/types\/product"}],"version-history":[{"count":1,"href":"https:\/\/skinstudio.ee\/lv\/wp-json\/wp\/v2\/product\/78495\/revisions"}],"predecessor-version":[{"id":78497,"href":"https:\/\/skinstudio.ee\/lv\/wp-json\/wp\/v2\/product\/78495\/revisions\/78497"}],"wp:featuredmedia":[{"embeddable":true,"href":"https:\/\/skinstudio.ee\/lv\/wp-json\/wp\/v2\/media\/78496"}],"wp:attachment":[{"href":"https:\/\/skinstudio.ee\/lv\/wp-json\/wp\/v2\/media?parent=78495"}],"wp:term":[{"taxonomy":"pwb-brand","embeddable":true,"href":"https:\/\/skinstudio.ee\/lv\/wp-json\/wp\/v2\/pwb-brand?post=78495"},{"taxonomy":"product_brand","embeddable":true,"href":"https:\/\/skinstudio.ee\/lv\/wp-json\/wp\/v2\/product_brand?post=78495"},{"taxonomy":"product_cat","embeddable":true,"href":"https:\/\/skinstudio.ee\/lv\/wp-json\/wp\/v2\/product_cat?post=78495"},{"taxonomy":"product_tag","embeddable":true,"href":"https:\/\/skinstudio.ee\/lv\/wp-json\/wp\/v2\/product_tag?post=78495"},{"taxonomy":"giftcard-category","embeddable":true,"href":"https:\/\/skinstudio.ee\/lv\/wp-json\/wp\/v2\/giftcard-category?post=78495"}],"curies":[{"name":"wp","href":"https:\/\/api.w.org\/{rel}","templated":true}]}}