{"id":78504,"date":"2024-04-10T13:39:07","date_gmt":"2024-04-10T13:39:07","guid":{"rendered":"https:\/\/skinstudio.ee\/?post_type=product&#038;p=78504"},"modified":"2026-02-13T15:27:34","modified_gmt":"2026-02-13T15:27:34","slug":"hyalogy-re-dify-cream","status":"publish","type":"product","link":"https:\/\/skinstudio.ee\/lv\/catalog\/forlled\/hyalogy-re-dify-cream\/","title":{"rendered":"Hyalogy Re-Dify Cream"},"content":{"rendered":"<p data-start=\"2944\" data-end=\"3162\"><strong data-start=\"2944\" data-end=\"2980\">Hyalogy Re-Dify Cream no Forlled<\/strong> ir maigs \u0101das kop\u0161anas l\u012bdzeklis, kas paredz\u0113ts nobriedu\u0161ai \u0101dai. Tas \u0101tri ies\u016bcas, intens\u012bvi mitrina un pal\u012bdz saglab\u0101t optim\u0101lu mitruma l\u012bmeni, neradot smagn\u0113ju vai lip\u012bgu saj\u016btu.<\/p>\n<p data-start=\"3164\" data-end=\"3372\">L\u012bdzeklis pal\u012bdz uzlabot \u0101das kop\u0113jo izskatu, padarot to glud\u0101ku, tvirt\u0101ku un vizu\u0101li pacelt\u0101ku. Regul\u0101ri lietojot, \u0101da izskat\u0101s iztur\u012bg\u0101ka, kopt\u0101ka un vienm\u0113r\u012bg\u0101ka, savuk\u0101rt sejas kont\u016bras k\u013c\u016bst izteikt\u0101kas.<\/p>\n<p data-start=\"3374\" data-end=\"3518\">Piem\u0113rots lieto\u0161anai k\u0101 \u0101das kop\u0161anas nosl\u0113dzo\u0161ais solis un viegli iek\u013caujas gan r\u012bta, gan vakara kop\u0161anas rut\u012bn\u0101, nodro\u0161inot ilgsto\u0161u komfortu.<\/p>\n<p data-start=\"3520\" data-end=\"3653\"><strong data-start=\"3520\" data-end=\"3560\">Kam piem\u0113rots Hyalogy Re-Dify Cream:<\/strong> nobriedu\u0161ai \u0101dai, k\u0101 ar\u012b \u0101dai ar samazin\u0101tu tvirtumu, bl\u012bvuma zudumu, sausumu un bl\u0101vu toni.<\/p>\n<p data-start=\"3655\" data-end=\"3673\"><strong data-start=\"3655\" data-end=\"3667\">Tilpums:<\/strong> 50 ml<\/p>\n","protected":false},"excerpt":{"rendered":"<p data-start=\"3852\" data-end=\"3888\">Atjaunojo\u0161s kr\u0113ms nobriedu\u0161ai \u0101dai<\/p>\n<h2 data-start=\"3890\" data-end=\"3934\"><strong data-start=\"3890\" data-end=\"3934\">\u012apa\u0161\u012bbas Forlled &#8211; Hyalogy Re-Dify Cream<\/strong><\/h2>\n<p data-start=\"3936\" data-end=\"4163\">\u2714\ufe0f Pal\u012bdz uzlabot \u0101das tvirtumu un elast\u012bbu<br data-start=\"3979\" data-end=\"3982\" \/>\u2714\ufe0f Nodro\u0161ina intens\u012bvu un ilgsto\u0161u mitrin\u0101\u0161anu<br data-start=\"4028\" data-end=\"4031\" \/>\u2714\ufe0f Atbalsta vizu\u0101lu liftinga un gluduma efektu<br data-start=\"4077\" data-end=\"4080\" \/>\u2714\ufe0f Pal\u012bdz saglab\u0101t mitrumu un komfortu<br data-start=\"4118\" data-end=\"4121\" \/>\u2714\ufe0f Uzlabo \u0101das kopto un vesel\u012bgo izskatu<\/p>\n","protected":false},"featured_media":78505,"template":"","meta":[],"pwb-brand":[776],"product_brand":[],"product_cat":[737,749],"product_tag":[],"giftcard-category":[],"class_list":{"0":"post-78504","1":"product","2":"type-product","3":"status-publish","4":"has-post-thumbnail","6":"pwb-brand-forlled","7":"product_cat-mitrinasana","8":"product_cat-novecojosa-ada","10":"first","11":"instock","12":"taxable","13":"shipping-taxable","14":"purchasable","15":"product-type-simple"},"acf":[],"brands":[{"id":776,"name":"Forlled","slug":"forlled"}],"_links":{"self":[{"href":"https:\/\/skinstudio.ee\/lv\/wp-json\/wp\/v2\/product\/78504","targetHints":{"allow":["GET"]}}],"collection":[{"href":"https:\/\/skinstudio.ee\/lv\/wp-json\/wp\/v2\/product"}],"about":[{"href":"https:\/\/skinstudio.ee\/lv\/wp-json\/wp\/v2\/types\/product"}],"version-history":[{"count":1,"href":"https:\/\/skinstudio.ee\/lv\/wp-json\/wp\/v2\/product\/78504\/revisions"}],"predecessor-version":[{"id":78506,"href":"https:\/\/skinstudio.ee\/lv\/wp-json\/wp\/v2\/product\/78504\/revisions\/78506"}],"wp:featuredmedia":[{"embeddable":true,"href":"https:\/\/skinstudio.ee\/lv\/wp-json\/wp\/v2\/media\/78505"}],"wp:attachment":[{"href":"https:\/\/skinstudio.ee\/lv\/wp-json\/wp\/v2\/media?parent=78504"}],"wp:term":[{"taxonomy":"pwb-brand","embeddable":true,"href":"https:\/\/skinstudio.ee\/lv\/wp-json\/wp\/v2\/pwb-brand?post=78504"},{"taxonomy":"product_brand","embeddable":true,"href":"https:\/\/skinstudio.ee\/lv\/wp-json\/wp\/v2\/product_brand?post=78504"},{"taxonomy":"product_cat","embeddable":true,"href":"https:\/\/skinstudio.ee\/lv\/wp-json\/wp\/v2\/product_cat?post=78504"},{"taxonomy":"product_tag","embeddable":true,"href":"https:\/\/skinstudio.ee\/lv\/wp-json\/wp\/v2\/product_tag?post=78504"},{"taxonomy":"giftcard-category","embeddable":true,"href":"https:\/\/skinstudio.ee\/lv\/wp-json\/wp\/v2\/giftcard-category?post=78504"}],"curies":[{"name":"wp","href":"https:\/\/api.w.org\/{rel}","templated":true}]}}