{"id":78513,"date":"2024-04-10T10:04:53","date_gmt":"2024-04-10T10:04:53","guid":{"rendered":"https:\/\/skinstudio.ee\/?post_type=product&#038;p=78513"},"modified":"2026-02-13T15:27:40","modified_gmt":"2026-02-13T15:27:40","slug":"hyalogy-uv-intense-protector-spf-50","status":"publish","type":"product","link":"https:\/\/skinstudio.ee\/lv\/catalog\/forlled\/hyalogy-uv-intense-protector-spf-50\/","title":{"rendered":"Hyalogy UV Intense Protector SPF 50"},"content":{"rendered":"<p data-start=\"3444\" data-end=\"3754\"><strong data-start=\"3444\" data-end=\"3487\">Hyalogy UV Intense Protector no Forlled<\/strong> ir viegla saules aizsarg\u0101jo\u0161a emulsija, kas paredz\u0113ta intens\u012bvai \u0101das aizsardz\u012bbai pret ultravioleto starojumu. T\u0101 veido uzticamu aizsargsl\u0101ni un pal\u012bdz samazin\u0101t \u0101das komplik\u0101ciju, tostarp pigment\u0101cijas, risku p\u0113c est\u0113tisk\u0101m proced\u016br\u0101m un apk\u0101rt\u0113j\u0101s vides ietekmes.<\/p>\n<p data-start=\"3756\" data-end=\"3963\">Emulsija vienm\u0113r\u012bgi kl\u0101jas uz \u0101das, \u0101tri ies\u016bcas un neapgr\u016btina \u0101du, saglab\u0101jot viegluma saj\u016btu visas dienas garum\u0101. Piem\u0113rota ar\u012b jut\u012bgai un nov\u0101jin\u0101tai \u0101dai, pal\u012bdzot saglab\u0101t \u0101das komfortu un aizsardz\u012bbu.<\/p>\n<p data-start=\"3965\" data-end=\"4106\">L\u012bdzekli var lietot ikdienas kop\u0161an\u0101 un paaugstin\u0101tas saules iedarb\u012bbas periodos, tostarp \u0101das atjauno\u0161an\u0101s laik\u0101 p\u0113c kosm\u0113tisk\u0101m proced\u016br\u0101m.<\/p>\n<p data-start=\"4108\" data-end=\"4276\"><strong data-start=\"4108\" data-end=\"4155\">Kam piem\u0113rots Hyalogy UV Intense Protector:<\/strong> visiem \u0101das tipiem, tostarp jut\u012bgai, nov\u0101jin\u0101tai un pigment\u0101cijai pak\u013cautai \u0101dai, k\u0101 ar\u012b \u0101dai p\u0113c est\u0113tisk\u0101m proced\u016br\u0101m.<\/p>\n<p data-start=\"4278\" data-end=\"4296\"><strong data-start=\"4278\" data-end=\"4290\">Tilpums:<\/strong> 30 ml<\/p>\n","protected":false},"excerpt":{"rendered":"<p data-start=\"4482\" data-end=\"4513\">Viegla saules aizsargemulsija<\/p>\n<h2 data-start=\"4515\" data-end=\"4566\"><strong data-start=\"4515\" data-end=\"4566\">\u012apa\u0161\u012bbas Forlled &#8211; Hyalogy UV Intense Protector<\/strong><\/h2>\n<p data-start=\"4568\" data-end=\"4798\">\u2714\ufe0f Nodro\u0161ina sp\u0113c\u012bgu un stabilu UV aizsardz\u012bbu<br data-start=\"4614\" data-end=\"4617\" \/>\u2714\ufe0f Samazina p\u0113cproced\u016bru pigment\u0101cijas risku<br data-start=\"4661\" data-end=\"4664\" \/>\u2714\ufe0f Piem\u0113rota jut\u012bgai un nov\u0101jin\u0101tai \u0101dai<br data-start=\"4704\" data-end=\"4707\" \/>\u2714\ufe0f Aizsarg\u0101 \u0101du no pils\u0113tvides agres\u012bv\u0101s ietekmes<br data-start=\"4756\" data-end=\"4759\" \/>\u2714\ufe0f Viegls un \u0113rts ikdienas lieto\u0161anai<\/p>\n","protected":false},"featured_media":78514,"template":"","meta":[],"pwb-brand":[776],"product_brand":[],"product_cat":[745,739,731,747],"product_tag":[],"giftcard-category":[],"class_list":{"0":"post-78513","1":"product","2":"type-product","3":"status-publish","4":"has-post-thumbnail","6":"pwb-brand-forlled","7":"product_cat-jutigai-adai","8":"product_cat-sausai-adai","9":"product_cat-spf-aizsardziba","10":"product_cat-taukainai-adai","12":"first","13":"instock","14":"taxable","15":"shipping-taxable","16":"purchasable","17":"product-type-simple"},"acf":[],"brands":[{"id":776,"name":"Forlled","slug":"forlled"}],"_links":{"self":[{"href":"https:\/\/skinstudio.ee\/lv\/wp-json\/wp\/v2\/product\/78513","targetHints":{"allow":["GET"]}}],"collection":[{"href":"https:\/\/skinstudio.ee\/lv\/wp-json\/wp\/v2\/product"}],"about":[{"href":"https:\/\/skinstudio.ee\/lv\/wp-json\/wp\/v2\/types\/product"}],"version-history":[{"count":1,"href":"https:\/\/skinstudio.ee\/lv\/wp-json\/wp\/v2\/product\/78513\/revisions"}],"predecessor-version":[{"id":78515,"href":"https:\/\/skinstudio.ee\/lv\/wp-json\/wp\/v2\/product\/78513\/revisions\/78515"}],"wp:featuredmedia":[{"embeddable":true,"href":"https:\/\/skinstudio.ee\/lv\/wp-json\/wp\/v2\/media\/78514"}],"wp:attachment":[{"href":"https:\/\/skinstudio.ee\/lv\/wp-json\/wp\/v2\/media?parent=78513"}],"wp:term":[{"taxonomy":"pwb-brand","embeddable":true,"href":"https:\/\/skinstudio.ee\/lv\/wp-json\/wp\/v2\/pwb-brand?post=78513"},{"taxonomy":"product_brand","embeddable":true,"href":"https:\/\/skinstudio.ee\/lv\/wp-json\/wp\/v2\/product_brand?post=78513"},{"taxonomy":"product_cat","embeddable":true,"href":"https:\/\/skinstudio.ee\/lv\/wp-json\/wp\/v2\/product_cat?post=78513"},{"taxonomy":"product_tag","embeddable":true,"href":"https:\/\/skinstudio.ee\/lv\/wp-json\/wp\/v2\/product_tag?post=78513"},{"taxonomy":"giftcard-category","embeddable":true,"href":"https:\/\/skinstudio.ee\/lv\/wp-json\/wp\/v2\/giftcard-category?post=78513"}],"curies":[{"name":"wp","href":"https:\/\/api.w.org\/{rel}","templated":true}]}}