{"id":78535,"date":"2024-04-09T15:20:45","date_gmt":"2024-04-09T15:20:45","guid":{"rendered":"https:\/\/skinstudio.ee\/?post_type=product&#038;p=78535"},"modified":"2026-02-13T15:27:16","modified_gmt":"2026-02-13T15:27:16","slug":"hyalogy-ac-clear-mattifier","status":"publish","type":"product","link":"https:\/\/skinstudio.ee\/lv\/catalog\/forlled\/hyalogy-ac-clear-mattifier\/","title":{"rendered":"Hyalogy AC Clear Mattifier"},"content":{"rendered":"<p data-start=\"3598\" data-end=\"3879\"><strong data-start=\"3598\" data-end=\"3639\">Hyalogy AC Clear Mattifier no Forlled<\/strong> ir \u012bpa\u0161i viegls mat\u0113jo\u0161s flu\u012bds, kas paredz\u0113ts ikdienas kop\u0161anai \u0101dai ar noslieci uz taukain\u012bbu, iekaisumiem un nepiln\u012bb\u0101m. Tas nodro\u0161ina ilgsto\u0161u mat\u0113jo\u0161u efektu un pal\u012bdz saglab\u0101t koptu, gludu un sakoptu \u0101das izskatu visas dienas garum\u0101.<\/p>\n<p data-start=\"3881\" data-end=\"4097\">Flu\u012bds vienm\u0113r\u012bgi kl\u0101jas uz \u0101das, \u0101tri ies\u016bcas un rada vieglu, komfortablu saj\u016btu. Tas vizu\u0101li izl\u012bdzina \u0101das virsmu, padara poras maz\u0101k paman\u0101mas un uzlabo kop\u0113jo \u0101das tekst\u016bru, neradot sausumu vai savilkuma saj\u016btu.<\/p>\n<p data-start=\"4099\" data-end=\"4299\">Produkts lieliski darbojas k\u0101 kori\u0123\u0113jo\u0161s kop\u0161anas solis un k\u0101 grima b\u0101ze. Tas pal\u012bdz kontrol\u0113t taukaino sp\u012bdumu, saglab\u0101 \u0101das svaigumu un \u013cauj dekorat\u012bvajai kosm\u0113tikai notur\u0113ties ilg\u0101k un vienm\u0113r\u012bg\u0101k.<\/p>\n<p data-start=\"4301\" data-end=\"4444\">Regul\u0101ri lietojot, \u0101da izskat\u0101s glud\u0101ka, l\u012bdzsvarot\u0101ka un notur\u012bgi mat\u0113ta, bet tendence uz taukainu sp\u012bdumu un nepiln\u012bb\u0101m iev\u0113rojami samazin\u0101s.<\/p>\n<p data-start=\"4446\" data-end=\"4606\"><strong data-start=\"4446\" data-end=\"4491\">Kam piem\u0113rots Hyalogy AC Clear Mattifier:<\/strong> taukainai un kombin\u0113tai \u0101dai, k\u0101 ar\u012b \u0101dai ar noslieci uz iekaisumiem, papla\u0161in\u0101t\u0101m por\u0101m un nevienm\u0113r\u012bgu tekst\u016bru.<\/p>\n<p data-start=\"4608\" data-end=\"4625\"><strong data-start=\"4608\" data-end=\"4620\">Tilpums:<\/strong> 50 g<\/p>\n","protected":false},"excerpt":{"rendered":"<p data-start=\"4775\" data-end=\"4821\">Mat\u0113jo\u0161s flu\u012bds taukainai un kombin\u0113tai \u0101dai<\/p>\n<h2 data-start=\"4823\" data-end=\"4872\"><strong data-start=\"4823\" data-end=\"4872\">\u012apa\u0161\u012bbas Forlled &#8211; Hyalogy AC Clear Mattifier<\/strong><\/h2>\n<p data-start=\"4874\" data-end=\"5102\">\u2714\ufe0f Efekt\u012bvi mat\u0113 \u0101du un kontrol\u0113 taukaino sp\u012bdumu<br data-start=\"4923\" data-end=\"4926\" \/>\u2714\ufe0f Vizu\u0101li samazina poras un izl\u012bdzina \u0101das virsmu<br data-start=\"4976\" data-end=\"4979\" \/>\u2714\ufe0f Uzlabo nevienm\u0113r\u012bgas \u0101das izskatu<br data-start=\"5015\" data-end=\"5018\" \/>\u2714\ufe0f Saglab\u0101 komfortu un optim\u0101lu mitruma l\u012bmeni<br data-start=\"5064\" data-end=\"5067\" \/>\u2714\ufe0f Ide\u0101li piem\u0113rots k\u0101 grima b\u0101ze<\/p>\n","protected":false},"featured_media":78537,"template":"","meta":[],"pwb-brand":[776],"product_brand":[],"product_cat":[737,747],"product_tag":[],"giftcard-category":[],"class_list":{"0":"post-78535","1":"product","2":"type-product","3":"status-publish","4":"has-post-thumbnail","6":"pwb-brand-forlled","7":"product_cat-mitrinasana","8":"product_cat-taukainai-adai","10":"first","11":"instock","12":"taxable","13":"shipping-taxable","14":"purchasable","15":"product-type-simple"},"acf":[],"brands":[{"id":776,"name":"Forlled","slug":"forlled"}],"_links":{"self":[{"href":"https:\/\/skinstudio.ee\/lv\/wp-json\/wp\/v2\/product\/78535","targetHints":{"allow":["GET"]}}],"collection":[{"href":"https:\/\/skinstudio.ee\/lv\/wp-json\/wp\/v2\/product"}],"about":[{"href":"https:\/\/skinstudio.ee\/lv\/wp-json\/wp\/v2\/types\/product"}],"version-history":[{"count":1,"href":"https:\/\/skinstudio.ee\/lv\/wp-json\/wp\/v2\/product\/78535\/revisions"}],"predecessor-version":[{"id":78538,"href":"https:\/\/skinstudio.ee\/lv\/wp-json\/wp\/v2\/product\/78535\/revisions\/78538"}],"wp:featuredmedia":[{"embeddable":true,"href":"https:\/\/skinstudio.ee\/lv\/wp-json\/wp\/v2\/media\/78537"}],"wp:attachment":[{"href":"https:\/\/skinstudio.ee\/lv\/wp-json\/wp\/v2\/media?parent=78535"}],"wp:term":[{"taxonomy":"pwb-brand","embeddable":true,"href":"https:\/\/skinstudio.ee\/lv\/wp-json\/wp\/v2\/pwb-brand?post=78535"},{"taxonomy":"product_brand","embeddable":true,"href":"https:\/\/skinstudio.ee\/lv\/wp-json\/wp\/v2\/product_brand?post=78535"},{"taxonomy":"product_cat","embeddable":true,"href":"https:\/\/skinstudio.ee\/lv\/wp-json\/wp\/v2\/product_cat?post=78535"},{"taxonomy":"product_tag","embeddable":true,"href":"https:\/\/skinstudio.ee\/lv\/wp-json\/wp\/v2\/product_tag?post=78535"},{"taxonomy":"giftcard-category","embeddable":true,"href":"https:\/\/skinstudio.ee\/lv\/wp-json\/wp\/v2\/giftcard-category?post=78535"}],"curies":[{"name":"wp","href":"https:\/\/api.w.org\/{rel}","templated":true}]}}